{"id":31737,"date":"2021-12-30T19:38:02","date_gmt":"2021-12-30T18:38:02","guid":{"rendered":"https:\/\/www.alfaforni.com\/blog\/"},"modified":"2025-03-24T11:11:49","modified_gmt":"2025-03-24T10:11:49","slug":"blog","status":"publish","type":"page","link":"https:\/\/www.alfaforni.com\/de\/blog\/","title":{"rendered":"Blog"},"content":{"rendered":"<p><div class=\"fusion-fullwidth fullwidth-box fusion-builder-row-1 fusion-flex-container has-pattern-background has-mask-background nonhundred-percent-fullwidth non-hundred-percent-height-scrolling\" style=\"--awb-border-radius-top-left:0px;--awb-border-radius-top-right:0px;--awb-border-radius-bottom-right:0px;--awb-border-radius-bottom-left:0px;--awb-margin-top:-50px;--awb-flex-wrap:wrap;\" ><div class=\"fusion-builder-row fusion-row fusion-flex-align-items-flex-start fusion-flex-content-wrap\" style=\"max-width:1248px;margin-left: calc(-4% \/ 2 );margin-right: calc(-4% \/ 2 );\"><div class=\"fusion-layout-column fusion_builder_column fusion-builder-column-0 fusion_builder_column_1_1 1_1 fusion-flex-column\" style=\"--awb-bg-size:cover;--awb-width-large:100%;--awb-margin-top-large:0px;--awb-spacing-right-large:1.92%;--awb-margin-bottom-large:20px;--awb-spacing-left-large:1.92%;--awb-width-medium:100%;--awb-order-medium:0;--awb-spacing-right-medium:1.92%;--awb-spacing-left-medium:1.92%;--awb-width-small:100%;--awb-order-small:0;--awb-spacing-right-small:1.92%;--awb-spacing-left-small:1.92%;\"><div class=\"fusion-column-wrapper fusion-column-has-shadow fusion-flex-justify-content-flex-start fusion-content-layout-column\"><div class=\"fusion-text fusion-text-1\"><h1>Blog<\/h1>\n<\/div><div class=\"fusion-text fusion-text-2 fusion-text-no-margin\" style=\"--awb-margin-bottom:60px;\"><h3>Entdecken Sie den neuen Blog von Alfa Forni, in dem sich alles um die Welt der Pizza, die gute K\u00fcche und vor allem das perfekte Garen dreht!<\/h3>\n<p>Im Folgenden finden Sie viele interessante und n\u00fctzliche Artikel rund um das Thema Pizza, professionelle und heimische Garmethoden, feines Essen und darum, wie Sie es am besten mit einem Alfa-Pizzaofen richtig zubereiten und Ihre Freunde und Kunden mit Ihrer Kochkunst und leckeren Rezepten verbl\u00fcffen!<\/p>\n<p>Dar\u00fcber hinaus gibt es viele hilfreiche Tipps zur Pflege und Reinigung Ihres Ofens, und viel Wissenswertes \u00fcber Grilltechniken!<\/p>\n<p><strong>M\u00f6chten Sie mitmachen? Schicken Sie Ihren Beitrag an die Alfa-Redaktion und Sie k\u00f6nnen durch Ihre Nutzungserfahrungen, Ihre Anregungen und, warum nicht\u2026 Ihre leckeren und kreativen Rezepte einer der Protagonisten des Blogs werden!<\/strong><\/p>\n<p>Haben Sie spezielle Fragen oder interessiert Sie ein bestimmtes Thema? Schreiben Sie eine E-Mail an\u00a0<a href=\"https:\/\/www.alfaforni.com\/de\/kontakte\/\">info@alfaforni.com<\/a>\u00a0und schaffen Sie Ideen f\u00fcr neue Artikel und Vademecums.<\/p>\n<\/div><\/div><\/div><\/div><\/div><div class=\"fusion-fullwidth fullwidth-box fusion-builder-row-2 fusion-flex-container has-pattern-background has-mask-background nonhundred-percent-fullwidth non-hundred-percent-height-scrolling\" style=\"--awb-border-radius-top-left:0px;--awb-border-radius-top-right:0px;--awb-border-radius-bottom-right:0px;--awb-border-radius-bottom-left:0px;--awb-margin-bottom:-60px;--awb-background-color:rgba(239,232,226,0);--awb-flex-wrap:wrap;\" ><div class=\"fusion-builder-row fusion-row fusion-flex-align-items-flex-start fusion-flex-content-wrap\" style=\"max-width:1248px;margin-left: calc(-4% \/ 2 );margin-right: calc(-4% \/ 2 );\"><div class=\"fusion-layout-column fusion_builder_column fusion-builder-column-1 fusion_builder_column_1_1 1_1 fusion-flex-column\" style=\"--awb-bg-size:cover;--awb-width-large:100%;--awb-margin-top-large:0px;--awb-spacing-right-large:1.92%;--awb-margin-bottom-large:20px;--awb-spacing-left-large:1.92%;--awb-width-medium:100%;--awb-order-medium:0;--awb-spacing-right-medium:1.92%;--awb-spacing-left-medium:1.92%;--awb-width-small:100%;--awb-order-small:0;--awb-spacing-right-small:1.92%;--awb-spacing-left-small:1.92%;\"><div class=\"fusion-column-wrapper fusion-column-has-shadow fusion-flex-justify-content-flex-start fusion-content-layout-column\"><div class=\"fusion-recent-posts fusion-recent-posts-1 avada-container layout-default layout-columns-2 fusion-recent-posts-left fusion-recent-posts-infinite fusion-recent-posts-load-more\" data-pages=\"6\"><section class=\"fusion-columns columns fusion-columns-2 columns-2\"><article class=\"post fusion-column column col col-lg-6 col-md-6 col-sm-6\"><div class=\"fusion-flexslider fusion-flexslider-loading flexslider flexslider-hover-type-none\"><ul class=\"slides\"><li><a href=\"https:\/\/www.alfaforni.com\/de\/outdoor-kueche-ideen-und-loesungen-fuer-deine-aussenkueche-mit-pizzaofen\/\" aria-label=\"Outdoor-K\u00fcche: Ideen und L\u00f6sungen f\u00fcr deine Au\u00dfenk\u00fcche mit Pizzaofen\" class=\"hover-type-none\"><img decoding=\"async\" width=\"700\" height=\"441\" src=\"https:\/\/www.alfaforni.com\/wp-content\/uploads\/2026\/04\/Alfa-Moderno-immagine-quadrata-700x441.jpg\" class=\"attachment-recent-posts size-recent-posts\" alt=\"\" srcset=\"https:\/\/www.alfaforni.com\/wp-content\/uploads\/2026\/04\/Alfa-Moderno-immagine-quadrata-320x202.jpg 320w, https:\/\/www.alfaforni.com\/wp-content\/uploads\/2026\/04\/Alfa-Moderno-immagine-quadrata-700x441.jpg 700w\" sizes=\"(max-width: 700px) 100vw, 700px\" ><\/a><\/li><\/ul><\/div><div class=\"recent-posts-content\"><span class=\"vcard\" style=\"display: none;\"><span class=\"fn\"><a href=\"https:\/\/www.alfaforni.com\/de\/author\/i-valeri\/\"  rel=\"author\">Ilaria Valeri<\/a><\/span><\/span><span class=\"updated\" style=\"display:none;\">2026-04-14T14:15:21+02:00<\/span><h3 class=\"entry-title\"><a href=\"https:\/\/www.alfaforni.com\/de\/outdoor-kueche-ideen-und-loesungen-fuer-deine-aussenkueche-mit-pizzaofen\/\">Outdoor-K\u00fcche: Ideen und L\u00f6sungen f\u00fcr deine Au\u00dfenk\u00fcche mit Pizzaofen<\/a><\/h3><p> Outdoor-K\u00fcche: Ideen und L\u00f6sungen, um deine Au\u00dfenk\u00fcche mit Pizzaofen zu planen In den letzten Jahren ist die Outdoor-K\u00fcche zu einer der gefragtesten L\u00f6sungen geworden, um die Au\u00dfenbereiche des Hauses optimal zu nutzen. Es geht [...]<\/p><\/div><\/article><article class=\"post fusion-column column col col-lg-6 col-md-6 col-sm-6\"><div class=\"fusion-flexslider fusion-flexslider-loading flexslider flexslider-hover-type-none\"><ul class=\"slides\"><li><a href=\"https:\/\/www.alfaforni.com\/de\/outdoor-kuechenplanung-integration-eines-ofens-in-outdoor-kuechenprojekte\/\" aria-label=\"Outdoor-K\u00fcchendesign: Integration eines Ofens in Outdoor-K\u00fcchenprojekte\" class=\"hover-type-none\"><img decoding=\"async\" width=\"700\" height=\"441\" src=\"https:\/\/www.alfaforni.com\/wp-content\/uploads\/2026\/03\/Alfa-Forni-Outdoor-Kitchen-700x441.jpg\" class=\"attachment-recent-posts size-recent-posts\" alt=\"\" srcset=\"https:\/\/www.alfaforni.com\/wp-content\/uploads\/2026\/03\/Alfa-Forni-Outdoor-Kitchen-320x202.jpg 320w, https:\/\/www.alfaforni.com\/wp-content\/uploads\/2026\/03\/Alfa-Forni-Outdoor-Kitchen-700x441.jpg 700w\" sizes=\"(max-width: 700px) 100vw, 700px\" ><\/a><\/li><\/ul><\/div><div class=\"recent-posts-content\"><span class=\"vcard\" style=\"display: none;\"><span class=\"fn\"><a href=\"https:\/\/www.alfaforni.com\/de\/author\/i-valeri\/\"  rel=\"author\">Ilaria Valeri<\/a><\/span><\/span><span class=\"updated\" style=\"display:none;\">2026-04-08T16:31:22+02:00<\/span><h3 class=\"entry-title\"><a href=\"https:\/\/www.alfaforni.com\/de\/outdoor-kuechenplanung-integration-eines-ofens-in-outdoor-kuechenprojekte\/\">Outdoor-K\u00fcchendesign: Integration eines Ofens in Outdoor-K\u00fcchenprojekte<\/a><\/h3><p> Outdoor-K\u00fcchendesign: Integration eines Ofens in Outdoor-K\u00fcchenprojekte Das Outdoor-K\u00fcchendesign ist in den letzten Jahren zu einem der gefragtesten Elemente bei der Gestaltung von Wohnr\u00e4umen geworden. G\u00e4rten, Terrassen und Veranden sind nicht mehr nur Durchgangsbereiche, sondern [...]<\/p><\/div><\/article><article class=\"post fusion-column column col col-lg-6 col-md-6 col-sm-6\"><div class=\"fusion-flexslider fusion-flexslider-loading flexslider flexslider-hover-type-none\"><ul class=\"slides\"><li><a href=\"https:\/\/www.alfaforni.com\/de\/der-ofen-antikes-modernes-design-alfa\/\" aria-label=\"Der Ofen: Vom Antiken Werkzeug zum Modernen Design-Star\" class=\"hover-type-none\"><img decoding=\"async\" width=\"700\" height=\"441\" src=\"https:\/\/www.alfaforni.com\/wp-content\/uploads\/2024\/12\/N-10-700x441.jpg\" class=\"attachment-recent-posts size-recent-posts\" alt=\"\" srcset=\"https:\/\/www.alfaforni.com\/wp-content\/uploads\/2024\/12\/N-10-320x202.jpg 320w, https:\/\/www.alfaforni.com\/wp-content\/uploads\/2024\/12\/N-10-700x441.jpg 700w\" sizes=\"(max-width: 700px) 100vw, 700px\" ><\/a><\/li><\/ul><\/div><div class=\"recent-posts-content\"><span class=\"vcard\" style=\"display: none;\"><span class=\"fn\"><a href=\"https:\/\/www.alfaforni.com\/de\/author\/e-valente\/\"  rel=\"author\">e.valente<\/a><\/span><\/span><span class=\"updated\" style=\"display:none;\">2024-12-18T09:58:13+01:00<\/span><h3 class=\"entry-title\"><a href=\"https:\/\/www.alfaforni.com\/de\/der-ofen-antikes-modernes-design-alfa\/\">Der Ofen: Vom Antiken Werkzeug zum Modernen Design-Star<\/a><\/h3><p> Die Entwicklung des Ofens: Von seiner Geburt im alten \u00c4gypten bis zum modernen Design  Der Ofen wurde urspr\u00fcnglich entwickelt, um die Kraft des Feuers zu b\u00e4ndigen und die Garzeit zu optimieren. Die Urspr\u00fcnge [...]<\/p><\/div><\/article><article class=\"post fusion-column column col col-lg-6 col-md-6 col-sm-6\"><div class=\"fusion-flexslider fusion-flexslider-loading flexslider flexslider-hover-type-none\"><ul class=\"slides\"><li><a href=\"https:\/\/www.alfaforni.com\/de\/10-geschenkideen-pizza\/\" aria-label=\"10 Geschenkideen f\u00fcr Pizza-Liebhaber (und mehr) von Alfa Forni\" class=\"hover-type-none\"><img decoding=\"async\" width=\"700\" height=\"441\" src=\"https:\/\/www.alfaforni.com\/wp-content\/uploads\/2024\/10\/Urbe-3-1.jpg-700x441.webp\" class=\"attachment-recent-posts size-recent-posts\" alt=\"\" srcset=\"https:\/\/www.alfaforni.com\/wp-content\/uploads\/2024\/10\/Urbe-3-1.jpg-320x202.webp 320w, https:\/\/www.alfaforni.com\/wp-content\/uploads\/2024\/10\/Urbe-3-1.jpg-700x441.webp 700w\" sizes=\"(max-width: 700px) 100vw, 700px\" ><\/a><\/li><\/ul><\/div><div class=\"recent-posts-content\"><span class=\"vcard\" style=\"display: none;\"><span class=\"fn\"><a href=\"https:\/\/www.alfaforni.com\/de\/author\/e-valente\/\"  rel=\"author\">e.valente<\/a><\/span><\/span><span class=\"updated\" style=\"display:none;\">2024-11-26T15:49:52+01:00<\/span><h3 class=\"entry-title\"><a href=\"https:\/\/www.alfaforni.com\/de\/10-geschenkideen-pizza\/\">10 Geschenkideen f\u00fcr Pizza-Liebhaber (und mehr) von Alfa Forni<\/a><\/h3><p> Mit der Weihnachtszeit vor der T\u00fcr haben wir 10 Geschenkideen aus dem Hause ALFA f\u00fcr jedes Budget zusammengestellt. Perfekt f\u00fcr Pizzaliebhaber und Backfans \u2013 diese durchdachten Geschenke werden Ihre Liebsten garantiert beeindrucken.  Urbe [...]<\/p><\/div><\/article><article class=\"post fusion-column column col col-lg-6 col-md-6 col-sm-6\"><div class=\"fusion-flexslider fusion-flexslider-loading flexslider flexslider-hover-type-none\"><ul class=\"slides\"><li><a href=\"https:\/\/www.alfaforni.com\/de\/saisonale-rezepte-fuer-den-herbstbeginn-mit-alfa\/\" aria-label=\"Saisonale Rezepte f\u00fcr den Herbstbeginn mit Alfa\" class=\"hover-type-none\"><img decoding=\"async\" width=\"700\" height=\"441\" src=\"https:\/\/www.alfaforni.com\/wp-content\/uploads\/2024\/10\/Pizza-zucca-porcini-700x441.jpg\" class=\"attachment-recent-posts size-recent-posts\" alt=\"\" srcset=\"https:\/\/www.alfaforni.com\/wp-content\/uploads\/2024\/10\/Pizza-zucca-porcini-320x202.jpg 320w, https:\/\/www.alfaforni.com\/wp-content\/uploads\/2024\/10\/Pizza-zucca-porcini-700x441.jpg 700w\" sizes=\"(max-width: 700px) 100vw, 700px\" ><\/a><\/li><\/ul><\/div><div class=\"recent-posts-content\"><span class=\"vcard\" style=\"display: none;\"><span class=\"fn\"><a href=\"https:\/\/www.alfaforni.com\/de\/author\/e-valente\/\"  rel=\"author\">e.valente<\/a><\/span><\/span><span class=\"updated\" style=\"display:none;\">2024-10-29T10:16:00+01:00<\/span><h3 class=\"entry-title\"><a href=\"https:\/\/www.alfaforni.com\/de\/saisonale-rezepte-fuer-den-herbstbeginn-mit-alfa\/\">Saisonale Rezepte f\u00fcr den Herbstbeginn mit Alfa<\/a><\/h3><p> Der Herbst ist angekommen, und mit ihm die Farben und D\u00fcfte der Jahreszeit. Wenn die Tage k\u00fcrzer werden, was gibt es Sch\u00f6neres, als gesellige Momente unter der sanften Oktobersonne im Freien zu genie\u00dfen? Oft [...]<\/p><\/div><\/article><article class=\"post fusion-column column col col-lg-6 col-md-6 col-sm-6\"><div class=\"fusion-flexslider fusion-flexslider-loading flexslider flexslider-hover-type-none\"><ul class=\"slides\"><li><a href=\"https:\/\/www.alfaforni.com\/de\/pizzaofen-mit-grill\/\" aria-label=\"Pizzaofen mit Grill: Alfa Forni L\u00f6sungen\" class=\"hover-type-none\"><img decoding=\"async\" width=\"700\" height=\"441\" src=\"https:\/\/www.alfaforni.com\/wp-content\/uploads\/2018\/08\/tour-your-oven-into-a-bbq-700x441.jpg\" class=\"attachment-recent-posts size-recent-posts\" alt=\"\" srcset=\"https:\/\/www.alfaforni.com\/wp-content\/uploads\/2018\/08\/tour-your-oven-into-a-bbq-320x202.jpg 320w, https:\/\/www.alfaforni.com\/wp-content\/uploads\/2018\/08\/tour-your-oven-into-a-bbq-700x441.jpg 700w\" sizes=\"(max-width: 700px) 100vw, 700px\" ><\/a><\/li><\/ul><\/div><div class=\"recent-posts-content\"><span class=\"vcard\" style=\"display: none;\"><span class=\"fn\"><a href=\"https:\/\/www.alfaforni.com\/de\/author\/admin\/\"  rel=\"author\">Stefano Evangelisti<\/a><\/span><\/span><span class=\"updated\" style=\"display:none;\">2024-04-12T09:58:42+02:00<\/span><h3 class=\"entry-title\"><a href=\"https:\/\/www.alfaforni.com\/de\/pizzaofen-mit-grill\/\">Pizzaofen mit Grill: Alfa Forni L\u00f6sungen<\/a><\/h3><p> Was gibt es Sch\u00f6neres als eine Pizza oder Grillen mit Freunden? Der Garten, die Veranda oder der Balkon des Hauses bieten Platz f\u00fcr gedeckte Tische und\u00a0eine funktionale K\u00fcchenzeile, um zwischendurch immer wieder neue Gerichte [...]<\/p><\/div><\/article><article class=\"post fusion-column column col col-lg-6 col-md-6 col-sm-6\"><div class=\"fusion-flexslider fusion-flexslider-loading flexslider flexslider-hover-type-none\"><ul class=\"slides\"><li><a href=\"https:\/\/www.alfaforni.com\/de\/reinigung-eines-holzbackofens\/\" aria-label=\"Holzback\u00f6fen richtig reinigen\" class=\"hover-type-none\"><img decoding=\"async\" width=\"700\" height=\"441\" src=\"https:\/\/www.alfaforni.com\/wp-content\/uploads\/2023\/02\/kit-hybrid-paralegna-700x441.jpg\" class=\"attachment-recent-posts size-recent-posts\" alt=\"\" srcset=\"https:\/\/www.alfaforni.com\/wp-content\/uploads\/2023\/02\/kit-hybrid-paralegna-320x202.jpg 320w, https:\/\/www.alfaforni.com\/wp-content\/uploads\/2023\/02\/kit-hybrid-paralegna-700x441.jpg 700w\" sizes=\"(max-width: 700px) 100vw, 700px\" ><\/a><\/li><\/ul><\/div><div class=\"recent-posts-content\"><span class=\"vcard\" style=\"display: none;\"><span class=\"fn\"><a href=\"https:\/\/www.alfaforni.com\/de\/author\/admin\/\"  rel=\"author\">Stefano Evangelisti<\/a><\/span><\/span><span class=\"updated\" style=\"display:none;\">2024-05-15T12:41:03+02:00<\/span><h3 class=\"entry-title\"><a href=\"https:\/\/www.alfaforni.com\/de\/reinigung-eines-holzbackofens\/\">Holzback\u00f6fen richtig reinigen<\/a><\/h3><p>Il forno a legna \u00e8 da sempre un prezioso alleato in cucina: consente di sfornare delle ottime pizze, di preparare il pane come da tradizione e di realizzare dolci, verdure e arrosti dal sapore ineguagliabile.\r\nI modelli pi\u00f9 moderni in acciaio permettono addirittura di cuocere su pietra una vera pizza napoletana in pochi secondi in qualsiasi spazio all\u2019aperto, che sia un piccolo balcone o un ampio giardino.\r\nUna volta terminata la cottura, per\u00f2, un fattore da non trascurare \u00e8 quello che riguarda la pulizia del proprio forno a legna.<\/p><\/div><\/article><article class=\"post fusion-column column col col-lg-6 col-md-6 col-sm-6\"><div class=\"fusion-flexslider fusion-flexslider-loading flexslider flexslider-hover-type-none\"><ul class=\"slides\"><li><a href=\"https:\/\/www.alfaforni.com\/de\/pizzaofens-fuer-zu-hause\/\" aria-label=\"Die Wahl des besten Pizzaofens f\u00fcr zu Hause\" class=\"hover-type-none\"><img decoding=\"async\" width=\"700\" height=\"441\" src=\"https:\/\/www.alfaforni.com\/wp-content\/uploads\/2022\/05\/stoneoven-alfaforni-outdoorliving-700x441.jpg\" class=\"attachment-recent-posts size-recent-posts\" alt=\"\" srcset=\"https:\/\/www.alfaforni.com\/wp-content\/uploads\/2022\/05\/stoneoven-alfaforni-outdoorliving-320x202.jpg 320w, https:\/\/www.alfaforni.com\/wp-content\/uploads\/2022\/05\/stoneoven-alfaforni-outdoorliving-700x441.jpg 700w\" sizes=\"(max-width: 700px) 100vw, 700px\" ><\/a><\/li><\/ul><\/div><div class=\"recent-posts-content\"><span class=\"vcard\" style=\"display: none;\"><span class=\"fn\"><a href=\"https:\/\/www.alfaforni.com\/de\/author\/admin\/\"  rel=\"author\">Stefano Evangelisti<\/a><\/span><\/span><span class=\"updated\" style=\"display:none;\">2024-04-12T11:26:17+02:00<\/span><h3 class=\"entry-title\"><a href=\"https:\/\/www.alfaforni.com\/de\/pizzaofens-fuer-zu-hause\/\">Die Wahl des besten Pizzaofens f\u00fcr zu Hause<\/a><\/h3><p>F\u00fcr Italiener ist Pizza eine echte Leidenschaft, von der sie sich nicht trennen k\u00f6nnen. Viele versuchen sich in der heimischen K\u00fcche, experimentieren mit neuen Teigen oder greifen auf \u00fcber Jahre hinweg perfektionierte Familienrezepte zur\u00fcck.Aber um [...]<\/p><\/div><\/article><article class=\"post fusion-column column col col-lg-6 col-md-6 col-sm-6\"><div class=\"fusion-flexslider fusion-flexslider-loading flexslider flexslider-hover-type-none\"><ul class=\"slides\"><li><a href=\"https:\/\/www.alfaforni.com\/de\/holzbackofen-untergestell\/\" aria-label=\"Wie ein Holz-Pizzaofen am besten aufgestellt wird\" class=\"hover-type-none\"><img decoding=\"async\" width=\"700\" height=\"441\" src=\"https:\/\/www.alfaforni.com\/wp-content\/uploads\/2022\/11\/brio-alfa-forni-forno-a-gas-da-esterno-1200x750-1-700x441.jpg\" class=\"attachment-recent-posts size-recent-posts\" alt=\"\" srcset=\"https:\/\/www.alfaforni.com\/wp-content\/uploads\/2022\/11\/brio-alfa-forni-forno-a-gas-da-esterno-1200x750-1-320x202.jpg 320w, https:\/\/www.alfaforni.com\/wp-content\/uploads\/2022\/11\/brio-alfa-forni-forno-a-gas-da-esterno-1200x750-1-700x441.jpg 700w\" sizes=\"(max-width: 700px) 100vw, 700px\" ><\/a><\/li><\/ul><\/div><div class=\"recent-posts-content\"><span class=\"vcard\" style=\"display: none;\"><span class=\"fn\"><a href=\"https:\/\/www.alfaforni.com\/de\/author\/admin\/\"  rel=\"author\">Stefano Evangelisti<\/a><\/span><\/span><span class=\"updated\" style=\"display:none;\">2024-04-12T13:02:51+02:00<\/span><h3 class=\"entry-title\"><a href=\"https:\/\/www.alfaforni.com\/de\/holzbackofen-untergestell\/\">Wie ein Holz-Pizzaofen am besten aufgestellt wird<\/a><\/h3><p>Ein guter Ofen ist nat\u00fcrlich unverzichtbar, um eine leckere Pizza zu backen, aber um ein Ergebnis zu erzielen, das einer Pizzeria w\u00fcrdig ist, kommt es ebenfalls auf erstklassige Zutaten, einen guten Pizzab\u00e4cker und die richtigen [...]<\/p><\/div><\/article><article class=\"post fusion-column column col col-lg-6 col-md-6 col-sm-6\"><div class=\"fusion-flexslider fusion-flexslider-loading flexslider flexslider-hover-type-none\"><ul class=\"slides\"><li><a href=\"https:\/\/www.alfaforni.com\/de\/pizza-zu-hause-wie-in-der-pizzeria\/\" aria-label=\"Auch zu Hause perfekte Pizzen backen Mit Alfa-\u00d6fen wie in einer echten Pizzeria\" class=\"hover-type-none\"><img decoding=\"async\" width=\"700\" height=\"441\" src=\"https:\/\/www.alfaforni.com\/wp-content\/uploads\/2022\/10\/schermata-2022-10-17-alle-11.46-700x441.jpg\" class=\"attachment-recent-posts size-recent-posts\" alt=\"\" srcset=\"https:\/\/www.alfaforni.com\/wp-content\/uploads\/2022\/10\/schermata-2022-10-17-alle-11.46-320x202.jpg 320w, https:\/\/www.alfaforni.com\/wp-content\/uploads\/2022\/10\/schermata-2022-10-17-alle-11.46-700x441.jpg 700w\" sizes=\"(max-width: 700px) 100vw, 700px\" ><\/a><\/li><\/ul><\/div><div class=\"recent-posts-content\"><span class=\"vcard\" style=\"display: none;\"><span class=\"fn\"><a href=\"https:\/\/www.alfaforni.com\/de\/author\/admin\/\"  rel=\"author\">Stefano Evangelisti<\/a><\/span><\/span><span class=\"updated\" style=\"display:none;\">2024-04-15T10:47:17+02:00<\/span><h3 class=\"entry-title\"><a href=\"https:\/\/www.alfaforni.com\/de\/pizza-zu-hause-wie-in-der-pizzeria\/\">Auch zu Hause perfekte Pizzen backen Mit Alfa-\u00d6fen wie in einer echten Pizzeria<\/a><\/h3><p>Gut aufgegangener, leicht krustiger Rand, perfekt ausgewogene Knusprigkeit und Weichheit, einzigartiger Geschmack und unnachahmliches Aroma:\u00a0Pizza geh\u00f6rt sicherlich zu den beliebtesten und bekanntesten Gerichten\u00a0der Welt.All jene, die nicht mindestens einmal in Ihrem Leben versucht haben, Mehl, [...]<\/p><\/div><\/article><\/section><div class=\"fusion-infinite-scroll-trigger\"><\/div><div class=\"pagination infinite-scroll clearfix\" style=\"display:none;\"><span class=\"current\">1<\/span><a href=\"https:\/\/www.alfaforni.com\/de\/wp-json\/wp\/v2\/pages\/31737\/page\/2\/\" class=\"inactive\">2<\/a><a class=\"pagination-next\" rel=\"next\" href=\"https:\/\/www.alfaforni.com\/de\/wp-json\/wp\/v2\/pages\/31737\/page\/2\/\"><span class=\"page-text\">Next<\/span><span class=\"page-next\"><\/span><\/a><\/div><div class=\"fusion-clearfix\"><\/div><button class=\"fusion-load-more-button fusion-blog-button fusion-clearfix\">Load More Posts<\/button><\/div><\/div><\/div><\/div><\/div><\/p>\n","protected":false},"excerpt":{"rendered":"","protected":false},"author":900,"featured_media":0,"parent":0,"menu_order":0,"comment_status":"closed","ping_status":"closed","template":"","meta":{"_acf_changed":false,"footnotes":""},"class_list":["post-31737","page","type-page","status-publish","hentry"],"acf":[],"_links":{"self":[{"href":"https:\/\/www.alfaforni.com\/de\/wp-json\/wp\/v2\/pages\/31737","targetHints":{"allow":["GET"]}}],"collection":[{"href":"https:\/\/www.alfaforni.com\/de\/wp-json\/wp\/v2\/pages"}],"about":[{"href":"https:\/\/www.alfaforni.com\/de\/wp-json\/wp\/v2\/types\/page"}],"author":[{"embeddable":true,"href":"https:\/\/www.alfaforni.com\/de\/wp-json\/wp\/v2\/users\/900"}],"replies":[{"embeddable":true,"href":"https:\/\/www.alfaforni.com\/de\/wp-json\/wp\/v2\/comments?post=31737"}],"version-history":[{"count":5,"href":"https:\/\/www.alfaforni.com\/de\/wp-json\/wp\/v2\/pages\/31737\/revisions"}],"predecessor-version":[{"id":64409,"href":"https:\/\/www.alfaforni.com\/de\/wp-json\/wp\/v2\/pages\/31737\/revisions\/64409"}],"wp:attachment":[{"href":"https:\/\/www.alfaforni.com\/de\/wp-json\/wp\/v2\/media?parent=31737"}],"curies":[{"name":"wp","href":"https:\/\/api.w.org\/{rel}","templated":true}]}}