{"id":49986,"date":"2023-08-31T08:24:25","date_gmt":"2024-04-23T19:52:21","guid":{"rendered":"https:\/\/www.alfaforni.com\/?post_type=product&#038;p=49986"},"modified":"2024-04-25T22:29:21","modified_gmt":"2024-04-25T20:29:21","slug":"silikon-ofenhandschuhe","status":"publish","type":"product","link":"https:\/\/www.alfaforni.com\/de\/produkt\/silikon-ofenhandschuhe\/","title":{"rendered":"Silikon-Ofenhandschuhe"},"content":{"rendered":"<p><div class=\"fusion-fullwidth fullwidth-box fusion-builder-row-1 fusion-flex-container has-pattern-background has-mask-background nonhundred-percent-fullwidth non-hundred-percent-height-scrolling\" style=\"--awb-border-radius-top-left:0px;--awb-border-radius-top-right:0px;--awb-border-radius-bottom-right:0px;--awb-border-radius-bottom-left:0px;--awb-margin-top:70px;--awb-margin-top-small:20px;--awb-flex-wrap:wrap;\" ><div class=\"fusion-builder-row fusion-row fusion-flex-align-items-flex-start fusion-flex-content-wrap\" style=\"max-width:1248px;margin-left: calc(-4% \/ 2 );margin-right: calc(-4% \/ 2 );\"><div class=\"fusion-layout-column fusion_builder_column fusion-builder-column-0 fusion_builder_column_1_2 1_2 fusion-flex-column\" style=\"--awb-bg-size:cover;--awb-width-large:50%;--awb-margin-top-large:0px;--awb-spacing-right-large:3.84%;--awb-margin-bottom-large:20px;--awb-spacing-left-large:3.84%;--awb-width-medium:50%;--awb-order-medium:0;--awb-spacing-right-medium:3.84%;--awb-spacing-left-medium:3.84%;--awb-width-small:100%;--awb-order-small:0;--awb-spacing-right-small:1.92%;--awb-spacing-left-small:1.92%;\"><div class=\"fusion-column-wrapper fusion-column-has-shadow fusion-flex-justify-content-flex-start fusion-content-layout-column\"><div class=\"fusion-text fusion-text-1 fusion-text-no-margin\" style=\"--awb-margin-bottom:20px;\"><h2>Entdecken Sie die neuen Silikon-Ofenhandschuhe f\u00fcr hohe Temperaturen<\/h2>\n<\/div><div class=\"fusion-text fusion-text-2 fusion-text-no-margin\" style=\"--awb-margin-bottom:20px;\"><p><strong>Die flammhemmenden Silikon-Ofenhandschuhe von Alfa sch\u00fctzen Ihre H\u00e4nde wirksam<\/strong>, wenn Sie hei\u00dfe T\u00f6pfe und Pfannen aus dem Ofen nehmen oder die T\u00fcr und die hei\u00dfesten Teile Ihres Ofens anfassen.<\/p>\n<p>Dank der\u00a0<strong>speziellen rutschfesten Textur<\/strong>\u00a0sind die Handschuhe\u00a0<strong>griffig und widerstandsf\u00e4higer gegen hohe Temperaturen.<\/strong><\/p>\n<p>Sie k\u00f6nnen sie auch verwenden, wenn Sie mit dem\u00a0<a href=\"https:\/\/www.alfaforni.com\/de\/prodotto\/bbq-500\/\"><strong>Kit BBQ 500<\/strong><\/a>\u00a0eine Grillparty mit Freunden und Familie veranstalten,<strong>\u00a0um den Komfort beim Grillen zu erh\u00f6hen<\/strong>\u00a0oder unangenehme Verbrennungen beim Grillen zu vermeiden.<\/p>\n<p>Die Alfa-Hochtemperatur-Ofenhandschuhe sind\u00a0<strong>leicht zu reinigen<\/strong>: Waschen Sie sie einfach mit etwas Geschirrsp\u00fclmittel oder geben Sie sie in die Sp\u00fclmaschine.<\/p>\n<\/div><\/div><\/div><div class=\"fusion-layout-column fusion_builder_column fusion-builder-column-1 fusion_builder_column_1_2 1_2 fusion-flex-column\" style=\"--awb-bg-size:cover;--awb-width-large:50%;--awb-margin-top-large:0px;--awb-spacing-right-large:3.84%;--awb-margin-bottom-large:20px;--awb-spacing-left-large:3.84%;--awb-width-medium:50%;--awb-order-medium:0;--awb-spacing-right-medium:3.84%;--awb-spacing-left-medium:3.84%;--awb-width-small:100%;--awb-order-small:0;--awb-spacing-right-small:1.92%;--awb-spacing-left-small:1.92%;\"><div class=\"fusion-column-wrapper fusion-column-has-shadow fusion-flex-justify-content-flex-start fusion-content-layout-column\"><div class=\"fusion-image-element \" style=\"--awb-caption-title-font-family:var(--h2_typography-font-family);--awb-caption-title-font-weight:var(--h2_typography-font-weight);--awb-caption-title-font-style:var(--h2_typography-font-style);--awb-caption-title-size:var(--h2_typography-font-size);--awb-caption-title-transform:var(--h2_typography-text-transform);--awb-caption-title-line-height:var(--h2_typography-line-height);--awb-caption-title-letter-spacing:var(--h2_typography-letter-spacing);\"><span class=\" fusion-imageframe imageframe-none imageframe-1 hover-type-none\"><img decoding=\"async\" width=\"1200\" height=\"1200\"  src=\"http:\/\/www.alfaforni.com\/wp-content\/uploads\/2024\/04\/guanti_silicone_2.jpg.webp\" class=\"img-responsive wp-image-59906\" srcset=\"https:\/\/www.alfaforni.com\/wp-content\/uploads\/2024\/04\/guanti_silicone_2.jpg-400x400.webp 400w, https:\/\/www.alfaforni.com\/wp-content\/uploads\/2024\/04\/guanti_silicone_2.jpg-600x600.webp 600w, https:\/\/www.alfaforni.com\/wp-content\/uploads\/2024\/04\/guanti_silicone_2.jpg-800x800.webp 800w, https:\/\/www.alfaforni.com\/wp-content\/uploads\/2024\/04\/guanti_silicone_2.jpg.webp 1200w\" sizes=\"(max-width: 640px) 100vw, 600px\" alt=\"\"><\/span><\/div><\/div><\/div><\/div><\/div><div class=\"fusion-fullwidth fullwidth-box fusion-builder-row-2 fusion-flex-container has-pattern-background has-mask-background nonhundred-percent-fullwidth non-hundred-percent-height-scrolling\" style=\"--awb-border-radius-top-left:0px;--awb-border-radius-top-right:0px;--awb-border-radius-bottom-right:0px;--awb-border-radius-bottom-left:0px;--awb-padding-top:100px;--awb-padding-bottom:100px;--awb-padding-top-medium:80px;--awb-padding-bottom-medium:70px;--awb-padding-top-small:45px;--awb-padding-right-small:0px;--awb-padding-bottom-small:30px;--awb-padding-left-small:0px;--awb-background-color:#ffffff;--awb-flex-wrap:wrap;\" ><div class=\"fusion-builder-row fusion-row fusion-flex-align-items-center fusion-flex-content-wrap\" style=\"max-width:1248px;margin-left: calc(-4% \/ 2 );margin-right: calc(-4% \/ 2 );\"><div class=\"fusion-layout-column fusion_builder_column fusion-builder-column-2 fusion_builder_column_1_2 1_2 fusion-flex-column fusion-flex-align-self-stretch\" style=\"--awb-padding-top:120px;--awb-padding-right:80px;--awb-padding-left:45px;--awb-padding-top-medium:40px;--awb-padding-right-medium:30px;--awb-padding-bottom-medium:30px;--awb-padding-left-medium:30px;--awb-padding-top-small:30px;--awb-padding-right-small:20px;--awb-padding-left-small:20px;--awb-bg-color:#755847;--awb-bg-color-hover:#755847;--awb-bg-size:cover;--awb-width-large:50%;--awb-margin-top-large:0px;--awb-spacing-right-large:0px;--awb-margin-bottom-large:20px;--awb-spacing-left-large:3.84%;--awb-width-medium:50%;--awb-order-medium:0;--awb-spacing-right-medium:0px;--awb-spacing-left-medium:3.84%;--awb-width-small:100%;--awb-order-small:0;--awb-spacing-right-small:1.92%;--awb-margin-bottom-small:0px;--awb-spacing-left-small:1.92%;\" data-scroll-devices=\"small-visibility,medium-visibility,large-visibility\"><div class=\"fusion-column-wrapper fusion-column-has-shadow fusion-flex-justify-content-flex-start fusion-content-layout-column\"><div class=\"fusion-text fusion-text-3 fusion-text-no-margin\" style=\"--awb-margin-bottom:20px;\"><h2>Finden Sie den Ofen, der am besten zu Ihren Bed\u00fcrfnissen passt.<\/h2>\n<\/div><div class=\"sm-text-align-left\" style=\"text-align:center;\"><a class=\"fusion-button button-flat fusion-button-default-size button-custom fusion-button-default button-1 fusion-button-default-span fusion-button-default-type\" style=\"--button_accent_color:var(--awb-color1);--button_accent_hover_color:var(--awb-color1);--button_border_hover_color:var(--awb-color1);--button_gradient_top_color:#990521;--button_gradient_bottom_color:#990521;--button_gradient_top_color_hover:var(--awb-color6);--button_gradient_bottom_color_hover:var(--awb-color6);--button_font_size:17px;--button_line_height:25px;--button_padding-top:20px;--button_padding-right:30px;--button_padding-bottom:20px;--button_padding-left:30px;--button_typography-letter-spacing:1px;--button_typography-font-family:&quot;Open Sans&quot;;--button_typography-font-style:normal;--button_typography-font-weight:600;--button_margin-top:20px;\" target=\"_self\" href=\"https:\/\/blog.alfaforni.com\/de\/lp-laden-sie-den-katalog-herunter\" rel=\"nofollow noopener\"><i class=\"fa-download fas awb-button__icon awb-button__icon--default button-icon-left\" aria-hidden=\"true\"><\/i><span class=\"fusion-button-text awb-button__text awb-button__text--default\">Hier geht\u2019s zu unserem Katalog f\u00fcr den Hausgebrauch \u203a<\/span><\/a><\/div><\/div><\/div><div class=\"fusion-layout-column fusion_builder_column fusion-builder-column-3 fusion_builder_column_1_2 1_2 fusion-flex-column fusion-flex-align-self-stretch\" style=\"--awb-padding-top:20px;--awb-padding-right:50px;--awb-padding-bottom:30px;--awb-padding-top-medium:40px;--awb-padding-right-medium:30px;--awb-padding-bottom-medium:30px;--awb-padding-left-medium:30px;--awb-padding-top-small:0px;--awb-padding-right-small:0px;--awb-padding-bottom-small:20px;--awb-padding-left-small:0px;--awb-bg-color:#755847;--awb-bg-color-hover:#755847;--awb-bg-size:cover;--awb-width-large:50%;--awb-margin-top-large:0px;--awb-spacing-right-large:3.84%;--awb-margin-bottom-large:20px;--awb-spacing-left-large:0px;--awb-width-medium:50%;--awb-order-medium:0;--awb-spacing-right-medium:3.84%;--awb-spacing-left-medium:0px;--awb-width-small:100%;--awb-order-small:0;--awb-spacing-right-small:1.92%;--awb-spacing-left-small:1.92%;\"><div class=\"fusion-column-wrapper fusion-column-has-shadow fusion-flex-justify-content-flex-start fusion-content-layout-column\"><div class=\"fusion-image-element \" style=\"text-align:center;--awb-caption-title-font-family:var(--h2_typography-font-family);--awb-caption-title-font-weight:var(--h2_typography-font-weight);--awb-caption-title-font-style:var(--h2_typography-font-style);--awb-caption-title-size:var(--h2_typography-font-size);--awb-caption-title-transform:var(--h2_typography-text-transform);--awb-caption-title-line-height:var(--h2_typography-line-height);--awb-caption-title-letter-spacing:var(--h2_typography-letter-spacing);\"><span class=\" fusion-imageframe imageframe-none imageframe-2 hover-type-none\"><img decoding=\"async\" width=\"432\" height=\"506\"  src=\"http:\/\/www.alfaforni.com\/wp-content\/uploads\/2022\/09\/anteprima-download-de.png\" class=\"img-responsive wp-image-36471\" alt=\"\" srcset=\"https:\/\/www.alfaforni.com\/wp-content\/uploads\/2022\/09\/anteprima-download-de-256x300.png 256w, https:\/\/www.alfaforni.com\/wp-content\/uploads\/2022\/09\/anteprima-download-de.png 432w\" sizes=\"(max-width: 432px) 100vw, 432px\" \/><\/span><\/div><\/div><\/div><\/div><\/div><div class=\"fusion-fullwidth fullwidth-box fusion-builder-row-3 fusion-flex-container has-pattern-background has-mask-background nonhundred-percent-fullwidth non-hundred-percent-height-scrolling\" style=\"--awb-border-radius-top-left:0px;--awb-border-radius-top-right:0px;--awb-border-radius-bottom-right:0px;--awb-border-radius-bottom-left:0px;--awb-padding-top:100px;--awb-padding-bottom:140px;--awb-padding-top-small:40px;--awb-padding-bottom-small:80px;--awb-margin-bottom:-60px;--awb-margin-bottom-small:-60px;--awb-background-color:#f5f5f5;--awb-flex-wrap:wrap;\" ><div class=\"fusion-builder-row fusion-row fusion-flex-align-items-flex-start fusion-flex-content-wrap\" style=\"max-width:1248px;margin-left: calc(-4% \/ 2 );margin-right: calc(-4% \/ 2 );\"><div class=\"fusion-layout-column fusion_builder_column fusion-builder-column-4 fusion_builder_column_1_1 1_1 fusion-flex-column\" style=\"--awb-bg-size:cover;--awb-width-large:100%;--awb-margin-top-large:0px;--awb-spacing-right-large:1.92%;--awb-margin-bottom-large:20px;--awb-spacing-left-large:1.92%;--awb-width-medium:100%;--awb-order-medium:0;--awb-spacing-right-medium:1.92%;--awb-spacing-left-medium:1.92%;--awb-width-small:100%;--awb-order-small:0;--awb-spacing-right-small:1.92%;--awb-spacing-left-small:1.92%;\"><div class=\"fusion-column-wrapper fusion-column-has-shadow fusion-flex-justify-content-flex-start fusion-content-layout-column\"><div class=\"fusion-text fusion-text-4\"><h2 style=\"text-align: center;\">Entdecken Sie das Zubeh\u00f6r<\/h2>\n<\/div><div class=\"fusion-text fusion-text-5 fusion-text-no-margin\" style=\"--awb-margin-top:30px;--awb-margin-bottom:40px;\"><div class=\"vc_custom_1639749403033\">\n<div id=\"text-block-26\" class=\"mk-text-block  jupiter-donut-\">\n<p style=\"text-align: center;\"><a href=\"https:\/\/www.alfaforni.com\/de\/produkt-kategorie\/zubehoer-fuer-holzbackoefen\/\">Entdecken Sie das gesamte Zubeh\u00f6r \u203a<\/a><\/p>\n<\/div>\n<\/div>\n<\/div><div class=\"fusion-woo-product-grid fusion-product-archive fusion-woo-product-grid-1 fusion-woo-product-grid-spacing-off hide-price hide-rating hide-buttons has-column-spacing\" style=\"--awb-grid-border-color:rgba(234,234,234,0);--awb-column-spacing-margin:calc((35px)\/ -2);--awb-column-spacing-padding:calc((35px)\/ 2);\"><ul class=\"products products-3\"><li class=\"product type-product post-6771 status-publish first instock product_cat-zubehoer-fuer-holzbackoefen product_cat-haushaltszubehoer product_cat-professionell-zubehoer has-post-thumbnail shipping-taxable product-type-simple product-grid-view woo-variation-gallery-product\">\n\t<div class=\"fusion-product-wrapper\">\n<a href=\"https:\/\/www.alfaforni.com\/de\/produkt\/holzhalter\/\" class=\"product-images\" aria-label=\"Feuerbock\">\n\n<div class=\"featured-image\">\n\t\t<img decoding=\"async\" width=\"500\" height=\"500\" src=\"https:\/\/www.alfaforni.com\/wp-content\/uploads\/2023\/05\/para-legna-alfa-forni-500x500.jpg\" class=\"attachment-woocommerce_thumbnail size-woocommerce_thumbnail wp-post-image\" alt=\"\" srcset=\"https:\/\/www.alfaforni.com\/wp-content\/uploads\/2023\/05\/para-legna-alfa-forni-50x50.jpg 50w, https:\/\/www.alfaforni.com\/wp-content\/uploads\/2023\/05\/para-legna-alfa-forni-66x66.jpg 66w, https:\/\/www.alfaforni.com\/wp-content\/uploads\/2023\/05\/para-legna-alfa-forni-100x100.jpg 100w, https:\/\/www.alfaforni.com\/wp-content\/uploads\/2023\/05\/para-legna-alfa-forni-400x400.jpg 400w, https:\/\/www.alfaforni.com\/wp-content\/uploads\/2023\/05\/para-legna-alfa-forni-450x450.jpg 450w, https:\/\/www.alfaforni.com\/wp-content\/uploads\/2023\/05\/para-legna-alfa-forni-500x500.jpg 500w, https:\/\/www.alfaforni.com\/wp-content\/uploads\/2023\/05\/para-legna-alfa-forni-600x600.jpg 600w, https:\/\/www.alfaforni.com\/wp-content\/uploads\/2023\/05\/para-legna-alfa-forni-700x700.jpg 700w, https:\/\/www.alfaforni.com\/wp-content\/uploads\/2023\/05\/para-legna-alfa-forni-768x768.jpg 768w, https:\/\/www.alfaforni.com\/wp-content\/uploads\/2023\/05\/para-legna-alfa-forni-800x800.jpg 800w, https:\/\/www.alfaforni.com\/wp-content\/uploads\/2023\/05\/para-legna-alfa-forni-1024x1024.jpg 1024w, https:\/\/www.alfaforni.com\/wp-content\/uploads\/2023\/05\/para-legna-alfa-forni.jpg 1200w\" sizes=\"(max-width: 500px) 100vw, 500px\" >\n\t\t\t\t\t\t<div class=\"cart-loading\"><i class=\"awb-icon-spinner\" aria-hidden=\"true\"><\/i><\/div>\n\t\t\t<\/div>\n<\/a>\n<div class=\"fusion-product-content\">\n\t<div class=\"product-details\">\n\t\t<div class=\"product-details-container\">\n<h3 class=\"product-title\">\n\t<a href=\"https:\/\/www.alfaforni.com\/de\/produkt\/holzhalter\/\">\n\t\tFeuerbock\t<\/a>\n<\/h3>\n<div class=\"fusion-price-rating\">\n\n\t\t<\/div>\n\t<\/div>\n<\/div>\n\n\n\t<div class=\"product-buttons\">\n\t\t<div class=\"fusion-content-sep sep-double sep-solid\"><\/div>\n\t\t<div class=\"product-buttons-container clearfix\">\n\n<a href=\"https:\/\/www.alfaforni.com\/de\/produkt\/holzhalter\/\" class=\"show_details_button\" style=\"float:none;max-width:none;text-align:center;\">\n\tDetails<\/a>\n\n\n\t<\/div>\n\t<\/div>\n\n\t<\/div> <\/div>\n<\/li>\n<li class=\"product type-product post-6782 status-publish instock product_cat-zubehoer-fuer-holzbackoefen product_cat-haushaltszubehoer product_cat-professionell-zubehoer has-post-thumbnail shipping-taxable product-type-simple product-grid-view woo-variation-gallery-product\">\n\t<div class=\"fusion-product-wrapper\">\n<a href=\"https:\/\/www.alfaforni.com\/de\/produkt\/kit-hybrid\/\" class=\"product-images\" aria-label=\"Kit Hybrid\">\n\n<div class=\"featured-image\">\n\t\t<img decoding=\"async\" width=\"500\" height=\"500\" src=\"https:\/\/www.alfaforni.com\/wp-content\/uploads\/2023\/05\/kit-hybrid-alfa-forni-500x500.jpg\" class=\"attachment-woocommerce_thumbnail size-woocommerce_thumbnail wp-post-image\" alt=\"\" srcset=\"https:\/\/www.alfaforni.com\/wp-content\/uploads\/2023\/05\/kit-hybrid-alfa-forni-50x50.jpg 50w, https:\/\/www.alfaforni.com\/wp-content\/uploads\/2023\/05\/kit-hybrid-alfa-forni-66x66.jpg 66w, https:\/\/www.alfaforni.com\/wp-content\/uploads\/2023\/05\/kit-hybrid-alfa-forni-100x100.jpg 100w, https:\/\/www.alfaforni.com\/wp-content\/uploads\/2023\/05\/kit-hybrid-alfa-forni-400x400.jpg 400w, https:\/\/www.alfaforni.com\/wp-content\/uploads\/2023\/05\/kit-hybrid-alfa-forni-450x450.jpg 450w, https:\/\/www.alfaforni.com\/wp-content\/uploads\/2023\/05\/kit-hybrid-alfa-forni-500x500.jpg 500w, https:\/\/www.alfaforni.com\/wp-content\/uploads\/2023\/05\/kit-hybrid-alfa-forni-600x600.jpg 600w, https:\/\/www.alfaforni.com\/wp-content\/uploads\/2023\/05\/kit-hybrid-alfa-forni-700x700.jpg 700w, https:\/\/www.alfaforni.com\/wp-content\/uploads\/2023\/05\/kit-hybrid-alfa-forni-768x768.jpg 768w, https:\/\/www.alfaforni.com\/wp-content\/uploads\/2023\/05\/kit-hybrid-alfa-forni-800x800.jpg 800w, https:\/\/www.alfaforni.com\/wp-content\/uploads\/2023\/05\/kit-hybrid-alfa-forni-1024x1024.jpg 1024w, https:\/\/www.alfaforni.com\/wp-content\/uploads\/2023\/05\/kit-hybrid-alfa-forni.jpg 1200w\" sizes=\"(max-width: 500px) 100vw, 500px\" >\n\t\t\t\t\t\t<div class=\"cart-loading\"><i class=\"awb-icon-spinner\" aria-hidden=\"true\"><\/i><\/div>\n\t\t\t<\/div>\n<\/a>\n<div class=\"fusion-product-content\">\n\t<div class=\"product-details\">\n\t\t<div class=\"product-details-container\">\n<h3 class=\"product-title\">\n\t<a href=\"https:\/\/www.alfaforni.com\/de\/produkt\/kit-hybrid\/\">\n\t\tKit Hybrid\t<\/a>\n<\/h3>\n<div class=\"fusion-price-rating\">\n\n\t\t<\/div>\n\t<\/div>\n<\/div>\n\n\n\t<div class=\"product-buttons\">\n\t\t<div class=\"fusion-content-sep sep-double sep-solid\"><\/div>\n\t\t<div class=\"product-buttons-container clearfix\">\n\n<a href=\"https:\/\/www.alfaforni.com\/de\/produkt\/kit-hybrid\/\" class=\"show_details_button\" style=\"float:none;max-width:none;text-align:center;\">\n\tDetails<\/a>\n\n\n\t<\/div>\n\t<\/div>\n\n\t<\/div> <\/div>\n<\/li>\n<li class=\"product type-product post-70888 status-publish last instock product_cat-haushaltszubehoer product_cat-zubehoer-fuer-holzbackoefen has-post-thumbnail shipping-taxable product-type-simple product-grid-view woo-variation-gallery-product\">\n\t<div class=\"fusion-product-wrapper\">\n<a href=\"https:\/\/www.alfaforni.com\/de\/produkt\/teigballen-box\/\" class=\"product-images\" aria-label=\"Teigballen-Box\">\n\n<div class=\"featured-image crossfade-images\">\n\t<img decoding=\"async\" width=\"500\" height=\"500\" src=\"https:\/\/www.alfaforni.com\/wp-content\/uploads\/2025\/11\/Spatola-2-500x500.jpg\" class=\"hover-image\" alt=\"\" srcset=\"https:\/\/www.alfaforni.com\/wp-content\/uploads\/2025\/11\/Spatola-2-66x66.jpg 66w, https:\/\/www.alfaforni.com\/wp-content\/uploads\/2025\/11\/Spatola-2-100x100.jpg 100w, https:\/\/www.alfaforni.com\/wp-content\/uploads\/2025\/11\/Spatola-2-175x175.jpg 175w, https:\/\/www.alfaforni.com\/wp-content\/uploads\/2025\/11\/Spatola-2-400x400.jpg 400w, https:\/\/www.alfaforni.com\/wp-content\/uploads\/2025\/11\/Spatola-2-450x450.jpg 450w, https:\/\/www.alfaforni.com\/wp-content\/uploads\/2025\/11\/Spatola-2-500x500.jpg 500w, https:\/\/www.alfaforni.com\/wp-content\/uploads\/2025\/11\/Spatola-2-600x600.jpg 600w, https:\/\/www.alfaforni.com\/wp-content\/uploads\/2025\/11\/Spatola-2-700x700.jpg 700w, https:\/\/www.alfaforni.com\/wp-content\/uploads\/2025\/11\/Spatola-2-768x768.jpg 768w, https:\/\/www.alfaforni.com\/wp-content\/uploads\/2025\/11\/Spatola-2-800x800.jpg 800w, https:\/\/www.alfaforni.com\/wp-content\/uploads\/2025\/11\/Spatola-2-1024x1024.jpg 1024w, https:\/\/www.alfaforni.com\/wp-content\/uploads\/2025\/11\/Spatola-2.jpg 1200w\" sizes=\"(max-width: 500px) 100vw, 500px\" >\t<img decoding=\"async\" width=\"500\" height=\"500\" src=\"https:\/\/www.alfaforni.com\/wp-content\/uploads\/2025\/11\/Cassetta-panetti1-500x500.jpg\" class=\"attachment-woocommerce_thumbnail size-woocommerce_thumbnail wp-post-image\" alt=\"\" srcset=\"https:\/\/www.alfaforni.com\/wp-content\/uploads\/2025\/11\/Cassetta-panetti1-66x66.jpg 66w, https:\/\/www.alfaforni.com\/wp-content\/uploads\/2025\/11\/Cassetta-panetti1-100x100.jpg 100w, https:\/\/www.alfaforni.com\/wp-content\/uploads\/2025\/11\/Cassetta-panetti1-175x175.jpg 175w, https:\/\/www.alfaforni.com\/wp-content\/uploads\/2025\/11\/Cassetta-panetti1-400x400.jpg 400w, https:\/\/www.alfaforni.com\/wp-content\/uploads\/2025\/11\/Cassetta-panetti1-450x450.jpg 450w, https:\/\/www.alfaforni.com\/wp-content\/uploads\/2025\/11\/Cassetta-panetti1-500x500.jpg 500w, https:\/\/www.alfaforni.com\/wp-content\/uploads\/2025\/11\/Cassetta-panetti1-600x600.jpg 600w, https:\/\/www.alfaforni.com\/wp-content\/uploads\/2025\/11\/Cassetta-panetti1-700x700.jpg 700w, https:\/\/www.alfaforni.com\/wp-content\/uploads\/2025\/11\/Cassetta-panetti1-768x768.jpg 768w, https:\/\/www.alfaforni.com\/wp-content\/uploads\/2025\/11\/Cassetta-panetti1-800x800.jpg 800w, https:\/\/www.alfaforni.com\/wp-content\/uploads\/2025\/11\/Cassetta-panetti1-1024x1024.jpg 1024w, https:\/\/www.alfaforni.com\/wp-content\/uploads\/2025\/11\/Cassetta-panetti1.jpg 1200w\" sizes=\"(max-width: 500px) 100vw, 500px\" >\n\t\t\t\t\t\t<div class=\"cart-loading\"><i class=\"awb-icon-spinner\" aria-hidden=\"true\"><\/i><\/div>\n\t\t\t<\/div>\n<\/a>\n<div class=\"fusion-product-content\">\n\t<div class=\"product-details\">\n\t\t<div class=\"product-details-container\">\n<h3 class=\"product-title\">\n\t<a href=\"https:\/\/www.alfaforni.com\/de\/produkt\/teigballen-box\/\">\n\t\tTeigballen-Box\t<\/a>\n<\/h3>\n<div class=\"fusion-price-rating\">\n\n\t\t<\/div>\n\t<\/div>\n<\/div>\n\n\n\t<div class=\"product-buttons\">\n\t\t<div class=\"fusion-content-sep sep-double sep-solid\"><\/div>\n\t\t<div class=\"product-buttons-container clearfix\">\n\n<a href=\"https:\/\/www.alfaforni.com\/de\/produkt\/teigballen-box\/\" class=\"show_details_button\" style=\"float:none;max-width:none;text-align:center;\">\n\tDetails<\/a>\n\n\n\t<\/div>\n\t<\/div>\n\n\t<\/div> <\/div>\n<\/li>\n<\/ul><\/div><\/div><\/div><\/div><\/div><\/p>\n","protected":false},"excerpt":{"rendered":"<h1 id=\"accessories-title\">Silikon-Ofenhandschuhe<\/h1>\n<p>Unentbehrlich in der K\u00fcche zum Backen mit Blechen und Pfannen, ohne jemals zu verbrennen<\/p>\n<p>&nbsp;<\/p>\n<p>Verabschieden Sie sich von Verbrennungen mit den <strong>hitzebest\u00e4ndigen<\/strong> Silikon-Ofenhandschuhen von Alfa.<\/p>\n<p>Im Gegensatz zu normalen Baumwollhandschuhen bieten die Silikon-Ofenhandschuhe von Alfa <strong>einen ausgezeichneten Griff und einen hervorragenden W\u00e4rmeschutz<\/strong>. Verwenden Sie sie, um Ihre H\u00e4nde vor der Hitze zu sch\u00fctzen, wenn Sie dampfende Pizzapfannen backen oder Alfa-\u00d6fen bedienen.<\/p>\n<ul>\n<li><strong>Hergestellt aus BPA-freiem lebensmittelechtem Silikon<\/strong>;<\/li>\n<li><strong>Widersteht Temperaturen bis zu 220\u00b0C<\/strong>;<\/li>\n<li><strong>Rutschfeste Oberfl\u00e4che<\/strong>;<\/li>\n<li><strong>Sp\u00fclmaschinenfest<\/strong>;<\/li>\n<li><strong>Bequem und elegant<\/strong>;<\/li>\n<\/ul>\n","protected":false},"featured_media":59889,"template":"","meta":{"_acf_changed":false},"product_brand":[],"product_cat":[343,183],"product_tag":[],"class_list":{"0":"post-49986","1":"product","2":"type-product","3":"status-publish","4":"has-post-thumbnail","6":"product_cat-haushaltszubehoer","7":"product_cat-zubehoer-fuer-holzbackoefen","9":"first","10":"instock","11":"shipping-taxable","12":"product-type-simple"},"acf":[],"_links":{"self":[{"href":"https:\/\/www.alfaforni.com\/de\/wp-json\/wp\/v2\/product\/49986","targetHints":{"allow":["GET"]}}],"collection":[{"href":"https:\/\/www.alfaforni.com\/de\/wp-json\/wp\/v2\/product"}],"about":[{"href":"https:\/\/www.alfaforni.com\/de\/wp-json\/wp\/v2\/types\/product"}],"wp:featuredmedia":[{"embeddable":true,"href":"https:\/\/www.alfaforni.com\/de\/wp-json\/wp\/v2\/media\/59889"}],"wp:attachment":[{"href":"https:\/\/www.alfaforni.com\/de\/wp-json\/wp\/v2\/media?parent=49986"}],"wp:term":[{"taxonomy":"product_brand","embeddable":true,"href":"https:\/\/www.alfaforni.com\/de\/wp-json\/wp\/v2\/product_brand?post=49986"},{"taxonomy":"product_cat","embeddable":true,"href":"https:\/\/www.alfaforni.com\/de\/wp-json\/wp\/v2\/product_cat?post=49986"},{"taxonomy":"product_tag","embeddable":true,"href":"https:\/\/www.alfaforni.com\/de\/wp-json\/wp\/v2\/product_tag?post=49986"}],"curies":[{"name":"wp","href":"https:\/\/api.w.org\/{rel}","templated":true}]}}