{"id":55533,"date":"2024-03-05T00:01:08","date_gmt":"2024-03-04T23:01:35","guid":{"rendered":"https:\/\/www.alfaforni.com\/?post_type=product&#038;p=55533"},"modified":"2024-04-27T16:33:26","modified_gmt":"2024-04-27T14:33:26","slug":"ablage-80","status":"publish","type":"product","link":"https:\/\/www.alfaforni.com\/de\/produkt\/ablage-80\/","title":{"rendered":"Ablage 80"},"content":{"rendered":"","protected":false},"excerpt":{"rendered":"<h2>Ablage 80<\/h2>\n<h3>Ben\u00f6tigen Sie zus\u00e4tzlichen Platz, um Zutaten und Zubeh\u00f6r optimal zu organisieren?<\/h3>\n<h3>F\u00fcgen Sie die zentrale Ablage f\u00fcr eine optimale Organisation hinzu<\/h3>\n<p>&nbsp;<\/p>\n<p><a href=\"http:\/\/www.alfaforni.com\/download\/user-manual\/home\/cooking-station\/st-SHELF-80.pdf\" target=\"_blank\" rel=\"noopener\">Technisches Datenblatt<\/a><\/p>\n","protected":false},"featured_media":55297,"template":"","meta":{"_acf_changed":false},"product_brand":[],"product_cat":[586],"product_tag":[],"class_list":{"0":"post-55533","1":"product","2":"type-product","3":"status-publish","4":"has-post-thumbnail","6":"product_cat-unterbauten-und-erganzungen","8":"first","9":"instock","10":"shipping-taxable","11":"product-type-simple"},"acf":[],"_links":{"self":[{"href":"https:\/\/www.alfaforni.com\/de\/wp-json\/wp\/v2\/product\/55533","targetHints":{"allow":["GET"]}}],"collection":[{"href":"https:\/\/www.alfaforni.com\/de\/wp-json\/wp\/v2\/product"}],"about":[{"href":"https:\/\/www.alfaforni.com\/de\/wp-json\/wp\/v2\/types\/product"}],"wp:featuredmedia":[{"embeddable":true,"href":"https:\/\/www.alfaforni.com\/de\/wp-json\/wp\/v2\/media\/55297"}],"wp:attachment":[{"href":"https:\/\/www.alfaforni.com\/de\/wp-json\/wp\/v2\/media?parent=55533"}],"wp:term":[{"taxonomy":"product_brand","embeddable":true,"href":"https:\/\/www.alfaforni.com\/de\/wp-json\/wp\/v2\/product_brand?post=55533"},{"taxonomy":"product_cat","embeddable":true,"href":"https:\/\/www.alfaforni.com\/de\/wp-json\/wp\/v2\/product_cat?post=55533"},{"taxonomy":"product_tag","embeddable":true,"href":"https:\/\/www.alfaforni.com\/de\/wp-json\/wp\/v2\/product_tag?post=55533"}],"curies":[{"name":"wp","href":"https:\/\/api.w.org\/{rel}","templated":true}]}}