{"id":70812,"date":"2025-12-12T14:53:35","date_gmt":"2025-12-12T13:53:35","guid":{"rendered":"https:\/\/www.alfaforni.com\/?post_type=product&#038;p=70812"},"modified":"2025-12-12T14:53:35","modified_gmt":"2025-12-12T13:53:35","slug":"essential-pizza-kit","status":"publish","type":"product","link":"https:\/\/www.alfaforni.com\/de\/produkt\/essential-pizza-kit\/","title":{"rendered":"Essential Pizza Kit"},"content":{"rendered":"<p><div class=\"fusion-fullwidth fullwidth-box fusion-builder-row-1 fusion-flex-container has-pattern-background has-mask-background nonhundred-percent-fullwidth non-hundred-percent-height-scrolling\" style=\"--awb-border-radius-top-left:0px;--awb-border-radius-top-right:0px;--awb-border-radius-bottom-right:0px;--awb-border-radius-bottom-left:0px;--awb-padding-top:120px;--awb-padding-bottom:120px;--awb-padding-left:0px;--awb-padding-top-medium:60px;--awb-padding-bottom-medium:60px;--awb-padding-top-small:40px;--awb-padding-bottom-small:20px;--awb-margin-top:60px;--awb-margin-top-small:0px;--awb-background-color:#f5f5f5;--awb-flex-wrap:nowrap;\" ><div class=\"fusion-builder-row fusion-row fusion-flex-align-items-flex-start fusion-flex-content-wrap\" style=\"max-width:1248px;margin-left: calc(-4% \/ 2 );margin-right: calc(-4% \/ 2 );\"><div class=\"fusion-layout-column fusion_builder_column fusion-builder-column-0 fusion_builder_column_1_1 1_1 fusion-flex-column\" style=\"--awb-bg-size:cover;--awb-width-large:100%;--awb-margin-top-large:0px;--awb-spacing-right-large:100px;--awb-margin-bottom-large:20px;--awb-spacing-left-large:100px;--awb-width-medium:100%;--awb-order-medium:0;--awb-spacing-right-medium:100px;--awb-spacing-left-medium:100px;--awb-width-small:100%;--awb-order-small:0;--awb-spacing-right-small:1.92%;--awb-spacing-left-small:1.92%;\"><div class=\"fusion-column-wrapper fusion-column-has-shadow fusion-flex-justify-content-flex-start fusion-content-layout-column\"><div class=\"awb-gallery-wrapper awb-gallery-wrapper-1 fusion-no-small-visibility button-span-no\" style=\"--more-btn-alignment:center;\"><div style=\"margin:-5px;--awb-bordersize:0px;\" class=\"fusion-gallery fusion-gallery-container fusion-grid-3 fusion-columns-total-6 fusion-gallery-layout-grid fusion-gallery-1\"><div style=\"padding:5px;\" class=\"fusion-grid-column fusion-gallery-column fusion-gallery-column-3 hover-type-zoomin\"><div class=\"fusion-gallery-image\"><a href=\"https:\/\/www.alfaforni.com\/wp-content\/uploads\/2025\/11\/Cassetta-panetti1.jpg\" rel=\"noreferrer\" data-rel=\"iLightbox[gallery_image_1]\" class=\"fusion-lightbox\" target=\"_self\"><img decoding=\"async\" src=\"https:\/\/www.alfaforni.com\/wp-content\/uploads\/2025\/11\/Cassetta-panetti1.jpg\" width=\"1200\" height=\"1200\" alt=\"\"  aria-label=\"Cassetta-panetti1\" class=\"img-responsive wp-image-70623\" srcset=\"https:\/\/www.alfaforni.com\/wp-content\/uploads\/2025\/11\/Cassetta-panetti1-400x400.jpg 400w, https:\/\/www.alfaforni.com\/wp-content\/uploads\/2025\/11\/Cassetta-panetti1-600x600.jpg 600w, https:\/\/www.alfaforni.com\/wp-content\/uploads\/2025\/11\/Cassetta-panetti1-800x800.jpg 800w, https:\/\/www.alfaforni.com\/wp-content\/uploads\/2025\/11\/Cassetta-panetti1.jpg 1200w\" sizes=\"(min-width: 2200px) 100vw, (min-width: 784px) 397px, (min-width: 712px) 595px, (min-width: 640px) 712px, \"><\/a><\/div><\/div><div style=\"padding:5px;\" class=\"fusion-grid-column fusion-gallery-column fusion-gallery-column-3 hover-type-zoomin\"><div class=\"fusion-gallery-image\"><a href=\"https:\/\/www.alfaforni.com\/wp-content\/uploads\/2025\/11\/termometro-laser-alfa-forni.jpg\" rel=\"noreferrer\" data-rel=\"iLightbox[gallery_image_1]\" class=\"fusion-lightbox\" target=\"_self\"><img decoding=\"async\" src=\"https:\/\/www.alfaforni.com\/wp-content\/uploads\/2025\/11\/termometro-laser-alfa-forni.jpg\" width=\"2000\" height=\"2000\" alt=\"\"  aria-label=\"termometro-laser-alfa-forni\" class=\"img-responsive wp-image-70434\" srcset=\"https:\/\/www.alfaforni.com\/wp-content\/uploads\/2025\/11\/termometro-laser-alfa-forni-400x400.jpg 400w, https:\/\/www.alfaforni.com\/wp-content\/uploads\/2025\/11\/termometro-laser-alfa-forni-600x600.jpg 600w, https:\/\/www.alfaforni.com\/wp-content\/uploads\/2025\/11\/termometro-laser-alfa-forni-800x800.jpg 800w, https:\/\/www.alfaforni.com\/wp-content\/uploads\/2025\/11\/termometro-laser-alfa-forni-1200x1200.jpg 1200w, https:\/\/www.alfaforni.com\/wp-content\/uploads\/2025\/11\/termometro-laser-alfa-forni.jpg 2000w\" sizes=\"(min-width: 2200px) 100vw, (min-width: 784px) 397px, (min-width: 712px) 595px, (min-width: 640px) 712px, \"><\/a><\/div><\/div><div style=\"padding:5px;\" class=\"fusion-grid-column fusion-gallery-column fusion-gallery-column-3 hover-type-zoomin\"><div class=\"fusion-gallery-image\"><a href=\"https:\/\/www.alfaforni.com\/wp-content\/uploads\/2025\/11\/rotella-e-spatola-pizza-alfa-forni.jpg\" rel=\"noreferrer\" data-rel=\"iLightbox[gallery_image_1]\" class=\"fusion-lightbox\" target=\"_self\"><img decoding=\"async\" src=\"https:\/\/www.alfaforni.com\/wp-content\/uploads\/2025\/11\/rotella-e-spatola-pizza-alfa-forni.jpg\" width=\"2000\" height=\"2000\" alt=\"\"  aria-label=\"rotella-e-spatola-pizza-alfa-forni\" class=\"img-responsive wp-image-70455\" srcset=\"https:\/\/www.alfaforni.com\/wp-content\/uploads\/2025\/11\/rotella-e-spatola-pizza-alfa-forni-400x400.jpg 400w, https:\/\/www.alfaforni.com\/wp-content\/uploads\/2025\/11\/rotella-e-spatola-pizza-alfa-forni-600x600.jpg 600w, https:\/\/www.alfaforni.com\/wp-content\/uploads\/2025\/11\/rotella-e-spatola-pizza-alfa-forni-800x800.jpg 800w, https:\/\/www.alfaforni.com\/wp-content\/uploads\/2025\/11\/rotella-e-spatola-pizza-alfa-forni-1200x1200.jpg 1200w, https:\/\/www.alfaforni.com\/wp-content\/uploads\/2025\/11\/rotella-e-spatola-pizza-alfa-forni.jpg 2000w\" sizes=\"(min-width: 2200px) 100vw, (min-width: 784px) 397px, (min-width: 712px) 595px, (min-width: 640px) 712px, \"><\/a><\/div><\/div><div class=\"clearfix\"><\/div><div style=\"padding:5px;\" class=\"fusion-grid-column fusion-gallery-column fusion-gallery-column-3 hover-type-zoomin\"><div class=\"fusion-gallery-image\"><a href=\"https:\/\/www.alfaforni.com\/wp-content\/uploads\/2025\/11\/Guanti-in-silicone.jpg\" rel=\"noreferrer\" data-rel=\"iLightbox[gallery_image_1]\" class=\"fusion-lightbox\" target=\"_self\"><img decoding=\"async\" src=\"https:\/\/www.alfaforni.com\/wp-content\/uploads\/2025\/11\/Guanti-in-silicone.jpg\" width=\"1200\" height=\"1200\" alt=\"\"  aria-label=\"Guanti-in-silicone\" class=\"img-responsive wp-image-70673\" srcset=\"https:\/\/www.alfaforni.com\/wp-content\/uploads\/2025\/11\/Guanti-in-silicone-400x400.jpg 400w, https:\/\/www.alfaforni.com\/wp-content\/uploads\/2025\/11\/Guanti-in-silicone-600x600.jpg 600w, https:\/\/www.alfaforni.com\/wp-content\/uploads\/2025\/11\/Guanti-in-silicone-800x800.jpg 800w, https:\/\/www.alfaforni.com\/wp-content\/uploads\/2025\/11\/Guanti-in-silicone.jpg 1200w\" sizes=\"(min-width: 2200px) 100vw, (min-width: 784px) 397px, (min-width: 712px) 595px, (min-width: 640px) 712px, \"><\/a><\/div><\/div><div style=\"padding:5px;\" class=\"fusion-grid-column fusion-gallery-column fusion-gallery-column-3 hover-type-zoomin\"><div class=\"fusion-gallery-image\"><a href=\"https:\/\/www.alfaforni.com\/wp-content\/uploads\/2025\/11\/Spatola-2.jpg\" rel=\"noreferrer\" data-rel=\"iLightbox[gallery_image_1]\" class=\"fusion-lightbox\" target=\"_self\"><img decoding=\"async\" src=\"https:\/\/www.alfaforni.com\/wp-content\/uploads\/2025\/11\/Spatola-2.jpg\" width=\"1200\" height=\"1200\" alt=\"\"  aria-label=\"Spatola-2\" class=\"img-responsive wp-image-70651\" srcset=\"https:\/\/www.alfaforni.com\/wp-content\/uploads\/2025\/11\/Spatola-2-400x400.jpg 400w, https:\/\/www.alfaforni.com\/wp-content\/uploads\/2025\/11\/Spatola-2-600x600.jpg 600w, https:\/\/www.alfaforni.com\/wp-content\/uploads\/2025\/11\/Spatola-2-800x800.jpg 800w, https:\/\/www.alfaforni.com\/wp-content\/uploads\/2025\/11\/Spatola-2.jpg 1200w\" sizes=\"(min-width: 2200px) 100vw, (min-width: 784px) 397px, (min-width: 712px) 595px, (min-width: 640px) 712px, \"><\/a><\/div><\/div><div style=\"padding:5px;\" class=\"fusion-grid-column fusion-gallery-column fusion-gallery-column-3 hover-type-zoomin\"><div class=\"fusion-gallery-image\"><a href=\"https:\/\/www.alfaforni.com\/wp-content\/uploads\/2025\/11\/tagliererotella.jpg\" rel=\"noreferrer\" data-rel=\"iLightbox[gallery_image_1]\" class=\"fusion-lightbox\" target=\"_self\"><img decoding=\"async\" src=\"https:\/\/www.alfaforni.com\/wp-content\/uploads\/2025\/11\/tagliererotella.jpg\" width=\"1200\" height=\"1200\" alt=\"\"  aria-label=\"tagliere+rotella\" class=\"img-responsive wp-image-70567\" srcset=\"https:\/\/www.alfaforni.com\/wp-content\/uploads\/2025\/11\/tagliererotella-400x400.jpg 400w, https:\/\/www.alfaforni.com\/wp-content\/uploads\/2025\/11\/tagliererotella-600x600.jpg 600w, https:\/\/www.alfaforni.com\/wp-content\/uploads\/2025\/11\/tagliererotella-800x800.jpg 800w, https:\/\/www.alfaforni.com\/wp-content\/uploads\/2025\/11\/tagliererotella.jpg 1200w\" sizes=\"(min-width: 2200px) 100vw, (min-width: 784px) 397px, (min-width: 712px) 595px, (min-width: 640px) 712px, \"><\/a><\/div><\/div><div class=\"clearfix\"><\/div><\/div><\/div><div class=\"awb-gallery-wrapper awb-gallery-wrapper-2 fusion-no-medium-visibility fusion-no-large-visibility button-span-no\" style=\"--more-btn-alignment:center;\" data-limit=\"2\" data-page=\"1\"><div style=\"margin:-5px;--awb-bordersize:0px;\" class=\"fusion-gallery fusion-gallery-container fusion-grid-3 fusion-columns-total-6 fusion-gallery-layout-grid fusion-gallery-2\"><div style=\"padding:5px;\" class=\"fusion-grid-column fusion-gallery-column fusion-gallery-column-3 hover-type-zoomin\"><div class=\"fusion-gallery-image\"><a href=\"https:\/\/www.alfaforni.com\/wp-content\/uploads\/2025\/11\/Cassetta-panetti1.jpg\" rel=\"noreferrer\" data-rel=\"iLightbox[gallery_image_2]\" class=\"fusion-lightbox\" target=\"_self\"><img decoding=\"async\" src=\"https:\/\/www.alfaforni.com\/wp-content\/uploads\/2025\/11\/Cassetta-panetti1.jpg\" width=\"1200\" height=\"1200\" alt=\"\"  aria-label=\"Cassetta-panetti1\" class=\"img-responsive wp-image-70623\" srcset=\"https:\/\/www.alfaforni.com\/wp-content\/uploads\/2025\/11\/Cassetta-panetti1-400x400.jpg 400w, https:\/\/www.alfaforni.com\/wp-content\/uploads\/2025\/11\/Cassetta-panetti1-600x600.jpg 600w, https:\/\/www.alfaforni.com\/wp-content\/uploads\/2025\/11\/Cassetta-panetti1-800x800.jpg 800w, https:\/\/www.alfaforni.com\/wp-content\/uploads\/2025\/11\/Cassetta-panetti1.jpg 1200w\" sizes=\"(min-width: 2200px) 100vw, (min-width: 784px) 397px, (min-width: 712px) 595px, (min-width: 640px) 712px, \"><\/a><\/div><\/div><div style=\"padding:5px;\" class=\"fusion-grid-column fusion-gallery-column fusion-gallery-column-3 hover-type-zoomin\"><div class=\"fusion-gallery-image\"><a href=\"https:\/\/www.alfaforni.com\/wp-content\/uploads\/2025\/11\/tagliererotella.jpg\" rel=\"noreferrer\" data-rel=\"iLightbox[gallery_image_2]\" class=\"fusion-lightbox\" target=\"_self\"><img decoding=\"async\" src=\"https:\/\/www.alfaforni.com\/wp-content\/uploads\/2025\/11\/tagliererotella.jpg\" width=\"1200\" height=\"1200\" alt=\"\"  aria-label=\"tagliere+rotella\" class=\"img-responsive wp-image-70567\" srcset=\"https:\/\/www.alfaforni.com\/wp-content\/uploads\/2025\/11\/tagliererotella-400x400.jpg 400w, https:\/\/www.alfaforni.com\/wp-content\/uploads\/2025\/11\/tagliererotella-600x600.jpg 600w, https:\/\/www.alfaforni.com\/wp-content\/uploads\/2025\/11\/tagliererotella-800x800.jpg 800w, https:\/\/www.alfaforni.com\/wp-content\/uploads\/2025\/11\/tagliererotella.jpg 1200w\" sizes=\"(min-width: 2200px) 100vw, (min-width: 784px) 397px, (min-width: 712px) 595px, (min-width: 640px) 712px, \"><\/a><\/div><\/div><div style=\"padding:5px;\" class=\"fusion-grid-column fusion-gallery-column fusion-gallery-column-3 hover-type-zoomin awb-gallery-item-hidden\"><div class=\"fusion-gallery-image\"><a href=\"https:\/\/www.alfaforni.com\/wp-content\/uploads\/2025\/11\/termometro-laser-alfa-forni.jpg\" rel=\"noreferrer\" data-rel=\"iLightbox[gallery_image_2]\" class=\"fusion-lightbox\" target=\"_self\"><img decoding=\"async\" src=\"https:\/\/www.alfaforni.com\/wp-content\/uploads\/2025\/11\/termometro-laser-alfa-forni.jpg\" width=\"2000\" height=\"2000\" alt=\"\"  aria-label=\"termometro-laser-alfa-forni\" class=\"img-responsive wp-image-70434\" srcset=\"https:\/\/www.alfaforni.com\/wp-content\/uploads\/2025\/11\/termometro-laser-alfa-forni-400x400.jpg 400w, https:\/\/www.alfaforni.com\/wp-content\/uploads\/2025\/11\/termometro-laser-alfa-forni-600x600.jpg 600w, https:\/\/www.alfaforni.com\/wp-content\/uploads\/2025\/11\/termometro-laser-alfa-forni-800x800.jpg 800w, https:\/\/www.alfaforni.com\/wp-content\/uploads\/2025\/11\/termometro-laser-alfa-forni-1200x1200.jpg 1200w, https:\/\/www.alfaforni.com\/wp-content\/uploads\/2025\/11\/termometro-laser-alfa-forni.jpg 2000w\" sizes=\"(min-width: 2200px) 100vw, (min-width: 784px) 397px, (min-width: 712px) 595px, (min-width: 640px) 712px, \"><\/a><\/div><\/div><div class=\"clearfix\"><\/div><div style=\"padding:5px;\" class=\"fusion-grid-column fusion-gallery-column fusion-gallery-column-3 hover-type-zoomin awb-gallery-item-hidden\"><div class=\"fusion-gallery-image\"><a href=\"https:\/\/www.alfaforni.com\/wp-content\/uploads\/2025\/11\/Guanti-in-silicone.jpg\" rel=\"noreferrer\" data-rel=\"iLightbox[gallery_image_2]\" class=\"fusion-lightbox\" target=\"_self\"><img decoding=\"async\" src=\"https:\/\/www.alfaforni.com\/wp-content\/uploads\/2025\/11\/Guanti-in-silicone.jpg\" width=\"1200\" height=\"1200\" alt=\"\"  aria-label=\"Guanti-in-silicone\" class=\"img-responsive wp-image-70673\" srcset=\"https:\/\/www.alfaforni.com\/wp-content\/uploads\/2025\/11\/Guanti-in-silicone-400x400.jpg 400w, https:\/\/www.alfaforni.com\/wp-content\/uploads\/2025\/11\/Guanti-in-silicone-600x600.jpg 600w, https:\/\/www.alfaforni.com\/wp-content\/uploads\/2025\/11\/Guanti-in-silicone-800x800.jpg 800w, https:\/\/www.alfaforni.com\/wp-content\/uploads\/2025\/11\/Guanti-in-silicone.jpg 1200w\" sizes=\"(min-width: 2200px) 100vw, (min-width: 784px) 397px, (min-width: 712px) 595px, (min-width: 640px) 712px, \"><\/a><\/div><\/div><div style=\"padding:5px;\" class=\"fusion-grid-column fusion-gallery-column fusion-gallery-column-3 hover-type-zoomin awb-gallery-item-hidden\"><div class=\"fusion-gallery-image\"><a href=\"https:\/\/www.alfaforni.com\/wp-content\/uploads\/2025\/11\/rotella-e-spatola-pizza-alfa-forni.jpg\" rel=\"noreferrer\" data-rel=\"iLightbox[gallery_image_2]\" class=\"fusion-lightbox\" target=\"_self\"><img decoding=\"async\" src=\"https:\/\/www.alfaforni.com\/wp-content\/uploads\/2025\/11\/rotella-e-spatola-pizza-alfa-forni.jpg\" width=\"2000\" height=\"2000\" alt=\"\"  aria-label=\"rotella-e-spatola-pizza-alfa-forni\" class=\"img-responsive wp-image-70455\" srcset=\"https:\/\/www.alfaforni.com\/wp-content\/uploads\/2025\/11\/rotella-e-spatola-pizza-alfa-forni-400x400.jpg 400w, https:\/\/www.alfaforni.com\/wp-content\/uploads\/2025\/11\/rotella-e-spatola-pizza-alfa-forni-600x600.jpg 600w, https:\/\/www.alfaforni.com\/wp-content\/uploads\/2025\/11\/rotella-e-spatola-pizza-alfa-forni-800x800.jpg 800w, https:\/\/www.alfaforni.com\/wp-content\/uploads\/2025\/11\/rotella-e-spatola-pizza-alfa-forni-1200x1200.jpg 1200w, https:\/\/www.alfaforni.com\/wp-content\/uploads\/2025\/11\/rotella-e-spatola-pizza-alfa-forni.jpg 2000w\" sizes=\"(min-width: 2200px) 100vw, (min-width: 784px) 397px, (min-width: 712px) 595px, (min-width: 640px) 712px, \"><\/a><\/div><\/div><div style=\"padding:5px;\" class=\"fusion-grid-column fusion-gallery-column fusion-gallery-column-3 hover-type-zoomin awb-gallery-item-hidden\"><div class=\"fusion-gallery-image\"><a href=\"https:\/\/www.alfaforni.com\/wp-content\/uploads\/2025\/11\/Spatola-2.jpg\" rel=\"noreferrer\" data-rel=\"iLightbox[gallery_image_2]\" class=\"fusion-lightbox\" target=\"_self\"><img decoding=\"async\" src=\"https:\/\/www.alfaforni.com\/wp-content\/uploads\/2025\/11\/Spatola-2.jpg\" width=\"1200\" height=\"1200\" alt=\"\"  aria-label=\"Spatola-2\" class=\"img-responsive wp-image-70651\" srcset=\"https:\/\/www.alfaforni.com\/wp-content\/uploads\/2025\/11\/Spatola-2-400x400.jpg 400w, https:\/\/www.alfaforni.com\/wp-content\/uploads\/2025\/11\/Spatola-2-600x600.jpg 600w, https:\/\/www.alfaforni.com\/wp-content\/uploads\/2025\/11\/Spatola-2-800x800.jpg 800w, https:\/\/www.alfaforni.com\/wp-content\/uploads\/2025\/11\/Spatola-2.jpg 1200w\" sizes=\"(min-width: 2200px) 100vw, (min-width: 784px) 397px, (min-width: 712px) 595px, (min-width: 640px) 712px, \"><\/a><\/div><\/div><div class=\"clearfix\"><\/div><\/div><div class=\"fusion-loading-container fusion-clearfix awb-gallery-posts-loading-container\">\n\t\t\t\t<div class=\"fusion-loading-spinner\">\n\t\t\t\t\t<div class=\"fusion-spinner-1\"><\/div>\n\t\t\t\t\t<div class=\"fusion-spinner-2\"><\/div>\n\t\t\t\t\t<div class=\"fusion-spinner-3\"><\/div>\n\t\t\t\t<\/div><div class=\"fusion-loading-msg\"><em>Loading the next set of gallery items...<\/em><\/div><\/div><div class=\"awb-gallery-buttons\"><a href=\"#\" class=\"fusion-button button-flat button-default fusion-button-default-size awb-gallery-load-more-btn\">Load More<\/a><\/div><\/div><\/div><\/div><\/div><\/div><div class=\"fusion-fullwidth fullwidth-box fusion-builder-row-2 fusion-flex-container has-pattern-background has-mask-background nonhundred-percent-fullwidth non-hundred-percent-height-scrolling\" style=\"--awb-border-radius-top-left:0px;--awb-border-radius-top-right:0px;--awb-border-radius-bottom-right:0px;--awb-border-radius-bottom-left:0px;--awb-padding-bottom-medium:0px;--awb-padding-top-small:40px;--awb-padding-bottom-small:20px;--awb-margin-top:100px;--awb-margin-bottom:50px;--awb-flex-wrap:wrap;\" ><div class=\"fusion-builder-row fusion-row fusion-flex-align-items-flex-start fusion-flex-content-wrap\" style=\"max-width:1248px;margin-left: calc(-4% \/ 2 );margin-right: calc(-4% \/ 2 );\"><div class=\"fusion-layout-column fusion_builder_column fusion-builder-column-1 fusion_builder_column_1_2 1_2 fusion-flex-column\" style=\"--awb-bg-size:cover;--awb-width-large:50%;--awb-margin-top-large:0px;--awb-spacing-right-large:3.84%;--awb-margin-bottom-large:20px;--awb-spacing-left-large:3.84%;--awb-width-medium:50%;--awb-order-medium:0;--awb-spacing-right-medium:3.84%;--awb-spacing-left-medium:3.84%;--awb-width-small:100%;--awb-order-small:0;--awb-spacing-right-small:1.92%;--awb-spacing-left-small:1.92%;\"><div class=\"fusion-column-wrapper fusion-column-has-shadow fusion-flex-justify-content-flex-start fusion-content-layout-column\"><div class=\"fusion-text fusion-text-1\"><h2 style=\"text-align: left;\">Alles, was Sie f\u00fcr den Anfang brauchen<\/h2>\n<h3 style=\"text-align: left;\"><span style=\"font-weight: 400;\">Mit dem Essential Kit k\u00f6nnen Sie jede Phase der Vorbereitung meistern, vom Teilen des Teigs bis zum finalen Backen.<\/span><\/h3>\n<p data-start=\"1333\" data-end=\"1670\">Das Laserthermometer hilft Ihnen, die Temperatur des Steinbodens zu pr\u00fcfen und den richtigen Moment zum Einschieben zu bestimmen, w\u00e4hrend die Teigbox den Teig gut gesch\u00fctzt und optimal hydriert h\u00e4lt.<\/p>\n<p data-start=\"1650\" data-end=\"1812\">Schneider und Spatel vervollst\u00e4ndigen das Set f\u00fcr ein fl\u00fcssiges und funktionales Arbeiten, und dank Sch\u00fcrze und Handschuhen k\u00f6nnen Sie sicher und bequem arbeiten.<\/p>\n<p data-start=\"1814\" data-end=\"1882\"><strong>Ein kleines, aber umfassendes Set, ideal f\u00fcr einen gelungenen Start.<\/strong><\/p>\n<\/div><\/div><\/div><div class=\"fusion-layout-column fusion_builder_column fusion-builder-column-2 fusion_builder_column_1_2 1_2 fusion-flex-column\" style=\"--awb-bg-size:cover;--awb-width-large:50%;--awb-margin-top-large:0px;--awb-spacing-right-large:3.84%;--awb-margin-bottom-large:20px;--awb-spacing-left-large:3.84%;--awb-width-medium:50%;--awb-order-medium:0;--awb-spacing-right-medium:3.84%;--awb-spacing-left-medium:3.84%;--awb-width-small:100%;--awb-order-small:0;--awb-spacing-right-small:1.92%;--awb-spacing-left-small:1.92%;\"><div class=\"fusion-column-wrapper fusion-column-has-shadow fusion-flex-justify-content-flex-start fusion-content-layout-column\"><div class=\"fusion-image-element \" style=\"--awb-caption-title-font-family:var(--h2_typography-font-family);--awb-caption-title-font-weight:var(--h2_typography-font-weight);--awb-caption-title-font-style:var(--h2_typography-font-style);--awb-caption-title-size:var(--h2_typography-font-size);--awb-caption-title-transform:var(--h2_typography-text-transform);--awb-caption-title-line-height:var(--h2_typography-line-height);--awb-caption-title-letter-spacing:var(--h2_typography-letter-spacing);\"><span class=\" fusion-imageframe imageframe-none imageframe-1 hover-type-none\"><img decoding=\"async\" width=\"1200\" height=\"1200\" alt=\"MEDIUM\"  src=\"https:\/\/www.alfaforni.com\/wp-content\/uploads\/2025\/11\/essential-kit-alfa-forni.jpg\" class=\"img-responsive wp-image-70341\" srcset=\"https:\/\/www.alfaforni.com\/wp-content\/uploads\/2025\/11\/essential-kit-alfa-forni-400x400.jpg 400w, https:\/\/www.alfaforni.com\/wp-content\/uploads\/2025\/11\/essential-kit-alfa-forni-600x600.jpg 600w, https:\/\/www.alfaforni.com\/wp-content\/uploads\/2025\/11\/essential-kit-alfa-forni-800x800.jpg 800w, https:\/\/www.alfaforni.com\/wp-content\/uploads\/2025\/11\/essential-kit-alfa-forni.jpg 1200w\" sizes=\"(max-width: 640px) 100vw, 600px\" \/><\/span><\/div><\/div><\/div><\/div><\/div><\/p>\n","protected":false},"excerpt":{"rendered":"<h2>Essential Pizza Kit<\/h2>\n<h3><span style=\"font-weight: 400;\">Das Wesentliche f\u00fcr den Anfang<\/span><\/h3>\n<p>Hier sind die wichtigsten Merkmale:<\/p>\n<ul class=\"dark_text\">\n<li>Teigbox, ideal zur richtigen Aufbewahrung des Teigs w\u00e4hrend der Gehzeit<\/li>\n<li>Laserthermometer, um die Temperatur des Backbodens zu kontrollieren und im perfekten Moment zu backen<\/li>\n<li>Pizzaschneider aus Edelstahl f\u00fcr einen sauberen und m\u00fchelosen Schnitt<\/li>\n<li>Teigspatel, ideal zum Teilen und schonenden Handling des Teigs auf der Arbeitsfl\u00e4che<\/li>\n<li>Alfa Sch\u00fcrze aus schwarzem Polycotton mit Mitteltasche und verstellbarem Nackenband<\/li>\n<li>Ofenhandschuhe, hitzebest\u00e4ndig und sicher bei der Arbeit<\/li>\n<\/ul>\n<p>&nbsp;<\/p>\n[fusion_tabs parent_dynamic_content=\"\" design=\"clean\" layout=\"horizontal\" justified=\"yes\" alignment=\"start\" sticky_tabs=\"no\" icon_size=\"\" hide_on_mobile=\"small-visibility,medium-visibility,large-visibility\" margin_medium=\"\" margin_small=\"\" title_tag=\"div\" title_padding_medium=\"\" title_padding_small=\"\" content_padding_medium=\"\" content_padding_small=\"\" title_active_text_color=\"\" title_text_color=\"#000000\" icon_active_color=\"\" icon_color=\"#000000\" fusion_font_variant_title_font=\"600\" fusion_font_family_title_font=\"Open Sans\" title_font_size=\"16px\" inactivecolor=\"#ffffff\" bordercolor=\"var(--awb-color1)\" icon=\"fa-angle-down fas\"][fusion_tab title=\"Verpackungsinhalt\"]<\/p>\n<ul>\n<li>1 Teigbox mit Deckel<\/li>\n<li>1 Laser Infrarotthermometer<\/li>\n<li>1 Pizzaschneider<\/li>\n<li>1 Teigspatel<\/li>\n<li>1 Alfa Sch\u00fcrze<\/li>\n<li>1 Paar Ofenhandschuhe<\/li>\n<\/ul>\n<p>[\/fusion_tab][fusion_tab title=\"Verpackungsgr\u00f6\u00dfe\"]<\/p>\n<ul>\n<li>43 x 30,5 x 11,5 cm<\/li>\n<\/ul>\n<p>[\/fusion_tab][\/fusion_tabs]\n","protected":false},"featured_media":70400,"template":"","meta":{"_acf_changed":false},"product_brand":[],"product_cat":[343,183],"product_tag":[],"class_list":{"0":"post-70812","1":"product","2":"type-product","3":"status-publish","4":"has-post-thumbnail","6":"product_cat-haushaltszubehoer","7":"product_cat-zubehoer-fuer-holzbackoefen","9":"first","10":"instock","11":"shipping-taxable","12":"product-type-simple"},"acf":[],"_links":{"self":[{"href":"https:\/\/www.alfaforni.com\/de\/wp-json\/wp\/v2\/product\/70812","targetHints":{"allow":["GET"]}}],"collection":[{"href":"https:\/\/www.alfaforni.com\/de\/wp-json\/wp\/v2\/product"}],"about":[{"href":"https:\/\/www.alfaforni.com\/de\/wp-json\/wp\/v2\/types\/product"}],"wp:featuredmedia":[{"embeddable":true,"href":"https:\/\/www.alfaforni.com\/de\/wp-json\/wp\/v2\/media\/70400"}],"wp:attachment":[{"href":"https:\/\/www.alfaforni.com\/de\/wp-json\/wp\/v2\/media?parent=70812"}],"wp:term":[{"taxonomy":"product_brand","embeddable":true,"href":"https:\/\/www.alfaforni.com\/de\/wp-json\/wp\/v2\/product_brand?post=70812"},{"taxonomy":"product_cat","embeddable":true,"href":"https:\/\/www.alfaforni.com\/de\/wp-json\/wp\/v2\/product_cat?post=70812"},{"taxonomy":"product_tag","embeddable":true,"href":"https:\/\/www.alfaforni.com\/de\/wp-json\/wp\/v2\/product_tag?post=70812"}],"curies":[{"name":"wp","href":"https:\/\/api.w.org\/{rel}","templated":true}]}}