{"id":70881,"date":"2025-12-12T14:53:41","date_gmt":"2025-12-12T13:53:41","guid":{"rendered":"https:\/\/www.alfaforni.com\/?post_type=product&#038;p=70881"},"modified":"2025-12-12T14:53:41","modified_gmt":"2025-12-12T13:53:41","slug":"alfa-schneidebrett-aus-buchenholz","status":"publish","type":"product","link":"https:\/\/www.alfaforni.com\/de\/produkt\/alfa-schneidebrett-aus-buchenholz\/","title":{"rendered":"Schneidebrett aus Buchenholz"},"content":{"rendered":"<div class=\"fusion-fullwidth fullwidth-box fusion-builder-row-1 fusion-flex-container has-pattern-background has-mask-background nonhundred-percent-fullwidth non-hundred-percent-height-scrolling\" style=\"--awb-border-radius-top-left:0px;--awb-border-radius-top-right:0px;--awb-border-radius-bottom-right:0px;--awb-border-radius-bottom-left:0px;--awb-padding-bottom-medium:0px;--awb-padding-top-small:40px;--awb-padding-bottom-small:20px;--awb-margin-top:100px;--awb-margin-bottom:50px;--awb-flex-wrap:wrap;\" ><div class=\"fusion-builder-row fusion-row fusion-flex-align-items-flex-start fusion-flex-content-wrap\" style=\"max-width:1248px;margin-left: calc(-4% \/ 2 );margin-right: calc(-4% \/ 2 );\"><div class=\"fusion-layout-column fusion_builder_column fusion-builder-column-0 fusion_builder_column_1_2 1_2 fusion-flex-column\" style=\"--awb-bg-size:cover;--awb-width-large:50%;--awb-margin-top-large:0px;--awb-spacing-right-large:3.84%;--awb-margin-bottom-large:20px;--awb-spacing-left-large:3.84%;--awb-width-medium:50%;--awb-order-medium:0;--awb-spacing-right-medium:3.84%;--awb-spacing-left-medium:3.84%;--awb-width-small:100%;--awb-order-small:0;--awb-spacing-right-small:1.92%;--awb-spacing-left-small:1.92%;\"><div class=\"fusion-column-wrapper fusion-column-has-shadow fusion-flex-justify-content-flex-start fusion-content-layout-column\"><div class=\"fusion-image-element fusion-no-medium-visibility fusion-no-large-visibility\" style=\"text-align:center;--awb-caption-title-font-family:var(--h2_typography-font-family);--awb-caption-title-font-weight:var(--h2_typography-font-weight);--awb-caption-title-font-style:var(--h2_typography-font-style);--awb-caption-title-size:var(--h2_typography-font-size);--awb-caption-title-transform:var(--h2_typography-text-transform);--awb-caption-title-line-height:var(--h2_typography-line-height);--awb-caption-title-letter-spacing:var(--h2_typography-letter-spacing);\"><span class=\" fusion-imageframe imageframe-none imageframe-1 hover-type-none\"><a href=\"https:\/\/www.alfaforni.com\/wp-content\/uploads\/2025\/11\/tagliererotella.jpg\" class=\"fusion-lightbox\" data-rel=\"iLightbox[da15c6f4cca042a4286]\" data-title=\"tagliere+rotella\" ><img decoding=\"async\" width=\"1200\" height=\"1200\" src=\"https:\/\/www.alfaforni.com\/wp-content\/uploads\/2025\/11\/tagliererotella.jpg\" class=\"img-responsive wp-image-70571\" srcset=\"https:\/\/www.alfaforni.com\/wp-content\/uploads\/2025\/11\/tagliererotella-400x400.jpg 400w, https:\/\/www.alfaforni.com\/wp-content\/uploads\/2025\/11\/tagliererotella-600x600.jpg 600w, https:\/\/www.alfaforni.com\/wp-content\/uploads\/2025\/11\/tagliererotella-800x800.jpg 800w, https:\/\/www.alfaforni.com\/wp-content\/uploads\/2025\/11\/tagliererotella.jpg 1200w\" sizes=\"(max-width: 640px) 100vw, 600px\" alt=\"\" ><\/a><\/span><\/div><div class=\"fusion-text fusion-text-1\"><h2 style=\"text-align: left;\">Die beste Art, Pizza stilvoll zu servieren<\/h2>\n<h3 style=\"text-align: left;\"><span style=\"font-weight: 400;\">Das Alfa Schneidebrett aus Buchenholz wurde entwickelt, um jede selbstgemachte Pizza aufzuwerten, von der klassischen Margherita bis zu kreativen Gourmetvarianten.<\/span><\/h3>\n<p data-start=\"1306\" data-end=\"1585\">Der Durchmesser von 33 cm ist perfekt geeignet, um eine <strong>ganze Pizza aufzunehmen und direkt am Tisch zu servieren<\/strong>.<\/p>\n<p data-start=\"1587\" data-end=\"1730\">Massives Buchenholz ist nicht nur robust, sondern speichert auch leicht W\u00e4rme, <strong>sodass die Pizza l\u00e4nger warm bleibt als<\/strong> auf Keramik oder Metall.<\/p>\n<p data-start=\"1732\" data-end=\"1937\"><strong>Die zwei erh\u00f6hten Unterseiten<\/strong> heben das Schneidebrett leicht an, was das <strong>Greifen und Tragen<\/strong> mit einer Hand erleichtert.<br data-start=\"1851\" data-end=\"1854\" \/>Eine einfache, aber funktionale L\u00f6sung, die Ergonomie und \u00c4sthetik perfekt vereint.<\/p>\n<p data-start=\"1939\" data-end=\"2067\">Stabil und dennoch leicht kann es auch als Servierplatte, Wurst und K\u00e4sebrett oder f\u00fcr elegante Pr\u00e4sentationen verwendet werden.<\/p>\n<\/div><\/div><\/div><div class=\"fusion-layout-column fusion_builder_column fusion-builder-column-1 fusion_builder_column_1_2 1_2 fusion-flex-column\" style=\"--awb-bg-size:cover;--awb-width-large:50%;--awb-margin-top-large:0px;--awb-spacing-right-large:3.84%;--awb-margin-bottom-large:20px;--awb-spacing-left-large:3.84%;--awb-width-medium:50%;--awb-order-medium:0;--awb-spacing-right-medium:3.84%;--awb-spacing-left-medium:3.84%;--awb-width-small:100%;--awb-order-small:0;--awb-spacing-right-small:1.92%;--awb-spacing-left-small:1.92%;\" data-scroll-devices=\"small-visibility,medium-visibility,large-visibility\"><div class=\"fusion-column-wrapper fusion-column-has-shadow fusion-flex-justify-content-flex-start fusion-content-layout-column\"><div class=\"fusion-image-element fusion-no-small-visibility\" style=\"--awb-caption-title-font-family:var(--h2_typography-font-family);--awb-caption-title-font-weight:var(--h2_typography-font-weight);--awb-caption-title-font-style:var(--h2_typography-font-style);--awb-caption-title-size:var(--h2_typography-font-size);--awb-caption-title-transform:var(--h2_typography-text-transform);--awb-caption-title-line-height:var(--h2_typography-line-height);--awb-caption-title-letter-spacing:var(--h2_typography-letter-spacing);\"><span class=\" fusion-imageframe imageframe-none imageframe-2 hover-type-none\"><a href=\"https:\/\/www.alfaforni.com\/wp-content\/uploads\/2025\/11\/tagliererotella.jpg\" class=\"fusion-lightbox\" data-rel=\"iLightbox[da15c6f4cca042a4286]\" data-title=\"tagliere+rotella\" ><img decoding=\"async\" width=\"1200\" height=\"1200\" src=\"https:\/\/www.alfaforni.com\/wp-content\/uploads\/2025\/11\/tagliererotella.jpg\" class=\"img-responsive wp-image-70571\" srcset=\"https:\/\/www.alfaforni.com\/wp-content\/uploads\/2025\/11\/tagliererotella-400x400.jpg 400w, https:\/\/www.alfaforni.com\/wp-content\/uploads\/2025\/11\/tagliererotella-600x600.jpg 600w, https:\/\/www.alfaforni.com\/wp-content\/uploads\/2025\/11\/tagliererotella-800x800.jpg 800w, https:\/\/www.alfaforni.com\/wp-content\/uploads\/2025\/11\/tagliererotella.jpg 1200w\" sizes=\"(max-width: 640px) 100vw, 600px\" alt=\"\" ><\/a><\/span><\/div><\/div><\/div><\/div><\/div>\n","protected":false},"excerpt":{"rendered":"<h2>Schneidebrett aus Buchenholz<\/h2>\n<h3><span style=\"font-weight: 400;\" data-mce-style=\"font-weight: 400;\">Das Alfa Schneidebrett aus massivem Buchenholz, hergestellt in Italien, ist die ideale L\u00f6sung, um frisch gebackene Pizza stilvoll zu servieren.<\/span><\/h3>\n<p>Es wurde entwickelt, um das Pizzaerlebnis zu Hause zu vervollst\u00e4ndigen und vereint <strong>elegantes Design, Robustheit und Funktionalit\u00e4t<\/strong> in einem einzigen Zubeh\u00f6r.<\/p>\n<p>Die wichtigsten Merkmale:<\/p>\n<ul class=\"dark_text\">\n<li>Aus massivem Buchenholz, Made in Italy<\/li>\n<li>Durchmesser: 33 cm<\/li>\n<li>Grosse und schnittfeste Oberfl\u00e4che<\/li>\n<li>Leicht zu reinigen und langlebig<\/li>\n<li>Mit zwei erh\u00f6hten Unterst\u00fctzungen f\u00fcr besseren Halt und einfaches Anheben<\/li>\n<li>Elegant und funktional, auch perfekt als Servierplatte<\/li>\n<\/ul>\n<p><\/p>\n[fusion_tabs parent_dynamic_content=\"\" design=\"clean\" layout=\"horizontal\" justified=\"yes\" alignment=\"start\" sticky_tabs=\"no\" icon_size=\"\" hide_on_mobile=\"small-visibility,medium-visibility,large-visibility\" margin_medium=\"\" margin_small=\"\" title_tag=\"div\" title_padding_medium=\"\" title_padding_small=\"\" content_padding_medium=\"\" content_padding_small=\"\" title_active_text_color=\"\" title_text_color=\"#000000\" icon_active_color=\"\" icon_color=\"#000000\" fusion_font_variant_title_font=\"600\" fusion_font_family_title_font=\"Open Sans\" title_font_size=\"16px\" inactivecolor=\"#ffffff\" bordercolor=\"var(--awb-color1)\" icon=\"fa-angle-down fas\"][fusion_tab title=\"Verpackungsinhalt\"]<\/p>\n<ul>\n<li>1 Schneidebrett aus Buchenholz, \u00d8 33 cm<\/li>\n<\/ul>\n<p>[\/fusion_tab][fusion_tab title=\"Ma\u00dfe der Verpackung\"]<\/p>\n<ul>\n<li>38 x 36.5 x 4 cm<\/li>\n<\/ul>\n<p>[\/fusion_tab][\/fusion_tabs]\n","protected":false},"featured_media":70564,"template":"","meta":{"_acf_changed":false},"product_brand":[],"product_cat":[343,183],"product_tag":[],"class_list":{"0":"post-70881","1":"product","2":"type-product","3":"status-publish","4":"has-post-thumbnail","6":"product_cat-haushaltszubehoer","7":"product_cat-zubehoer-fuer-holzbackoefen","9":"first","10":"instock","11":"shipping-taxable","12":"product-type-simple"},"acf":[],"_links":{"self":[{"href":"https:\/\/www.alfaforni.com\/de\/wp-json\/wp\/v2\/product\/70881","targetHints":{"allow":["GET"]}}],"collection":[{"href":"https:\/\/www.alfaforni.com\/de\/wp-json\/wp\/v2\/product"}],"about":[{"href":"https:\/\/www.alfaforni.com\/de\/wp-json\/wp\/v2\/types\/product"}],"wp:featuredmedia":[{"embeddable":true,"href":"https:\/\/www.alfaforni.com\/de\/wp-json\/wp\/v2\/media\/70564"}],"wp:attachment":[{"href":"https:\/\/www.alfaforni.com\/de\/wp-json\/wp\/v2\/media?parent=70881"}],"wp:term":[{"taxonomy":"product_brand","embeddable":true,"href":"https:\/\/www.alfaforni.com\/de\/wp-json\/wp\/v2\/product_brand?post=70881"},{"taxonomy":"product_cat","embeddable":true,"href":"https:\/\/www.alfaforni.com\/de\/wp-json\/wp\/v2\/product_cat?post=70881"},{"taxonomy":"product_tag","embeddable":true,"href":"https:\/\/www.alfaforni.com\/de\/wp-json\/wp\/v2\/product_tag?post=70881"}],"curies":[{"name":"wp","href":"https:\/\/api.w.org\/{rel}","templated":true}]}}