{"id":70888,"date":"2025-12-12T14:53:31","date_gmt":"2025-12-12T13:53:31","guid":{"rendered":"https:\/\/www.alfaforni.com\/?post_type=product&#038;p=70888"},"modified":"2025-12-12T14:53:31","modified_gmt":"2025-12-12T13:53:31","slug":"teigballen-box","status":"publish","type":"product","link":"https:\/\/www.alfaforni.com\/de\/produkt\/teigballen-box\/","title":{"rendered":"Teigballen-Box"},"content":{"rendered":"<p><div class=\"fusion-fullwidth fullwidth-box fusion-builder-row-1 fusion-flex-container has-pattern-background has-mask-background nonhundred-percent-fullwidth non-hundred-percent-height-scrolling\" style=\"--awb-border-radius-top-left:0px;--awb-border-radius-top-right:0px;--awb-border-radius-bottom-right:0px;--awb-border-radius-bottom-left:0px;--awb-padding-top:120px;--awb-padding-bottom:120px;--awb-padding-left:0px;--awb-padding-top-medium:60px;--awb-padding-bottom-medium:60px;--awb-padding-top-small:40px;--awb-padding-bottom-small:20px;--awb-margin-top:60px;--awb-margin-top-small:0px;--awb-background-color:#f5f5f5;--awb-flex-wrap:nowrap;\" ><div class=\"fusion-builder-row fusion-row fusion-flex-align-items-flex-start fusion-flex-content-wrap\" style=\"max-width:1248px;margin-left: calc(-4% \/ 2 );margin-right: calc(-4% \/ 2 );\"><div class=\"fusion-layout-column fusion_builder_column fusion-builder-column-0 fusion_builder_column_1_1 1_1 fusion-flex-column\" style=\"--awb-bg-size:cover;--awb-width-large:100%;--awb-margin-top-large:0px;--awb-spacing-right-large:100px;--awb-margin-bottom-large:20px;--awb-spacing-left-large:100px;--awb-width-medium:100%;--awb-order-medium:0;--awb-spacing-right-medium:100px;--awb-spacing-left-medium:100px;--awb-width-small:100%;--awb-order-small:0;--awb-spacing-right-small:1.92%;--awb-spacing-left-small:1.92%;\"><div class=\"fusion-column-wrapper fusion-column-has-shadow fusion-flex-justify-content-flex-start fusion-content-layout-column\"><div class=\"awb-gallery-wrapper awb-gallery-wrapper-1 button-span-no\" style=\"--more-btn-alignment:center;\"><div style=\"margin:-5px;--awb-bordersize:0px;\" class=\"fusion-gallery fusion-gallery-container fusion-grid-3 fusion-columns-total-3 fusion-gallery-layout-grid fusion-gallery-1\"><div style=\"padding:5px;\" class=\"fusion-grid-column fusion-gallery-column fusion-gallery-column-3 hover-type-zoomin\"><div class=\"fusion-gallery-image\"><a href=\"https:\/\/www.alfaforni.com\/wp-content\/uploads\/2025\/11\/Cassetta-panetti1.jpg\" rel=\"noreferrer\" data-rel=\"iLightbox[gallery_image_1]\" class=\"fusion-lightbox\" target=\"_self\"><img decoding=\"async\" src=\"https:\/\/www.alfaforni.com\/wp-content\/uploads\/2025\/11\/Cassetta-panetti1.jpg\" width=\"1200\" height=\"1200\" alt=\"\"  aria-label=\"Cassetta-panetti1\" class=\"img-responsive wp-image-70623\" srcset=\"https:\/\/www.alfaforni.com\/wp-content\/uploads\/2025\/11\/Cassetta-panetti1-400x400.jpg 400w, https:\/\/www.alfaforni.com\/wp-content\/uploads\/2025\/11\/Cassetta-panetti1-600x600.jpg 600w, https:\/\/www.alfaforni.com\/wp-content\/uploads\/2025\/11\/Cassetta-panetti1-800x800.jpg 800w, https:\/\/www.alfaforni.com\/wp-content\/uploads\/2025\/11\/Cassetta-panetti1.jpg 1200w\" sizes=\"(min-width: 2200px) 100vw, (min-width: 784px) 397px, (min-width: 712px) 595px, (min-width: 640px) 712px, \"><\/a><\/div><\/div><div style=\"padding:5px;\" class=\"fusion-grid-column fusion-gallery-column fusion-gallery-column-3 hover-type-zoomin\"><div class=\"fusion-gallery-image\"><a href=\"https:\/\/www.alfaforni.com\/wp-content\/uploads\/2025\/11\/Spatola-2.jpg\" rel=\"noreferrer\" data-rel=\"iLightbox[gallery_image_1]\" class=\"fusion-lightbox\" target=\"_self\"><img decoding=\"async\" src=\"https:\/\/www.alfaforni.com\/wp-content\/uploads\/2025\/11\/Spatola-2.jpg\" width=\"1200\" height=\"1200\" alt=\"\"  aria-label=\"Spatola-2\" class=\"img-responsive wp-image-70651\" srcset=\"https:\/\/www.alfaforni.com\/wp-content\/uploads\/2025\/11\/Spatola-2-400x400.jpg 400w, https:\/\/www.alfaforni.com\/wp-content\/uploads\/2025\/11\/Spatola-2-600x600.jpg 600w, https:\/\/www.alfaforni.com\/wp-content\/uploads\/2025\/11\/Spatola-2-800x800.jpg 800w, https:\/\/www.alfaforni.com\/wp-content\/uploads\/2025\/11\/Spatola-2.jpg 1200w\" sizes=\"(min-width: 2200px) 100vw, (min-width: 784px) 397px, (min-width: 712px) 595px, (min-width: 640px) 712px, \"><\/a><\/div><\/div><div style=\"padding:5px;\" class=\"fusion-grid-column fusion-gallery-column fusion-gallery-column-3 hover-type-zoomin\"><div class=\"fusion-gallery-image\"><a href=\"https:\/\/www.alfaforni.com\/wp-content\/uploads\/2025\/11\/casetta-panetti2.jpg\" rel=\"noreferrer\" data-rel=\"iLightbox[gallery_image_1]\" class=\"fusion-lightbox\" target=\"_self\"><img decoding=\"async\" src=\"https:\/\/www.alfaforni.com\/wp-content\/uploads\/2025\/11\/casetta-panetti2.jpg\" width=\"1200\" height=\"1200\" alt=\"\"  aria-label=\"casetta-panetti2\" class=\"img-responsive wp-image-70630\" srcset=\"https:\/\/www.alfaforni.com\/wp-content\/uploads\/2025\/11\/casetta-panetti2-400x400.jpg 400w, https:\/\/www.alfaforni.com\/wp-content\/uploads\/2025\/11\/casetta-panetti2-600x600.jpg 600w, https:\/\/www.alfaforni.com\/wp-content\/uploads\/2025\/11\/casetta-panetti2-800x800.jpg 800w, https:\/\/www.alfaforni.com\/wp-content\/uploads\/2025\/11\/casetta-panetti2.jpg 1200w\" sizes=\"(min-width: 2200px) 100vw, (min-width: 784px) 397px, (min-width: 712px) 595px, (min-width: 640px) 712px, \"><\/a><\/div><\/div><div class=\"clearfix\"><\/div><\/div><\/div><\/div><\/div><\/div><\/div><div class=\"fusion-fullwidth fullwidth-box fusion-builder-row-2 fusion-flex-container has-pattern-background has-mask-background nonhundred-percent-fullwidth non-hundred-percent-height-scrolling\" style=\"--awb-border-radius-top-left:0px;--awb-border-radius-top-right:0px;--awb-border-radius-bottom-right:0px;--awb-border-radius-bottom-left:0px;--awb-padding-bottom-medium:0px;--awb-padding-top-small:40px;--awb-padding-bottom-small:20px;--awb-margin-top:100px;--awb-margin-bottom:50px;--awb-flex-wrap:wrap;\" ><div class=\"fusion-builder-row fusion-row fusion-flex-align-items-flex-start fusion-flex-content-wrap\" style=\"max-width:1248px;margin-left: calc(-4% \/ 2 );margin-right: calc(-4% \/ 2 );\"><div class=\"fusion-layout-column fusion_builder_column fusion-builder-column-1 fusion_builder_column_1_2 1_2 fusion-flex-column\" style=\"--awb-bg-size:cover;--awb-width-large:50%;--awb-margin-top-large:0px;--awb-spacing-right-large:3.84%;--awb-margin-bottom-large:20px;--awb-spacing-left-large:3.84%;--awb-width-medium:50%;--awb-order-medium:0;--awb-spacing-right-medium:3.84%;--awb-spacing-left-medium:3.84%;--awb-width-small:100%;--awb-order-small:0;--awb-spacing-right-small:1.92%;--awb-spacing-left-small:1.92%;\"><div class=\"fusion-column-wrapper fusion-column-has-shadow fusion-flex-justify-content-flex-start fusion-content-layout-column\"><div class=\"fusion-text fusion-text-1\"><h2 style=\"text-align: left;\">Die ideale Umgebung f\u00fcr die Teigg\u00e4rung<\/h2>\n<h3 style=\"text-align: left;\"><span style=\"font-weight: 400;\">W\u00e4hrend der G\u00e4rung braucht Teig eine stabile Temperatur und Schutz vor Luftzug, um sich optimal zu entwickeln.<\/span><\/h3>\n<p data-start=\"1477\" data-end=\"1801\">Die <strong>Alfa Teigballen-Box<\/strong> garantiert genau das: Der Deckel und das lebensmittelechte Material <strong>halten die richtige Feuchtigkeit<\/strong> und sch\u00fctzen den Teig vor Temperaturschwankungen, Luftstr\u00f6mungen und Verunreinigungen.<\/p>\n<p data-start=\"1803\" data-end=\"1911\">Das Ergebnis: <strong>eine gleichm\u00e4\u00dfigere G\u00e4rung<\/strong>, ein gut hydratisierter Teig und leichteres Ausbreiten ohne Stress.<\/p>\n<p data-start=\"1913\" data-end=\"2082\">Die <strong>stapelbare Struktur<\/strong> erm\u00f6glicht zudem das platzsparende \u00dcbereinanderstellen mehrerer Boxen, selbst in kleinen R\u00e4umen, und optimiert so K\u00fchlschrank und Arbeitsbereich.<\/p>\n<\/div><\/div><\/div><div class=\"fusion-layout-column fusion_builder_column fusion-builder-column-2 fusion_builder_column_1_2 1_2 fusion-flex-column\" style=\"--awb-bg-size:cover;--awb-width-large:50%;--awb-margin-top-large:0px;--awb-spacing-right-large:3.84%;--awb-margin-bottom-large:20px;--awb-spacing-left-large:3.84%;--awb-width-medium:50%;--awb-order-medium:0;--awb-spacing-right-medium:3.84%;--awb-spacing-left-medium:3.84%;--awb-width-small:100%;--awb-order-small:0;--awb-spacing-right-small:1.92%;--awb-spacing-left-small:1.92%;\"><div class=\"fusion-column-wrapper fusion-column-has-shadow fusion-flex-justify-content-flex-start fusion-content-layout-column\"><div class=\"fusion-image-element \" style=\"--awb-caption-title-font-family:var(--h2_typography-font-family);--awb-caption-title-font-weight:var(--h2_typography-font-weight);--awb-caption-title-font-style:var(--h2_typography-font-style);--awb-caption-title-size:var(--h2_typography-font-size);--awb-caption-title-transform:var(--h2_typography-text-transform);--awb-caption-title-line-height:var(--h2_typography-line-height);--awb-caption-title-letter-spacing:var(--h2_typography-letter-spacing);\"><span class=\" fusion-imageframe imageframe-none imageframe-1 hover-type-none\"><img decoding=\"async\" width=\"1200\" height=\"1200\" alt=\"MEDIUM\"  src=\"https:\/\/www.alfaforni.com\/wp-content\/uploads\/2021\/06\/cassetta-panetti.jpg\" class=\"img-responsive wp-image-24701\" srcset=\"https:\/\/www.alfaforni.com\/wp-content\/uploads\/2021\/06\/cassetta-panetti-600x600.jpg 600w, https:\/\/www.alfaforni.com\/wp-content\/uploads\/2021\/06\/cassetta-panetti.jpg 1200w\" sizes=\"(max-width: 640px) 100vw, 1200px\" \/><\/span><\/div><\/div><\/div><\/div><\/div><\/p>\n","protected":false},"excerpt":{"rendered":"<h2>Teigballen-Box<\/h2>\n<h3><span style=\"font-weight: 400;\">F\u00f6rdert die G\u00e4rung, sch\u00fctzt den Teig<\/span><\/h3>\n<p>Die <strong>Alfa Teigballen-Box<\/strong> ist nicht nur daf\u00fcr gedacht, deinen Teig hygienisch und sicher <strong>aufzubewahren<\/strong>, sondern auch, um <strong>die richtige G\u00e4rung zu unterst\u00fctzen<\/strong>.<br data-start=\"662\" data-end=\"665\" \/>Dank ihres Designs und der hochwertigen Materialien schafft sie eine stabile und gesch\u00fctzte Umgebung, die ideal f\u00fcr die Teigentwicklung ist.<\/p>\n<p>Die wichtigsten Merkmale:<\/p>\n<ul class=\"dark_text\">\n<li>Hergestellt aus hochdichtem Polyethylen (HDPE)<\/li>\n<li>F\u00f6rdert die G\u00e4rung durch Erhalt der richtigen Luftfeuchtigkeit<\/li>\n<li>Lebensmittelecht<\/li>\n<li>Best\u00e4ndig gegen St\u00f6\u00dfe, Fett, \u00d6le, Salze, alkalische Stoffe und Feuchtigkeit<\/li>\n<li>Stapelbar, ideal zur Platzersparnis in K\u00fcche oder K\u00fchlschrank<\/li>\n<li>Leicht zu reinigen, waschbar bis +80 \u00b0C mit geeigneten Reinigungsmitteln<\/li>\n<li>Inklusive passendem 30 x 40 cm Deckel zum Schutz des Teigs w\u00e4hrend der G\u00e4rung<\/li>\n<\/ul>\n<p>&nbsp;<\/p>\n[fusion_tabs parent_dynamic_content=\"\" design=\"clean\" layout=\"horizontal\" justified=\"yes\" alignment=\"start\" sticky_tabs=\"no\" icon_size=\"\" hide_on_mobile=\"small-visibility,medium-visibility,large-visibility\" margin_medium=\"\" margin_small=\"\" title_tag=\"div\" title_padding_medium=\"\" title_padding_small=\"\" content_padding_medium=\"\" content_padding_small=\"\" title_active_text_color=\"\" title_text_color=\"#000000\" icon_active_color=\"\" icon_color=\"#000000\" fusion_font_variant_title_font=\"600\" fusion_font_family_title_font=\"Open Sans\" title_font_size=\"16px\" inactivecolor=\"#ffffff\" bordercolor=\"var(--awb-color1)\" icon=\"fa-angle-down fas\"][fusion_tab title=\"Verpackungsinhalt\"]<\/p>\n<ul>\n<li>1 dough box 30 x 40 x 10 cm<\/li>\n<li>1 lid 30 x 40 cm<\/li>\n<\/ul>\n<p>[\/fusion_tab][fusion_tab title=\"Ma\u00dfe der Verpackung\"]<\/p>\n<ul>\n<li>40 x 30 x 10 cm<\/li>\n<\/ul>\n<p>[\/fusion_tab][\/fusion_tabs]\n","protected":false},"featured_media":70627,"template":"","meta":{"_acf_changed":false},"product_brand":[],"product_cat":[343,183],"product_tag":[],"class_list":{"0":"post-70888","1":"product","2":"type-product","3":"status-publish","4":"has-post-thumbnail","6":"product_cat-haushaltszubehoer","7":"product_cat-zubehoer-fuer-holzbackoefen","9":"first","10":"instock","11":"shipping-taxable","12":"product-type-simple"},"acf":[],"_links":{"self":[{"href":"https:\/\/www.alfaforni.com\/de\/wp-json\/wp\/v2\/product\/70888","targetHints":{"allow":["GET"]}}],"collection":[{"href":"https:\/\/www.alfaforni.com\/de\/wp-json\/wp\/v2\/product"}],"about":[{"href":"https:\/\/www.alfaforni.com\/de\/wp-json\/wp\/v2\/types\/product"}],"wp:featuredmedia":[{"embeddable":true,"href":"https:\/\/www.alfaforni.com\/de\/wp-json\/wp\/v2\/media\/70627"}],"wp:attachment":[{"href":"https:\/\/www.alfaforni.com\/de\/wp-json\/wp\/v2\/media?parent=70888"}],"wp:term":[{"taxonomy":"product_brand","embeddable":true,"href":"https:\/\/www.alfaforni.com\/de\/wp-json\/wp\/v2\/product_brand?post=70888"},{"taxonomy":"product_cat","embeddable":true,"href":"https:\/\/www.alfaforni.com\/de\/wp-json\/wp\/v2\/product_cat?post=70888"},{"taxonomy":"product_tag","embeddable":true,"href":"https:\/\/www.alfaforni.com\/de\/wp-json\/wp\/v2\/product_tag?post=70888"}],"curies":[{"name":"wp","href":"https:\/\/api.w.org\/{rel}","templated":true}]}}