{"id":70902,"date":"2025-12-12T14:53:47","date_gmt":"2025-12-12T13:53:47","guid":{"rendered":"https:\/\/www.alfaforni.com\/?post_type=product&#038;p=70902"},"modified":"2025-12-12T14:53:48","modified_gmt":"2025-12-12T13:53:48","slug":"reinigungsbuerste","status":"publish","type":"product","link":"https:\/\/www.alfaforni.com\/de\/produkt\/reinigungsbuerste\/","title":{"rendered":"Reinigungsb\u00fcrste"},"content":{"rendered":"<p><div class=\"fusion-fullwidth fullwidth-box fusion-builder-row-1 fusion-flex-container has-pattern-background has-mask-background nonhundred-percent-fullwidth non-hundred-percent-height-scrolling\" style=\"--awb-border-radius-top-left:0px;--awb-border-radius-top-right:0px;--awb-border-radius-bottom-right:0px;--awb-border-radius-bottom-left:0px;--awb-padding-bottom-medium:0px;--awb-padding-top-small:40px;--awb-padding-bottom-small:20px;--awb-margin-top:100px;--awb-margin-bottom:50px;--awb-flex-wrap:wrap;\" ><div class=\"fusion-builder-row fusion-row fusion-flex-align-items-flex-start fusion-flex-content-wrap\" style=\"max-width:1248px;margin-left: calc(-4% \/ 2 );margin-right: calc(-4% \/ 2 );\"><div class=\"fusion-layout-column fusion_builder_column fusion-builder-column-0 fusion_builder_column_1_2 1_2 fusion-flex-column\" style=\"--awb-bg-size:cover;--awb-width-large:50%;--awb-margin-top-large:0px;--awb-spacing-right-large:3.84%;--awb-margin-bottom-large:20px;--awb-spacing-left-large:3.84%;--awb-width-medium:50%;--awb-order-medium:0;--awb-spacing-right-medium:3.84%;--awb-spacing-left-medium:3.84%;--awb-width-small:100%;--awb-order-small:0;--awb-spacing-right-small:1.92%;--awb-spacing-left-small:1.92%;\"><div class=\"fusion-column-wrapper fusion-column-has-shadow fusion-flex-justify-content-flex-start fusion-content-layout-column\"><div class=\"fusion-text fusion-text-1\"><h2 style=\"text-align: left;\">Einfache Reinigung f\u00fcr perfekte Ergebnisse<\/h2>\n<h3 style=\"text-align: left;\"><span style=\"font-weight: 400;\">Die Alfa Reinigungsb\u00fcrste hilft dir, die Ofenfl\u00e4che nach jeder Nutzung einfach und effizient sauber zu halten.<\/span><\/h3>\n<p data-start=\"1490\" data-end=\"1790\">Die <strong>Messingborsten bieten<\/strong> die richtige Balance zwischen St\u00e4rke und Feinheit: Sie entfernen Mehl, Asche und R\u00fcckst\u00e4nde, ohne den Schamottstein zu besch\u00e4digen, selbst bei hei\u00dfer Oberfl\u00e4che.<\/p>\n<p data-start=\"1792\" data-end=\"1976\">Dank ihrer <strong>kompakten Form<\/strong> und des optimalen Borstenwinkels lassen sich alle Bereiche des Backbodens problemlos erreichen, was die Reinigungszeit zwischen den Pizzen deutlich reduziert.<\/p>\n<p data-start=\"1978\" data-end=\"2143\">Regelm\u00e4\u00dfiges Reinigen h\u00e4lt den Ofen nicht nur in optimalem Zustand, sondern verhindert auch, dass verbranntes Mehl den Geschmack der folgenden Pizzen beeintr\u00e4chtigt.<\/p>\n<\/div><div class=\"fusion-image-element fusion-no-medium-visibility fusion-no-large-visibility\" style=\"--awb-caption-title-font-family:var(--h2_typography-font-family);--awb-caption-title-font-weight:var(--h2_typography-font-weight);--awb-caption-title-font-style:var(--h2_typography-font-style);--awb-caption-title-size:var(--h2_typography-font-size);--awb-caption-title-transform:var(--h2_typography-text-transform);--awb-caption-title-line-height:var(--h2_typography-line-height);--awb-caption-title-letter-spacing:var(--h2_typography-letter-spacing);\"><span class=\" fusion-imageframe imageframe-none imageframe-1 hover-type-none\"><img decoding=\"async\" width=\"1200\" height=\"1200\" alt=\"MEDIUM\"  src=\"https:\/\/www.alfaforni.com\/wp-content\/uploads\/2025\/10\/palino-pizza-alfa-forni-05.jpg\" class=\"img-responsive wp-image-69819\" srcset=\"https:\/\/www.alfaforni.com\/wp-content\/uploads\/2025\/10\/palino-pizza-alfa-forni-05-400x400.jpg 400w, https:\/\/www.alfaforni.com\/wp-content\/uploads\/2025\/10\/palino-pizza-alfa-forni-05-600x600.jpg 600w, https:\/\/www.alfaforni.com\/wp-content\/uploads\/2025\/10\/palino-pizza-alfa-forni-05-800x800.jpg 800w, https:\/\/www.alfaforni.com\/wp-content\/uploads\/2025\/10\/palino-pizza-alfa-forni-05.jpg 1200w\" sizes=\"(max-width: 640px) 100vw, 600px\" \/><\/span><\/div><\/div><\/div><div class=\"fusion-layout-column fusion_builder_column fusion-builder-column-1 fusion_builder_column_1_2 1_2 fusion-flex-column\" style=\"--awb-bg-size:cover;--awb-width-large:50%;--awb-margin-top-large:0px;--awb-spacing-right-large:3.84%;--awb-margin-bottom-large:20px;--awb-spacing-left-large:3.84%;--awb-width-medium:50%;--awb-order-medium:0;--awb-spacing-right-medium:3.84%;--awb-spacing-left-medium:3.84%;--awb-width-small:100%;--awb-order-small:0;--awb-spacing-right-small:1.92%;--awb-spacing-left-small:1.92%;\"><div class=\"fusion-column-wrapper fusion-column-has-shadow fusion-flex-justify-content-flex-start fusion-content-layout-column\"><div class=\"fusion-image-element fusion-no-small-visibility\" style=\"--awb-caption-title-font-family:var(--h2_typography-font-family);--awb-caption-title-font-weight:var(--h2_typography-font-weight);--awb-caption-title-font-style:var(--h2_typography-font-style);--awb-caption-title-size:var(--h2_typography-font-size);--awb-caption-title-transform:var(--h2_typography-text-transform);--awb-caption-title-line-height:var(--h2_typography-line-height);--awb-caption-title-letter-spacing:var(--h2_typography-letter-spacing);\"><span class=\" fusion-imageframe imageframe-none imageframe-2 hover-type-none\"><img decoding=\"async\" width=\"1200\" height=\"1200\" alt=\"MEDIUM\"  src=\"https:\/\/www.alfaforni.com\/wp-content\/uploads\/2025\/10\/palino-pizza-alfa-forni-05.jpg\" class=\"img-responsive wp-image-69819\" srcset=\"https:\/\/www.alfaforni.com\/wp-content\/uploads\/2025\/10\/palino-pizza-alfa-forni-05-400x400.jpg 400w, https:\/\/www.alfaforni.com\/wp-content\/uploads\/2025\/10\/palino-pizza-alfa-forni-05-600x600.jpg 600w, https:\/\/www.alfaforni.com\/wp-content\/uploads\/2025\/10\/palino-pizza-alfa-forni-05-800x800.jpg 800w, https:\/\/www.alfaforni.com\/wp-content\/uploads\/2025\/10\/palino-pizza-alfa-forni-05.jpg 1200w\" sizes=\"(max-width: 640px) 100vw, 600px\" \/><\/span><\/div><\/div><\/div><\/div><\/div><div class=\"fusion-fullwidth fullwidth-box fusion-builder-row-2 fusion-flex-container has-pattern-background has-mask-background nonhundred-percent-fullwidth non-hundred-percent-height-scrolling\" style=\"--awb-border-radius-top-left:0px;--awb-border-radius-top-right:0px;--awb-border-radius-bottom-right:0px;--awb-border-radius-bottom-left:0px;--awb-padding-bottom-medium:0px;--awb-padding-top-small:40px;--awb-padding-bottom-small:20px;--awb-margin-bottom:50px;--awb-flex-wrap:nowrap;\" ><div class=\"fusion-builder-row fusion-row fusion-flex-align-items-flex-start fusion-flex-content-wrap\" style=\"max-width:1248px;margin-left: calc(-4% \/ 2 );margin-right: calc(-4% \/ 2 );\"><div class=\"fusion-layout-column fusion_builder_column fusion-builder-column-2 fusion_builder_column_1_1 1_1 fusion-flex-column\" style=\"--awb-bg-size:cover;--awb-width-large:100%;--awb-margin-top-large:0px;--awb-spacing-right-large:1.92%;--awb-margin-bottom-large:20px;--awb-spacing-left-large:1.92%;--awb-width-medium:100%;--awb-order-medium:0;--awb-spacing-right-medium:1.92%;--awb-spacing-left-medium:1.92%;--awb-width-small:100%;--awb-order-small:0;--awb-spacing-right-small:1.92%;--awb-spacing-left-small:1.92%;\"><div class=\"fusion-column-wrapper fusion-column-has-shadow fusion-flex-justify-content-flex-start fusion-content-layout-column\"><div class=\"fusion-text fusion-text-2\"><h3 style=\"text-align: center;\"><span style=\"font-weight: 400;\">Die Alfa Pizzaschaufeln sind einzeln oder als <a href=\"\/de\/produkt\/alfa-pizzaschaufel-sets\/\">Set<\/a> erh\u00e4ltlich.<\/span><\/h3>\n<p style=\"text-align: center;\">Das <strong data-start=\"2328\" data-end=\"2349\">Pizzaschaufel Set<\/strong> (Medium, Large oder Extra Large) eignet sich f\u00fcr alle \u00d6fengr\u00f6\u00dfen und enth\u00e4lt eine <strong data-start=\"2432\" data-end=\"2485\">Pizzaschaufel, eine Wendeschaufel und eine B\u00fcrste<\/strong>.<\/p>\n<\/div><\/div><\/div><\/div><\/div><div class=\"fusion-fullwidth fullwidth-box fusion-builder-row-3 fusion-flex-container has-pattern-background has-mask-background nonhundred-percent-fullwidth non-hundred-percent-height-scrolling\" style=\"--awb-border-radius-top-left:0px;--awb-border-radius-top-right:0px;--awb-border-radius-bottom-right:0px;--awb-border-radius-bottom-left:0px;--awb-padding-top:120px;--awb-padding-bottom:120px;--awb-padding-top-medium:40px;--awb-padding-bottom-medium:40px;--awb-background-color:var(--awb-color2);--awb-flex-wrap:wrap;\" ><div class=\"fusion-builder-row fusion-row fusion-flex-align-items-flex-start fusion-flex-content-wrap\" style=\"max-width:1248px;margin-left: calc(-4% \/ 2 );margin-right: calc(-4% \/ 2 );\"><div class=\"fusion-layout-column fusion_builder_column fusion-builder-column-3 fusion_builder_column_1_2 1_2 fusion-flex-column\" style=\"--awb-bg-size:cover;--awb-width-large:50%;--awb-margin-top-large:0px;--awb-spacing-right-large:3.84%;--awb-margin-bottom-large:20px;--awb-spacing-left-large:3.84%;--awb-width-medium:50%;--awb-order-medium:0;--awb-spacing-right-medium:3.84%;--awb-spacing-left-medium:3.84%;--awb-width-small:100%;--awb-order-small:0;--awb-spacing-right-small:1.92%;--awb-spacing-left-small:1.92%;\"><div class=\"fusion-column-wrapper fusion-column-has-shadow fusion-flex-justify-content-flex-start fusion-content-layout-column\"><div class=\"fusion-image-element fusion-no-medium-visibility fusion-no-large-visibility\" style=\"--awb-margin-bottom:30px;--awb-caption-title-font-family:var(--h2_typography-font-family);--awb-caption-title-font-weight:var(--h2_typography-font-weight);--awb-caption-title-font-style:var(--h2_typography-font-style);--awb-caption-title-size:var(--h2_typography-font-size);--awb-caption-title-transform:var(--h2_typography-text-transform);--awb-caption-title-line-height:var(--h2_typography-line-height);--awb-caption-title-letter-spacing:var(--h2_typography-letter-spacing);\"><span class=\" fusion-imageframe imageframe-none imageframe-3 hover-type-none\"><img decoding=\"async\" width=\"1200\" height=\"750\"  src=\"https:\/\/www.alfaforni.com\/wp-content\/uploads\/2021\/06\/connector-pizza-peel-set.jpg\" class=\"img-responsive wp-image-24501\" srcset=\"https:\/\/www.alfaforni.com\/wp-content\/uploads\/2021\/06\/connector-pizza-peel-set-600x375.jpg 600w, https:\/\/www.alfaforni.com\/wp-content\/uploads\/2021\/06\/connector-pizza-peel-set.jpg 1200w\" sizes=\"(max-width: 640px) 100vw, 1200px\" alt=\"\"><\/span><\/div><div class=\"fusion-text fusion-text-3 fusion-text-no-margin\" style=\"--awb-text-color:var(--awb-color7);--awb-margin-bottom:20px;\"><h2><span style=\"color: #ffffff;\">Modularer Griff f\u00fcr h\u00f6chsten Komfort<\/span><\/h2>\n<\/div><div class=\"fusion-text fusion-text-4 fusion-text-no-margin\" style=\"--awb-text-color:var(--awb-color7);--awb-margin-bottom:20px;\"><h3><span style=\"font-weight: 400; color: #ffffff;\">Die Alfa Reinigungsb\u00fcrste verf\u00fcgt \u00fcber einen gleitenden Griff mit ergonomischer Form und einem 25 cm Verl\u00e4ngerungsst\u00fcck, f\u00fcr eine Gesamtl\u00e4nge von ca. 120 cm.<\/span><\/h3>\n<\/div><div class=\"fusion-text fusion-text-5\" style=\"--awb-text-color:var(--awb-color7);\"><p data-start=\"2521\" data-end=\"2766\">Der Duroplast Griff ist rutschfest und bietet auch mit Ofenhandschuhen sicheren Halt.<\/p>\n<p data-start=\"2768\" data-end=\"2953\">Diese Konfiguration bietet die <strong>ideale Kombination aus Bewegungsfreiheit und Abstand zur Hitze<\/strong>, wodurch die B\u00fcrste f\u00fcr alle Alfa Home \u00d6fen geeignet ist, unabh\u00e4ngig von Gr\u00f6\u00dfe oder Modell.<\/p>\n<\/div><\/div><\/div><div class=\"fusion-layout-column fusion_builder_column fusion-builder-column-4 fusion_builder_column_1_2 1_2 fusion-flex-column\" style=\"--awb-bg-size:cover;--awb-width-large:50%;--awb-margin-top-large:0px;--awb-spacing-right-large:3.84%;--awb-margin-bottom-large:20px;--awb-spacing-left-large:3.84%;--awb-width-medium:50%;--awb-order-medium:0;--awb-spacing-right-medium:3.84%;--awb-spacing-left-medium:3.84%;--awb-width-small:100%;--awb-order-small:0;--awb-spacing-right-small:1.92%;--awb-spacing-left-small:1.92%;\"><div class=\"fusion-column-wrapper fusion-column-has-shadow fusion-flex-justify-content-flex-start fusion-content-layout-column\"><div class=\"fusion-image-element \" style=\"--awb-margin-top:15px;--awb-margin-bottom:50px;--awb-caption-title-font-family:var(--h2_typography-font-family);--awb-caption-title-font-weight:var(--h2_typography-font-weight);--awb-caption-title-font-style:var(--h2_typography-font-style);--awb-caption-title-size:var(--h2_typography-font-size);--awb-caption-title-transform:var(--h2_typography-text-transform);--awb-caption-title-line-height:var(--h2_typography-line-height);--awb-caption-title-letter-spacing:var(--h2_typography-letter-spacing);\"><span class=\" fusion-imageframe imageframe-none imageframe-4 hover-type-none\"><a href=\"https:\/\/www.alfaforni.com\/wp-content\/uploads\/2025\/10\/pale-estendibili-di-Alfa-Forni.jpg\" class=\"fusion-lightbox\" data-rel=\"iLightbox[f9f95af3456f561bb5a]\" data-title=\"pale-estendibili-di-Alfa-Forni\" ><img decoding=\"async\" width=\"1200\" height=\"388\" src=\"https:\/\/www.alfaforni.com\/wp-content\/uploads\/2025\/10\/pale-estendibili-di-Alfa-Forni.jpg\" class=\"img-responsive wp-image-69699\" srcset=\"https:\/\/www.alfaforni.com\/wp-content\/uploads\/2025\/10\/pale-estendibili-di-Alfa-Forni-400x129.jpg 400w, https:\/\/www.alfaforni.com\/wp-content\/uploads\/2025\/10\/pale-estendibili-di-Alfa-Forni-600x194.jpg 600w, https:\/\/www.alfaforni.com\/wp-content\/uploads\/2025\/10\/pale-estendibili-di-Alfa-Forni-800x259.jpg 800w, https:\/\/www.alfaforni.com\/wp-content\/uploads\/2025\/10\/pale-estendibili-di-Alfa-Forni.jpg 1200w\" sizes=\"(max-width: 640px) 100vw, 600px\" alt=\"\" ><\/a><\/span><\/div><div class=\"fusion-image-element fusion-no-small-visibility\" style=\"--awb-caption-title-font-family:var(--h2_typography-font-family);--awb-caption-title-font-weight:var(--h2_typography-font-weight);--awb-caption-title-font-style:var(--h2_typography-font-style);--awb-caption-title-size:var(--h2_typography-font-size);--awb-caption-title-transform:var(--h2_typography-text-transform);--awb-caption-title-line-height:var(--h2_typography-line-height);--awb-caption-title-letter-spacing:var(--h2_typography-letter-spacing);\"><span class=\" fusion-imageframe imageframe-none imageframe-5 hover-type-none\"><img decoding=\"async\" width=\"1200\" height=\"750\"  src=\"https:\/\/www.alfaforni.com\/wp-content\/uploads\/2021\/06\/connector-pizza-peel-set.jpg\" class=\"img-responsive wp-image-24501\" srcset=\"https:\/\/www.alfaforni.com\/wp-content\/uploads\/2021\/06\/connector-pizza-peel-set-600x375.jpg 600w, https:\/\/www.alfaforni.com\/wp-content\/uploads\/2021\/06\/connector-pizza-peel-set.jpg 1200w\" sizes=\"(max-width: 640px) 100vw, 1200px\" alt=\"\"><\/span><\/div><\/div><\/div><\/div><\/div><div class=\"fusion-fullwidth fullwidth-box fusion-builder-row-4 fusion-flex-container has-pattern-background has-mask-background nonhundred-percent-fullwidth non-hundred-percent-height-scrolling\" style=\"--awb-border-radius-top-left:0px;--awb-border-radius-top-right:0px;--awb-border-radius-bottom-right:0px;--awb-border-radius-bottom-left:0px;--awb-padding-top:120px;--awb-padding-bottom:120px;--awb-padding-top-medium:40px;--awb-padding-bottom-medium:40px;--awb-background-color:#f5f5f5;--awb-flex-wrap:wrap;\" ><div class=\"fusion-builder-row fusion-row fusion-flex-align-items-flex-start fusion-flex-content-wrap\" style=\"max-width:1248px;margin-left: calc(-4% \/ 2 );margin-right: calc(-4% \/ 2 );\"><div class=\"fusion-layout-column fusion_builder_column fusion-builder-column-5 fusion_builder_column_1_2 1_2 fusion-flex-column\" style=\"--awb-bg-size:cover;--awb-width-large:50%;--awb-margin-top-large:0px;--awb-spacing-right-large:3.84%;--awb-margin-bottom-large:20px;--awb-spacing-left-large:3.84%;--awb-width-medium:50%;--awb-order-medium:0;--awb-spacing-right-medium:3.84%;--awb-spacing-left-medium:3.84%;--awb-width-small:100%;--awb-order-small:0;--awb-spacing-right-small:1.92%;--awb-spacing-left-small:1.92%;\"><div class=\"fusion-column-wrapper fusion-column-has-shadow fusion-flex-justify-content-flex-start fusion-content-layout-column\"><div class=\"fusion-text fusion-text-6 fusion-text-no-margin\" style=\"--awb-text-color:var(--awb-color7);--awb-margin-bottom:20px;\"><h2>Ben\u00f6tigen Sie weitere Schaufeln und Zubeh\u00f6r?<\/h2>\n<\/div><div class=\"fusion-image-element fusion-no-medium-visibility fusion-no-large-visibility\" style=\"--awb-caption-title-font-family:var(--h2_typography-font-family);--awb-caption-title-font-weight:var(--h2_typography-font-weight);--awb-caption-title-font-style:var(--h2_typography-font-style);--awb-caption-title-size:var(--h2_typography-font-size);--awb-caption-title-transform:var(--h2_typography-text-transform);--awb-caption-title-line-height:var(--h2_typography-line-height);--awb-caption-title-letter-spacing:var(--h2_typography-letter-spacing);\"><span class=\" fusion-imageframe imageframe-none imageframe-6 hover-type-none\"><img decoding=\"async\" width=\"1200\" height=\"1200\"  src=\"https:\/\/www.alfaforni.com\/wp-content\/uploads\/2025\/10\/Pizza-peel-set-alfa-forni.jpg\" class=\"img-responsive wp-image-69783\" srcset=\"https:\/\/www.alfaforni.com\/wp-content\/uploads\/2025\/10\/Pizza-peel-set-alfa-forni-400x400.jpg 400w, https:\/\/www.alfaforni.com\/wp-content\/uploads\/2025\/10\/Pizza-peel-set-alfa-forni-600x600.jpg 600w, https:\/\/www.alfaforni.com\/wp-content\/uploads\/2025\/10\/Pizza-peel-set-alfa-forni-800x800.jpg 800w, https:\/\/www.alfaforni.com\/wp-content\/uploads\/2025\/10\/Pizza-peel-set-alfa-forni.jpg 1200w\" sizes=\"(max-width: 640px) 100vw, 600px\" alt=\"\"><\/span><\/div><div class=\"fusion-text fusion-text-7 fusion-text-no-margin\" style=\"--awb-text-color:var(--awb-color7);--awb-margin-bottom:20px;\"><h3>Die Alfa Edelstahl Pizzaschaufel ist Teil unseres <a href=\"\/de\/produkt\/alfa-pizzaschaufel-sets\/\">Pizzaschaufel Sets<\/a>, das auch eine Wendeschaufel, einen Ascheschieber und eine B\u00fcrste f\u00fcr Holz\u00f6fen umfasst.<\/h3>\n<\/div><div class=\"fusion-text fusion-text-8\" style=\"--awb-text-color:#000000;\"><p data-start=\"3751\" data-end=\"4050\"><strong>Das Set ist wiederum Bestandteil des <a href=\"\/de\/produkt\/pizzaiolo-master-kit\/\">Alfa Pizzaiolo Kits<\/a>, einer sorgf\u00e4ltigen Auswahl unserer besten Zubeh\u00f6rteile f\u00fcr Alfa Haushalts\u00f6fen.<\/strong><\/p>\n<p data-start=\"4052\" data-end=\"4168\">Bereiten Sie Pizza wie ein echter Pizzaiolo zu, dank der Alfa Pizzaschaufel und den weiteren Alfa Ofenzubeh\u00f6rteilen.<\/p>\n<\/div><\/div><\/div><div class=\"fusion-layout-column fusion_builder_column fusion-builder-column-6 fusion_builder_column_1_2 1_2 fusion-flex-column\" style=\"--awb-bg-size:cover;--awb-width-large:50%;--awb-margin-top-large:0px;--awb-spacing-right-large:3.84%;--awb-margin-bottom-large:20px;--awb-spacing-left-large:3.84%;--awb-width-medium:50%;--awb-order-medium:0;--awb-spacing-right-medium:3.84%;--awb-spacing-left-medium:3.84%;--awb-width-small:100%;--awb-order-small:0;--awb-spacing-right-small:1.92%;--awb-spacing-left-small:1.92%;\"><div class=\"fusion-column-wrapper fusion-column-has-shadow fusion-flex-justify-content-flex-start fusion-content-layout-column\"><div class=\"fusion-image-element fusion-no-small-visibility\" style=\"--awb-caption-title-font-family:var(--h2_typography-font-family);--awb-caption-title-font-weight:var(--h2_typography-font-weight);--awb-caption-title-font-style:var(--h2_typography-font-style);--awb-caption-title-size:var(--h2_typography-font-size);--awb-caption-title-transform:var(--h2_typography-text-transform);--awb-caption-title-line-height:var(--h2_typography-line-height);--awb-caption-title-letter-spacing:var(--h2_typography-letter-spacing);\"><span class=\" fusion-imageframe imageframe-none imageframe-7 hover-type-none\"><img decoding=\"async\" width=\"1200\" height=\"1200\"  src=\"https:\/\/www.alfaforni.com\/wp-content\/uploads\/2025\/10\/Pizza-peel-set-alfa-forni.jpg\" class=\"img-responsive wp-image-69783\" srcset=\"https:\/\/www.alfaforni.com\/wp-content\/uploads\/2025\/10\/Pizza-peel-set-alfa-forni-400x400.jpg 400w, https:\/\/www.alfaforni.com\/wp-content\/uploads\/2025\/10\/Pizza-peel-set-alfa-forni-600x600.jpg 600w, https:\/\/www.alfaforni.com\/wp-content\/uploads\/2025\/10\/Pizza-peel-set-alfa-forni-800x800.jpg 800w, https:\/\/www.alfaforni.com\/wp-content\/uploads\/2025\/10\/Pizza-peel-set-alfa-forni.jpg 1200w\" sizes=\"(max-width: 640px) 100vw, 600px\" alt=\"\"><\/span><\/div><\/div><\/div><\/div><\/div><\/p>\n","protected":false},"excerpt":{"rendered":"<h2>Reinigungsb\u00fcrste<\/h2>\n<h3><span style=\"font-weight: 400;\">Die Alfa Reinigungsb\u00fcrste ist das ideale Werkzeug, um die Ofenfl\u00e4che sicher und gr\u00fcndlich zu reinigen.<\/span><\/h3>\n<p data-start=\"495\" data-end=\"743\">Sie wurde entwickelt, um eine schnelle, effiziente und schonende Reinigung der Schamottsteinfl\u00e4che zu gew\u00e4hrleisten, ohne diese zu besch\u00e4digen.<\/p>\n<p data-start=\"745\" data-end=\"980\">Die <strong>Messingborsten entfernen problemlos Asche<\/strong>, Mehl und Backr\u00fcckst\u00e4nde. Bei regelm\u00e4\u00dfiger Verwendung hilft die B\u00fcrste, den Ofen stets sauber zu halten, die Backqualit\u00e4t zu verbessern und die Lebensdauer des Schamottsteins zu verl\u00e4ngern.<\/p>\n<p>Wichtigste Merkmale:<\/p>\n<ul class=\"dark_text\">\n<li>Messingborsten, ideal f\u00fcr Schamottstein<\/li>\n<li>Verstellbare L\u00e4nge<\/li>\n<li>Gleitender Rohrgriff<\/li>\n<li>Professioneller, rutschfester Griff<\/li>\n<li><strong>Kompatibel mit <a href=\"https:\/\/www.alfaforni.com\/de\/oefen-fur-pizza-holz-gas\/\">allen Alfa Haushalts\u00f6fen<\/a>.<\/strong><\/li>\n<\/ul>\n<p>&nbsp;<\/p>\n[fusion_tabs parent_dynamic_content=\"\" design=\"clean\" layout=\"horizontal\" justified=\"yes\" alignment=\"start\" sticky_tabs=\"no\" icon_size=\"\" hide_on_mobile=\"small-visibility,medium-visibility,large-visibility\" margin_medium=\"\" margin_small=\"\" title_tag=\"div\" title_padding_medium=\"\" title_padding_small=\"\" content_padding_medium=\"\" content_padding_small=\"\" title_active_text_color=\"\" title_text_color=\"#000000\" icon_active_color=\"\" icon_color=\"#000000\" fusion_font_variant_title_font=\"600\" fusion_font_family_title_font=\"Open Sans\" title_font_size=\"16px\" inactivecolor=\"#ffffff\" bordercolor=\"var(--awb-color1)\" icon=\"fa-angle-down fas\"][fusion_tab title=\"Verpackungsinhalt\"]<\/p>\n<ul>\n<li>1 B\u00fcrstenkopf mit Messingborsten<\/li>\n<li>1 rutschfester Griff mit gleitendem Duroplast Stiel<\/li>\n<li>1 Verl\u00e4ngerung aus eloxiertem Aluminium, 25 cm<\/li>\n<\/ul>\n<p>[\/fusion_tab][fusion_tab title=\"Packaging Dimensions\"]<\/p>\n<ul>\n<li>50 x 12 x 4 cm<\/li>\n<\/ul>\n<p>[\/fusion_tab][\/fusion_tabs]\n","protected":false},"featured_media":24569,"template":"","meta":{"_acf_changed":false},"product_brand":[],"product_cat":[343,183],"product_tag":[],"class_list":{"0":"post-70902","1":"product","2":"type-product","3":"status-publish","4":"has-post-thumbnail","6":"product_cat-haushaltszubehoer","7":"product_cat-zubehoer-fuer-holzbackoefen","9":"first","10":"instock","11":"shipping-taxable","12":"product-type-simple"},"acf":[],"_links":{"self":[{"href":"https:\/\/www.alfaforni.com\/de\/wp-json\/wp\/v2\/product\/70902","targetHints":{"allow":["GET"]}}],"collection":[{"href":"https:\/\/www.alfaforni.com\/de\/wp-json\/wp\/v2\/product"}],"about":[{"href":"https:\/\/www.alfaforni.com\/de\/wp-json\/wp\/v2\/types\/product"}],"wp:featuredmedia":[{"embeddable":true,"href":"https:\/\/www.alfaforni.com\/de\/wp-json\/wp\/v2\/media\/24569"}],"wp:attachment":[{"href":"https:\/\/www.alfaforni.com\/de\/wp-json\/wp\/v2\/media?parent=70902"}],"wp:term":[{"taxonomy":"product_brand","embeddable":true,"href":"https:\/\/www.alfaforni.com\/de\/wp-json\/wp\/v2\/product_brand?post=70902"},{"taxonomy":"product_cat","embeddable":true,"href":"https:\/\/www.alfaforni.com\/de\/wp-json\/wp\/v2\/product_cat?post=70902"},{"taxonomy":"product_tag","embeddable":true,"href":"https:\/\/www.alfaforni.com\/de\/wp-json\/wp\/v2\/product_tag?post=70902"}],"curies":[{"name":"wp","href":"https:\/\/api.w.org\/{rel}","templated":true}]}}