{"id":3114,"date":"2018-06-12T12:06:57","date_gmt":"2018-06-12T10:06:57","guid":{"rendered":"https:\/\/www.alfaforni.com\/conviertase-en-distribuidor\/"},"modified":"2025-03-31T10:50:40","modified_gmt":"2025-03-31T08:50:40","slug":"conviertase-en-distribuidor","status":"publish","type":"page","link":"https:\/\/www.alfaforni.com\/es\/conviertase-en-distribuidor\/","title":{"rendered":"Convi\u00e9rtase en nuestro revendedor"},"content":{"rendered":"<p><div class=\"fusion-fullwidth fullwidth-box fusion-builder-row-1 fusion-flex-container has-pattern-background has-mask-background nonhundred-percent-fullwidth non-hundred-percent-height-scrolling\" style=\"--awb-border-radius-top-left:0px;--awb-border-radius-top-right:0px;--awb-border-radius-bottom-right:0px;--awb-border-radius-bottom-left:0px;--awb-padding-top:40px;--awb-padding-bottom:80px;--awb-padding-top-medium:0px;--awb-flex-wrap:wrap;\" ><div class=\"fusion-builder-row fusion-row fusion-flex-align-items-flex-start fusion-flex-content-wrap\" style=\"max-width:1248px;margin-left: calc(-4% \/ 2 );margin-right: calc(-4% \/ 2 );\"><div class=\"fusion-layout-column fusion_builder_column fusion-builder-column-0 fusion_builder_column_1_2 1_2 fusion-flex-column\" style=\"--awb-bg-size:cover;--awb-width-large:50%;--awb-margin-top-large:-30px;--awb-spacing-right-large:3.84%;--awb-margin-bottom-large:20px;--awb-spacing-left-large:3.84%;--awb-width-medium:50%;--awb-order-medium:0;--awb-spacing-right-medium:3.84%;--awb-spacing-left-medium:3.84%;--awb-width-small:100%;--awb-order-small:0;--awb-spacing-right-small:1.92%;--awb-spacing-left-small:1.92%;\"><div class=\"fusion-column-wrapper fusion-column-has-shadow fusion-flex-justify-content-flex-start fusion-content-layout-column\"><div class=\"fusion-image-element fusion-no-medium-visibility fusion-no-large-visibility\" style=\"--awb-caption-title-font-family:var(--h2_typography-font-family);--awb-caption-title-font-weight:var(--h2_typography-font-weight);--awb-caption-title-font-style:var(--h2_typography-font-style);--awb-caption-title-size:var(--h2_typography-font-size);--awb-caption-title-transform:var(--h2_typography-text-transform);--awb-caption-title-line-height:var(--h2_typography-line-height);--awb-caption-title-letter-spacing:var(--h2_typography-letter-spacing);\"><span class=\" fusion-imageframe imageframe-none imageframe-1 hover-type-none\"><img decoding=\"async\" width=\"1000\" height=\"1000\"  src=\"https:\/\/www.alfaforni.com\/wp-content\/uploads\/2025\/03\/Alfa-Forni-Partner-page.jpg\" class=\"img-responsive wp-image-68544\" srcset=\"https:\/\/www.alfaforni.com\/wp-content\/uploads\/2025\/03\/Alfa-Forni-Partner-page-400x400.jpg 400w, https:\/\/www.alfaforni.com\/wp-content\/uploads\/2025\/03\/Alfa-Forni-Partner-page-600x600.jpg 600w, https:\/\/www.alfaforni.com\/wp-content\/uploads\/2025\/03\/Alfa-Forni-Partner-page-800x800.jpg 800w, https:\/\/www.alfaforni.com\/wp-content\/uploads\/2025\/03\/Alfa-Forni-Partner-page.jpg 1000w\" sizes=\"(max-width: 640px) 100vw, 600px\" alt=\"\"><\/span><\/div><div class=\"fusion-text fusion-text-1\"><h1>Hazte Partner<br \/>\nde Alfa Forni<\/h1>\n<h3>El horno premium que tus clientes est\u00e1n buscando.<br \/>\nUna oportunidad real para tu negocio.<\/h3>\n<p>En Alfa, creemos que un punto de venta es mucho m\u00e1s que un lugar de compra: es donde los clientes viven una experiencia. Por eso, estamos construyendo una red de <strong>distribuidores cualificados<\/strong> capaces de transmitir el valor de un horno para pizza premium, dise\u00f1ado para durar, sorprender y despertar la pasi\u00f3n por la cocina al aire libre.<\/p>\n<p>En los \u00faltimos a\u00f1os, nuestra marca se ha consolidado como un <strong>referente mundial en hornos de exterior de alta gama<\/strong>.<\/p>\n<p>Nuestro objetivo es claro: conquistar a nuevos apasionados y llevar a m\u00e1s clientes a elegir una <strong>experiencia de cocci\u00f3n superior<\/strong>.<\/p>\n<\/div><div ><a class=\"fusion-button button-flat fusion-button-default-size button-default fusion-button-default button-1 fusion-button-default-span fusion-button-default-type fusion-no-medium-visibility fusion-no-large-visibility\" target=\"_self\" href=\"#formpartner\"><span class=\"fusion-button-text awb-button__text awb-button__text--default\">Rellena el formulario &gt;&gt;<\/span><\/a><\/div><\/div><\/div><div class=\"fusion-layout-column fusion_builder_column fusion-builder-column-1 fusion_builder_column_1_2 1_2 fusion-flex-column\" style=\"--awb-bg-size:cover;--awb-width-large:50%;--awb-margin-top-large:0px;--awb-spacing-right-large:3.84%;--awb-margin-bottom-large:20px;--awb-spacing-left-large:3.84%;--awb-width-medium:50%;--awb-order-medium:0;--awb-spacing-right-medium:3.84%;--awb-spacing-left-medium:3.84%;--awb-width-small:100%;--awb-order-small:0;--awb-spacing-right-small:1.92%;--awb-spacing-left-small:1.92%;\"><div class=\"fusion-column-wrapper fusion-column-has-shadow fusion-flex-justify-content-flex-start fusion-content-layout-column\"><div class=\"fusion-image-element fusion-no-small-visibility\" style=\"--awb-caption-title-font-family:var(--h2_typography-font-family);--awb-caption-title-font-weight:var(--h2_typography-font-weight);--awb-caption-title-font-style:var(--h2_typography-font-style);--awb-caption-title-size:var(--h2_typography-font-size);--awb-caption-title-transform:var(--h2_typography-text-transform);--awb-caption-title-line-height:var(--h2_typography-line-height);--awb-caption-title-letter-spacing:var(--h2_typography-letter-spacing);\"><span class=\" fusion-imageframe imageframe-none imageframe-2 hover-type-none\"><img decoding=\"async\" width=\"1000\" height=\"1000\"  src=\"https:\/\/www.alfaforni.com\/wp-content\/uploads\/2025\/03\/Alfa-Forni-Partner-page.jpg\" class=\"img-responsive wp-image-68544\" srcset=\"https:\/\/www.alfaforni.com\/wp-content\/uploads\/2025\/03\/Alfa-Forni-Partner-page-400x400.jpg 400w, https:\/\/www.alfaforni.com\/wp-content\/uploads\/2025\/03\/Alfa-Forni-Partner-page-600x600.jpg 600w, https:\/\/www.alfaforni.com\/wp-content\/uploads\/2025\/03\/Alfa-Forni-Partner-page-800x800.jpg 800w, https:\/\/www.alfaforni.com\/wp-content\/uploads\/2025\/03\/Alfa-Forni-Partner-page.jpg 1000w\" sizes=\"(max-width: 640px) 100vw, 600px\" alt=\"\"><\/span><\/div><\/div><\/div><\/div><\/div><div class=\"fusion-fullwidth fullwidth-box fusion-builder-row-2 fusion-flex-container has-pattern-background has-mask-background nonhundred-percent-fullwidth non-hundred-percent-height-scrolling\" style=\"--awb-border-radius-top-left:0px;--awb-border-radius-top-right:0px;--awb-border-radius-bottom-right:0px;--awb-border-radius-bottom-left:0px;--awb-padding-top:40px;--awb-padding-bottom:80px;--awb-padding-top-medium:0px;--awb-flex-wrap:wrap;\" ><div class=\"fusion-builder-row fusion-row fusion-flex-align-items-flex-start fusion-flex-content-wrap\" style=\"max-width:1248px;margin-left: calc(-4% \/ 2 );margin-right: calc(-4% \/ 2 );\"><div class=\"fusion-layout-column fusion_builder_column fusion-builder-column-2 fusion_builder_column_1_2 1_2 fusion-flex-column\" style=\"--awb-bg-size:cover;--awb-width-large:50%;--awb-margin-top-large:0px;--awb-spacing-right-large:3.84%;--awb-margin-bottom-large:20px;--awb-spacing-left-large:3.84%;--awb-width-medium:50%;--awb-order-medium:0;--awb-spacing-right-medium:3.84%;--awb-spacing-left-medium:3.84%;--awb-width-small:100%;--awb-order-small:0;--awb-spacing-right-small:1.92%;--awb-spacing-left-small:1.92%;\"><div class=\"fusion-column-wrapper fusion-column-has-shadow fusion-flex-justify-content-flex-start fusion-content-layout-column\"><div class=\"fusion-video fusion-vimeo\" style=\"--awb-max-width:600px;--awb-max-height:360px;--awb-margin-bottom:15px;\"><div class=\"video-shortcode\"><div class=\"fluid-width-video-wrapper\" style=\"padding-top:60%;\" ><iframe title=\"Vimeo video player 1\" src=\"https:\/\/player.vimeo.com\/video\/938509315?autoplay=0&amp;autopause=0\" width=\"600\" height=\"360\" allowfullscreen allow=\"autoplay; fullscreen\"><\/iframe><\/div><\/div><\/div><div class=\"fusion-text fusion-text-2\"><h2>Un horno Alfa es el upgrade que todo cliente est\u00e1 buscando.<\/h2>\n<h4>Al elegir Alfa, no vendes solo un producto, ofreces una nueva experiencia de cocina y de vida.<\/h4>\n<\/div><div class=\"fusion-text fusion-text-3\"><h3>\u00bfPor qu\u00e9 ser distribuidor de Alfa?<\/h3>\n<ul>\n<li><strong>L\u00edderes en hornos para pizza<\/strong>: m\u00e1s de 10.000 hornos vendidos cada a\u00f1o<\/li>\n<li><strong>Una marca s\u00f3lida y reconocida<\/strong>: 50 a\u00f1os de innovaci\u00f3n, calidad y dise\u00f1o Made in Italy<\/li>\n<li><strong>Marketing que genera contactos<\/strong>: miles de visitantes \u00fanicos al d\u00eda e inversiones digitales para llevar clientes a tu tienda<\/li>\n<li><strong>Una red global<\/strong>: Alfa est\u00e1 presente en m\u00e1s de 70 pa\u00edses con una comunidad de partners en continuo crecimiento<\/li>\n<li><strong>Soporte dedicado<\/strong>: formaci\u00f3n, asistencia, materiales de marketing y asesoramiento en exposici\u00f3n y ventas<\/li>\n<\/ul>\n<\/div><div class=\"fusion-text fusion-text-4\"><h3>\u00a0\u00bfQu\u00e9 buscamos en nuestros partners?<\/h3>\n<ul>\n<li>Profesionalismo en el sector de <strong>electrodom\u00e9sticos<\/strong>, <strong>outdoor<\/strong> o <strong>dise\u00f1o<\/strong> de exteriores<\/li>\n<li>Enfoque en la <strong>satisfacci\u00f3n del cliente<\/strong> y la experiencia de compra<\/li>\n<li>Compromiso con nuestros est\u00e1ndares de <strong>calidad y presentaci\u00f3n<\/strong><\/li>\n<\/ul>\n<\/div><\/div><\/div><div class=\"fusion-layout-column fusion_builder_column fusion-builder-column-3 fusion_builder_column_1_2 1_2 fusion-flex-column\" style=\"--awb-padding-top:15px;--awb-padding-right:15px;--awb-padding-bottom:15px;--awb-padding-left:15px;--awb-bg-color:#f5f5f5;--awb-bg-color-hover:#f5f5f5;--awb-bg-size:cover;--awb-width-large:50%;--awb-margin-top-large:0px;--awb-spacing-right-large:3.84%;--awb-margin-bottom-large:20px;--awb-spacing-left-large:3.84%;--awb-width-medium:50%;--awb-order-medium:0;--awb-spacing-right-medium:3.84%;--awb-spacing-left-medium:3.84%;--awb-width-small:100%;--awb-order-small:0;--awb-spacing-right-small:1.92%;--awb-spacing-left-small:1.92%;\" id=\"formpartner\" data-scroll-devices=\"small-visibility,medium-visibility,large-visibility\"><div class=\"fusion-column-wrapper fusion-column-has-shadow fusion-flex-justify-content-flex-start fusion-content-layout-column\"><div class=\"fusion-text fusion-text-5\"><h3>Descubre c\u00f3mo formar parte del equipo de distribuidores Alfa. Solo tienes que completar el formulario a continuaci\u00f3n.<\/h3>\n<\/div><!--[if lte IE 8]>\n<script data-wpfc-render=\"false\" charset=\"utf-8\" type=\"text\/javascript\" src=\"\/\/js.hsforms.net\/forms\/v2-legacy.js\"><\/script>\n<![endif]-->\n<script data-wpfc-render=\"false\" charset=\"utf-8\" type=\"text\/javascript\" src=\"\/\/js.hsforms.net\/forms\/v2.js\"><\/script>\n<script>\n  hbspt.forms.create({\n\tportalId: \"4295316\",\n\tformId: \"91e0b313-634b-4797-87cf-dea4ee6f16a5\"\n});\n<\/script><\/div><\/div><\/div><\/div><div class=\"fusion-fullwidth fullwidth-box fusion-builder-row-3 fusion-flex-container has-pattern-background has-mask-background nonhundred-percent-fullwidth non-hundred-percent-height-scrolling\" style=\"--awb-border-radius-top-left:0px;--awb-border-radius-top-right:0px;--awb-border-radius-bottom-right:0px;--awb-border-radius-bottom-left:0px;--awb-padding-top:40px;--awb-padding-bottom:80px;--awb-padding-top-medium:0px;--awb-flex-wrap:wrap;\" ><div class=\"fusion-builder-row fusion-row fusion-flex-align-items-flex-start fusion-flex-content-wrap\" style=\"max-width:1248px;margin-left: calc(-4% \/ 2 );margin-right: calc(-4% \/ 2 );\"><div class=\"fusion-layout-column fusion_builder_column fusion-builder-column-4 fusion_builder_column_1_1 1_1 fusion-flex-column\" style=\"--awb-bg-size:cover;--awb-width-large:100%;--awb-margin-top-large:0px;--awb-spacing-right-large:1.92%;--awb-margin-bottom-large:20px;--awb-spacing-left-large:1.92%;--awb-width-medium:100%;--awb-order-medium:0;--awb-spacing-right-medium:1.92%;--awb-spacing-left-medium:1.92%;--awb-width-small:100%;--awb-order-small:0;--awb-spacing-right-small:1.92%;--awb-spacing-left-small:1.92%;\"><div class=\"fusion-column-wrapper fusion-column-has-shadow fusion-flex-justify-content-flex-start fusion-content-layout-column\"><div class=\"awb-gallery-wrapper awb-gallery-wrapper-1 button-span-no\" style=\"--more-btn-alignment:center;\"><div style=\"margin:-5px;--awb-bordersize:0px;\" class=\"fusion-gallery fusion-gallery-container fusion-grid-3 fusion-columns-total-6 fusion-gallery-layout-grid fusion-gallery-1\"><div style=\"padding:5px;\" class=\"fusion-grid-column fusion-gallery-column fusion-gallery-column-3 hover-type-none\"><div class=\"fusion-gallery-image\"><a href=\"https:\/\/www.alfaforni.com\/wp-content\/uploads\/2025\/03\/Moderno-3-Pizze-Ruby-Red-5.jpg\" rel=\"noreferrer\" data-rel=\"iLightbox[gallery_image_1]\" class=\"fusion-lightbox\" target=\"_self\"><img decoding=\"async\" src=\"https:\/\/www.alfaforni.com\/wp-content\/uploads\/2025\/03\/Moderno-3-Pizze-Ruby-Red-5.jpg\" width=\"1024\" height=\"768\" alt=\"\"  aria-label=\"Moderno-3-Pizze-Ruby-Red-5\" class=\"img-responsive wp-image-67600\" srcset=\"https:\/\/www.alfaforni.com\/wp-content\/uploads\/2025\/03\/Moderno-3-Pizze-Ruby-Red-5-400x300.jpg 400w, https:\/\/www.alfaforni.com\/wp-content\/uploads\/2025\/03\/Moderno-3-Pizze-Ruby-Red-5-600x450.jpg 600w, https:\/\/www.alfaforni.com\/wp-content\/uploads\/2025\/03\/Moderno-3-Pizze-Ruby-Red-5-800x600.jpg 800w, https:\/\/www.alfaforni.com\/wp-content\/uploads\/2025\/03\/Moderno-3-Pizze-Ruby-Red-5.jpg 1024w\" sizes=\"(min-width: 2200px) 100vw, (min-width: 784px) 397px, (min-width: 712px) 595px, (min-width: 640px) 712px, \"><\/a><\/div><\/div><div style=\"padding:5px;\" class=\"fusion-grid-column fusion-gallery-column fusion-gallery-column-3 hover-type-none\"><div class=\"fusion-gallery-image\"><a href=\"https:\/\/www.alfaforni.com\/wp-content\/uploads\/2025\/03\/Moderno-3-Pizze-Ruby-Red-8.jpg\" rel=\"noreferrer\" data-rel=\"iLightbox[gallery_image_1]\" class=\"fusion-lightbox\" target=\"_self\"><img decoding=\"async\" src=\"https:\/\/www.alfaforni.com\/wp-content\/uploads\/2025\/03\/Moderno-3-Pizze-Ruby-Red-8.jpg\" width=\"1024\" height=\"768\" alt=\"\"  aria-label=\"Moderno-3-Pizze-Ruby-Red-8\" class=\"img-responsive wp-image-67607\" srcset=\"https:\/\/www.alfaforni.com\/wp-content\/uploads\/2025\/03\/Moderno-3-Pizze-Ruby-Red-8-400x300.jpg 400w, https:\/\/www.alfaforni.com\/wp-content\/uploads\/2025\/03\/Moderno-3-Pizze-Ruby-Red-8-600x450.jpg 600w, https:\/\/www.alfaforni.com\/wp-content\/uploads\/2025\/03\/Moderno-3-Pizze-Ruby-Red-8-800x600.jpg 800w, https:\/\/www.alfaforni.com\/wp-content\/uploads\/2025\/03\/Moderno-3-Pizze-Ruby-Red-8.jpg 1024w\" sizes=\"(min-width: 2200px) 100vw, (min-width: 784px) 397px, (min-width: 712px) 595px, (min-width: 640px) 712px, \"><\/a><\/div><\/div><div style=\"padding:5px;\" class=\"fusion-grid-column fusion-gallery-column fusion-gallery-column-3 hover-type-none\"><div class=\"fusion-gallery-image\"><a href=\"https:\/\/www.alfaforni.com\/wp-content\/uploads\/2025\/03\/Moderno-3-Pizze-Ruby-Red-1.jpg\" rel=\"noreferrer\" data-rel=\"iLightbox[gallery_image_1]\" class=\"fusion-lightbox\" target=\"_self\"><img decoding=\"async\" src=\"https:\/\/www.alfaforni.com\/wp-content\/uploads\/2025\/03\/Moderno-3-Pizze-Ruby-Red-1.jpg\" width=\"1024\" height=\"768\" alt=\"\"  aria-label=\"Moderno-3-Pizze-Ruby-Red-1\" class=\"img-responsive wp-image-67572\" srcset=\"https:\/\/www.alfaforni.com\/wp-content\/uploads\/2025\/03\/Moderno-3-Pizze-Ruby-Red-1-400x300.jpg 400w, https:\/\/www.alfaforni.com\/wp-content\/uploads\/2025\/03\/Moderno-3-Pizze-Ruby-Red-1-600x450.jpg 600w, https:\/\/www.alfaforni.com\/wp-content\/uploads\/2025\/03\/Moderno-3-Pizze-Ruby-Red-1-800x600.jpg 800w, https:\/\/www.alfaforni.com\/wp-content\/uploads\/2025\/03\/Moderno-3-Pizze-Ruby-Red-1.jpg 1024w\" sizes=\"(min-width: 2200px) 100vw, (min-width: 784px) 397px, (min-width: 712px) 595px, (min-width: 640px) 712px, \"><\/a><\/div><\/div><div class=\"clearfix\"><\/div><div style=\"padding:5px;\" class=\"fusion-grid-column fusion-gallery-column fusion-gallery-column-3 hover-type-none\"><div class=\"fusion-gallery-image\"><a href=\"https:\/\/www.alfaforni.com\/wp-content\/uploads\/2025\/03\/Moderno-3-Pizze-Ruby-Red-6.jpg\" rel=\"noreferrer\" data-rel=\"iLightbox[gallery_image_1]\" class=\"fusion-lightbox\" target=\"_self\"><img decoding=\"async\" src=\"https:\/\/www.alfaforni.com\/wp-content\/uploads\/2025\/03\/Moderno-3-Pizze-Ruby-Red-6.jpg\" width=\"1024\" height=\"768\" alt=\"\"  aria-label=\"Moderno-3-Pizze-Ruby-Red-6\" class=\"img-responsive wp-image-67565\" srcset=\"https:\/\/www.alfaforni.com\/wp-content\/uploads\/2025\/03\/Moderno-3-Pizze-Ruby-Red-6-400x300.jpg 400w, https:\/\/www.alfaforni.com\/wp-content\/uploads\/2025\/03\/Moderno-3-Pizze-Ruby-Red-6-600x450.jpg 600w, https:\/\/www.alfaforni.com\/wp-content\/uploads\/2025\/03\/Moderno-3-Pizze-Ruby-Red-6-800x600.jpg 800w, https:\/\/www.alfaforni.com\/wp-content\/uploads\/2025\/03\/Moderno-3-Pizze-Ruby-Red-6.jpg 1024w\" sizes=\"(min-width: 2200px) 100vw, (min-width: 784px) 397px, (min-width: 712px) 595px, (min-width: 640px) 712px, \"><\/a><\/div><\/div><div style=\"padding:5px;\" class=\"fusion-grid-column fusion-gallery-column fusion-gallery-column-3 hover-type-none\"><div class=\"fusion-gallery-image\"><a href=\"https:\/\/www.alfaforni.com\/wp-content\/uploads\/2025\/03\/Moderno-3-Pizze-Ruby-Red-3.jpg\" rel=\"noreferrer\" data-rel=\"iLightbox[gallery_image_1]\" class=\"fusion-lightbox\" target=\"_self\"><img decoding=\"async\" src=\"https:\/\/www.alfaforni.com\/wp-content\/uploads\/2025\/03\/Moderno-3-Pizze-Ruby-Red-3.jpg\" width=\"1024\" height=\"768\" alt=\"\"  aria-label=\"Moderno-3-Pizze-Ruby-Red-3\" class=\"img-responsive wp-image-67586\" srcset=\"https:\/\/www.alfaforni.com\/wp-content\/uploads\/2025\/03\/Moderno-3-Pizze-Ruby-Red-3-400x300.jpg 400w, https:\/\/www.alfaforni.com\/wp-content\/uploads\/2025\/03\/Moderno-3-Pizze-Ruby-Red-3-600x450.jpg 600w, https:\/\/www.alfaforni.com\/wp-content\/uploads\/2025\/03\/Moderno-3-Pizze-Ruby-Red-3-800x600.jpg 800w, https:\/\/www.alfaforni.com\/wp-content\/uploads\/2025\/03\/Moderno-3-Pizze-Ruby-Red-3.jpg 1024w\" sizes=\"(min-width: 2200px) 100vw, (min-width: 784px) 397px, (min-width: 712px) 595px, (min-width: 640px) 712px, \"><\/a><\/div><\/div><div style=\"padding:5px;\" class=\"fusion-grid-column fusion-gallery-column fusion-gallery-column-3 hover-type-none\"><div class=\"fusion-gallery-image\"><a href=\"https:\/\/www.alfaforni.com\/wp-content\/uploads\/2025\/03\/Moderno-3-Pizze-Ruby-Red-4.jpg\" rel=\"noreferrer\" data-rel=\"iLightbox[gallery_image_1]\" class=\"fusion-lightbox\" target=\"_self\"><img decoding=\"async\" src=\"https:\/\/www.alfaforni.com\/wp-content\/uploads\/2025\/03\/Moderno-3-Pizze-Ruby-Red-4.jpg\" width=\"1024\" height=\"768\" alt=\"\"  aria-label=\"Moderno-3-Pizze-Ruby-Red-4\" class=\"img-responsive wp-image-67593\" srcset=\"https:\/\/www.alfaforni.com\/wp-content\/uploads\/2025\/03\/Moderno-3-Pizze-Ruby-Red-4-400x300.jpg 400w, https:\/\/www.alfaforni.com\/wp-content\/uploads\/2025\/03\/Moderno-3-Pizze-Ruby-Red-4-600x450.jpg 600w, https:\/\/www.alfaforni.com\/wp-content\/uploads\/2025\/03\/Moderno-3-Pizze-Ruby-Red-4-800x600.jpg 800w, https:\/\/www.alfaforni.com\/wp-content\/uploads\/2025\/03\/Moderno-3-Pizze-Ruby-Red-4.jpg 1024w\" sizes=\"(min-width: 2200px) 100vw, (min-width: 784px) 397px, (min-width: 712px) 595px, (min-width: 640px) 712px, \"><\/a><\/div><\/div><div class=\"clearfix\"><\/div><\/div><\/div><\/div><\/div><\/div><\/div><\/p>\n","protected":false},"excerpt":{"rendered":"","protected":false},"author":1,"featured_media":67615,"parent":0,"menu_order":0,"comment_status":"closed","ping_status":"closed","template":"100-width.php","meta":{"_acf_changed":false,"footnotes":""},"class_list":["post-3114","page","type-page","status-publish","has-post-thumbnail","hentry"],"acf":[],"_links":{"self":[{"href":"https:\/\/www.alfaforni.com\/es\/wp-json\/wp\/v2\/pages\/3114","targetHints":{"allow":["GET"]}}],"collection":[{"href":"https:\/\/www.alfaforni.com\/es\/wp-json\/wp\/v2\/pages"}],"about":[{"href":"https:\/\/www.alfaforni.com\/es\/wp-json\/wp\/v2\/types\/page"}],"author":[{"embeddable":true,"href":"https:\/\/www.alfaforni.com\/es\/wp-json\/wp\/v2\/users\/1"}],"replies":[{"embeddable":true,"href":"https:\/\/www.alfaforni.com\/es\/wp-json\/wp\/v2\/comments?post=3114"}],"version-history":[{"count":9,"href":"https:\/\/www.alfaforni.com\/es\/wp-json\/wp\/v2\/pages\/3114\/revisions"}],"predecessor-version":[{"id":68741,"href":"https:\/\/www.alfaforni.com\/es\/wp-json\/wp\/v2\/pages\/3114\/revisions\/68741"}],"wp:featuredmedia":[{"embeddable":true,"href":"https:\/\/www.alfaforni.com\/es\/wp-json\/wp\/v2\/media\/67615"}],"wp:attachment":[{"href":"https:\/\/www.alfaforni.com\/es\/wp-json\/wp\/v2\/media?parent=3114"}],"curies":[{"name":"wp","href":"https:\/\/api.w.org\/{rel}","templated":true}]}}