{"id":31741,"date":"2021-12-30T19:38:02","date_gmt":"2021-12-30T18:38:02","guid":{"rendered":"https:\/\/www.alfaforni.com\/blog\/"},"modified":"2025-03-24T11:17:57","modified_gmt":"2025-03-24T10:17:57","slug":"blog","status":"publish","type":"page","link":"https:\/\/www.alfaforni.com\/es\/blog\/","title":{"rendered":"Blog"},"content":{"rendered":"<p><div class=\"fusion-fullwidth fullwidth-box fusion-builder-row-1 fusion-flex-container has-pattern-background has-mask-background nonhundred-percent-fullwidth non-hundred-percent-height-scrolling\" style=\"--awb-border-radius-top-left:0px;--awb-border-radius-top-right:0px;--awb-border-radius-bottom-right:0px;--awb-border-radius-bottom-left:0px;--awb-margin-top:-50px;--awb-flex-wrap:wrap;\" ><div class=\"fusion-builder-row fusion-row fusion-flex-align-items-flex-start fusion-flex-content-wrap\" style=\"max-width:1248px;margin-left: calc(-4% \/ 2 );margin-right: calc(-4% \/ 2 );\"><div class=\"fusion-layout-column fusion_builder_column fusion-builder-column-0 fusion_builder_column_1_1 1_1 fusion-flex-column\" style=\"--awb-bg-size:cover;--awb-width-large:100%;--awb-margin-top-large:0px;--awb-spacing-right-large:1.92%;--awb-margin-bottom-large:20px;--awb-spacing-left-large:1.92%;--awb-width-medium:100%;--awb-order-medium:0;--awb-spacing-right-medium:1.92%;--awb-spacing-left-medium:1.92%;--awb-width-small:100%;--awb-order-small:0;--awb-spacing-right-small:1.92%;--awb-spacing-left-small:1.92%;\"><div class=\"fusion-column-wrapper fusion-column-has-shadow fusion-flex-justify-content-flex-start fusion-content-layout-column\"><div class=\"fusion-text fusion-text-1\"><h1>Blog<\/h1>\n<\/div><div class=\"fusion-text fusion-text-2 fusion-text-no-margin\" style=\"--awb-margin-bottom:60px;\"><h3>Descubre el nuevo blog de hornos Alfa dedicado al mundo de la pizza, de la buena comida y sobre todo de la cocci\u00f3n seg\u00fan las reglas del arte.<\/h3>\n<p>A continuaci\u00f3n encontrar\u00e1 muchos art\u00edculos interesantes sobre la pizza y los tipos de cocinas caseras y profesionales, la comida fina y c\u00f3mo prepararla en un horno Alfa para que puedas expresar sin falta tu arte culinario y deslumbrar a los familiares y amigos con tus recetas maravillosas.<\/p>\n<p>Adem\u00e1s de otras informaciones utiles sobre la manera de mantener y limpiar el horno y curiosidades relacionadas con la parrilla y la barbacoa.<\/p>\n<p><strong>\u00bfQuieres participar? Pues env\u00eda tu aportaci\u00f3n a nuestros redactores y convi\u00e9rtete en un protagonista del blog, cont\u00e1ndonos tus experiencias, d\u00e1ndonos ideas \u00bfy porqu\u00e9 no? tus recetas m\u00e1s creativas y secretas.<\/strong><\/p>\n<p>\u00bfTienes curiosidad por algo o dudas que merecen respuestas? Env\u00edelos a\u00a0<a href=\"https:\/\/www.alfaforni.com\/es\/escribanos\/\">info@alfaforni.com<\/a>\u00a0y podr\u00e1n convertirse en contenido para nuevos art\u00edculos y vadem\u00e9cums.<\/p>\n<\/div><\/div><\/div><\/div><\/div><div class=\"fusion-fullwidth fullwidth-box fusion-builder-row-2 fusion-flex-container has-pattern-background has-mask-background nonhundred-percent-fullwidth non-hundred-percent-height-scrolling\" style=\"--awb-border-radius-top-left:0px;--awb-border-radius-top-right:0px;--awb-border-radius-bottom-right:0px;--awb-border-radius-bottom-left:0px;--awb-margin-bottom:-60px;--awb-background-color:rgba(239,232,226,0);--awb-flex-wrap:wrap;\" ><div class=\"fusion-builder-row fusion-row fusion-flex-align-items-flex-start fusion-flex-content-wrap\" style=\"max-width:1248px;margin-left: calc(-4% \/ 2 );margin-right: calc(-4% \/ 2 );\"><div class=\"fusion-layout-column fusion_builder_column fusion-builder-column-1 fusion_builder_column_1_1 1_1 fusion-flex-column\" style=\"--awb-bg-size:cover;--awb-width-large:100%;--awb-margin-top-large:0px;--awb-spacing-right-large:1.92%;--awb-margin-bottom-large:20px;--awb-spacing-left-large:1.92%;--awb-width-medium:100%;--awb-order-medium:0;--awb-spacing-right-medium:1.92%;--awb-spacing-left-medium:1.92%;--awb-width-small:100%;--awb-order-small:0;--awb-spacing-right-small:1.92%;--awb-spacing-left-small:1.92%;\"><div class=\"fusion-column-wrapper fusion-column-has-shadow fusion-flex-justify-content-flex-start fusion-content-layout-column\"><div class=\"fusion-recent-posts fusion-recent-posts-1 avada-container layout-default layout-columns-2 fusion-recent-posts-left fusion-recent-posts-infinite fusion-recent-posts-load-more\" data-pages=\"5\"><section class=\"fusion-columns columns fusion-columns-2 columns-2\"><article class=\"post fusion-column column col col-lg-6 col-md-6 col-sm-6\"><div class=\"fusion-flexslider fusion-flexslider-loading flexslider flexslider-hover-type-none\"><ul class=\"slides\"><li><a href=\"https:\/\/www.alfaforni.com\/es\/cocina-outdoor-ideas-y-soluciones-para-tu-cocina-exterior-con-horno-de-pizza\/\" aria-label=\"Cocina outdoor: ideas y soluciones para tu cocina exterior con horno de pizza\" class=\"hover-type-none\"><img decoding=\"async\" width=\"700\" height=\"441\" src=\"https:\/\/www.alfaforni.com\/wp-content\/uploads\/2026\/04\/Alfa-Moderno-immagine-quadrata-700x441.jpg\" class=\"attachment-recent-posts size-recent-posts\" alt=\"\" srcset=\"https:\/\/www.alfaforni.com\/wp-content\/uploads\/2026\/04\/Alfa-Moderno-immagine-quadrata-320x202.jpg 320w, https:\/\/www.alfaforni.com\/wp-content\/uploads\/2026\/04\/Alfa-Moderno-immagine-quadrata-700x441.jpg 700w\" sizes=\"(max-width: 700px) 100vw, 700px\" ><\/a><\/li><\/ul><\/div><div class=\"recent-posts-content\"><span class=\"vcard\" style=\"display: none;\"><span class=\"fn\"><a href=\"https:\/\/www.alfaforni.com\/es\/author\/i-valeri\/\"  rel=\"author\">Ilaria Valeri<\/a><\/span><\/span><span class=\"updated\" style=\"display:none;\">2026-04-14T14:18:08+02:00<\/span><h3 class=\"entry-title\"><a href=\"https:\/\/www.alfaforni.com\/es\/cocina-outdoor-ideas-y-soluciones-para-tu-cocina-exterior-con-horno-de-pizza\/\">Cocina outdoor: ideas y soluciones para tu cocina exterior con horno de pizza<\/a><\/h3><p> Cocina outdoor: ideas y soluciones para dise\u00f1ar tu cocina exterior con horno de pizza En los \u00faltimos a\u00f1os, la cocina outdoor se ha convertido en una de las soluciones m\u00e1s deseadas para disfrutar al [...]<\/p><\/div><\/article><article class=\"post fusion-column column col col-lg-6 col-md-6 col-sm-6\"><div class=\"fusion-flexslider fusion-flexslider-loading flexslider flexslider-hover-type-none\"><ul class=\"slides\"><li><a href=\"https:\/\/www.alfaforni.com\/es\/outdoor-kitchen-design-integrar-un-horno-en-proyectos-de-cocinas-exteriores\/\" aria-label=\"Outdoor kitchen design: integrar un horno en proyectos de cocinas exteriores\" class=\"hover-type-none\"><img decoding=\"async\" width=\"700\" height=\"441\" src=\"https:\/\/www.alfaforni.com\/wp-content\/uploads\/2026\/03\/Alfa-Forni-Outdoor-Kitchen-700x441.jpg\" class=\"attachment-recent-posts size-recent-posts\" alt=\"\" srcset=\"https:\/\/www.alfaforni.com\/wp-content\/uploads\/2026\/03\/Alfa-Forni-Outdoor-Kitchen-320x202.jpg 320w, https:\/\/www.alfaforni.com\/wp-content\/uploads\/2026\/03\/Alfa-Forni-Outdoor-Kitchen-700x441.jpg 700w\" sizes=\"(max-width: 700px) 100vw, 700px\" ><\/a><\/li><\/ul><\/div><div class=\"recent-posts-content\"><span class=\"vcard\" style=\"display: none;\"><span class=\"fn\"><a href=\"https:\/\/www.alfaforni.com\/es\/author\/i-valeri\/\"  rel=\"author\">Ilaria Valeri<\/a><\/span><\/span><span class=\"updated\" style=\"display:none;\">2026-04-08T17:01:54+02:00<\/span><h3 class=\"entry-title\"><a href=\"https:\/\/www.alfaforni.com\/es\/outdoor-kitchen-design-integrar-un-horno-en-proyectos-de-cocinas-exteriores\/\">Outdoor kitchen design: integrar un horno en proyectos de cocinas exteriores<\/a><\/h3><p> Dise\u00f1o de cocinas exteriores: integrar un horno en los proyectos de cocinas outdoor El dise\u00f1o de cocinas exteriores se ha convertido en los \u00faltimos a\u00f1os en uno de los elementos m\u00e1s demandados en la [...]<\/p><\/div><\/article><article class=\"post fusion-column column col col-lg-6 col-md-6 col-sm-6\"><div class=\"fusion-flexslider fusion-flexslider-loading flexslider flexslider-hover-type-none\"><ul class=\"slides\"><li><a href=\"https:\/\/www.alfaforni.com\/es\/el-horno-herramienta-diseno-moderno-alfa\/\" aria-label=\"Il Forno: Da Strumento Antico a Protagonista del Design Moderno\" class=\"hover-type-none\"><img decoding=\"async\" width=\"700\" height=\"441\" src=\"https:\/\/www.alfaforni.com\/wp-content\/uploads\/2024\/12\/N-10-700x441.jpg\" class=\"attachment-recent-posts size-recent-posts\" alt=\"\" srcset=\"https:\/\/www.alfaforni.com\/wp-content\/uploads\/2024\/12\/N-10-320x202.jpg 320w, https:\/\/www.alfaforni.com\/wp-content\/uploads\/2024\/12\/N-10-700x441.jpg 700w\" sizes=\"(max-width: 700px) 100vw, 700px\" ><\/a><\/li><\/ul><\/div><div class=\"recent-posts-content\"><span class=\"vcard\" style=\"display: none;\"><span class=\"fn\"><a href=\"https:\/\/www.alfaforni.com\/es\/author\/e-valente\/\"  rel=\"author\">e.valente<\/a><\/span><\/span><span class=\"updated\" style=\"display:none;\">2024-12-18T08:44:42+01:00<\/span><h3 class=\"entry-title\"><a href=\"https:\/\/www.alfaforni.com\/es\/el-horno-herramienta-diseno-moderno-alfa\/\">Il Forno: Da Strumento Antico a Protagonista del Design Moderno<\/a><\/h3><p> La evoluci\u00f3n del horno: desde su nacimiento en el antiguo Egipto hasta el dise\u00f1o moderno  El horno se cre\u00f3 originalmente como una herramienta para dominar y capturar el poder del fuego, optimizando el [...]<\/p><\/div><\/article><article class=\"post fusion-column column col col-lg-6 col-md-6 col-sm-6\"><div class=\"fusion-flexslider fusion-flexslider-loading flexslider flexslider-hover-type-none\"><ul class=\"slides\"><li><a href=\"https:\/\/www.alfaforni.com\/es\/10-ideas-regalo-pizza\/\" aria-label=\"10 ideas de regalos para amantes de la pizza (y m\u00e1s) por Alfa Forni\" class=\"hover-type-none\"><img decoding=\"async\" width=\"700\" height=\"441\" src=\"https:\/\/www.alfaforni.com\/wp-content\/uploads\/2024\/10\/Urbe-3-1.jpg-700x441.webp\" class=\"attachment-recent-posts size-recent-posts\" alt=\"\" srcset=\"https:\/\/www.alfaforni.com\/wp-content\/uploads\/2024\/10\/Urbe-3-1.jpg-320x202.webp 320w, https:\/\/www.alfaforni.com\/wp-content\/uploads\/2024\/10\/Urbe-3-1.jpg-700x441.webp 700w\" sizes=\"(max-width: 700px) 100vw, 700px\" ><\/a><\/li><\/ul><\/div><div class=\"recent-posts-content\"><span class=\"vcard\" style=\"display: none;\"><span class=\"fn\"><a href=\"https:\/\/www.alfaforni.com\/es\/author\/e-valente\/\"  rel=\"author\">e.valente<\/a><\/span><\/span><span class=\"updated\" style=\"display:none;\">2024-11-26T16:15:13+01:00<\/span><h3 class=\"entry-title\"><a href=\"https:\/\/www.alfaforni.com\/es\/10-ideas-regalo-pizza\/\">10 ideas de regalos para amantes de la pizza (y m\u00e1s) por Alfa Forni<\/a><\/h3><p> Con la llegada de las fiestas, hemos preparado 10 ideas de regalos de ALFA para todos los presupuestos. Perfectos para los amantes de la pizza y la cocina al horno, estos regalos originales impresionar\u00e1n [...]<\/p><\/div><\/article><article class=\"post fusion-column column col col-lg-6 col-md-6 col-sm-6\"><div class=\"fusion-flexslider fusion-flexslider-loading flexslider flexslider-hover-type-none\"><ul class=\"slides\"><li><a href=\"https:\/\/www.alfaforni.com\/es\/recetas-temporada-bienvenida-al-otono\/\" aria-label=\"Recetas de Temporada para Dar la Bienvenida al Oto\u00f1o con Alfa\" class=\"hover-type-none\"><img decoding=\"async\" width=\"700\" height=\"441\" src=\"https:\/\/www.alfaforni.com\/wp-content\/uploads\/2024\/10\/Pizza-zucca-porcini-700x441.jpg\" class=\"attachment-recent-posts size-recent-posts\" alt=\"\" srcset=\"https:\/\/www.alfaforni.com\/wp-content\/uploads\/2024\/10\/Pizza-zucca-porcini-320x202.jpg 320w, https:\/\/www.alfaforni.com\/wp-content\/uploads\/2024\/10\/Pizza-zucca-porcini-700x441.jpg 700w\" sizes=\"(max-width: 700px) 100vw, 700px\" ><\/a><\/li><\/ul><\/div><div class=\"recent-posts-content\"><span class=\"vcard\" style=\"display: none;\"><span class=\"fn\"><a href=\"https:\/\/www.alfaforni.com\/es\/author\/e-valente\/\"  rel=\"author\">e.valente<\/a><\/span><\/span><span class=\"updated\" style=\"display:none;\">2024-10-29T10:48:41+01:00<\/span><h3 class=\"entry-title\"><a href=\"https:\/\/www.alfaforni.com\/es\/recetas-temporada-bienvenida-al-otono\/\">Recetas de Temporada para Dar la Bienvenida al Oto\u00f1o con Alfa<\/a><\/h3><p> El oto\u00f1o ha llegado, trayendo consigo los colores y aromas de la estaci\u00f3n. Con los d\u00edas acort\u00e1ndose, no hay nada mejor que disfrutar de momentos de convivencia bajo el suave sol de octubre, que [...]<\/p><\/div><\/article><article class=\"post fusion-column column col col-lg-6 col-md-6 col-sm-6\"><div class=\"fusion-flexslider fusion-flexslider-loading flexslider flexslider-hover-type-none\"><ul class=\"slides\"><li><a href=\"https:\/\/www.alfaforni.com\/es\/horno-de-pizza-y-barbacoa\/\" aria-label=\"Horno de pizza y barbacoa: las soluciones Alfa Forni\" class=\"hover-type-none\"><img decoding=\"async\" width=\"700\" height=\"441\" src=\"https:\/\/www.alfaforni.com\/wp-content\/uploads\/2018\/08\/tour-your-oven-into-a-bbq-700x441.jpg\" class=\"attachment-recent-posts size-recent-posts\" alt=\"\" srcset=\"https:\/\/www.alfaforni.com\/wp-content\/uploads\/2018\/08\/tour-your-oven-into-a-bbq-320x202.jpg 320w, https:\/\/www.alfaforni.com\/wp-content\/uploads\/2018\/08\/tour-your-oven-into-a-bbq-700x441.jpg 700w\" sizes=\"(max-width: 700px) 100vw, 700px\" ><\/a><\/li><\/ul><\/div><div class=\"recent-posts-content\"><span class=\"vcard\" style=\"display: none;\"><span class=\"fn\"><a href=\"https:\/\/www.alfaforni.com\/es\/author\/admin\/\"  rel=\"author\">Stefano Evangelisti<\/a><\/span><\/span><span class=\"updated\" style=\"display:none;\">2024-04-12T09:59:57+02:00<\/span><h3 class=\"entry-title\"><a href=\"https:\/\/www.alfaforni.com\/es\/horno-de-pizza-y-barbacoa\/\">Horno de pizza y barbacoa: las soluciones Alfa Forni<\/a><\/h3><p>\u00bfQu\u00e9 puede haber mejor que una pizza o una barbacoa con amigos? El jard\u00edn, el porche o el balc\u00f3n de la casa pueden albergar mesas y una cocina funcional para preparar platos siempre variados.Es f\u00e1cil [...]<\/p><\/div><\/article><article class=\"post fusion-column column col col-lg-6 col-md-6 col-sm-6\"><div class=\"fusion-flexslider fusion-flexslider-loading flexslider flexslider-hover-type-none\"><ul class=\"slides\"><li><a href=\"https:\/\/www.alfaforni.com\/es\/limpiar-el-horno-a-lena\/\" aria-label=\"\u00bfC\u00f3mo limpiar el horno a le\u00f1a (sin cometer errores)?\" class=\"hover-type-none\"><img decoding=\"async\" width=\"700\" height=\"441\" src=\"https:\/\/www.alfaforni.com\/wp-content\/uploads\/2023\/02\/kit-hybrid-paralegna-700x441.jpg\" class=\"attachment-recent-posts size-recent-posts\" alt=\"\" srcset=\"https:\/\/www.alfaforni.com\/wp-content\/uploads\/2023\/02\/kit-hybrid-paralegna-320x202.jpg 320w, https:\/\/www.alfaforni.com\/wp-content\/uploads\/2023\/02\/kit-hybrid-paralegna-700x441.jpg 700w\" sizes=\"(max-width: 700px) 100vw, 700px\" ><\/a><\/li><\/ul><\/div><div class=\"recent-posts-content\"><span class=\"vcard\" style=\"display: none;\"><span class=\"fn\"><a href=\"https:\/\/www.alfaforni.com\/es\/author\/admin\/\"  rel=\"author\">Stefano Evangelisti<\/a><\/span><\/span><span class=\"updated\" style=\"display:none;\">2024-05-15T12:53:19+02:00<\/span><h3 class=\"entry-title\"><a href=\"https:\/\/www.alfaforni.com\/es\/limpiar-el-horno-a-lena\/\">\u00bfC\u00f3mo limpiar el horno a le\u00f1a (sin cometer errores)?<\/a><\/h3><p>\u00a0El horno a le\u00f1a siempre ha sido un aliado inestimable en la cocina: permite hornear excelentes pizzas, hacer pan a la manera tradicional y elaborar pasteles, verduras y asados con un sabor inigualable.Los modelos de [...]<\/p><\/div><\/article><article class=\"post fusion-column column col col-lg-6 col-md-6 col-sm-6\"><div class=\"fusion-flexslider fusion-flexslider-loading flexslider flexslider-hover-type-none\"><ul class=\"slides\"><li><a href=\"https:\/\/www.alfaforni.com\/es\/horno-de-pizza-para-casa\/\" aria-label=\"\u00bfC\u00f3mo elegir el mejor horno de pizza para la casa?\" class=\"hover-type-none\"><img decoding=\"async\" width=\"700\" height=\"441\" src=\"https:\/\/www.alfaforni.com\/wp-content\/uploads\/2022\/05\/stoneoven-alfaforni-outdoorliving-700x441.jpg\" class=\"attachment-recent-posts size-recent-posts\" alt=\"\" srcset=\"https:\/\/www.alfaforni.com\/wp-content\/uploads\/2022\/05\/stoneoven-alfaforni-outdoorliving-320x202.jpg 320w, https:\/\/www.alfaforni.com\/wp-content\/uploads\/2022\/05\/stoneoven-alfaforni-outdoorliving-700x441.jpg 700w\" sizes=\"(max-width: 700px) 100vw, 700px\" ><\/a><\/li><\/ul><\/div><div class=\"recent-posts-content\"><span class=\"vcard\" style=\"display: none;\"><span class=\"fn\"><a href=\"https:\/\/www.alfaforni.com\/es\/author\/admin\/\"  rel=\"author\">Stefano Evangelisti<\/a><\/span><\/span><span class=\"updated\" style=\"display:none;\">2024-04-12T11:41:06+02:00<\/span><h3 class=\"entry-title\"><a href=\"https:\/\/www.alfaforni.com\/es\/horno-de-pizza-para-casa\/\">\u00bfC\u00f3mo elegir el mejor horno de pizza para la casa?<\/a><\/h3><p>Para los italianos, la pizza es una aut\u00e9ntica pasi\u00f3n a la que dif\u00edcilmente pueden renunciar. Muchos prueban en la cocina de casa, experimentando con nuevas masas o confiando en las recetas familiares perfeccionadas a lo [...]<\/p><\/div><\/article><article class=\"post fusion-column column col col-lg-6 col-md-6 col-sm-6\"><div class=\"fusion-flexslider fusion-flexslider-loading flexslider flexslider-hover-type-none\"><ul class=\"slides\"><li><a href=\"https:\/\/www.alfaforni.com\/es\/base-horno-de-lena-pizza\/\" aria-label=\"\u00bfD\u00f3nde colocar el horno de le\u00f1a para pizzas?\" class=\"hover-type-none\"><img decoding=\"async\" width=\"700\" height=\"441\" src=\"https:\/\/www.alfaforni.com\/wp-content\/uploads\/2022\/11\/brio-alfa-forni-forno-a-gas-da-esterno-1200x750-1-700x441.jpg\" class=\"attachment-recent-posts size-recent-posts\" alt=\"\" srcset=\"https:\/\/www.alfaforni.com\/wp-content\/uploads\/2022\/11\/brio-alfa-forni-forno-a-gas-da-esterno-1200x750-1-320x202.jpg 320w, https:\/\/www.alfaforni.com\/wp-content\/uploads\/2022\/11\/brio-alfa-forni-forno-a-gas-da-esterno-1200x750-1-700x441.jpg 700w\" sizes=\"(max-width: 700px) 100vw, 700px\" ><\/a><\/li><\/ul><\/div><div class=\"recent-posts-content\"><span class=\"vcard\" style=\"display: none;\"><span class=\"fn\"><a href=\"https:\/\/www.alfaforni.com\/es\/author\/admin\/\"  rel=\"author\">Stefano Evangelisti<\/a><\/span><\/span><span class=\"updated\" style=\"display:none;\">2024-04-12T13:07:26+02:00<\/span><h3 class=\"entry-title\"><a href=\"https:\/\/www.alfaforni.com\/es\/base-horno-de-lena-pizza\/\">\u00bfD\u00f3nde colocar el horno de le\u00f1a para pizzas?<\/a><\/h3><p>Un buen horno es fundamental para realizar una pizza sabrosa, por supuesto, pero para lograr resultados dignos de una pizzer\u00eda tambi\u00e9n se necesitan ingredientes de primera calidad, un buen pizzero y las herramientas adecuadas.De hecho, [...]<\/p><\/div><\/article><article class=\"post fusion-column column col col-lg-6 col-md-6 col-sm-6\"><div class=\"fusion-flexslider fusion-flexslider-loading flexslider flexslider-hover-type-none\"><ul class=\"slides\"><li><a href=\"https:\/\/www.alfaforni.com\/es\/pizza-hecha-en-casa-como-en-la-pizzeria\/\" aria-label=\"\u00bfC\u00f3mo hacer la pizza perfecta tambi\u00e9n en casa? Con los hornos Alfa ser\u00e1 como estar en una pizzer\u00eda\" class=\"hover-type-none\"><img decoding=\"async\" width=\"700\" height=\"441\" src=\"https:\/\/www.alfaforni.com\/wp-content\/uploads\/2022\/10\/schermata-2022-10-17-alle-11.46-700x441.jpg\" class=\"attachment-recent-posts size-recent-posts\" alt=\"\" srcset=\"https:\/\/www.alfaforni.com\/wp-content\/uploads\/2022\/10\/schermata-2022-10-17-alle-11.46-320x202.jpg 320w, https:\/\/www.alfaforni.com\/wp-content\/uploads\/2022\/10\/schermata-2022-10-17-alle-11.46-700x441.jpg 700w\" sizes=\"(max-width: 700px) 100vw, 700px\" ><\/a><\/li><\/ul><\/div><div class=\"recent-posts-content\"><span class=\"vcard\" style=\"display: none;\"><span class=\"fn\"><a href=\"https:\/\/www.alfaforni.com\/es\/author\/admin\/\"  rel=\"author\">Stefano Evangelisti<\/a><\/span><\/span><span class=\"updated\" style=\"display:none;\">2024-04-15T11:13:12+02:00<\/span><h3 class=\"entry-title\"><a href=\"https:\/\/www.alfaforni.com\/es\/pizza-hecha-en-casa-como-en-la-pizzeria\/\">\u00bfC\u00f3mo hacer la pizza perfecta tambi\u00e9n en casa? Con los hornos Alfa ser\u00e1 como estar en una pizzer\u00eda<\/a><\/h3><p>Borde alto y bien cocido, textura crujiente y esponjosidad perfectamente equilibrados, sabor \u00fanico y aroma inimitable:\u00a0la pizza es, sin duda, uno de los platos m\u00e1s populares y conocidos\u00a0del mundo.Que levante la mano quien no haya [...]<\/p><\/div><\/article><\/section><div class=\"fusion-infinite-scroll-trigger\"><\/div><div class=\"pagination infinite-scroll clearfix\" style=\"display:none;\"><span class=\"current\">1<\/span><a href=\"https:\/\/www.alfaforni.com\/es\/wp-json\/wp\/v2\/pages\/31741\/page\/2\/\" class=\"inactive\">2<\/a><a class=\"pagination-next\" rel=\"next\" href=\"https:\/\/www.alfaforni.com\/es\/wp-json\/wp\/v2\/pages\/31741\/page\/2\/\"><span class=\"page-text\">Next<\/span><span class=\"page-next\"><\/span><\/a><\/div><div class=\"fusion-clearfix\"><\/div><button class=\"fusion-load-more-button fusion-blog-button fusion-clearfix\">Load More Posts<\/button><\/div><\/div><\/div><\/div><\/div><\/p>\n","protected":false},"excerpt":{"rendered":"","protected":false},"author":900,"featured_media":0,"parent":0,"menu_order":0,"comment_status":"closed","ping_status":"closed","template":"","meta":{"_acf_changed":false,"footnotes":""},"class_list":["post-31741","page","type-page","status-publish","hentry"],"acf":[],"_links":{"self":[{"href":"https:\/\/www.alfaforni.com\/es\/wp-json\/wp\/v2\/pages\/31741","targetHints":{"allow":["GET"]}}],"collection":[{"href":"https:\/\/www.alfaforni.com\/es\/wp-json\/wp\/v2\/pages"}],"about":[{"href":"https:\/\/www.alfaforni.com\/es\/wp-json\/wp\/v2\/types\/page"}],"author":[{"embeddable":true,"href":"https:\/\/www.alfaforni.com\/es\/wp-json\/wp\/v2\/users\/900"}],"replies":[{"embeddable":true,"href":"https:\/\/www.alfaforni.com\/es\/wp-json\/wp\/v2\/comments?post=31741"}],"version-history":[{"count":6,"href":"https:\/\/www.alfaforni.com\/es\/wp-json\/wp\/v2\/pages\/31741\/revisions"}],"predecessor-version":[{"id":64412,"href":"https:\/\/www.alfaforni.com\/es\/wp-json\/wp\/v2\/pages\/31741\/revisions\/64412"}],"wp:attachment":[{"href":"https:\/\/www.alfaforni.com\/es\/wp-json\/wp\/v2\/media?parent=31741"}],"curies":[{"name":"wp","href":"https:\/\/api.w.org\/{rel}","templated":true}]}}