{"id":70877,"date":"2025-12-12T14:53:40","date_gmt":"2025-12-12T13:53:40","guid":{"rendered":"https:\/\/www.alfaforni.com\/?post_type=product&#038;p=70877"},"modified":"2025-12-12T14:53:41","modified_gmt":"2025-12-12T13:53:41","slug":"cortador-de-pizza-alfa","status":"publish","type":"product","link":"https:\/\/www.alfaforni.com\/es\/producto\/cortador-de-pizza-alfa\/","title":{"rendered":"Cortador de pizza Alfa"},"content":{"rendered":"<div class=\"fusion-fullwidth fullwidth-box fusion-builder-row-1 fusion-flex-container has-pattern-background has-mask-background nonhundred-percent-fullwidth non-hundred-percent-height-scrolling\" style=\"--awb-border-radius-top-left:0px;--awb-border-radius-top-right:0px;--awb-border-radius-bottom-right:0px;--awb-border-radius-bottom-left:0px;--awb-padding-bottom-medium:0px;--awb-padding-top-small:40px;--awb-padding-bottom-small:20px;--awb-margin-top:100px;--awb-margin-bottom:50px;--awb-flex-wrap:nowrap;\" ><div class=\"fusion-builder-row fusion-row fusion-flex-align-items-flex-start fusion-flex-content-wrap\" style=\"max-width:1248px;margin-left: calc(-4% \/ 2 );margin-right: calc(-4% \/ 2 );\"><div class=\"fusion-layout-column fusion_builder_column fusion-builder-column-0 fusion_builder_column_1_2 1_2 fusion-flex-column\" style=\"--awb-bg-size:cover;--awb-width-large:50%;--awb-margin-top-large:0px;--awb-spacing-right-large:3.84%;--awb-margin-bottom-large:20px;--awb-spacing-left-large:3.84%;--awb-width-medium:50%;--awb-order-medium:0;--awb-spacing-right-medium:3.84%;--awb-spacing-left-medium:3.84%;--awb-width-small:100%;--awb-order-small:0;--awb-spacing-right-small:1.92%;--awb-spacing-left-small:1.92%;\"><div class=\"fusion-column-wrapper fusion-column-has-shadow fusion-flex-justify-content-flex-start fusion-content-layout-column\"><div class=\"fusion-image-element fusion-no-medium-visibility fusion-no-large-visibility\" style=\"--awb-caption-title-font-family:var(--h2_typography-font-family);--awb-caption-title-font-weight:var(--h2_typography-font-weight);--awb-caption-title-font-style:var(--h2_typography-font-style);--awb-caption-title-size:var(--h2_typography-font-size);--awb-caption-title-transform:var(--h2_typography-text-transform);--awb-caption-title-line-height:var(--h2_typography-line-height);--awb-caption-title-letter-spacing:var(--h2_typography-letter-spacing);\"><span class=\" fusion-imageframe imageframe-none imageframe-1 hover-type-none\"><img decoding=\"async\" width=\"2000\" height=\"2000\" alt=\"MEDIUM\"  src=\"https:\/\/www.alfaforni.com\/wp-content\/uploads\/2025\/11\/rotella-e-spatola-alfa-forni.jpg\" class=\"img-responsive wp-image-70447\" srcset=\"https:\/\/www.alfaforni.com\/wp-content\/uploads\/2025\/11\/rotella-e-spatola-alfa-forni-400x400.jpg 400w, https:\/\/www.alfaforni.com\/wp-content\/uploads\/2025\/11\/rotella-e-spatola-alfa-forni-600x600.jpg 600w, https:\/\/www.alfaforni.com\/wp-content\/uploads\/2025\/11\/rotella-e-spatola-alfa-forni-800x800.jpg 800w, https:\/\/www.alfaforni.com\/wp-content\/uploads\/2025\/11\/rotella-e-spatola-alfa-forni-1200x1200.jpg 1200w, https:\/\/www.alfaforni.com\/wp-content\/uploads\/2025\/11\/rotella-e-spatola-alfa-forni.jpg 2000w\" sizes=\"(max-width: 640px) 100vw, 600px\" \/><\/span><\/div><div class=\"fusion-text fusion-text-1\"><h2 style=\"text-align: left;\">El corte perfecto para cada porci\u00f3n<\/h2>\n<h3 style=\"text-align: left;\"><span style=\"font-weight: 400;\">Tanto si prefieres dividir la pizza en cuatro como en ocho partes, el cortador Alfa garantiza un corte limpio y preciso.<\/span><\/h3>\n<p data-start=\"979\" data-end=\"1308\">La hoja redonda de acero inoxidable se desliza f\u00e1cilmente sobre la corteza sin da\u00f1ar los ingredientes, y la empu\u00f1adura antideslizante te proporciona la estabilidad necesaria incluso en masas m\u00e1s crujientes.<\/p>\n<p data-start=\"1310\" data-end=\"1526\">Es una de las herramientas m\u00e1s simples y \u00fatiles para tener en la cocina: compacta, pr\u00e1ctica y siempre lista para usar. Ideal para pizza, pero tambi\u00e9n perfecta para focaccias, tortillas de trigo o reposter\u00eda horneada.<\/p>\n<\/div><\/div><\/div><div class=\"fusion-layout-column fusion_builder_column fusion-builder-column-1 fusion_builder_column_1_2 1_2 fusion-flex-column\" style=\"--awb-bg-size:cover;--awb-width-large:50%;--awb-margin-top-large:0px;--awb-spacing-right-large:3.84%;--awb-margin-bottom-large:20px;--awb-spacing-left-large:3.84%;--awb-width-medium:50%;--awb-order-medium:0;--awb-spacing-right-medium:3.84%;--awb-spacing-left-medium:3.84%;--awb-width-small:100%;--awb-order-small:0;--awb-spacing-right-small:1.92%;--awb-spacing-left-small:1.92%;\"><div class=\"fusion-column-wrapper fusion-column-has-shadow fusion-flex-justify-content-flex-start fusion-content-layout-column\"><div class=\"fusion-image-element fusion-no-small-visibility\" style=\"--awb-caption-title-font-family:var(--h2_typography-font-family);--awb-caption-title-font-weight:var(--h2_typography-font-weight);--awb-caption-title-font-style:var(--h2_typography-font-style);--awb-caption-title-size:var(--h2_typography-font-size);--awb-caption-title-transform:var(--h2_typography-text-transform);--awb-caption-title-line-height:var(--h2_typography-line-height);--awb-caption-title-letter-spacing:var(--h2_typography-letter-spacing);\"><span class=\" fusion-imageframe imageframe-none imageframe-2 hover-type-none\"><img decoding=\"async\" width=\"2000\" height=\"2000\" alt=\"MEDIUM\"  src=\"https:\/\/www.alfaforni.com\/wp-content\/uploads\/2025\/11\/rotella-e-spatola-alfa-forni.jpg\" class=\"img-responsive wp-image-70447\" srcset=\"https:\/\/www.alfaforni.com\/wp-content\/uploads\/2025\/11\/rotella-e-spatola-alfa-forni-400x400.jpg 400w, https:\/\/www.alfaforni.com\/wp-content\/uploads\/2025\/11\/rotella-e-spatola-alfa-forni-600x600.jpg 600w, https:\/\/www.alfaforni.com\/wp-content\/uploads\/2025\/11\/rotella-e-spatola-alfa-forni-800x800.jpg 800w, https:\/\/www.alfaforni.com\/wp-content\/uploads\/2025\/11\/rotella-e-spatola-alfa-forni-1200x1200.jpg 1200w, https:\/\/www.alfaforni.com\/wp-content\/uploads\/2025\/11\/rotella-e-spatola-alfa-forni.jpg 2000w\" sizes=\"(max-width: 640px) 100vw, 600px\" \/><\/span><\/div><\/div><\/div><\/div><\/div>\n","protected":false},"excerpt":{"rendered":"<h2>Cortador de pizza Alfa<\/h2>\n<h3><span style=\"font-weight: 400;\">El cortador de pizza Alfa es la herramienta indispensable para cortar la pizza de manera r\u00e1pida, limpia y precisa.<\/span><\/h3>\n<p>Sus principales caracter\u00edsticas:<\/p>\n<ul class=\"dark_text\">\n<li>Hoja redonda de acero inoxidable, afilada y resistente<\/li>\n<li>Empu\u00f1adura ergon\u00f3mica antideslizante<\/li>\n<li>Corte limpio sin aplastar la masa<\/li>\n<li>F\u00e1cil de limpiar, compacto y manejable<\/li>\n<li>Apto para lavavajillas<\/li>\n<\/ul>\n<p>&nbsp;<\/p>\n[fusion_tabs parent_dynamic_content=\"\" design=\"clean\" layout=\"horizontal\" justified=\"yes\" alignment=\"start\" sticky_tabs=\"no\" icon_size=\"\" hide_on_mobile=\"small-visibility,medium-visibility,large-visibility\" margin_medium=\"\" margin_small=\"\" title_tag=\"div\" title_padding_medium=\"\" title_padding_small=\"\" content_padding_medium=\"\" content_padding_small=\"\" title_active_text_color=\"\" title_text_color=\"#000000\" icon_active_color=\"\" icon_color=\"#000000\" fusion_font_variant_title_font=\"600\" fusion_font_family_title_font=\"Open Sans\" title_font_size=\"16px\" inactivecolor=\"#ffffff\" bordercolor=\"var(--awb-color1)\" icon=\"fa-angle-down fas\"][fusion_tab title=\"Contenido del paquete\"]<\/p>\n<ul>\n<li>1 cortador de pizza de acero inoxidable<\/li>\n<\/ul>\n<p>[\/fusion_tab][fusion_tab title=\"Dimensiones del paquete\"]<\/p>\n<ul>\n<li>35 x 15.5 cm<\/li>\n<\/ul>\n<p>[\/fusion_tab][\/fusion_tabs]\n","protected":false},"featured_media":70573,"template":"","meta":{"_acf_changed":false},"product_brand":[],"product_cat":[186,345],"product_tag":[],"class_list":{"0":"post-70877","1":"product","2":"type-product","3":"status-publish","4":"has-post-thumbnail","6":"product_cat-accesorios-para-hornos-de-lena","7":"product_cat-accesorios-domesticos","9":"first","10":"instock","11":"shipping-taxable","12":"product-type-simple"},"acf":[],"_links":{"self":[{"href":"https:\/\/www.alfaforni.com\/es\/wp-json\/wp\/v2\/product\/70877","targetHints":{"allow":["GET"]}}],"collection":[{"href":"https:\/\/www.alfaforni.com\/es\/wp-json\/wp\/v2\/product"}],"about":[{"href":"https:\/\/www.alfaforni.com\/es\/wp-json\/wp\/v2\/types\/product"}],"wp:featuredmedia":[{"embeddable":true,"href":"https:\/\/www.alfaforni.com\/es\/wp-json\/wp\/v2\/media\/70573"}],"wp:attachment":[{"href":"https:\/\/www.alfaforni.com\/es\/wp-json\/wp\/v2\/media?parent=70877"}],"wp:term":[{"taxonomy":"product_brand","embeddable":true,"href":"https:\/\/www.alfaforni.com\/es\/wp-json\/wp\/v2\/product_brand?post=70877"},{"taxonomy":"product_cat","embeddable":true,"href":"https:\/\/www.alfaforni.com\/es\/wp-json\/wp\/v2\/product_cat?post=70877"},{"taxonomy":"product_tag","embeddable":true,"href":"https:\/\/www.alfaforni.com\/es\/wp-json\/wp\/v2\/product_tag?post=70877"}],"curies":[{"name":"wp","href":"https:\/\/api.w.org\/{rel}","templated":true}]}}