{"id":70904,"date":"2025-12-12T14:53:48","date_gmt":"2025-12-12T13:53:48","guid":{"rendered":"https:\/\/www.alfaforni.com\/?post_type=product&#038;p=70904"},"modified":"2025-12-12T14:53:48","modified_gmt":"2025-12-12T13:53:48","slug":"cepillo-de-limpieza","status":"publish","type":"product","link":"https:\/\/www.alfaforni.com\/es\/producto\/cepillo-de-limpieza\/","title":{"rendered":"Cepillo de limpieza"},"content":{"rendered":"<p><div class=\"fusion-fullwidth fullwidth-box fusion-builder-row-1 fusion-flex-container has-pattern-background has-mask-background nonhundred-percent-fullwidth non-hundred-percent-height-scrolling\" style=\"--awb-border-radius-top-left:0px;--awb-border-radius-top-right:0px;--awb-border-radius-bottom-right:0px;--awb-border-radius-bottom-left:0px;--awb-padding-bottom-medium:0px;--awb-padding-top-small:40px;--awb-padding-bottom-small:20px;--awb-margin-top:100px;--awb-margin-bottom:50px;--awb-flex-wrap:wrap;\" ><div class=\"fusion-builder-row fusion-row fusion-flex-align-items-flex-start fusion-flex-content-wrap\" style=\"max-width:1248px;margin-left: calc(-4% \/ 2 );margin-right: calc(-4% \/ 2 );\"><div class=\"fusion-layout-column fusion_builder_column fusion-builder-column-0 fusion_builder_column_1_2 1_2 fusion-flex-column\" style=\"--awb-bg-size:cover;--awb-width-large:50%;--awb-margin-top-large:0px;--awb-spacing-right-large:3.84%;--awb-margin-bottom-large:20px;--awb-spacing-left-large:3.84%;--awb-width-medium:50%;--awb-order-medium:0;--awb-spacing-right-medium:3.84%;--awb-spacing-left-medium:3.84%;--awb-width-small:100%;--awb-order-small:0;--awb-spacing-right-small:1.92%;--awb-spacing-left-small:1.92%;\"><div class=\"fusion-column-wrapper fusion-column-has-shadow fusion-flex-justify-content-flex-start fusion-content-layout-column\"><div class=\"fusion-text fusion-text-1\"><h2 style=\"text-align: left;\">Limpieza f\u00e1cil, resultados perfectos<\/h2>\n<h3 style=\"text-align: left;\"><span style=\"font-weight: 400;\">El cepillo de limpieza Alfa te ayuda a mantener la base del horno limpia despu\u00e9s de cada uso, de manera simple y eficaz.<\/span><\/h3>\n<p data-start=\"1528\" data-end=\"1834\">Las <strong>cerdas de lat\u00f3n<\/strong> ofrecen el equilibrio perfecto entre firmeza y suavidad: eliminan harina, ceniza y restos de cocci\u00f3n <strong>sin da\u00f1ar la piedra refractaria<\/strong>, incluso cuando est\u00e1 caliente.<\/p>\n<p data-start=\"1836\" data-end=\"2024\">Gracias a su forma compacta y al \u00e1ngulo ideal de las cerdas, es posible llegar f\u00e1cilmente a cada rinc\u00f3n del piso del horno, reduciendo el tiempo de limpieza entre una pizza y la siguiente.<\/p>\n<p data-start=\"2026\" data-end=\"2189\">Limpiar con regularidad no solo<strong> mantiene el horno en perfectas condiciones<\/strong>, sino que tambi\u00e9n evita que la harina quemada afecte el sabor de las pizzas posteriores.<\/p>\n<\/div><div class=\"fusion-image-element fusion-no-medium-visibility fusion-no-large-visibility\" style=\"--awb-caption-title-font-family:var(--h2_typography-font-family);--awb-caption-title-font-weight:var(--h2_typography-font-weight);--awb-caption-title-font-style:var(--h2_typography-font-style);--awb-caption-title-size:var(--h2_typography-font-size);--awb-caption-title-transform:var(--h2_typography-text-transform);--awb-caption-title-line-height:var(--h2_typography-line-height);--awb-caption-title-letter-spacing:var(--h2_typography-letter-spacing);\"><span class=\" fusion-imageframe imageframe-none imageframe-1 hover-type-none\"><img decoding=\"async\" width=\"1200\" height=\"1200\" alt=\"MEDIUM\"  src=\"https:\/\/www.alfaforni.com\/wp-content\/uploads\/2025\/10\/palino-pizza-alfa-forni-05.jpg\" class=\"img-responsive wp-image-69821\" srcset=\"https:\/\/www.alfaforni.com\/wp-content\/uploads\/2025\/10\/palino-pizza-alfa-forni-05-400x400.jpg 400w, https:\/\/www.alfaforni.com\/wp-content\/uploads\/2025\/10\/palino-pizza-alfa-forni-05-600x600.jpg 600w, https:\/\/www.alfaforni.com\/wp-content\/uploads\/2025\/10\/palino-pizza-alfa-forni-05-800x800.jpg 800w, https:\/\/www.alfaforni.com\/wp-content\/uploads\/2025\/10\/palino-pizza-alfa-forni-05.jpg 1200w\" sizes=\"(max-width: 640px) 100vw, 600px\" \/><\/span><\/div><\/div><\/div><div class=\"fusion-layout-column fusion_builder_column fusion-builder-column-1 fusion_builder_column_1_2 1_2 fusion-flex-column\" style=\"--awb-bg-size:cover;--awb-width-large:50%;--awb-margin-top-large:0px;--awb-spacing-right-large:3.84%;--awb-margin-bottom-large:20px;--awb-spacing-left-large:3.84%;--awb-width-medium:50%;--awb-order-medium:0;--awb-spacing-right-medium:3.84%;--awb-spacing-left-medium:3.84%;--awb-width-small:100%;--awb-order-small:0;--awb-spacing-right-small:1.92%;--awb-spacing-left-small:1.92%;\"><div class=\"fusion-column-wrapper fusion-column-has-shadow fusion-flex-justify-content-flex-start fusion-content-layout-column\"><div class=\"fusion-image-element fusion-no-small-visibility\" style=\"--awb-caption-title-font-family:var(--h2_typography-font-family);--awb-caption-title-font-weight:var(--h2_typography-font-weight);--awb-caption-title-font-style:var(--h2_typography-font-style);--awb-caption-title-size:var(--h2_typography-font-size);--awb-caption-title-transform:var(--h2_typography-text-transform);--awb-caption-title-line-height:var(--h2_typography-line-height);--awb-caption-title-letter-spacing:var(--h2_typography-letter-spacing);\"><span class=\" fusion-imageframe imageframe-none imageframe-2 hover-type-none\"><img decoding=\"async\" width=\"1200\" height=\"1200\" alt=\"MEDIUM\"  src=\"https:\/\/www.alfaforni.com\/wp-content\/uploads\/2025\/10\/palino-pizza-alfa-forni-05.jpg\" class=\"img-responsive wp-image-69821\" srcset=\"https:\/\/www.alfaforni.com\/wp-content\/uploads\/2025\/10\/palino-pizza-alfa-forni-05-400x400.jpg 400w, https:\/\/www.alfaforni.com\/wp-content\/uploads\/2025\/10\/palino-pizza-alfa-forni-05-600x600.jpg 600w, https:\/\/www.alfaforni.com\/wp-content\/uploads\/2025\/10\/palino-pizza-alfa-forni-05-800x800.jpg 800w, https:\/\/www.alfaforni.com\/wp-content\/uploads\/2025\/10\/palino-pizza-alfa-forni-05.jpg 1200w\" sizes=\"(max-width: 640px) 100vw, 600px\" \/><\/span><\/div><\/div><\/div><\/div><\/div><div class=\"fusion-fullwidth fullwidth-box fusion-builder-row-2 fusion-flex-container has-pattern-background has-mask-background nonhundred-percent-fullwidth non-hundred-percent-height-scrolling\" style=\"--awb-border-radius-top-left:0px;--awb-border-radius-top-right:0px;--awb-border-radius-bottom-right:0px;--awb-border-radius-bottom-left:0px;--awb-padding-bottom-medium:0px;--awb-padding-top-small:40px;--awb-padding-bottom-small:20px;--awb-margin-bottom:50px;--awb-flex-wrap:nowrap;\" ><div class=\"fusion-builder-row fusion-row fusion-flex-align-items-flex-start fusion-flex-content-wrap\" style=\"max-width:1248px;margin-left: calc(-4% \/ 2 );margin-right: calc(-4% \/ 2 );\"><div class=\"fusion-layout-column fusion_builder_column fusion-builder-column-2 fusion_builder_column_1_1 1_1 fusion-flex-column\" style=\"--awb-bg-size:cover;--awb-width-large:100%;--awb-margin-top-large:0px;--awb-spacing-right-large:1.92%;--awb-margin-bottom-large:20px;--awb-spacing-left-large:1.92%;--awb-width-medium:100%;--awb-order-medium:0;--awb-spacing-right-medium:1.92%;--awb-spacing-left-medium:1.92%;--awb-width-small:100%;--awb-order-small:0;--awb-spacing-right-small:1.92%;--awb-spacing-left-small:1.92%;\"><div class=\"fusion-column-wrapper fusion-column-has-shadow fusion-flex-justify-content-flex-start fusion-content-layout-column\"><div class=\"fusion-text fusion-text-2\"><h3 style=\"text-align: center;\"><span style=\"font-weight: 400;\">Las palas Alfa est\u00e1n disponibles por separado o en <a href=\"\/es\/producto\/set-de-palas-para-pizza-alfa\/\">Set<\/a>.<\/span><\/h3>\n<p style=\"text-align: center;\">El <strong data-start=\"2280\" data-end=\"2296\">Set de palas<\/strong> (Medium, Large o Extra Large) se adapta desde los hornos m\u00e1s compactos hasta los m\u00e1s grandes y contiene una pala para pizza, un palino y un cepillo.<\/p>\n<\/div><\/div><\/div><\/div><\/div><div class=\"fusion-fullwidth fullwidth-box fusion-builder-row-3 fusion-flex-container has-pattern-background has-mask-background nonhundred-percent-fullwidth non-hundred-percent-height-scrolling\" style=\"--awb-border-radius-top-left:0px;--awb-border-radius-top-right:0px;--awb-border-radius-bottom-right:0px;--awb-border-radius-bottom-left:0px;--awb-padding-top:120px;--awb-padding-bottom:120px;--awb-padding-top-medium:40px;--awb-padding-bottom-medium:40px;--awb-background-color:var(--awb-color2);--awb-flex-wrap:wrap;\" ><div class=\"fusion-builder-row fusion-row fusion-flex-align-items-flex-start fusion-flex-content-wrap\" style=\"max-width:1248px;margin-left: calc(-4% \/ 2 );margin-right: calc(-4% \/ 2 );\"><div class=\"fusion-layout-column fusion_builder_column fusion-builder-column-3 fusion_builder_column_1_2 1_2 fusion-flex-column\" style=\"--awb-bg-size:cover;--awb-width-large:50%;--awb-margin-top-large:0px;--awb-spacing-right-large:3.84%;--awb-margin-bottom-large:20px;--awb-spacing-left-large:3.84%;--awb-width-medium:50%;--awb-order-medium:0;--awb-spacing-right-medium:3.84%;--awb-spacing-left-medium:3.84%;--awb-width-small:100%;--awb-order-small:0;--awb-spacing-right-small:1.92%;--awb-spacing-left-small:1.92%;\"><div class=\"fusion-column-wrapper fusion-column-has-shadow fusion-flex-justify-content-flex-start fusion-content-layout-column\"><div class=\"fusion-image-element fusion-no-medium-visibility fusion-no-large-visibility\" style=\"--awb-margin-bottom:30px;--awb-caption-title-font-family:var(--h2_typography-font-family);--awb-caption-title-font-weight:var(--h2_typography-font-weight);--awb-caption-title-font-style:var(--h2_typography-font-style);--awb-caption-title-size:var(--h2_typography-font-size);--awb-caption-title-transform:var(--h2_typography-text-transform);--awb-caption-title-line-height:var(--h2_typography-line-height);--awb-caption-title-letter-spacing:var(--h2_typography-letter-spacing);\"><span class=\" fusion-imageframe imageframe-none imageframe-3 hover-type-none\"><img decoding=\"async\" width=\"1200\" height=\"750\"  src=\"https:\/\/www.alfaforni.com\/wp-content\/uploads\/2021\/06\/connector-pizza-peel-set.jpg\" class=\"img-responsive wp-image-24504\" srcset=\"https:\/\/www.alfaforni.com\/wp-content\/uploads\/2021\/06\/connector-pizza-peel-set-600x375.jpg 600w, https:\/\/www.alfaforni.com\/wp-content\/uploads\/2021\/06\/connector-pizza-peel-set.jpg 1200w\" sizes=\"(max-width: 640px) 100vw, 1200px\" alt=\"\"><\/span><\/div><div class=\"fusion-text fusion-text-3 fusion-text-no-margin\" style=\"--awb-text-color:var(--awb-color7);--awb-margin-bottom:20px;\"><h2><span style=\"color: #ffffff;\">Mango modular para m\u00e1xima comodidad<\/span><\/h2>\n<\/div><div class=\"fusion-text fusion-text-4 fusion-text-no-margin\" style=\"--awb-text-color:var(--awb-color7);--awb-margin-bottom:20px;\"><h3><span style=\"font-weight: 400; color: #ffffff;\">El cepillo Alfa cuenta con un mango deslizante con empu\u00f1adura ergon\u00f3mica y una prolongaci\u00f3n de 25 cm, para una longitud total de aproximadamente 120 cm.<\/span><\/h3>\n<\/div><div class=\"fusion-text fusion-text-5\" style=\"--awb-text-color:var(--awb-color7);\"><p data-start=\"2615\" data-end=\"2876\">El mango de duroplast antideslizante garantiza un agarre seguro y c\u00f3modo, incluso usando guantes de horno.<\/p>\n<p data-start=\"2878\" data-end=\"3069\">Esta configuraci\u00f3n ofrece el <strong>equilibrio perfecto entre manejabilidad y distancia del calor<\/strong>, lo que hace que el cepillo sea adecuado para cualquier horno Alfa, independientemente de su tama\u00f1o.<\/p>\n<\/div><\/div><\/div><div class=\"fusion-layout-column fusion_builder_column fusion-builder-column-4 fusion_builder_column_1_2 1_2 fusion-flex-column\" style=\"--awb-bg-size:cover;--awb-width-large:50%;--awb-margin-top-large:0px;--awb-spacing-right-large:3.84%;--awb-margin-bottom-large:20px;--awb-spacing-left-large:3.84%;--awb-width-medium:50%;--awb-order-medium:0;--awb-spacing-right-medium:3.84%;--awb-spacing-left-medium:3.84%;--awb-width-small:100%;--awb-order-small:0;--awb-spacing-right-small:1.92%;--awb-spacing-left-small:1.92%;\"><div class=\"fusion-column-wrapper fusion-column-has-shadow fusion-flex-justify-content-flex-start fusion-content-layout-column\"><div class=\"fusion-image-element \" style=\"--awb-margin-top:15px;--awb-margin-bottom:50px;--awb-caption-title-font-family:var(--h2_typography-font-family);--awb-caption-title-font-weight:var(--h2_typography-font-weight);--awb-caption-title-font-style:var(--h2_typography-font-style);--awb-caption-title-size:var(--h2_typography-font-size);--awb-caption-title-transform:var(--h2_typography-text-transform);--awb-caption-title-line-height:var(--h2_typography-line-height);--awb-caption-title-letter-spacing:var(--h2_typography-letter-spacing);\"><span class=\" fusion-imageframe imageframe-none imageframe-4 hover-type-none\"><a href=\"https:\/\/www.alfaforni.com\/wp-content\/uploads\/2025\/10\/pale-estendibili-di-Alfa-Forni.jpg\" class=\"fusion-lightbox\" data-rel=\"iLightbox[f9f95af3456f561bb5a]\" data-title=\"pale-estendibili-di-Alfa-Forni\" ><img decoding=\"async\" width=\"1200\" height=\"388\" src=\"https:\/\/www.alfaforni.com\/wp-content\/uploads\/2025\/10\/pale-estendibili-di-Alfa-Forni.jpg\" class=\"img-responsive wp-image-69701\" srcset=\"https:\/\/www.alfaforni.com\/wp-content\/uploads\/2025\/10\/pale-estendibili-di-Alfa-Forni-400x129.jpg 400w, https:\/\/www.alfaforni.com\/wp-content\/uploads\/2025\/10\/pale-estendibili-di-Alfa-Forni-600x194.jpg 600w, https:\/\/www.alfaforni.com\/wp-content\/uploads\/2025\/10\/pale-estendibili-di-Alfa-Forni-800x259.jpg 800w, https:\/\/www.alfaforni.com\/wp-content\/uploads\/2025\/10\/pale-estendibili-di-Alfa-Forni.jpg 1200w\" sizes=\"(max-width: 640px) 100vw, 600px\" alt=\"\" ><\/a><\/span><\/div><div class=\"fusion-image-element fusion-no-small-visibility\" style=\"--awb-caption-title-font-family:var(--h2_typography-font-family);--awb-caption-title-font-weight:var(--h2_typography-font-weight);--awb-caption-title-font-style:var(--h2_typography-font-style);--awb-caption-title-size:var(--h2_typography-font-size);--awb-caption-title-transform:var(--h2_typography-text-transform);--awb-caption-title-line-height:var(--h2_typography-line-height);--awb-caption-title-letter-spacing:var(--h2_typography-letter-spacing);\"><span class=\" fusion-imageframe imageframe-none imageframe-5 hover-type-none\"><img decoding=\"async\" width=\"1200\" height=\"750\"  src=\"https:\/\/www.alfaforni.com\/wp-content\/uploads\/2021\/06\/connector-pizza-peel-set.jpg\" class=\"img-responsive wp-image-24504\" srcset=\"https:\/\/www.alfaforni.com\/wp-content\/uploads\/2021\/06\/connector-pizza-peel-set-600x375.jpg 600w, https:\/\/www.alfaforni.com\/wp-content\/uploads\/2021\/06\/connector-pizza-peel-set.jpg 1200w\" sizes=\"(max-width: 640px) 100vw, 1200px\" alt=\"\"><\/span><\/div><\/div><\/div><\/div><\/div><div class=\"fusion-fullwidth fullwidth-box fusion-builder-row-4 fusion-flex-container has-pattern-background has-mask-background nonhundred-percent-fullwidth non-hundred-percent-height-scrolling\" style=\"--awb-border-radius-top-left:0px;--awb-border-radius-top-right:0px;--awb-border-radius-bottom-right:0px;--awb-border-radius-bottom-left:0px;--awb-padding-top:120px;--awb-padding-bottom:120px;--awb-padding-top-medium:40px;--awb-padding-bottom-medium:40px;--awb-background-color:#f5f5f5;--awb-flex-wrap:wrap;\" ><div class=\"fusion-builder-row fusion-row fusion-flex-align-items-flex-start fusion-flex-content-wrap\" style=\"max-width:1248px;margin-left: calc(-4% \/ 2 );margin-right: calc(-4% \/ 2 );\"><div class=\"fusion-layout-column fusion_builder_column fusion-builder-column-5 fusion_builder_column_1_2 1_2 fusion-flex-column\" style=\"--awb-bg-size:cover;--awb-width-large:50%;--awb-margin-top-large:0px;--awb-spacing-right-large:3.84%;--awb-margin-bottom-large:20px;--awb-spacing-left-large:3.84%;--awb-width-medium:50%;--awb-order-medium:0;--awb-spacing-right-medium:3.84%;--awb-spacing-left-medium:3.84%;--awb-width-small:100%;--awb-order-small:0;--awb-spacing-right-small:1.92%;--awb-spacing-left-small:1.92%;\"><div class=\"fusion-column-wrapper fusion-column-has-shadow fusion-flex-justify-content-flex-start fusion-content-layout-column\"><div class=\"fusion-text fusion-text-6 fusion-text-no-margin\" style=\"--awb-text-color:var(--awb-color7);--awb-margin-bottom:20px;\"><h2>\u00bfNecesitas m\u00e1s palas o accesorios?<\/h2>\n<\/div><div class=\"fusion-image-element fusion-no-medium-visibility fusion-no-large-visibility\" style=\"--awb-caption-title-font-family:var(--h2_typography-font-family);--awb-caption-title-font-weight:var(--h2_typography-font-weight);--awb-caption-title-font-style:var(--h2_typography-font-style);--awb-caption-title-size:var(--h2_typography-font-size);--awb-caption-title-transform:var(--h2_typography-text-transform);--awb-caption-title-line-height:var(--h2_typography-line-height);--awb-caption-title-letter-spacing:var(--h2_typography-letter-spacing);\"><span class=\" fusion-imageframe imageframe-none imageframe-6 hover-type-none\"><img decoding=\"async\" width=\"1200\" height=\"1200\"  src=\"https:\/\/www.alfaforni.com\/wp-content\/uploads\/2025\/10\/Pizza-peel-set-alfa-forni.jpg\" class=\"img-responsive wp-image-69785\" srcset=\"https:\/\/www.alfaforni.com\/wp-content\/uploads\/2025\/10\/Pizza-peel-set-alfa-forni-400x400.jpg 400w, https:\/\/www.alfaforni.com\/wp-content\/uploads\/2025\/10\/Pizza-peel-set-alfa-forni-600x600.jpg 600w, https:\/\/www.alfaforni.com\/wp-content\/uploads\/2025\/10\/Pizza-peel-set-alfa-forni-800x800.jpg 800w, https:\/\/www.alfaforni.com\/wp-content\/uploads\/2025\/10\/Pizza-peel-set-alfa-forni.jpg 1200w\" sizes=\"(max-width: 640px) 100vw, 600px\" alt=\"\"><\/span><\/div><div class=\"fusion-text fusion-text-7 fusion-text-no-margin\" style=\"--awb-text-color:var(--awb-color7);--awb-margin-bottom:20px;\"><h3>La pala para pizza Alfa forma parte de nuestro <a href=\"\/es\/producto\/set-de-palas-para-pizza-alfa\/\"><strong data-start=\"3640\" data-end=\"3656\">Set de palas<\/strong><\/a>, que tambi\u00e9n incluye un palino, un removedor de brasas y un cepillo para horno de le\u00f1a.<\/h3>\n<\/div><div class=\"fusion-text fusion-text-8\" style=\"--awb-text-color:#000000;\"><p data-start=\"3593\" data-end=\"3888\"><strong>El Set de palas forma parte del <a href=\"\/es\/producto\/pizzaiolo-master-kit\/\">Kit Pizzaiolo Alfa<\/a>, una selecci\u00f3n de nuestros mejores accesorios para aprovechar al m\u00e1ximo tu horno Alfa.<\/strong><\/p>\n<p data-start=\"3890\" data-end=\"3998\">Prep\u00e1rate para hornear pizzas como un aut\u00e9ntico pizzaiolo con la pala Alfa y los accesorios para horno Alfa<\/p>\n<\/div><\/div><\/div><div class=\"fusion-layout-column fusion_builder_column fusion-builder-column-6 fusion_builder_column_1_2 1_2 fusion-flex-column\" style=\"--awb-bg-size:cover;--awb-width-large:50%;--awb-margin-top-large:0px;--awb-spacing-right-large:3.84%;--awb-margin-bottom-large:20px;--awb-spacing-left-large:3.84%;--awb-width-medium:50%;--awb-order-medium:0;--awb-spacing-right-medium:3.84%;--awb-spacing-left-medium:3.84%;--awb-width-small:100%;--awb-order-small:0;--awb-spacing-right-small:1.92%;--awb-spacing-left-small:1.92%;\"><div class=\"fusion-column-wrapper fusion-column-has-shadow fusion-flex-justify-content-flex-start fusion-content-layout-column\"><div class=\"fusion-image-element fusion-no-small-visibility\" style=\"--awb-caption-title-font-family:var(--h2_typography-font-family);--awb-caption-title-font-weight:var(--h2_typography-font-weight);--awb-caption-title-font-style:var(--h2_typography-font-style);--awb-caption-title-size:var(--h2_typography-font-size);--awb-caption-title-transform:var(--h2_typography-text-transform);--awb-caption-title-line-height:var(--h2_typography-line-height);--awb-caption-title-letter-spacing:var(--h2_typography-letter-spacing);\"><span class=\" fusion-imageframe imageframe-none imageframe-7 hover-type-none\"><img decoding=\"async\" width=\"1200\" height=\"1200\"  src=\"https:\/\/www.alfaforni.com\/wp-content\/uploads\/2025\/10\/Pizza-peel-set-alfa-forni.jpg\" class=\"img-responsive wp-image-69785\" srcset=\"https:\/\/www.alfaforni.com\/wp-content\/uploads\/2025\/10\/Pizza-peel-set-alfa-forni-400x400.jpg 400w, https:\/\/www.alfaforni.com\/wp-content\/uploads\/2025\/10\/Pizza-peel-set-alfa-forni-600x600.jpg 600w, https:\/\/www.alfaforni.com\/wp-content\/uploads\/2025\/10\/Pizza-peel-set-alfa-forni-800x800.jpg 800w, https:\/\/www.alfaforni.com\/wp-content\/uploads\/2025\/10\/Pizza-peel-set-alfa-forni.jpg 1200w\" sizes=\"(max-width: 640px) 100vw, 600px\" alt=\"\"><\/span><\/div><\/div><\/div><\/div><\/div><\/p>\n","protected":false},"excerpt":{"rendered":"<h2>Cepillo de limpieza<\/h2>\n<h3><span style=\"font-weight: 400;\">El cepillo de limpieza Alfa es la herramienta ideal para limpiar la superficie del horno de forma eficaz y segura.<\/span><\/h3>\n<p data-start=\"500\" data-end=\"727\">Est\u00e1 dise\u00f1ado para garantizar una limpieza r\u00e1pida, eficiente y delicada de la piedra refractaria, sin da\u00f1arla.<\/p>\n<p data-start=\"729\" data-end=\"968\">Las <strong>cerdas de lat\u00f3n eliminan f\u00e1cilmente ceniza<\/strong>, harina y restos de cocci\u00f3n. Con un uso regular, el cepillo ayuda a mantener el horno siempre limpio, mejorando la calidad de las cocciones y prolongando la vida \u00fatil de la piedra refractaria.<\/p>\n<p>Its main features:<\/p>\n<ul class=\"dark_text\">\n<li>Cerdas de lat\u00f3n, ideales para piedra refractaria<\/li>\n<li>Longitud regulable<\/li>\n<li>Mango tubular deslizante<\/li>\n<li>Empu\u00f1adura profesional antideslizante<\/li>\n<li><strong>Compatible con <a href=\"https:\/\/www.alfaforni.com\/es\/hornos-para-pizza-lena-gas\/\">todos los hornos dom\u00e9sticos Alfa<\/a>.<\/strong><\/li>\n<\/ul>\n<p>&nbsp;<\/p>\n[fusion_tabs parent_dynamic_content=\"\" design=\"clean\" layout=\"horizontal\" justified=\"yes\" alignment=\"start\" sticky_tabs=\"no\" icon_size=\"\" hide_on_mobile=\"small-visibility,medium-visibility,large-visibility\" margin_medium=\"\" margin_small=\"\" title_tag=\"div\" title_padding_medium=\"\" title_padding_small=\"\" content_padding_medium=\"\" content_padding_small=\"\" title_active_text_color=\"\" title_text_color=\"#000000\" icon_active_color=\"\" icon_color=\"#000000\" fusion_font_variant_title_font=\"600\" fusion_font_family_title_font=\"Open Sans\" title_font_size=\"16px\" inactivecolor=\"#ffffff\" bordercolor=\"var(--awb-color1)\" icon=\"fa-angle-down fas\"][fusion_tab title=\"Contenido del paquete\"]<\/p>\n<ul>\n<li>1 cabezal de cepillo con cerdas de lat\u00f3n<\/li>\n<li>1 empu\u00f1adura antideslizante con mango deslizante de duroplast<\/li>\n<li>1 prolongaci\u00f3n de aluminio anodizado de 25 cm<\/li>\n<\/ul>\n<p>[\/fusion_tab][fusion_tab title=\"Dimensiones del paquete\"]<\/p>\n<ul>\n<li>50 x 12 x 4 cm<\/li>\n<\/ul>\n<p>[\/fusion_tab][\/fusion_tabs]\n","protected":false},"featured_media":24571,"template":"","meta":{"_acf_changed":false},"product_brand":[],"product_cat":[186,345],"product_tag":[],"class_list":{"0":"post-70904","1":"product","2":"type-product","3":"status-publish","4":"has-post-thumbnail","6":"product_cat-accesorios-para-hornos-de-lena","7":"product_cat-accesorios-domesticos","9":"first","10":"instock","11":"shipping-taxable","12":"product-type-simple"},"acf":[],"_links":{"self":[{"href":"https:\/\/www.alfaforni.com\/es\/wp-json\/wp\/v2\/product\/70904","targetHints":{"allow":["GET"]}}],"collection":[{"href":"https:\/\/www.alfaforni.com\/es\/wp-json\/wp\/v2\/product"}],"about":[{"href":"https:\/\/www.alfaforni.com\/es\/wp-json\/wp\/v2\/types\/product"}],"wp:featuredmedia":[{"embeddable":true,"href":"https:\/\/www.alfaforni.com\/es\/wp-json\/wp\/v2\/media\/24571"}],"wp:attachment":[{"href":"https:\/\/www.alfaforni.com\/es\/wp-json\/wp\/v2\/media?parent=70904"}],"wp:term":[{"taxonomy":"product_brand","embeddable":true,"href":"https:\/\/www.alfaforni.com\/es\/wp-json\/wp\/v2\/product_brand?post=70904"},{"taxonomy":"product_cat","embeddable":true,"href":"https:\/\/www.alfaforni.com\/es\/wp-json\/wp\/v2\/product_cat?post=70904"},{"taxonomy":"product_tag","embeddable":true,"href":"https:\/\/www.alfaforni.com\/es\/wp-json\/wp\/v2\/product_tag?post=70904"}],"curies":[{"name":"wp","href":"https:\/\/api.w.org\/{rel}","templated":true}]}}