{"id":3117,"date":"2018-06-12T12:09:04","date_gmt":"2018-06-12T10:09:04","guid":{"rendered":"https:\/\/www.alfaforni.com\/devenir-un-revendeur\/"},"modified":"2025-03-31T10:47:12","modified_gmt":"2025-03-31T08:47:12","slug":"devenir-un-revendeur","status":"publish","type":"page","link":"https:\/\/www.alfaforni.com\/fr\/devenir-un-revendeur\/","title":{"rendered":"Devenez revendeur"},"content":{"rendered":"<p><div class=\"fusion-fullwidth fullwidth-box fusion-builder-row-1 fusion-flex-container has-pattern-background has-mask-background nonhundred-percent-fullwidth non-hundred-percent-height-scrolling\" style=\"--awb-border-radius-top-left:0px;--awb-border-radius-top-right:0px;--awb-border-radius-bottom-right:0px;--awb-border-radius-bottom-left:0px;--awb-padding-top:40px;--awb-padding-bottom:80px;--awb-padding-top-medium:0px;--awb-flex-wrap:wrap;\" ><div class=\"fusion-builder-row fusion-row fusion-flex-align-items-flex-start fusion-flex-content-wrap\" style=\"max-width:1248px;margin-left: calc(-4% \/ 2 );margin-right: calc(-4% \/ 2 );\"><div class=\"fusion-layout-column fusion_builder_column fusion-builder-column-0 fusion_builder_column_1_2 1_2 fusion-flex-column\" style=\"--awb-bg-size:cover;--awb-width-large:50%;--awb-margin-top-large:-30px;--awb-spacing-right-large:3.84%;--awb-margin-bottom-large:20px;--awb-spacing-left-large:3.84%;--awb-width-medium:50%;--awb-order-medium:0;--awb-spacing-right-medium:3.84%;--awb-spacing-left-medium:3.84%;--awb-width-small:100%;--awb-order-small:0;--awb-spacing-right-small:1.92%;--awb-spacing-left-small:1.92%;\"><div class=\"fusion-column-wrapper fusion-column-has-shadow fusion-flex-justify-content-flex-start fusion-content-layout-column\"><div class=\"fusion-image-element fusion-no-medium-visibility fusion-no-large-visibility\" style=\"--awb-caption-title-font-family:var(--h2_typography-font-family);--awb-caption-title-font-weight:var(--h2_typography-font-weight);--awb-caption-title-font-style:var(--h2_typography-font-style);--awb-caption-title-size:var(--h2_typography-font-size);--awb-caption-title-transform:var(--h2_typography-text-transform);--awb-caption-title-line-height:var(--h2_typography-line-height);--awb-caption-title-letter-spacing:var(--h2_typography-letter-spacing);\"><span class=\" fusion-imageframe imageframe-none imageframe-1 hover-type-none\"><img decoding=\"async\" width=\"1000\" height=\"1000\"  src=\"https:\/\/www.alfaforni.com\/wp-content\/uploads\/2025\/03\/Alfa-Forni-Partner-page.jpg\" class=\"img-responsive wp-image-68541\" srcset=\"https:\/\/www.alfaforni.com\/wp-content\/uploads\/2025\/03\/Alfa-Forni-Partner-page-400x400.jpg 400w, https:\/\/www.alfaforni.com\/wp-content\/uploads\/2025\/03\/Alfa-Forni-Partner-page-600x600.jpg 600w, https:\/\/www.alfaforni.com\/wp-content\/uploads\/2025\/03\/Alfa-Forni-Partner-page-800x800.jpg 800w, https:\/\/www.alfaforni.com\/wp-content\/uploads\/2025\/03\/Alfa-Forni-Partner-page.jpg 1000w\" sizes=\"(max-width: 640px) 100vw, 600px\" alt=\"\"><\/span><\/div><div class=\"fusion-text fusion-text-1\"><h1 style=\"font-size: 55px !important;\">Devenez Partenaire<br \/>\nAlfa Forni<\/h1>\n<h3>Le four \u00e0 pizza haut de gamme que vos clients attendent.<br \/>\nUne v\u00e9ritable opportunit\u00e9 pour votre activit\u00e9.<\/h3>\n<p>Chez Alfa, nous pensons qu\u2019un point de vente est bien plus qu\u2019un lieu d\u2019achat : c\u2019est un espace d\u2019exp\u00e9rience. C\u2019est pourquoi nous construisons un r\u00e9seau de <strong>revendeurs qualifi\u00e9s<\/strong> capables de transmettre la valeur d\u2019un four \u00e0 pizza premium, con\u00e7u pour durer, impressionner et \u00e9veiller la passion de la cuisine en plein air.<\/p>\n<p>Ces derni\u00e8res ann\u00e9es, notre marque est devenue une <strong>r\u00e9f\u00e9rence mondiale dans le domaine des fours \u00e0 pizza<\/strong> d\u2019ext\u00e9rieur haut de gamme.<\/p>\n<p>Notre objectif est clair : s\u00e9duire de nouveaux passionn\u00e9s et guider toujours plus de clients vers <strong>une exp\u00e9rience de cuisson sup\u00e9rieure<\/strong>.<\/p>\n<\/div><div ><a class=\"fusion-button button-flat fusion-button-default-size button-default fusion-button-default button-1 fusion-button-default-span fusion-button-default-type fusion-no-medium-visibility fusion-no-large-visibility\" target=\"_self\" href=\"#formpartner\"><span class=\"fusion-button-text awb-button__text awb-button__text--default\">Remplissez le formulaire &gt;&gt;<\/span><\/a><\/div><\/div><\/div><div class=\"fusion-layout-column fusion_builder_column fusion-builder-column-1 fusion_builder_column_1_2 1_2 fusion-flex-column\" style=\"--awb-bg-size:cover;--awb-width-large:50%;--awb-margin-top-large:0px;--awb-spacing-right-large:3.84%;--awb-margin-bottom-large:20px;--awb-spacing-left-large:3.84%;--awb-width-medium:50%;--awb-order-medium:0;--awb-spacing-right-medium:3.84%;--awb-spacing-left-medium:3.84%;--awb-width-small:100%;--awb-order-small:0;--awb-spacing-right-small:1.92%;--awb-spacing-left-small:1.92%;\"><div class=\"fusion-column-wrapper fusion-column-has-shadow fusion-flex-justify-content-flex-start fusion-content-layout-column\"><div class=\"fusion-image-element fusion-no-small-visibility\" style=\"--awb-caption-title-font-family:var(--h2_typography-font-family);--awb-caption-title-font-weight:var(--h2_typography-font-weight);--awb-caption-title-font-style:var(--h2_typography-font-style);--awb-caption-title-size:var(--h2_typography-font-size);--awb-caption-title-transform:var(--h2_typography-text-transform);--awb-caption-title-line-height:var(--h2_typography-line-height);--awb-caption-title-letter-spacing:var(--h2_typography-letter-spacing);\"><span class=\" fusion-imageframe imageframe-none imageframe-2 hover-type-none\"><img decoding=\"async\" width=\"1000\" height=\"1000\"  src=\"https:\/\/www.alfaforni.com\/wp-content\/uploads\/2025\/03\/Alfa-Forni-Partner-page.jpg\" class=\"img-responsive wp-image-68541\" srcset=\"https:\/\/www.alfaforni.com\/wp-content\/uploads\/2025\/03\/Alfa-Forni-Partner-page-400x400.jpg 400w, https:\/\/www.alfaforni.com\/wp-content\/uploads\/2025\/03\/Alfa-Forni-Partner-page-600x600.jpg 600w, https:\/\/www.alfaforni.com\/wp-content\/uploads\/2025\/03\/Alfa-Forni-Partner-page-800x800.jpg 800w, https:\/\/www.alfaforni.com\/wp-content\/uploads\/2025\/03\/Alfa-Forni-Partner-page.jpg 1000w\" sizes=\"(max-width: 640px) 100vw, 600px\" alt=\"\"><\/span><\/div><\/div><\/div><\/div><\/div><div class=\"fusion-fullwidth fullwidth-box fusion-builder-row-2 fusion-flex-container has-pattern-background has-mask-background nonhundred-percent-fullwidth non-hundred-percent-height-scrolling\" style=\"--awb-border-radius-top-left:0px;--awb-border-radius-top-right:0px;--awb-border-radius-bottom-right:0px;--awb-border-radius-bottom-left:0px;--awb-padding-top:40px;--awb-padding-bottom:80px;--awb-padding-top-medium:0px;--awb-flex-wrap:wrap;\" ><div class=\"fusion-builder-row fusion-row fusion-flex-align-items-flex-start fusion-flex-content-wrap\" style=\"max-width:1248px;margin-left: calc(-4% \/ 2 );margin-right: calc(-4% \/ 2 );\"><div class=\"fusion-layout-column fusion_builder_column fusion-builder-column-2 fusion_builder_column_1_2 1_2 fusion-flex-column\" style=\"--awb-bg-size:cover;--awb-width-large:50%;--awb-margin-top-large:0px;--awb-spacing-right-large:3.84%;--awb-margin-bottom-large:20px;--awb-spacing-left-large:3.84%;--awb-width-medium:50%;--awb-order-medium:0;--awb-spacing-right-medium:3.84%;--awb-spacing-left-medium:3.84%;--awb-width-small:100%;--awb-order-small:0;--awb-spacing-right-small:1.92%;--awb-spacing-left-small:1.92%;\"><div class=\"fusion-column-wrapper fusion-column-has-shadow fusion-flex-justify-content-flex-start fusion-content-layout-column\"><div class=\"fusion-video fusion-vimeo\" style=\"--awb-max-width:600px;--awb-max-height:360px;--awb-margin-bottom:15px;\"><div class=\"video-shortcode\"><div class=\"fluid-width-video-wrapper\" style=\"padding-top:60%;\" ><iframe title=\"Vimeo video player 1\" src=\"https:\/\/player.vimeo.com\/video\/938509315?autoplay=0&amp;autopause=0\" width=\"600\" height=\"360\" allowfullscreen allow=\"autoplay; fullscreen\"><\/iframe><\/div><\/div><\/div><div class=\"fusion-text fusion-text-2\"><h2>Un four Alfa est l\u2019upgrade que chaque client recherche.<\/h2>\n<h4>En choisissant Alfa, vous ne vendez pas seulement un produit, mais une v\u00e9ritable exp\u00e9rience culinaire et de vie.<\/h4>\n<\/div><div class=\"fusion-text fusion-text-3\"><h3>Pourquoi devenir revendeur Alfa ?<\/h3>\n<ul>\n<li><strong>Leader du march\u00e9 des fours \u00e0 pizza<\/strong> : plus de 10 000 fours vendus chaque ann\u00e9e<\/li>\n<li><strong>Une marque forte et reconnue<\/strong> : 50 ans d\u2019innovation, de qualit\u00e9 et de design italien<\/li>\n<li><strong>Un marketing qui g\u00e9n\u00e8re des contacts<\/strong> : des milliers de visiteurs uniques chaque jour et des investissements digitaux pour attirer des clients en point de vente<\/li>\n<li><strong>Un r\u00e9seau mondial<\/strong> : Alfa est pr\u00e9sent dans plus de 70 pays avec une communaut\u00e9 de partenaires en constante expansion<\/li>\n<li><strong>Un accompagnement d\u00e9di\u00e9<\/strong> : formation, assistance, supports marketing, conseils pour la pr\u00e9sentation et la vente<\/li>\n<\/ul>\n<\/div><div class=\"fusion-text fusion-text-4\"><h3>Ce que nous recherchons chez nos partenaires<\/h3>\n<ul>\n<li>Professionnalisme dans les domaines de <strong>l\u2019\u00e9lectrom\u00e9nager<\/strong>, de <strong>l\u2019outdoor<\/strong> ou du <strong>design<\/strong> ext\u00e9rieur<\/li>\n<li>Un souci constant de la <strong>satisfaction client<\/strong> et de l\u2019exp\u00e9rience utilisateur<\/li>\n<li>L\u2019engagement \u00e0 respecter nos <strong>standards de qualit\u00e9 et de pr\u00e9sentation<\/strong><\/li>\n<\/ul>\n<\/div><\/div><\/div><div class=\"fusion-layout-column fusion_builder_column fusion-builder-column-3 fusion_builder_column_1_2 1_2 fusion-flex-column\" style=\"--awb-padding-top:15px;--awb-padding-right:15px;--awb-padding-bottom:15px;--awb-padding-left:15px;--awb-bg-color:#f5f5f5;--awb-bg-color-hover:#f5f5f5;--awb-bg-size:cover;--awb-width-large:50%;--awb-margin-top-large:0px;--awb-spacing-right-large:3.84%;--awb-margin-bottom-large:20px;--awb-spacing-left-large:3.84%;--awb-width-medium:50%;--awb-order-medium:0;--awb-spacing-right-medium:3.84%;--awb-spacing-left-medium:3.84%;--awb-width-small:100%;--awb-order-small:0;--awb-spacing-right-small:1.92%;--awb-spacing-left-small:1.92%;\" id=\"formpartner\" data-scroll-devices=\"small-visibility,medium-visibility,large-visibility\"><div class=\"fusion-column-wrapper fusion-column-has-shadow fusion-flex-justify-content-flex-start fusion-content-layout-column\"><div class=\"fusion-text fusion-text-5\"><h3>D\u00e9couvrez comment rejoindre l\u2019\u00e9quipe de revendeurs Alfa : il vous suffit de remplir le formulaire ci-dessous.<\/h3>\n<\/div><!--[if lte IE 8]>\n<script data-wpfc-render=\"false\" charset=\"utf-8\" type=\"text\/javascript\" src=\"\/\/js.hsforms.net\/forms\/v2-legacy.js\"><\/script>\n<![endif]-->\n<script data-wpfc-render=\"false\" charset=\"utf-8\" type=\"text\/javascript\" src=\"\/\/js.hsforms.net\/forms\/v2.js\"><\/script>\n<script>\n  hbspt.forms.create({\n\tportalId: \"4295316\",\n\tformId: \"63245ded-f245-44ed-b9d6-75dbc6e58d16\"\n});\n<\/script><\/div><\/div><\/div><\/div><div class=\"fusion-fullwidth fullwidth-box fusion-builder-row-3 fusion-flex-container has-pattern-background has-mask-background nonhundred-percent-fullwidth non-hundred-percent-height-scrolling\" style=\"--awb-border-radius-top-left:0px;--awb-border-radius-top-right:0px;--awb-border-radius-bottom-right:0px;--awb-border-radius-bottom-left:0px;--awb-padding-top:40px;--awb-padding-bottom:80px;--awb-padding-top-medium:0px;--awb-flex-wrap:wrap;\" ><div class=\"fusion-builder-row fusion-row fusion-flex-align-items-flex-start fusion-flex-content-wrap\" style=\"max-width:1248px;margin-left: calc(-4% \/ 2 );margin-right: calc(-4% \/ 2 );\"><div class=\"fusion-layout-column fusion_builder_column fusion-builder-column-4 fusion_builder_column_1_1 1_1 fusion-flex-column\" style=\"--awb-bg-size:cover;--awb-width-large:100%;--awb-margin-top-large:0px;--awb-spacing-right-large:1.92%;--awb-margin-bottom-large:20px;--awb-spacing-left-large:1.92%;--awb-width-medium:100%;--awb-order-medium:0;--awb-spacing-right-medium:1.92%;--awb-spacing-left-medium:1.92%;--awb-width-small:100%;--awb-order-small:0;--awb-spacing-right-small:1.92%;--awb-spacing-left-small:1.92%;\"><div class=\"fusion-column-wrapper fusion-column-has-shadow fusion-flex-justify-content-flex-start fusion-content-layout-column\"><div class=\"awb-gallery-wrapper awb-gallery-wrapper-1 button-span-no\" style=\"--more-btn-alignment:center;\"><div style=\"margin:-5px;--awb-bordersize:0px;\" class=\"fusion-gallery fusion-gallery-container fusion-grid-3 fusion-columns-total-6 fusion-gallery-layout-grid fusion-gallery-1\"><div style=\"padding:5px;\" class=\"fusion-grid-column fusion-gallery-column fusion-gallery-column-3 hover-type-none\"><div class=\"fusion-gallery-image\"><a href=\"https:\/\/www.alfaforni.com\/wp-content\/uploads\/2025\/03\/Moderno-3-Pizze-Ruby-Red-5.jpg\" rel=\"noreferrer\" data-rel=\"iLightbox[gallery_image_1]\" class=\"fusion-lightbox\" target=\"_self\"><img decoding=\"async\" src=\"https:\/\/www.alfaforni.com\/wp-content\/uploads\/2025\/03\/Moderno-3-Pizze-Ruby-Red-5.jpg\" width=\"1024\" height=\"768\" alt=\"\"  aria-label=\"Moderno-3-Pizze-Ruby-Red-5\" class=\"img-responsive wp-image-67600\" srcset=\"https:\/\/www.alfaforni.com\/wp-content\/uploads\/2025\/03\/Moderno-3-Pizze-Ruby-Red-5-400x300.jpg 400w, https:\/\/www.alfaforni.com\/wp-content\/uploads\/2025\/03\/Moderno-3-Pizze-Ruby-Red-5-600x450.jpg 600w, https:\/\/www.alfaforni.com\/wp-content\/uploads\/2025\/03\/Moderno-3-Pizze-Ruby-Red-5-800x600.jpg 800w, https:\/\/www.alfaforni.com\/wp-content\/uploads\/2025\/03\/Moderno-3-Pizze-Ruby-Red-5.jpg 1024w\" sizes=\"(min-width: 2200px) 100vw, (min-width: 784px) 397px, (min-width: 712px) 595px, (min-width: 640px) 712px, \"><\/a><\/div><\/div><div style=\"padding:5px;\" class=\"fusion-grid-column fusion-gallery-column fusion-gallery-column-3 hover-type-none\"><div class=\"fusion-gallery-image\"><a href=\"https:\/\/www.alfaforni.com\/wp-content\/uploads\/2025\/03\/Moderno-3-Pizze-Ruby-Red-8.jpg\" rel=\"noreferrer\" data-rel=\"iLightbox[gallery_image_1]\" class=\"fusion-lightbox\" target=\"_self\"><img decoding=\"async\" src=\"https:\/\/www.alfaforni.com\/wp-content\/uploads\/2025\/03\/Moderno-3-Pizze-Ruby-Red-8.jpg\" width=\"1024\" height=\"768\" alt=\"\"  aria-label=\"Moderno-3-Pizze-Ruby-Red-8\" class=\"img-responsive wp-image-67607\" srcset=\"https:\/\/www.alfaforni.com\/wp-content\/uploads\/2025\/03\/Moderno-3-Pizze-Ruby-Red-8-400x300.jpg 400w, https:\/\/www.alfaforni.com\/wp-content\/uploads\/2025\/03\/Moderno-3-Pizze-Ruby-Red-8-600x450.jpg 600w, https:\/\/www.alfaforni.com\/wp-content\/uploads\/2025\/03\/Moderno-3-Pizze-Ruby-Red-8-800x600.jpg 800w, https:\/\/www.alfaforni.com\/wp-content\/uploads\/2025\/03\/Moderno-3-Pizze-Ruby-Red-8.jpg 1024w\" sizes=\"(min-width: 2200px) 100vw, (min-width: 784px) 397px, (min-width: 712px) 595px, (min-width: 640px) 712px, \"><\/a><\/div><\/div><div style=\"padding:5px;\" class=\"fusion-grid-column fusion-gallery-column fusion-gallery-column-3 hover-type-none\"><div class=\"fusion-gallery-image\"><a href=\"https:\/\/www.alfaforni.com\/wp-content\/uploads\/2025\/03\/Moderno-3-Pizze-Ruby-Red-1.jpg\" rel=\"noreferrer\" data-rel=\"iLightbox[gallery_image_1]\" class=\"fusion-lightbox\" target=\"_self\"><img decoding=\"async\" src=\"https:\/\/www.alfaforni.com\/wp-content\/uploads\/2025\/03\/Moderno-3-Pizze-Ruby-Red-1.jpg\" width=\"1024\" height=\"768\" alt=\"\"  aria-label=\"Moderno-3-Pizze-Ruby-Red-1\" class=\"img-responsive wp-image-67572\" srcset=\"https:\/\/www.alfaforni.com\/wp-content\/uploads\/2025\/03\/Moderno-3-Pizze-Ruby-Red-1-400x300.jpg 400w, https:\/\/www.alfaforni.com\/wp-content\/uploads\/2025\/03\/Moderno-3-Pizze-Ruby-Red-1-600x450.jpg 600w, https:\/\/www.alfaforni.com\/wp-content\/uploads\/2025\/03\/Moderno-3-Pizze-Ruby-Red-1-800x600.jpg 800w, https:\/\/www.alfaforni.com\/wp-content\/uploads\/2025\/03\/Moderno-3-Pizze-Ruby-Red-1.jpg 1024w\" sizes=\"(min-width: 2200px) 100vw, (min-width: 784px) 397px, (min-width: 712px) 595px, (min-width: 640px) 712px, \"><\/a><\/div><\/div><div class=\"clearfix\"><\/div><div style=\"padding:5px;\" class=\"fusion-grid-column fusion-gallery-column fusion-gallery-column-3 hover-type-none\"><div class=\"fusion-gallery-image\"><a href=\"https:\/\/www.alfaforni.com\/wp-content\/uploads\/2025\/03\/Moderno-3-Pizze-Ruby-Red-6.jpg\" rel=\"noreferrer\" data-rel=\"iLightbox[gallery_image_1]\" class=\"fusion-lightbox\" target=\"_self\"><img decoding=\"async\" src=\"https:\/\/www.alfaforni.com\/wp-content\/uploads\/2025\/03\/Moderno-3-Pizze-Ruby-Red-6.jpg\" width=\"1024\" height=\"768\" alt=\"\"  aria-label=\"Moderno-3-Pizze-Ruby-Red-6\" class=\"img-responsive wp-image-67565\" srcset=\"https:\/\/www.alfaforni.com\/wp-content\/uploads\/2025\/03\/Moderno-3-Pizze-Ruby-Red-6-400x300.jpg 400w, https:\/\/www.alfaforni.com\/wp-content\/uploads\/2025\/03\/Moderno-3-Pizze-Ruby-Red-6-600x450.jpg 600w, https:\/\/www.alfaforni.com\/wp-content\/uploads\/2025\/03\/Moderno-3-Pizze-Ruby-Red-6-800x600.jpg 800w, https:\/\/www.alfaforni.com\/wp-content\/uploads\/2025\/03\/Moderno-3-Pizze-Ruby-Red-6.jpg 1024w\" sizes=\"(min-width: 2200px) 100vw, (min-width: 784px) 397px, (min-width: 712px) 595px, (min-width: 640px) 712px, \"><\/a><\/div><\/div><div style=\"padding:5px;\" class=\"fusion-grid-column fusion-gallery-column fusion-gallery-column-3 hover-type-none\"><div class=\"fusion-gallery-image\"><a href=\"https:\/\/www.alfaforni.com\/wp-content\/uploads\/2025\/03\/Moderno-3-Pizze-Ruby-Red-3.jpg\" rel=\"noreferrer\" data-rel=\"iLightbox[gallery_image_1]\" class=\"fusion-lightbox\" target=\"_self\"><img decoding=\"async\" src=\"https:\/\/www.alfaforni.com\/wp-content\/uploads\/2025\/03\/Moderno-3-Pizze-Ruby-Red-3.jpg\" width=\"1024\" height=\"768\" alt=\"\"  aria-label=\"Moderno-3-Pizze-Ruby-Red-3\" class=\"img-responsive wp-image-67586\" srcset=\"https:\/\/www.alfaforni.com\/wp-content\/uploads\/2025\/03\/Moderno-3-Pizze-Ruby-Red-3-400x300.jpg 400w, https:\/\/www.alfaforni.com\/wp-content\/uploads\/2025\/03\/Moderno-3-Pizze-Ruby-Red-3-600x450.jpg 600w, https:\/\/www.alfaforni.com\/wp-content\/uploads\/2025\/03\/Moderno-3-Pizze-Ruby-Red-3-800x600.jpg 800w, https:\/\/www.alfaforni.com\/wp-content\/uploads\/2025\/03\/Moderno-3-Pizze-Ruby-Red-3.jpg 1024w\" sizes=\"(min-width: 2200px) 100vw, (min-width: 784px) 397px, (min-width: 712px) 595px, (min-width: 640px) 712px, \"><\/a><\/div><\/div><div style=\"padding:5px;\" class=\"fusion-grid-column fusion-gallery-column fusion-gallery-column-3 hover-type-none\"><div class=\"fusion-gallery-image\"><a href=\"https:\/\/www.alfaforni.com\/wp-content\/uploads\/2025\/03\/Moderno-3-Pizze-Ruby-Red-4.jpg\" rel=\"noreferrer\" data-rel=\"iLightbox[gallery_image_1]\" class=\"fusion-lightbox\" target=\"_self\"><img decoding=\"async\" src=\"https:\/\/www.alfaforni.com\/wp-content\/uploads\/2025\/03\/Moderno-3-Pizze-Ruby-Red-4.jpg\" width=\"1024\" height=\"768\" alt=\"\"  aria-label=\"Moderno-3-Pizze-Ruby-Red-4\" class=\"img-responsive wp-image-67593\" srcset=\"https:\/\/www.alfaforni.com\/wp-content\/uploads\/2025\/03\/Moderno-3-Pizze-Ruby-Red-4-400x300.jpg 400w, https:\/\/www.alfaforni.com\/wp-content\/uploads\/2025\/03\/Moderno-3-Pizze-Ruby-Red-4-600x450.jpg 600w, https:\/\/www.alfaforni.com\/wp-content\/uploads\/2025\/03\/Moderno-3-Pizze-Ruby-Red-4-800x600.jpg 800w, https:\/\/www.alfaforni.com\/wp-content\/uploads\/2025\/03\/Moderno-3-Pizze-Ruby-Red-4.jpg 1024w\" sizes=\"(min-width: 2200px) 100vw, (min-width: 784px) 397px, (min-width: 712px) 595px, (min-width: 640px) 712px, \"><\/a><\/div><\/div><div class=\"clearfix\"><\/div><\/div><\/div><\/div><\/div><\/div><\/div><\/p>\n","protected":false},"excerpt":{"rendered":"","protected":false},"author":1,"featured_media":67612,"parent":0,"menu_order":0,"comment_status":"closed","ping_status":"closed","template":"100-width.php","meta":{"_acf_changed":false,"footnotes":""},"class_list":["post-3117","page","type-page","status-publish","has-post-thumbnail","hentry"],"acf":[],"_links":{"self":[{"href":"https:\/\/www.alfaforni.com\/fr\/wp-json\/wp\/v2\/pages\/3117","targetHints":{"allow":["GET"]}}],"collection":[{"href":"https:\/\/www.alfaforni.com\/fr\/wp-json\/wp\/v2\/pages"}],"about":[{"href":"https:\/\/www.alfaforni.com\/fr\/wp-json\/wp\/v2\/types\/page"}],"author":[{"embeddable":true,"href":"https:\/\/www.alfaforni.com\/fr\/wp-json\/wp\/v2\/users\/1"}],"replies":[{"embeddable":true,"href":"https:\/\/www.alfaforni.com\/fr\/wp-json\/wp\/v2\/comments?post=3117"}],"version-history":[{"count":10,"href":"https:\/\/www.alfaforni.com\/fr\/wp-json\/wp\/v2\/pages\/3117\/revisions"}],"predecessor-version":[{"id":68590,"href":"https:\/\/www.alfaforni.com\/fr\/wp-json\/wp\/v2\/pages\/3117\/revisions\/68590"}],"wp:featuredmedia":[{"embeddable":true,"href":"https:\/\/www.alfaforni.com\/fr\/wp-json\/wp\/v2\/media\/67612"}],"wp:attachment":[{"href":"https:\/\/www.alfaforni.com\/fr\/wp-json\/wp\/v2\/media?parent=3117"}],"curies":[{"name":"wp","href":"https:\/\/api.w.org\/{rel}","templated":true}]}}