{"id":3138,"date":"2018-06-12T12:19:32","date_gmt":"2018-06-12T10:19:32","guid":{"rendered":"https:\/\/www.alfaforni.com\/contact\/"},"modified":"2025-04-14T09:08:02","modified_gmt":"2025-04-14T07:08:02","slug":"contact","status":"publish","type":"page","link":"https:\/\/www.alfaforni.com\/fr\/contact\/","title":{"rendered":"Contact"},"content":{"rendered":"<p><div class=\"fusion-fullwidth fullwidth-box fusion-builder-row-1 fusion-flex-container has-pattern-background has-mask-background nonhundred-percent-fullwidth non-hundred-percent-height-scrolling\" style=\"--awb-border-radius-top-left:0px;--awb-border-radius-top-right:0px;--awb-border-radius-bottom-right:0px;--awb-border-radius-bottom-left:0px;--awb-flex-wrap:wrap;\" ><div class=\"fusion-builder-row fusion-row fusion-flex-align-items-flex-start fusion-flex-content-wrap\" style=\"max-width:1248px;margin-left: calc(-4% \/ 2 );margin-right: calc(-4% \/ 2 );\"><div class=\"fusion-layout-column fusion_builder_column fusion-builder-column-0 fusion_builder_column_1_1 1_1 fusion-flex-column\" style=\"--awb-bg-size:cover;--awb-width-large:100%;--awb-margin-top-large:0px;--awb-spacing-right-large:1.92%;--awb-margin-bottom-large:30px;--awb-spacing-left-large:1.92%;--awb-width-medium:100%;--awb-order-medium:0;--awb-spacing-right-medium:1.92%;--awb-spacing-left-medium:1.92%;--awb-width-small:100%;--awb-order-small:0;--awb-spacing-right-small:1.92%;--awb-spacing-left-small:1.92%;\" data-scroll-devices=\"small-visibility,medium-visibility,large-visibility\"><div class=\"fusion-column-wrapper fusion-column-has-shadow fusion-flex-justify-content-flex-start fusion-content-layout-column\"><div class=\"fusion-text fusion-text-1 fusion-text-no-margin\" style=\"--awb-margin-bottom:80px;\"><h1>Contactez-nous<\/h1>\n<p>Bienvenue dans notre espace de contact ! Nous sommes l\u00e0 pour vous aider.<\/p>\n<p><strong>Afin de vous offrir un service plus rapide et efficace, veuillez s\u00e9lectionner la raison de votre demande.<\/strong><br \/>\nCela nous permettra d\u2019orienter votre requ\u00eate vers l\u2019\u00e9quipe la plus appropri\u00e9e et de vous r\u00e9pondre dans les plus brefs d\u00e9lais.<\/p>\n<\/div><div class=\"fusion-text fusion-text-2 fusion-text-no-margin\" style=\"--awb-font-size:26px;--awb-margin-bottom:15px;--awb-text-font-family:&quot;Montserrat&quot;;--awb-text-font-style:normal;--awb-text-font-weight:700;\"><p>Choisissez la raison de votre contact et remplissez le formulaire d\u00e9di\u00e9 :<\/p>\n<\/div><\/div><\/div><\/div><\/div><div class=\"fusion-fullwidth fullwidth-box fusion-builder-row-2 fusion-flex-container has-pattern-background has-mask-background nonhundred-percent-fullwidth non-hundred-percent-height-scrolling\" style=\"--awb-border-radius-top-left:0px;--awb-border-radius-top-right:0px;--awb-border-radius-bottom-right:0px;--awb-border-radius-bottom-left:0px;--awb-margin-bottom:150px;--awb-flex-wrap:wrap;\" ><div class=\"fusion-builder-row fusion-row fusion-flex-align-items-flex-start fusion-flex-content-wrap\" style=\"max-width:1248px;margin-left: calc(-4% \/ 2 );margin-right: calc(-4% \/ 2 );\"><div class=\"fusion-layout-column fusion_builder_column fusion-builder-column-1 fusion_builder_column_1_3 1_3 fusion-flex-column\" style=\"--awb-bg-size:cover;--awb-width-large:33.333333333333%;--awb-margin-top-large:-30px;--awb-spacing-right-large:5.76%;--awb-margin-bottom-large:20px;--awb-spacing-left-large:5.76%;--awb-width-medium:33.333333333333%;--awb-order-medium:0;--awb-spacing-right-medium:5.76%;--awb-spacing-left-medium:5.76%;--awb-width-small:100%;--awb-order-small:0;--awb-spacing-right-small:1.92%;--awb-spacing-left-small:1.92%;\"><div class=\"fusion-column-wrapper fusion-column-has-shadow fusion-flex-justify-content-flex-start fusion-content-layout-column\"><div class=\"fusion-image-element \" style=\"--awb-caption-title-font-family:var(--h2_typography-font-family);--awb-caption-title-font-weight:var(--h2_typography-font-weight);--awb-caption-title-font-style:var(--h2_typography-font-style);--awb-caption-title-size:var(--h2_typography-font-size);--awb-caption-title-transform:var(--h2_typography-text-transform);--awb-caption-title-line-height:var(--h2_typography-line-height);--awb-caption-title-letter-spacing:var(--h2_typography-letter-spacing);\"><span class=\" fusion-imageframe imageframe-dropshadow imageframe-1 hover-type-none\" style=\"-webkit-box-shadow: 3px 3px 7px rgba(62,62,62,0.3);box-shadow: 3px 3px 7px rgba(62,62,62,0.3);\"><a class=\"fusion-no-lightbox\" href=\"https:\/\/www.alfaforni.com\/fr\/telecharger-le-catalogue\/\" target=\"_self\" aria-label=\"alfa-forni-catalog\"><img decoding=\"async\" width=\"758\" height=\"408\" src=\"https:\/\/www.alfaforni.com\/wp-content\/uploads\/2025\/03\/alfa-forni-catalog.jpg\" class=\"img-responsive wp-image-68337\" srcset=\"https:\/\/www.alfaforni.com\/wp-content\/uploads\/2025\/03\/alfa-forni-catalog-400x215.jpg 400w, https:\/\/www.alfaforni.com\/wp-content\/uploads\/2025\/03\/alfa-forni-catalog-600x323.jpg 600w, https:\/\/www.alfaforni.com\/wp-content\/uploads\/2025\/03\/alfa-forni-catalog.jpg 758w\" sizes=\"(max-width: 640px) 100vw, 400px\" alt=\"\" ><\/a><\/span><\/div><div class=\"fusion-text fusion-text-3 fusion-text-no-margin\" style=\"--awb-margin-bottom:150px;\"><h3><strong>T\u00e9l\u00e9charger le catalogue<\/strong><\/h3>\n<p><span style=\"font-size: 14px;\">Vous souhaitez en savoir plus sur nos fours ? Remplissez le formulaire.<\/span><\/p>\n<p><strong><a href=\"https:\/\/www.alfaforni.com\/fr\/telecharger-le-catalogue\/\">D\u00e9couvrir les produits &gt;<\/a><\/strong><\/p>\n<\/div><\/div><\/div><div class=\"fusion-layout-column fusion_builder_column fusion-builder-column-2 fusion_builder_column_1_3 1_3 fusion-flex-column\" style=\"--awb-bg-size:cover;--awb-width-large:33.333333333333%;--awb-margin-top-large:-30px;--awb-spacing-right-large:5.76%;--awb-margin-bottom-large:20px;--awb-spacing-left-large:5.76%;--awb-width-medium:33.333333333333%;--awb-order-medium:0;--awb-spacing-right-medium:5.76%;--awb-spacing-left-medium:5.76%;--awb-width-small:100%;--awb-order-small:0;--awb-spacing-right-small:1.92%;--awb-spacing-left-small:1.92%;\"><div class=\"fusion-column-wrapper fusion-column-has-shadow fusion-flex-justify-content-flex-start fusion-content-layout-column\"><div class=\"fusion-image-element \" style=\"--awb-caption-title-font-family:var(--h3_typography-font-family);--awb-caption-title-font-weight:var(--h3_typography-font-weight);--awb-caption-title-font-style:var(--h3_typography-font-style);--awb-caption-title-size:var(--h3_typography-font-size);--awb-caption-title-transform:var(--h3_typography-text-transform);--awb-caption-title-line-height:var(--h3_typography-line-height);--awb-caption-title-letter-spacing:var(--h3_typography-letter-spacing);\"><span class=\" fusion-imageframe imageframe-none imageframe-2 hover-type-none\"><a class=\"fusion-no-lightbox\" href=\"https:\/\/www.alfaforni.com\/fr\/demander-un-devis\/\" target=\"_self\" aria-label=\"preventivo\"><img decoding=\"async\" width=\"758\" height=\"408\" src=\"https:\/\/www.alfaforni.com\/wp-content\/uploads\/2025\/03\/preventivo.jpg\" class=\"img-responsive wp-image-68399\" srcset=\"https:\/\/www.alfaforni.com\/wp-content\/uploads\/2025\/03\/preventivo-400x215.jpg 400w, https:\/\/www.alfaforni.com\/wp-content\/uploads\/2025\/03\/preventivo-600x323.jpg 600w, https:\/\/www.alfaforni.com\/wp-content\/uploads\/2025\/03\/preventivo.jpg 758w\" sizes=\"(max-width: 640px) 100vw, 400px\" alt=\"\" ><\/a><\/span><\/div><div class=\"fusion-text fusion-text-4 fusion-text-no-margin\" style=\"--awb-margin-bottom:150px;\"><h3><strong>Demande de devis<\/strong><\/h3>\n<p><span style=\"font-size: 14px;\">Int\u00e9ress\u00e9 par un four Alfa Forni ? Remplissez le formulaire pour obtenir des informations !<\/span><\/p>\n<p><strong><a href=\"https:\/\/www.alfaforni.com\/fr\/demander-un-devis\/\">Demander un devis &gt;<\/a><\/strong><\/p>\n<\/div><\/div><\/div><div class=\"fusion-layout-column fusion_builder_column fusion-builder-column-3 fusion_builder_column_1_3 1_3 fusion-flex-column\" style=\"--awb-bg-size:cover;--awb-width-large:33.333333333333%;--awb-margin-top-large:-30px;--awb-spacing-right-large:5.76%;--awb-margin-bottom-large:20px;--awb-spacing-left-large:5.76%;--awb-width-medium:33.333333333333%;--awb-order-medium:0;--awb-spacing-right-medium:5.76%;--awb-spacing-left-medium:5.76%;--awb-width-small:100%;--awb-order-small:0;--awb-spacing-right-small:1.92%;--awb-spacing-left-small:1.92%;\"><div class=\"fusion-column-wrapper fusion-column-has-shadow fusion-flex-justify-content-flex-start fusion-content-layout-column\"><div class=\"fusion-image-element \" style=\"--awb-caption-title-font-family:var(--h2_typography-font-family);--awb-caption-title-font-weight:var(--h2_typography-font-weight);--awb-caption-title-font-style:var(--h2_typography-font-style);--awb-caption-title-size:var(--h2_typography-font-size);--awb-caption-title-transform:var(--h2_typography-text-transform);--awb-caption-title-line-height:var(--h2_typography-line-height);--awb-caption-title-letter-spacing:var(--h2_typography-letter-spacing);\"><span class=\" fusion-imageframe imageframe-none imageframe-3 hover-type-none\"><a class=\"fusion-no-lightbox\" href=\"https:\/\/www.alfaforni.com\/fr\/alfa-point\/\" target=\"_self\" aria-label=\"dealer-locator\"><img decoding=\"async\" width=\"758\" height=\"408\" src=\"https:\/\/www.alfaforni.com\/wp-content\/uploads\/2025\/03\/dealer-locator-1.jpg\" class=\"img-responsive wp-image-68375\" srcset=\"https:\/\/www.alfaforni.com\/wp-content\/uploads\/2025\/03\/dealer-locator-1-400x215.jpg 400w, https:\/\/www.alfaforni.com\/wp-content\/uploads\/2025\/03\/dealer-locator-1-600x323.jpg 600w, https:\/\/www.alfaforni.com\/wp-content\/uploads\/2025\/03\/dealer-locator-1.jpg 758w\" sizes=\"(max-width: 640px) 100vw, 400px\" alt=\"\" ><\/a><\/span><\/div><div class=\"fusion-text fusion-text-5 fusion-text-no-margin\" style=\"--awb-margin-bottom:150px;\"><h3><strong>Comment acheter<\/strong><\/h3>\n<p><span style=\"font-size: 14px;\">Nous vous aidons \u00e0 trouver le revendeur le plus proche ou \u00e0 choisir le meilleur canal d&rsquo;achat.<\/span><\/p>\n<p><strong><a href=\"https:\/\/www.alfaforni.com\/fr\/alfa-point\/\">Trouver un magasin proche &gt;<\/a><\/strong><\/p>\n<\/div><\/div><\/div><div class=\"fusion-layout-column fusion_builder_column fusion-builder-column-4 fusion_builder_column_1_3 1_3 fusion-flex-column\" style=\"--awb-bg-size:cover;--awb-width-large:33.333333333333%;--awb-margin-top-large:-30px;--awb-spacing-right-large:5.76%;--awb-margin-bottom-large:20px;--awb-spacing-left-large:5.76%;--awb-width-medium:33.333333333333%;--awb-order-medium:0;--awb-spacing-right-medium:5.76%;--awb-spacing-left-medium:5.76%;--awb-width-small:100%;--awb-order-small:0;--awb-spacing-right-small:1.92%;--awb-spacing-left-small:1.92%;\"><div class=\"fusion-column-wrapper fusion-column-has-shadow fusion-flex-justify-content-flex-start fusion-content-layout-column\"><div class=\"fusion-image-element \" style=\"--awb-caption-title-font-family:var(--h2_typography-font-family);--awb-caption-title-font-weight:var(--h2_typography-font-weight);--awb-caption-title-font-style:var(--h2_typography-font-style);--awb-caption-title-size:var(--h2_typography-font-size);--awb-caption-title-transform:var(--h2_typography-text-transform);--awb-caption-title-line-height:var(--h2_typography-line-height);--awb-caption-title-letter-spacing:var(--h2_typography-letter-spacing);\"><span class=\" fusion-imageframe imageframe-none imageframe-4 hover-type-none\"><a class=\"fusion-no-lightbox\" href=\"https:\/\/www.alfaforni.com\/fr\/customer-service\/\" target=\"_self\" aria-label=\"customer-service\"><img decoding=\"async\" width=\"758\" height=\"408\" src=\"https:\/\/www.alfaforni.com\/wp-content\/uploads\/2025\/03\/customer-service.jpg\" class=\"img-responsive wp-image-68351\" srcset=\"https:\/\/www.alfaforni.com\/wp-content\/uploads\/2025\/03\/customer-service-400x215.jpg 400w, https:\/\/www.alfaforni.com\/wp-content\/uploads\/2025\/03\/customer-service-600x323.jpg 600w, https:\/\/www.alfaforni.com\/wp-content\/uploads\/2025\/03\/customer-service.jpg 758w\" sizes=\"(max-width: 640px) 100vw, 400px\" alt=\"\" ><\/a><\/span><\/div><div class=\"fusion-text fusion-text-6 fusion-text-no-margin\" style=\"--awb-margin-bottom:150px;\"><h3><strong>Service client<\/strong><\/h3>\n<p><span style=\"font-size: 14px;\">Besoin d&rsquo;assistance pour votre four Alfa Forni ? Notre \u00e9quipe est pr\u00eate \u00e0 vous aider.<\/span><\/p>\n<p><a href=\"https:\/\/www.alfaforni.com\/fr\/customer-service\/\"><strong>Demander une assistance technique &gt;<\/strong><\/a><\/p>\n<\/div><\/div><\/div><div class=\"fusion-layout-column fusion_builder_column fusion-builder-column-5 fusion_builder_column_1_3 1_3 fusion-flex-column\" style=\"--awb-bg-size:cover;--awb-width-large:33.333333333333%;--awb-margin-top-large:-30px;--awb-spacing-right-large:5.76%;--awb-margin-bottom-large:20px;--awb-spacing-left-large:5.76%;--awb-width-medium:33.333333333333%;--awb-order-medium:0;--awb-spacing-right-medium:5.76%;--awb-spacing-left-medium:5.76%;--awb-width-small:100%;--awb-order-small:0;--awb-spacing-right-small:1.92%;--awb-spacing-left-small:1.92%;\"><div class=\"fusion-column-wrapper fusion-column-has-shadow fusion-flex-justify-content-flex-start fusion-content-layout-column\"><div class=\"fusion-image-element \" style=\"--awb-caption-title-font-family:var(--h2_typography-font-family);--awb-caption-title-font-weight:var(--h2_typography-font-weight);--awb-caption-title-font-style:var(--h2_typography-font-style);--awb-caption-title-size:var(--h2_typography-font-size);--awb-caption-title-transform:var(--h2_typography-text-transform);--awb-caption-title-line-height:var(--h2_typography-line-height);--awb-caption-title-letter-spacing:var(--h2_typography-letter-spacing);\"><span class=\" fusion-imageframe imageframe-none imageframe-5 hover-type-none\"><a class=\"fusion-no-lightbox\" href=\"https:\/\/www.alfaforni.com\/fr\/devenir-un-revendeur\/\" target=\"_self\" aria-label=\"partner\"><img decoding=\"async\" width=\"758\" height=\"408\" src=\"https:\/\/www.alfaforni.com\/wp-content\/uploads\/2025\/03\/partner.jpg\" class=\"img-responsive wp-image-68367\" srcset=\"https:\/\/www.alfaforni.com\/wp-content\/uploads\/2025\/03\/partner-400x215.jpg 400w, https:\/\/www.alfaforni.com\/wp-content\/uploads\/2025\/03\/partner-600x323.jpg 600w, https:\/\/www.alfaforni.com\/wp-content\/uploads\/2025\/03\/partner.jpg 758w\" sizes=\"(max-width: 640px) 100vw, 400px\" alt=\"\" ><\/a><\/span><\/div><div class=\"fusion-text fusion-text-7 fusion-text-no-margin\" style=\"--awb-margin-bottom:150px;\"><h3><strong>Revendeurs &amp; Partenaires<\/strong><\/h3>\n<p><span style=\"font-size: 14px;\">Vous \u00eates un professionnel et souhaitez collaborer avec nous ? Envoyez-nous votre candidature.<\/span><\/p>\n<p><strong><a href=\"https:\/\/www.alfaforni.com\/fr\/devenir-un-revendeur\/\">Devenir partenaire commercial &gt;<\/a><\/strong><\/p>\n<\/div><\/div><\/div><div class=\"fusion-layout-column fusion_builder_column fusion-builder-column-6 fusion_builder_column_1_3 1_3 fusion-flex-column\" style=\"--awb-bg-size:cover;--awb-width-large:33.333333333333%;--awb-margin-top-large:-30px;--awb-spacing-right-large:5.76%;--awb-margin-bottom-large:20px;--awb-spacing-left-large:5.76%;--awb-width-medium:33.333333333333%;--awb-order-medium:0;--awb-spacing-right-medium:5.76%;--awb-spacing-left-medium:5.76%;--awb-width-small:100%;--awb-order-small:0;--awb-spacing-right-small:1.92%;--awb-spacing-left-small:1.92%;\"><div class=\"fusion-column-wrapper fusion-column-has-shadow fusion-flex-justify-content-flex-start fusion-content-layout-column\"><div class=\"fusion-image-element \" style=\"--awb-caption-title-font-family:var(--h2_typography-font-family);--awb-caption-title-font-weight:var(--h2_typography-font-weight);--awb-caption-title-font-style:var(--h2_typography-font-style);--awb-caption-title-size:var(--h2_typography-font-size);--awb-caption-title-transform:var(--h2_typography-text-transform);--awb-caption-title-line-height:var(--h2_typography-line-height);--awb-caption-title-letter-spacing:var(--h2_typography-letter-spacing);\"><span class=\" fusion-imageframe imageframe-none imageframe-6 hover-type-none\"><a class=\"fusion-no-lightbox\" href=\"https:\/\/www.alfaforni.com\/fr\/info\/\" target=\"_self\" aria-label=\"info\"><img decoding=\"async\" width=\"758\" height=\"408\" src=\"https:\/\/www.alfaforni.com\/wp-content\/uploads\/2025\/03\/info.jpg\" class=\"img-responsive wp-image-68390\" srcset=\"https:\/\/www.alfaforni.com\/wp-content\/uploads\/2025\/03\/info-400x215.jpg 400w, https:\/\/www.alfaforni.com\/wp-content\/uploads\/2025\/03\/info-600x323.jpg 600w, https:\/\/www.alfaforni.com\/wp-content\/uploads\/2025\/03\/info.jpg 758w\" sizes=\"(max-width: 640px) 100vw, 400px\" alt=\"\" ><\/a><\/span><\/div><div class=\"fusion-text fusion-text-8 fusion-text-no-margin\" style=\"--awb-margin-bottom:150px;\"><h3><strong>Informations g\u00e9n\u00e9rales<\/strong><\/h3>\n<p><span style=\"font-size: 14px;\">Vous ne trouvez pas la bonne cat\u00e9gorie ? \u00c9crivez-nous, nous vous r\u00e9pondrons au plus vite !<\/span><\/p>\n<p><strong><a href=\"https:\/\/www.alfaforni.com\/fr\/info\/\">Nous contacter &gt;<\/a><\/strong><\/p>\n<\/div><\/div><\/div><\/div><\/div><\/p>\n","protected":false},"excerpt":{"rendered":"","protected":false},"author":1,"featured_media":4593,"parent":0,"menu_order":0,"comment_status":"closed","ping_status":"closed","template":"100-width.php","meta":{"_acf_changed":false,"footnotes":""},"class_list":["post-3138","page","type-page","status-publish","has-post-thumbnail","hentry"],"acf":[],"_links":{"self":[{"href":"https:\/\/www.alfaforni.com\/fr\/wp-json\/wp\/v2\/pages\/3138","targetHints":{"allow":["GET"]}}],"collection":[{"href":"https:\/\/www.alfaforni.com\/fr\/wp-json\/wp\/v2\/pages"}],"about":[{"href":"https:\/\/www.alfaforni.com\/fr\/wp-json\/wp\/v2\/types\/page"}],"author":[{"embeddable":true,"href":"https:\/\/www.alfaforni.com\/fr\/wp-json\/wp\/v2\/users\/1"}],"replies":[{"embeddable":true,"href":"https:\/\/www.alfaforni.com\/fr\/wp-json\/wp\/v2\/comments?post=3138"}],"version-history":[{"count":5,"href":"https:\/\/www.alfaforni.com\/fr\/wp-json\/wp\/v2\/pages\/3138\/revisions"}],"predecessor-version":[{"id":68641,"href":"https:\/\/www.alfaforni.com\/fr\/wp-json\/wp\/v2\/pages\/3138\/revisions\/68641"}],"wp:featuredmedia":[{"embeddable":true,"href":"https:\/\/www.alfaforni.com\/fr\/wp-json\/wp\/v2\/media\/4593"}],"wp:attachment":[{"href":"https:\/\/www.alfaforni.com\/fr\/wp-json\/wp\/v2\/media?parent=3138"}],"curies":[{"name":"wp","href":"https:\/\/api.w.org\/{rel}","templated":true}]}}