{"id":68518,"date":"2025-03-25T15:06:14","date_gmt":"2025-03-25T14:06:14","guid":{"rendered":"https:\/\/www.alfaforni.com\/customer-service\/"},"modified":"2025-04-03T11:50:04","modified_gmt":"2025-04-03T09:50:04","slug":"customer-service","status":"publish","type":"page","link":"https:\/\/www.alfaforni.com\/fr\/customer-service\/","title":{"rendered":"Customer Service"},"content":{"rendered":"<div class=\"fusion-fullwidth fullwidth-box fusion-builder-row-1 fusion-flex-container has-pattern-background has-mask-background nonhundred-percent-fullwidth non-hundred-percent-height-scrolling\" style=\"--awb-border-radius-top-left:0px;--awb-border-radius-top-right:0px;--awb-border-radius-bottom-right:0px;--awb-border-radius-bottom-left:0px;--awb-flex-wrap:wrap;\" ><div class=\"fusion-builder-row fusion-row fusion-flex-align-items-flex-start fusion-flex-content-wrap\" style=\"max-width:1248px;margin-left: calc(-4% \/ 2 );margin-right: calc(-4% \/ 2 );\"><div class=\"fusion-layout-column fusion_builder_column fusion-builder-column-0 fusion_builder_column_1_2 1_2 fusion-flex-column\" style=\"--awb-bg-size:cover;--awb-width-large:50%;--awb-margin-top-large:0px;--awb-spacing-right-large:3.84%;--awb-margin-bottom-large:20px;--awb-spacing-left-large:3.84%;--awb-width-medium:50%;--awb-order-medium:0;--awb-spacing-right-medium:3.84%;--awb-spacing-left-medium:3.84%;--awb-width-small:100%;--awb-order-small:0;--awb-spacing-right-small:1.92%;--awb-spacing-left-small:1.92%;\"><div class=\"fusion-column-wrapper fusion-column-has-shadow fusion-flex-justify-content-flex-start fusion-content-layout-column\"><div class=\"fusion-text fusion-text-1\"><h2>Service Client<\/h2>\n<p>Besoin d\u2019assistance pour votre four Alfa Forni ?<br \/>\n<strong>Nous sommes l\u00e0 pour vous aider !<\/strong><\/p>\n<\/div><div class=\"fusion-builder-row fusion-builder-row-inner fusion-row fusion-flex-align-items-flex-start fusion-flex-content-wrap\" style=\"width:104% !important;max-width:104% !important;margin-left: calc(-4% \/ 2 );margin-right: calc(-4% \/ 2 );\"><div class=\"fusion-layout-column fusion_builder_column_inner fusion-builder-nested-column-0 fusion_builder_column_inner_1_4 1_4 fusion-flex-column\" style=\"--awb-bg-size:cover;--awb-width-large:25%;--awb-margin-top-large:0px;--awb-spacing-right-large:7.68%;--awb-margin-bottom-large:20px;--awb-spacing-left-large:7.68%;--awb-width-medium:25%;--awb-order-medium:0;--awb-spacing-right-medium:7.68%;--awb-spacing-left-medium:7.68%;--awb-width-small:100%;--awb-order-small:0;--awb-spacing-right-small:1.92%;--awb-spacing-left-small:1.92%;\"><div class=\"fusion-column-wrapper fusion-column-has-shadow fusion-flex-justify-content-flex-start fusion-content-layout-column\"><div class=\"fusion-image-element \" style=\"--awb-caption-title-font-family:var(--h2_typography-font-family);--awb-caption-title-font-weight:var(--h2_typography-font-weight);--awb-caption-title-font-style:var(--h2_typography-font-style);--awb-caption-title-size:var(--h2_typography-font-size);--awb-caption-title-transform:var(--h2_typography-text-transform);--awb-caption-title-line-height:var(--h2_typography-line-height);--awb-caption-title-letter-spacing:var(--h2_typography-letter-spacing);\"><span class=\" fusion-imageframe imageframe-none imageframe-1 hover-type-none\"><a class=\"fusion-no-lightbox\" href=\"https:\/\/help.alfaforni.com\/en\/\" target=\"_blank\" aria-label=\"help-center\" rel=\"noopener noreferrer nofollow\"><img decoding=\"async\" width=\"500\" height=\"500\" src=\"https:\/\/www.alfaforni.com\/wp-content\/uploads\/2025\/03\/help-center.jpg\" class=\"img-responsive wp-image-68421\" srcset=\"https:\/\/www.alfaforni.com\/wp-content\/uploads\/2025\/03\/help-center-400x400.jpg 400w, https:\/\/www.alfaforni.com\/wp-content\/uploads\/2025\/03\/help-center.jpg 500w\" sizes=\"(max-width: 640px) 100vw, 400px\" alt=\"\" ><\/a><\/span><\/div><\/div><\/div><div class=\"fusion-layout-column fusion_builder_column_inner fusion-builder-nested-column-1 fusion_builder_column_inner_3_4 3_4 fusion-flex-column\" style=\"--awb-bg-size:cover;--awb-width-large:75%;--awb-margin-top-large:0px;--awb-spacing-right-large:2.56%;--awb-margin-bottom-large:20px;--awb-spacing-left-large:2.56%;--awb-width-medium:75%;--awb-order-medium:0;--awb-spacing-right-medium:2.56%;--awb-spacing-left-medium:2.56%;--awb-width-small:100%;--awb-order-small:0;--awb-spacing-right-small:1.92%;--awb-spacing-left-small:1.92%;\"><div class=\"fusion-column-wrapper fusion-column-has-shadow fusion-flex-justify-content-flex-start fusion-content-layout-column\"><div class=\"fusion-text fusion-text-2\"><p>Avant de remplir le formulaire de demande d\u2019assistance, nous vous recommandons de visiter notre <a href=\"https:\/\/help.alfaforni.com\/en\/\" target=\"_blank\" rel=\"noopener nofollow\"><strong>Help Center online<\/strong><\/a>.<em> Vous y trouverez des r\u00e9ponses rapides aux questions les plus courantes sur l\u2019installation, l\u2019utilisation, l\u2019entretien et le d\u00e9pannage.<\/em><\/p>\n<\/div><\/div><\/div><div class=\"fusion-layout-column fusion_builder_column_inner fusion-builder-nested-column-2 fusion_builder_column_inner_1_1 1_1 fusion-flex-column\" style=\"--awb-bg-size:cover;--awb-width-large:100%;--awb-margin-top-large:0px;--awb-spacing-right-large:1.92%;--awb-margin-bottom-large:20px;--awb-spacing-left-large:1.92%;--awb-width-medium:100%;--awb-order-medium:0;--awb-spacing-right-medium:1.92%;--awb-spacing-left-medium:1.92%;--awb-width-small:100%;--awb-order-small:0;--awb-spacing-right-small:1.92%;--awb-spacing-left-small:1.92%;\"><div class=\"fusion-column-wrapper fusion-column-has-shadow fusion-flex-justify-content-flex-start fusion-content-layout-column\"><div class=\"fusion-text fusion-text-3\"><p class=\"\" data-start=\"2214\" data-end=\"2380\"><strong>Si vous n\u2019avez pas trouv\u00e9 la r\u00e9ponse que vous cherchez, remplissez le formulaire sur cette page. Notre \u00e9quipe d\u2019assistance vous r\u00e9pondra dans les plus brefs d\u00e9lais.<\/strong><\/p>\n<p class=\"\" data-start=\"2382\" data-end=\"2488\">\ud83d\udccc Pour nous aider \u00e0 vous offrir le meilleur support possible, veuillez inclure dans le formulaire :<\/p>\n<p class=\"\" data-start=\"2490\" data-end=\"2656\">\u2714\ufe0f Le mod\u00e8le de votre four<br data-start=\"2516\" data-end=\"2519\" \/>\u2714\ufe0f Le num\u00e9ro de s\u00e9rie (si disponible)<br data-start=\"2556\" data-end=\"2559\" \/>\u2714\ufe0f Une description d\u00e9taill\u00e9e du probl\u00e8me<br data-start=\"2599\" data-end=\"2602\" \/>\u2714\ufe0f Des photos ou vid\u00e9os pour faciliter le diagnostic<\/p>\n<p class=\"\" data-start=\"2658\" data-end=\"2739\">\ud83d\udc49 <strong data-start=\"2661\" data-end=\"2737\">Remplissez le formulaire, et notre \u00e9quipe vous contactera au plus vite !<\/strong><\/p>\n<\/div><\/div><\/div><\/div><\/div><\/div><div class=\"fusion-layout-column fusion_builder_column fusion-builder-column-1 fusion_builder_column_1_2 1_2 fusion-flex-column\" style=\"--awb-bg-size:cover;--awb-width-large:50%;--awb-margin-top-large:0px;--awb-spacing-right-large:3.84%;--awb-margin-bottom-large:20px;--awb-spacing-left-large:3.84%;--awb-width-medium:50%;--awb-order-medium:0;--awb-spacing-right-medium:3.84%;--awb-spacing-left-medium:3.84%;--awb-width-small:100%;--awb-order-small:0;--awb-spacing-right-small:1.92%;--awb-spacing-left-small:1.92%;\"><div class=\"fusion-column-wrapper fusion-column-has-shadow fusion-flex-justify-content-flex-start fusion-content-layout-column\"><script charset=\"utf-8\" type=\"text\/javascript\" src=\"\/\/js.hsforms.net\/forms\/embed\/v2.js\"><\/script>\n<script>\n  hbspt.forms.create({\n    portalId: \"4295316\",\n    formId: \"cadd36e1-b950-48c4-ab51-e707cf0f37eb\",\n    region: \"na1\"\n  });\n<\/script><\/div><\/div><\/div><\/div>\n","protected":false},"excerpt":{"rendered":"","protected":false},"author":1,"featured_media":0,"parent":0,"menu_order":0,"comment_status":"closed","ping_status":"closed","template":"100-width.php","meta":{"_acf_changed":false,"footnotes":""},"class_list":["post-68518","page","type-page","status-publish","hentry"],"acf":[],"_links":{"self":[{"href":"https:\/\/www.alfaforni.com\/fr\/wp-json\/wp\/v2\/pages\/68518","targetHints":{"allow":["GET"]}}],"collection":[{"href":"https:\/\/www.alfaforni.com\/fr\/wp-json\/wp\/v2\/pages"}],"about":[{"href":"https:\/\/www.alfaforni.com\/fr\/wp-json\/wp\/v2\/types\/page"}],"author":[{"embeddable":true,"href":"https:\/\/www.alfaforni.com\/fr\/wp-json\/wp\/v2\/users\/1"}],"replies":[{"embeddable":true,"href":"https:\/\/www.alfaforni.com\/fr\/wp-json\/wp\/v2\/comments?post=68518"}],"version-history":[{"count":6,"href":"https:\/\/www.alfaforni.com\/fr\/wp-json\/wp\/v2\/pages\/68518\/revisions"}],"predecessor-version":[{"id":68613,"href":"https:\/\/www.alfaforni.com\/fr\/wp-json\/wp\/v2\/pages\/68518\/revisions\/68613"}],"wp:attachment":[{"href":"https:\/\/www.alfaforni.com\/fr\/wp-json\/wp\/v2\/media?parent=68518"}],"curies":[{"name":"wp","href":"https:\/\/api.w.org\/{rel}","templated":true}]}}