{"id":55552,"date":"2024-03-05T00:01:25","date_gmt":"2024-03-04T23:01:25","guid":{"rendered":"https:\/\/www.alfaforni.com\/?post_type=product&#038;p=55552"},"modified":"2024-04-25T20:27:24","modified_gmt":"2024-04-25T18:27:24","slug":"cooking-station-80","status":"publish","type":"product","link":"https:\/\/www.alfaforni.com\/fr\/produit\/cooking-station-80\/","title":{"rendered":"Cooking Station 80"},"content":{"rendered":"<p><div class=\"fusion-fullwidth fullwidth-box fusion-builder-row-1 fusion-flex-container has-pattern-background has-mask-background nonhundred-percent-fullwidth non-hundred-percent-height-scrolling\" style=\"--awb-border-radius-top-left:0px;--awb-border-radius-top-right:0px;--awb-border-radius-bottom-right:0px;--awb-border-radius-bottom-left:0px;--awb-padding-bottom-small:0px;--awb-flex-wrap:wrap;\" ><div class=\"fusion-builder-row fusion-row fusion-flex-align-items-flex-start fusion-flex-content-wrap\" style=\"max-width:1248px;margin-left: calc(-4% \/ 2 );margin-right: calc(-4% \/ 2 );\"><div class=\"fusion-layout-column fusion_builder_column fusion-builder-column-0 fusion_builder_column_1_1 1_1 fusion-flex-column\" style=\"--awb-bg-size:cover;--awb-width-large:100%;--awb-margin-top-large:0px;--awb-spacing-right-large:1.92%;--awb-margin-bottom-large:20px;--awb-spacing-left-large:1.92%;--awb-width-medium:100%;--awb-order-medium:0;--awb-spacing-right-medium:1.92%;--awb-spacing-left-medium:1.92%;--awb-width-small:100%;--awb-order-small:0;--awb-spacing-right-small:1.92%;--awb-spacing-left-small:1.92%;\"><div class=\"fusion-column-wrapper fusion-column-has-shadow fusion-flex-justify-content-flex-start fusion-content-layout-column\"><div class=\"fusion-text fusion-text-1\"><h4>Accessoires corr\u00e9l\u00e9s<\/h4>\n<\/div><\/div><\/div><\/div><\/div><div class=\"fusion-fullwidth fullwidth-box fusion-builder-row-2 fusion-flex-container has-pattern-background has-mask-background nonhundred-percent-fullwidth non-hundred-percent-height-scrolling\" style=\"--awb-border-radius-top-left:0px;--awb-border-radius-top-right:0px;--awb-border-radius-bottom-right:0px;--awb-border-radius-bottom-left:0px;--awb-padding-bottom:40px;--awb-padding-bottom-small:0px;--awb-flex-wrap:wrap;\" ><div class=\"fusion-builder-row fusion-row fusion-flex-align-items-flex-start fusion-flex-content-wrap\" style=\"max-width:1248px;margin-left: calc(-4% \/ 2 );margin-right: calc(-4% \/ 2 );\"><div class=\"fusion-layout-column fusion_builder_column fusion-builder-column-1 fusion_builder_column_1_3 1_3 fusion-flex-column\" style=\"--awb-bg-size:cover;--awb-width-large:33.333333333333%;--awb-margin-top-large:0px;--awb-spacing-right-large:5.76%;--awb-margin-bottom-large:20px;--awb-spacing-left-large:5.76%;--awb-width-medium:33.333333333333%;--awb-order-medium:0;--awb-spacing-right-medium:5.76%;--awb-spacing-left-medium:5.76%;--awb-width-small:100%;--awb-order-small:0;--awb-spacing-right-small:1.92%;--awb-spacing-left-small:1.92%;\"><div class=\"fusion-column-wrapper fusion-column-has-shadow fusion-flex-justify-content-flex-start fusion-content-layout-column\"><div class=\"fusion-image-element \" style=\"--awb-caption-title-font-family:var(--h2_typography-font-family);--awb-caption-title-font-weight:var(--h2_typography-font-weight);--awb-caption-title-font-style:var(--h2_typography-font-style);--awb-caption-title-size:var(--h2_typography-font-size);--awb-caption-title-transform:var(--h2_typography-text-transform);--awb-caption-title-line-height:var(--h2_typography-line-height);--awb-caption-title-letter-spacing:var(--h2_typography-letter-spacing);\"><span class=\" fusion-imageframe imageframe-none imageframe-1 hover-type-none\"><img decoding=\"async\" width=\"1200\" height=\"1200\"  src=\"http:\/\/www.alfaforni.com\/wp-content\/uploads\/2024\/02\/corian-160-cooking-station-frame-alfa-forni.jpg\" class=\"img-responsive wp-image-55254\" srcset=\"https:\/\/www.alfaforni.com\/wp-content\/uploads\/2024\/02\/corian-160-cooking-station-frame-alfa-forni-600x600.jpg 600w, https:\/\/www.alfaforni.com\/wp-content\/uploads\/2024\/02\/corian-160-cooking-station-frame-alfa-forni.jpg 1200w\" sizes=\"(max-width: 640px) 100vw, 1200px\" alt=\"\"><\/span><\/div><div class=\"fusion-text fusion-text-2\"><p><strong>Top en Corian\u00ae blanc<\/strong> pour une haute r\u00e9sistance aux rayures et aux intemp\u00e9ries<\/p>\n<\/div><\/div><\/div><div class=\"fusion-layout-column fusion_builder_column fusion-builder-column-2 fusion_builder_column_1_3 1_3 fusion-flex-column\" style=\"--awb-bg-size:cover;--awb-width-large:33.333333333333%;--awb-margin-top-large:0px;--awb-spacing-right-large:5.76%;--awb-margin-bottom-large:20px;--awb-spacing-left-large:5.76%;--awb-width-medium:33.333333333333%;--awb-order-medium:0;--awb-spacing-right-medium:5.76%;--awb-spacing-left-medium:5.76%;--awb-width-small:100%;--awb-order-small:0;--awb-spacing-right-small:1.92%;--awb-spacing-left-small:1.92%;\"><div class=\"fusion-column-wrapper fusion-column-has-shadow fusion-flex-justify-content-flex-start fusion-content-layout-column\"><div class=\"fusion-image-element \" style=\"--awb-caption-title-font-family:var(--h2_typography-font-family);--awb-caption-title-font-weight:var(--h2_typography-font-weight);--awb-caption-title-font-style:var(--h2_typography-font-style);--awb-caption-title-size:var(--h2_typography-font-size);--awb-caption-title-transform:var(--h2_typography-text-transform);--awb-caption-title-line-height:var(--h2_typography-line-height);--awb-caption-title-letter-spacing:var(--h2_typography-letter-spacing);\"><span class=\" fusion-imageframe imageframe-none imageframe-2 hover-type-none\"><img decoding=\"async\" width=\"1200\" height=\"1200\"  src=\"http:\/\/www.alfaforni.com\/wp-content\/uploads\/2024\/02\/ripiano-laterale-alfa-forni-cooking-station.gif\" class=\"img-responsive wp-image-55400\" alt=\"\"><\/span><\/div><div class=\"fusion-text fusion-text-3\"><p><strong>\u00c9tag\u00e8re lat\u00e9rale<\/strong>\u00a0pour un espace de travail suppl\u00e9mentaire<\/p>\n<\/div><\/div><\/div><div class=\"fusion-layout-column fusion_builder_column fusion-builder-column-3 fusion_builder_column_1_3 1_3 fusion-flex-column\" style=\"--awb-bg-size:cover;--awb-width-large:33.333333333333%;--awb-margin-top-large:0px;--awb-spacing-right-large:5.76%;--awb-margin-bottom-large:20px;--awb-spacing-left-large:5.76%;--awb-width-medium:33.333333333333%;--awb-order-medium:0;--awb-spacing-right-medium:5.76%;--awb-spacing-left-medium:5.76%;--awb-width-small:100%;--awb-order-small:0;--awb-spacing-right-small:1.92%;--awb-spacing-left-small:1.92%;\"><div class=\"fusion-column-wrapper fusion-column-has-shadow fusion-flex-justify-content-flex-start fusion-content-layout-column\"><div class=\"fusion-image-element \" style=\"--awb-caption-title-font-family:var(--h2_typography-font-family);--awb-caption-title-font-weight:var(--h2_typography-font-weight);--awb-caption-title-font-style:var(--h2_typography-font-style);--awb-caption-title-size:var(--h2_typography-font-size);--awb-caption-title-transform:var(--h2_typography-text-transform);--awb-caption-title-line-height:var(--h2_typography-line-height);--awb-caption-title-letter-spacing:var(--h2_typography-letter-spacing);\"><span class=\" fusion-imageframe imageframe-none imageframe-3 hover-type-none\"><img decoding=\"async\" width=\"1200\" height=\"1200\"  src=\"http:\/\/www.alfaforni.com\/wp-content\/uploads\/2024\/02\/ripiano-80-cooking-station-160-alfa-forni.jpg\" class=\"img-responsive wp-image-55303\" srcset=\"https:\/\/www.alfaforni.com\/wp-content\/uploads\/2024\/02\/ripiano-80-cooking-station-160-alfa-forni-600x600.jpg 600w, https:\/\/www.alfaforni.com\/wp-content\/uploads\/2024\/02\/ripiano-80-cooking-station-160-alfa-forni.jpg 1200w\" sizes=\"(max-width: 640px) 100vw, 1200px\" alt=\"\"><\/span><\/div><div class=\"fusion-text fusion-text-4\"><p><strong>\u00c9tag\u00e8re suppl\u00e9mentaire<\/strong>\u00a0pour une plus grande polyvalence et une organisation optimale des ingr\u00e9dients<\/p>\n<\/div><\/div><\/div><\/div><\/div><div class=\"fusion-fullwidth fullwidth-box fusion-builder-row-3 fusion-flex-container has-pattern-background has-mask-background nonhundred-percent-fullwidth non-hundred-percent-height-scrolling\" style=\"--awb-border-radius-top-left:0px;--awb-border-radius-top-right:0px;--awb-border-radius-bottom-right:0px;--awb-border-radius-bottom-left:0px;--awb-padding-bottom:80px;--awb-padding-bottom-small:60px;--awb-flex-wrap:wrap;\" ><div class=\"fusion-builder-row fusion-row fusion-flex-align-items-flex-start fusion-flex-content-wrap\" style=\"max-width:1248px;margin-left: calc(-4% \/ 2 );margin-right: calc(-4% \/ 2 );\"><div class=\"fusion-layout-column fusion_builder_column fusion-builder-column-4 fusion_builder_column_1_3 1_3 fusion-flex-column\" style=\"--awb-bg-size:cover;--awb-width-large:33.333333333333%;--awb-margin-top-large:0px;--awb-spacing-right-large:5.76%;--awb-margin-bottom-large:20px;--awb-spacing-left-large:5.76%;--awb-width-medium:33.333333333333%;--awb-order-medium:0;--awb-spacing-right-medium:5.76%;--awb-spacing-left-medium:5.76%;--awb-width-small:100%;--awb-order-small:0;--awb-spacing-right-small:1.92%;--awb-spacing-left-small:1.92%;\"><div class=\"fusion-column-wrapper fusion-column-has-shadow fusion-flex-justify-content-flex-start fusion-content-layout-column\"><div class=\"fusion-image-element \" style=\"--awb-caption-title-font-family:var(--h2_typography-font-family);--awb-caption-title-font-weight:var(--h2_typography-font-weight);--awb-caption-title-font-style:var(--h2_typography-font-style);--awb-caption-title-size:var(--h2_typography-font-size);--awb-caption-title-transform:var(--h2_typography-text-transform);--awb-caption-title-line-height:var(--h2_typography-line-height);--awb-caption-title-letter-spacing:var(--h2_typography-letter-spacing);\"><span class=\" fusion-imageframe imageframe-none imageframe-4 hover-type-none\"><img decoding=\"async\" width=\"1200\" height=\"1200\"  src=\"http:\/\/www.alfaforni.com\/wp-content\/uploads\/2024\/02\/copribombola-cooking-station-alfa-forni.jpg\" class=\"img-responsive wp-image-55246\" srcset=\"https:\/\/www.alfaforni.com\/wp-content\/uploads\/2024\/02\/copribombola-cooking-station-alfa-forni-400x400.jpg 400w, https:\/\/www.alfaforni.com\/wp-content\/uploads\/2024\/02\/copribombola-cooking-station-alfa-forni-600x600.jpg 600w, https:\/\/www.alfaforni.com\/wp-content\/uploads\/2024\/02\/copribombola-cooking-station-alfa-forni-800x800.jpg 800w, https:\/\/www.alfaforni.com\/wp-content\/uploads\/2024\/02\/copribombola-cooking-station-alfa-forni.jpg 1200w\" sizes=\"(max-width: 640px) 100vw, 400px\" alt=\"\"><\/span><\/div><div class=\"fusion-text fusion-text-5\"><p><strong>Couvre-bouteille\/porte-bois, sangle et tapis anti-rayures<\/strong>\u00a0pour cacher et s\u00e9curiser votre bouteille \u00e0 la Cooking Station ou pour loger le bois<\/p>\n<\/div><\/div><\/div><div class=\"fusion-layout-column fusion_builder_column fusion-builder-column-5 fusion_builder_column_1_3 1_3 fusion-flex-column\" style=\"--awb-bg-size:cover;--awb-width-large:33.333333333333%;--awb-margin-top-large:0px;--awb-spacing-right-large:5.76%;--awb-margin-bottom-large:20px;--awb-spacing-left-large:5.76%;--awb-width-medium:33.333333333333%;--awb-order-medium:0;--awb-spacing-right-medium:5.76%;--awb-spacing-left-medium:5.76%;--awb-width-small:100%;--awb-order-small:0;--awb-spacing-right-small:1.92%;--awb-spacing-left-small:1.92%;\"><div class=\"fusion-column-wrapper fusion-column-has-shadow fusion-flex-justify-content-flex-start fusion-content-layout-column\"><div class=\"fusion-image-element \" style=\"--awb-caption-title-font-family:var(--h2_typography-font-family);--awb-caption-title-font-weight:var(--h2_typography-font-weight);--awb-caption-title-font-style:var(--h2_typography-font-style);--awb-caption-title-size:var(--h2_typography-font-size);--awb-caption-title-transform:var(--h2_typography-text-transform);--awb-caption-title-line-height:var(--h2_typography-line-height);--awb-caption-title-letter-spacing:var(--h2_typography-letter-spacing);\"><span class=\" fusion-imageframe imageframe-none imageframe-5 hover-type-none\"><img decoding=\"async\" width=\"1200\" height=\"1200\"  src=\"http:\/\/www.alfaforni.com\/wp-content\/uploads\/2024\/02\/porta-pale-laterale-cooking-station-alfa-forni.gif\" class=\"img-responsive wp-image-55407\" alt=\"\"><\/span><\/div><div class=\"fusion-text fusion-text-6\"><p><strong>Porte-palettes et porte volet avec bac int\u00e9gr\u00e9<\/strong>\u00a0pour une gestion pratique des ustensiles de cuisine.<\/p>\n<\/div><\/div><\/div><\/div><\/div><div class=\"fusion-fullwidth fullwidth-box fusion-builder-row-4 fusion-flex-container has-pattern-background has-mask-background nonhundred-percent-fullwidth non-hundred-percent-height-scrolling\" style=\"--awb-border-radius-top-left:0px;--awb-border-radius-top-right:0px;--awb-border-radius-bottom-right:0px;--awb-border-radius-bottom-left:0px;--awb-padding-bottom:140px;--awb-flex-wrap:wrap;\" ><div class=\"fusion-builder-row fusion-row fusion-flex-align-items-flex-start fusion-flex-content-wrap\" style=\"max-width:1248px;margin-left: calc(-4% \/ 2 );margin-right: calc(-4% \/ 2 );\"><div class=\"fusion-layout-column fusion_builder_column fusion-builder-column-6 fusion_builder_column_1_6 1_6 fusion-flex-column fusion-no-small-visibility\" style=\"--awb-bg-size:cover;--awb-width-large:16.666666666667%;--awb-margin-top-large:0px;--awb-spacing-right-large:11.52%;--awb-margin-bottom-large:20px;--awb-spacing-left-large:11.52%;--awb-width-medium:16.666666666667%;--awb-order-medium:0;--awb-spacing-right-medium:11.52%;--awb-spacing-left-medium:11.52%;--awb-width-small:100%;--awb-order-small:0;--awb-spacing-right-small:1.92%;--awb-spacing-left-small:1.92%;\"><div class=\"fusion-column-wrapper fusion-column-has-shadow fusion-flex-justify-content-flex-start fusion-content-layout-column\"><\/div><\/div><div class=\"fusion-layout-column fusion_builder_column fusion-builder-column-7 fusion_builder_column_2_3 2_3 fusion-flex-column\" style=\"--awb-bg-size:cover;--awb-width-large:66.666666666667%;--awb-margin-top-large:0px;--awb-spacing-right-large:2.88%;--awb-margin-bottom-large:20px;--awb-spacing-left-large:2.88%;--awb-width-medium:66.666666666667%;--awb-order-medium:0;--awb-spacing-right-medium:2.88%;--awb-spacing-left-medium:2.88%;--awb-width-small:100%;--awb-order-small:0;--awb-spacing-right-small:1.92%;--awb-spacing-left-small:1.92%;\"><div class=\"fusion-column-wrapper fusion-column-has-shadow fusion-flex-justify-content-flex-start fusion-content-layout-column\"><div class=\"fusion-text fusion-text-7\"><div style=\"padding:56.25% 0 0 0;position:relative;\"><iframe src=\"https:\/\/player.vimeo.com\/video\/911484014?badge=0&amp;autopause=0&amp;player_id=0&amp;app_id=58479\" frameborder=\"0\" allow=\"autoplay; fullscreen; picture-in-picture; clipboard-write\" style=\"position:absolute;top:0;left:0;width:100%;height:100%;\" title=\"Cooking Station 80 - Video Tutorial\"><\/iframe><\/div>\n<p><script src=\"https:\/\/player.vimeo.com\/api\/player.js\"><\/script><\/p>\n<\/div><\/div><\/div><div class=\"fusion-layout-column fusion_builder_column fusion-builder-column-8 fusion_builder_column_1_6 1_6 fusion-flex-column fusion-no-small-visibility\" style=\"--awb-bg-size:cover;--awb-width-large:16.666666666667%;--awb-margin-top-large:0px;--awb-spacing-right-large:11.52%;--awb-margin-bottom-large:20px;--awb-spacing-left-large:11.52%;--awb-width-medium:16.666666666667%;--awb-order-medium:0;--awb-spacing-right-medium:11.52%;--awb-spacing-left-medium:11.52%;--awb-width-small:100%;--awb-order-small:0;--awb-spacing-right-small:1.92%;--awb-spacing-left-small:1.92%;\"><div class=\"fusion-column-wrapper fusion-column-has-shadow fusion-flex-justify-content-flex-start fusion-content-layout-column\"><\/div><\/div><\/div><\/div><\/p>\n","protected":false},"excerpt":{"rendered":"<h2>Cooking Station 80<\/h2>\n<h3>Construisez votre station de cuisson ext\u00e9rieur pas \u00e0 pas avec la Cooking Station modulaire Alfa !<\/h3>\n<p>&nbsp;<\/p>\n<p>La Cooking Station 80 offre une solution compacte sans compromettre la qualit\u00e9 et les fonctionnalit\u00e9s :<\/p>\n<ul>\n<li><strong>Top en acier inoxydable 304 avec finition scotch brite<\/strong> adapt\u00e9 au contact avec les aliments et pour un nettoyage facile.<\/li>\n<li><strong>\u00c9tag\u00e8re centrale<\/strong> pratique pour une organisation efficace. L&rsquo;\u00e9tag\u00e8re centrale peut \u00eatre positionn\u00e9e sur deux niveaux diff\u00e9rents, en fonction de vos besoins.<\/li>\n<li><strong>Poign\u00e9e<\/strong> int\u00e9gr\u00e9e pour une man\u0153uvrabilit\u00e9 facile.<\/li>\n<li><strong>4 roues robustes avec frein<\/strong> pour une mobilit\u00e9 s\u00fbre et stable<\/li>\n<\/ul>\n<p>&nbsp;<\/p>\n<p><a href=\"http:\/\/www.alfaforni.com\/download\/user-manual\/home\/cooking-station\/user-manual-COOKING-STATION-80.pdf\" target=\"_blank\" rel=\"noopener\">Manuel de Montage<\/a><br \/>\n<a href=\"http:\/\/www.alfaforni.com\/download\/user-manual\/home\/cooking-station\/st-COOKING-STATION-80.pdf\" target=\"_blank\" rel=\"noopener\">Fiche Technique<\/a><\/p>\n","protected":false},"featured_media":55112,"template":"","meta":{"_acf_changed":false},"product_brand":[],"product_cat":[587],"product_tag":[],"class_list":{"0":"post-55552","1":"product","2":"type-product","3":"status-publish","4":"has-post-thumbnail","6":"product_cat-bases-et-complements","8":"first","9":"instock","10":"shipping-taxable","11":"product-type-simple"},"acf":[],"_links":{"self":[{"href":"https:\/\/www.alfaforni.com\/fr\/wp-json\/wp\/v2\/product\/55552","targetHints":{"allow":["GET"]}}],"collection":[{"href":"https:\/\/www.alfaforni.com\/fr\/wp-json\/wp\/v2\/product"}],"about":[{"href":"https:\/\/www.alfaforni.com\/fr\/wp-json\/wp\/v2\/types\/product"}],"wp:featuredmedia":[{"embeddable":true,"href":"https:\/\/www.alfaforni.com\/fr\/wp-json\/wp\/v2\/media\/55112"}],"wp:attachment":[{"href":"https:\/\/www.alfaforni.com\/fr\/wp-json\/wp\/v2\/media?parent=55552"}],"wp:term":[{"taxonomy":"product_brand","embeddable":true,"href":"https:\/\/www.alfaforni.com\/fr\/wp-json\/wp\/v2\/product_brand?post=55552"},{"taxonomy":"product_cat","embeddable":true,"href":"https:\/\/www.alfaforni.com\/fr\/wp-json\/wp\/v2\/product_cat?post=55552"},{"taxonomy":"product_tag","embeddable":true,"href":"https:\/\/www.alfaforni.com\/fr\/wp-json\/wp\/v2\/product_tag?post=55552"}],"curies":[{"name":"wp","href":"https:\/\/api.w.org\/{rel}","templated":true}]}}