{"id":55564,"date":"2024-03-05T00:01:08","date_gmt":"2024-03-04T23:01:35","guid":{"rendered":"https:\/\/www.alfaforni.com\/?post_type=product&#038;p=55564"},"modified":"2024-04-27T16:33:12","modified_gmt":"2024-04-27T14:33:12","slug":"etagere-80","status":"publish","type":"product","link":"https:\/\/www.alfaforni.com\/fr\/produit\/etagere-80\/","title":{"rendered":"\u00c9tag\u00e8re 80"},"content":{"rendered":"","protected":false},"excerpt":{"rendered":"<h2>\u00c9tag\u00e8re 80<\/h2>\n<p>&nbsp;<\/p>\n<h3>Vous avez besoin d&rsquo;espace suppl\u00e9mentaire pour organiser au mieux les ingr\u00e9dients et les accessoires ?<\/h3>\n<h3>Ajouter l&rsquo;\u00e9tag\u00e8re centrale pour une organisation optimale<\/h3>\n<p>&nbsp;<\/p>\n<p><a href=\"http:\/\/www.alfaforni.com\/download\/user-manual\/home\/cooking-station\/st-SHELF-80.pdf\" target=\"_blank\" rel=\"noopener\">Fiche Technique<\/a><\/p>\n","protected":false},"featured_media":55296,"template":"","meta":{"_acf_changed":false},"product_brand":[],"product_cat":[587],"product_tag":[],"class_list":{"0":"post-55564","1":"product","2":"type-product","3":"status-publish","4":"has-post-thumbnail","6":"product_cat-bases-et-complements","8":"first","9":"instock","10":"shipping-taxable","11":"product-type-simple"},"acf":[],"_links":{"self":[{"href":"https:\/\/www.alfaforni.com\/fr\/wp-json\/wp\/v2\/product\/55564","targetHints":{"allow":["GET"]}}],"collection":[{"href":"https:\/\/www.alfaforni.com\/fr\/wp-json\/wp\/v2\/product"}],"about":[{"href":"https:\/\/www.alfaforni.com\/fr\/wp-json\/wp\/v2\/types\/product"}],"wp:featuredmedia":[{"embeddable":true,"href":"https:\/\/www.alfaforni.com\/fr\/wp-json\/wp\/v2\/media\/55296"}],"wp:attachment":[{"href":"https:\/\/www.alfaforni.com\/fr\/wp-json\/wp\/v2\/media?parent=55564"}],"wp:term":[{"taxonomy":"product_brand","embeddable":true,"href":"https:\/\/www.alfaforni.com\/fr\/wp-json\/wp\/v2\/product_brand?post=55564"},{"taxonomy":"product_cat","embeddable":true,"href":"https:\/\/www.alfaforni.com\/fr\/wp-json\/wp\/v2\/product_cat?post=55564"},{"taxonomy":"product_tag","embeddable":true,"href":"https:\/\/www.alfaforni.com\/fr\/wp-json\/wp\/v2\/product_tag?post=55564"}],"curies":[{"name":"wp","href":"https:\/\/api.w.org\/{rel}","templated":true}]}}