{"id":70861,"date":"2025-12-12T14:53:43","date_gmt":"2025-12-12T13:53:43","guid":{"rendered":"https:\/\/www.alfaforni.com\/?post_type=product&#038;p=70861"},"modified":"2025-12-12T14:53:43","modified_gmt":"2025-12-12T13:53:43","slug":"plan-de-travail-en-bois-alfa","status":"publish","type":"product","link":"https:\/\/www.alfaforni.com\/fr\/produit\/plan-de-travail-en-bois-alfa\/","title":{"rendered":"Plan de travail en bois Alfa"},"content":{"rendered":"<p><div class=\"fusion-fullwidth fullwidth-box fusion-builder-row-1 fusion-flex-container has-pattern-background has-mask-background nonhundred-percent-fullwidth non-hundred-percent-height-scrolling\" style=\"--awb-border-radius-top-left:0px;--awb-border-radius-top-right:0px;--awb-border-radius-bottom-right:0px;--awb-border-radius-bottom-left:0px;--awb-padding-top:120px;--awb-padding-bottom:120px;--awb-padding-left:0px;--awb-padding-top-medium:60px;--awb-padding-bottom-medium:60px;--awb-padding-top-small:40px;--awb-padding-bottom-small:20px;--awb-margin-top:60px;--awb-margin-top-small:0px;--awb-background-color:#f5f5f5;--awb-flex-wrap:nowrap;\" ><div class=\"fusion-builder-row fusion-row fusion-flex-align-items-flex-start fusion-flex-content-wrap\" style=\"max-width:1248px;margin-left: calc(-4% \/ 2 );margin-right: calc(-4% \/ 2 );\"><div class=\"fusion-layout-column fusion_builder_column fusion-builder-column-0 fusion_builder_column_1_1 1_1 fusion-flex-column\" style=\"--awb-bg-size:cover;--awb-width-large:100%;--awb-margin-top-large:0px;--awb-spacing-right-large:100px;--awb-margin-bottom-large:20px;--awb-spacing-left-large:100px;--awb-width-medium:100%;--awb-order-medium:0;--awb-spacing-right-medium:100px;--awb-spacing-left-medium:100px;--awb-width-small:100%;--awb-order-small:0;--awb-spacing-right-small:1.92%;--awb-spacing-left-small:1.92%;\"><div class=\"fusion-column-wrapper fusion-column-has-shadow fusion-flex-justify-content-flex-start fusion-content-layout-column\"><div class=\"awb-gallery-wrapper awb-gallery-wrapper-1 button-span-no\" style=\"--more-btn-alignment:center;\"><div style=\"margin:-5px;--awb-bordersize:0px;\" class=\"fusion-gallery fusion-gallery-container fusion-grid-3 fusion-columns-total-3 fusion-gallery-layout-grid fusion-gallery-1\"><div style=\"padding:5px;\" class=\"fusion-grid-column fusion-gallery-column fusion-gallery-column-3 hover-type-zoomin\"><div class=\"fusion-gallery-image\"><a href=\"https:\/\/www.alfaforni.com\/wp-content\/uploads\/2025\/11\/Spianatoia-2.jpg\" rel=\"noreferrer\" data-rel=\"iLightbox[gallery_image_1]\" class=\"fusion-lightbox\" target=\"_self\"><img decoding=\"async\" src=\"https:\/\/www.alfaforni.com\/wp-content\/uploads\/2025\/11\/Spianatoia-2.jpg\" width=\"1200\" height=\"1200\" alt=\"\"  aria-label=\"Spianatoia-2\" class=\"img-responsive wp-image-70581\" srcset=\"https:\/\/www.alfaforni.com\/wp-content\/uploads\/2025\/11\/Spianatoia-2-400x400.jpg 400w, https:\/\/www.alfaforni.com\/wp-content\/uploads\/2025\/11\/Spianatoia-2-600x600.jpg 600w, https:\/\/www.alfaforni.com\/wp-content\/uploads\/2025\/11\/Spianatoia-2-800x800.jpg 800w, https:\/\/www.alfaforni.com\/wp-content\/uploads\/2025\/11\/Spianatoia-2.jpg 1200w\" sizes=\"(min-width: 2200px) 100vw, (min-width: 784px) 397px, (min-width: 712px) 595px, (min-width: 640px) 712px, \"><\/a><\/div><\/div><div style=\"padding:5px;\" class=\"fusion-grid-column fusion-gallery-column fusion-gallery-column-3 hover-type-zoomin\"><div class=\"fusion-gallery-image\"><a href=\"https:\/\/www.alfaforni.com\/wp-content\/uploads\/2025\/11\/Spianatoiapala.jpg\" rel=\"noreferrer\" data-rel=\"iLightbox[gallery_image_1]\" class=\"fusion-lightbox\" target=\"_self\"><img decoding=\"async\" src=\"https:\/\/www.alfaforni.com\/wp-content\/uploads\/2025\/11\/Spianatoiapala.jpg\" width=\"1200\" height=\"1200\" alt=\"\"  aria-label=\"Spianatoia+pala\" class=\"img-responsive wp-image-70574\" srcset=\"https:\/\/www.alfaforni.com\/wp-content\/uploads\/2025\/11\/Spianatoiapala-400x400.jpg 400w, https:\/\/www.alfaforni.com\/wp-content\/uploads\/2025\/11\/Spianatoiapala-600x600.jpg 600w, https:\/\/www.alfaforni.com\/wp-content\/uploads\/2025\/11\/Spianatoiapala-800x800.jpg 800w, https:\/\/www.alfaforni.com\/wp-content\/uploads\/2025\/11\/Spianatoiapala.jpg 1200w\" sizes=\"(min-width: 2200px) 100vw, (min-width: 784px) 397px, (min-width: 712px) 595px, (min-width: 640px) 712px, \"><\/a><\/div><\/div><div style=\"padding:5px;\" class=\"fusion-grid-column fusion-gallery-column fusion-gallery-column-3 hover-type-zoomin\"><div class=\"fusion-gallery-image\"><a href=\"https:\/\/www.alfaforni.com\/wp-content\/uploads\/2025\/11\/Spianatoia-3.jpg\" rel=\"noreferrer\" data-rel=\"iLightbox[gallery_image_1]\" class=\"fusion-lightbox\" target=\"_self\"><img decoding=\"async\" src=\"https:\/\/www.alfaforni.com\/wp-content\/uploads\/2025\/11\/Spianatoia-3.jpg\" width=\"1200\" height=\"1200\" alt=\"\"  aria-label=\"Spianatoia-3\" class=\"img-responsive wp-image-70595\" srcset=\"https:\/\/www.alfaforni.com\/wp-content\/uploads\/2025\/11\/Spianatoia-3-400x400.jpg 400w, https:\/\/www.alfaforni.com\/wp-content\/uploads\/2025\/11\/Spianatoia-3-600x600.jpg 600w, https:\/\/www.alfaforni.com\/wp-content\/uploads\/2025\/11\/Spianatoia-3-800x800.jpg 800w, https:\/\/www.alfaforni.com\/wp-content\/uploads\/2025\/11\/Spianatoia-3.jpg 1200w\" sizes=\"(min-width: 2200px) 100vw, (min-width: 784px) 397px, (min-width: 712px) 595px, (min-width: 640px) 712px, \"><\/a><\/div><\/div><div class=\"clearfix\"><\/div><\/div><\/div><\/div><\/div><\/div><\/div><div class=\"fusion-fullwidth fullwidth-box fusion-builder-row-2 fusion-flex-container has-pattern-background has-mask-background nonhundred-percent-fullwidth non-hundred-percent-height-scrolling\" style=\"--awb-border-radius-top-left:0px;--awb-border-radius-top-right:0px;--awb-border-radius-bottom-right:0px;--awb-border-radius-bottom-left:0px;--awb-padding-bottom-medium:0px;--awb-padding-top-small:40px;--awb-padding-bottom-small:20px;--awb-margin-top:100px;--awb-margin-bottom:50px;--awb-flex-wrap:wrap;\" ><div class=\"fusion-builder-row fusion-row fusion-flex-align-items-flex-start fusion-flex-content-wrap\" style=\"max-width:1248px;margin-left: calc(-4% \/ 2 );margin-right: calc(-4% \/ 2 );\"><div class=\"fusion-layout-column fusion_builder_column fusion-builder-column-1 fusion_builder_column_1_2 1_2 fusion-flex-column\" style=\"--awb-bg-size:cover;--awb-width-large:50%;--awb-margin-top-large:0px;--awb-spacing-right-large:3.84%;--awb-margin-bottom-large:20px;--awb-spacing-left-large:3.84%;--awb-width-medium:50%;--awb-order-medium:0;--awb-spacing-right-medium:3.84%;--awb-spacing-left-medium:3.84%;--awb-width-small:100%;--awb-order-small:0;--awb-spacing-right-small:1.92%;--awb-spacing-left-small:1.92%;\"><div class=\"fusion-column-wrapper fusion-column-has-shadow fusion-flex-justify-content-flex-start fusion-content-layout-column\"><div class=\"fusion-text fusion-text-1\"><h2 style=\"text-align: left;\">La base parfaite pour p\u00e9trir comme un v\u00e9ritable pizzaiolo<\/h2>\n<h3 style=\"text-align: left;\"><span style=\"font-weight: 400;\">Avec le plan de travail Alfa, vous disposez d\u2019un espace large et solide pour travailler la p\u00e2te \u00e0 pizza de fa\u00e7on confortable et efficace.<\/span><\/h3>\n<p data-start=\"1014\" data-end=\"1291\">Le h\u00eatre massif offre une surface naturelle, agr\u00e9able au toucher, r\u00e9sistante \u00e0 l\u2019humidit\u00e9 et id\u00e9ale pour manipuler farine, levure et eau.<\/p>\n<p data-start=\"1293\" data-end=\"1531\">Parce qu\u2019il est fabriqu\u00e9 dans un mat\u00e9riau naturel, le plan de travail <strong>conserve une temp\u00e9rature plus stable et l\u00e9g\u00e8rement plus \u00e9lev\u00e9e<\/strong> que les surfaces synth\u00e9tiques, ce qui facilite le travail de la p\u00e2te et favorise une lev\u00e9e plus homog\u00e8ne.<\/p>\n<p data-start=\"1533\" data-end=\"1699\">La <strong>but\u00e9e avant emp\u00eache<\/strong> le plan de bouger pendant l\u2019utilisation. Vous pouvez le poser sur un plan de cuisine ou sur une table et commencer \u00e0 p\u00e9trir en toute stabilit\u00e9.<\/p>\n<p data-start=\"1701\" data-end=\"1852\">\u00c9l\u00e9gant dans sa forme, fonctionnel dans ses d\u00e9tails, c\u2019est un accessoire indispensable pour tous ceux qui aiment pr\u00e9parer la pizza maison avec passion.<\/p>\n<\/div><\/div><\/div><div class=\"fusion-layout-column fusion_builder_column fusion-builder-column-2 fusion_builder_column_1_2 1_2 fusion-flex-column\" style=\"--awb-bg-size:cover;--awb-width-large:50%;--awb-margin-top-large:0px;--awb-spacing-right-large:3.84%;--awb-margin-bottom-large:20px;--awb-spacing-left-large:3.84%;--awb-width-medium:50%;--awb-order-medium:0;--awb-spacing-right-medium:3.84%;--awb-spacing-left-medium:3.84%;--awb-width-small:100%;--awb-order-small:0;--awb-spacing-right-small:1.92%;--awb-spacing-left-small:1.92%;\"><div class=\"fusion-column-wrapper fusion-column-has-shadow fusion-flex-justify-content-flex-start fusion-content-layout-column\"><div class=\"fusion-image-element \" style=\"--awb-caption-title-font-family:var(--h2_typography-font-family);--awb-caption-title-font-weight:var(--h2_typography-font-weight);--awb-caption-title-font-style:var(--h2_typography-font-style);--awb-caption-title-size:var(--h2_typography-font-size);--awb-caption-title-transform:var(--h2_typography-text-transform);--awb-caption-title-line-height:var(--h2_typography-line-height);--awb-caption-title-letter-spacing:var(--h2_typography-letter-spacing);\"><span class=\" fusion-imageframe imageframe-none imageframe-1 hover-type-none\"><img decoding=\"async\" width=\"578\" height=\"750\" alt=\"MEDIUM\"  src=\"https:\/\/www.alfaforni.com\/wp-content\/uploads\/2025\/11\/spianatoia-in-legno.jpg\" class=\"img-responsive wp-image-70605\" srcset=\"https:\/\/www.alfaforni.com\/wp-content\/uploads\/2025\/11\/spianatoia-in-legno-400x519.jpg 400w, https:\/\/www.alfaforni.com\/wp-content\/uploads\/2025\/11\/spianatoia-in-legno.jpg 578w\" sizes=\"(max-width: 640px) 100vw, 578px\" \/><\/span><\/div><\/div><\/div><\/div><\/div><\/p>\n","protected":false},"excerpt":{"rendered":"<h2>Plan de travail en bois Alfa<\/h2>\n<h3><span style=\"font-weight: 400;\">Le plan de travail Alfa est la base id\u00e9ale pour travailler les p\u00e2tes \u00e0 la maison, avec tout le confort et la qualit\u00e9 du bois Made in Italy.<\/span><\/h3>\n<p>Ses principales caract\u00e9ristiques :<\/p>\n<ul class=\"dark_text\">\n<li>Fabriqu\u00e9 en h\u00eatre massif<\/li>\n<li>Grande surface stable : 50 x 50 cm<\/li>\n<li>Dot\u00e9 d\u2019une but\u00e9e avant pour \u00e9viter tout glissement<\/li>\n<li>Facile \u00e0 nettoyer<\/li>\n<\/ul>\n<p>&nbsp;<\/p>\n[fusion_tabs parent_dynamic_content=\"\" design=\"clean\" layout=\"horizontal\" justified=\"yes\" alignment=\"start\" sticky_tabs=\"no\" icon_size=\"\" hide_on_mobile=\"small-visibility,medium-visibility,large-visibility\" margin_medium=\"\" margin_small=\"\" title_tag=\"div\" title_padding_medium=\"\" title_padding_small=\"\" content_padding_medium=\"\" content_padding_small=\"\" title_active_text_color=\"\" title_text_color=\"#000000\" icon_active_color=\"\" icon_color=\"#000000\" fusion_font_variant_title_font=\"600\" fusion_font_family_title_font=\"Open Sans\" title_font_size=\"16px\" inactivecolor=\"#ffffff\" bordercolor=\"var(--awb-color1)\" icon=\"fa-angle-down fas\"][fusion_tab title=\"Contenu de l\u2019emballage\"]<\/p>\n<ul>\n<li>1 plan de travail en h\u00eatre massif 50 x 50 cm avec but\u00e9e avant<\/li>\n<\/ul>\n<p>[\/fusion_tab][fusion_tab title=\"Dimensions de l\u2019emballage\"]<\/p>\n<ul>\n<li>60 x 43 x 4 cm<\/li>\n<\/ul>\n<p>[\/fusion_tab][\/fusion_tabs]\n","protected":false},"featured_media":70591,"template":"","meta":{"_acf_changed":false},"product_brand":[],"product_cat":[184,344],"product_tag":[],"class_list":{"0":"post-70861","1":"product","2":"type-product","3":"status-publish","4":"has-post-thumbnail","6":"product_cat-accessoires-pour-fours-a-bois","7":"product_cat-accessoires-domestiques","9":"first","10":"instock","11":"shipping-taxable","12":"product-type-simple"},"acf":[],"_links":{"self":[{"href":"https:\/\/www.alfaforni.com\/fr\/wp-json\/wp\/v2\/product\/70861","targetHints":{"allow":["GET"]}}],"collection":[{"href":"https:\/\/www.alfaforni.com\/fr\/wp-json\/wp\/v2\/product"}],"about":[{"href":"https:\/\/www.alfaforni.com\/fr\/wp-json\/wp\/v2\/types\/product"}],"wp:featuredmedia":[{"embeddable":true,"href":"https:\/\/www.alfaforni.com\/fr\/wp-json\/wp\/v2\/media\/70591"}],"wp:attachment":[{"href":"https:\/\/www.alfaforni.com\/fr\/wp-json\/wp\/v2\/media?parent=70861"}],"wp:term":[{"taxonomy":"product_brand","embeddable":true,"href":"https:\/\/www.alfaforni.com\/fr\/wp-json\/wp\/v2\/product_brand?post=70861"},{"taxonomy":"product_cat","embeddable":true,"href":"https:\/\/www.alfaforni.com\/fr\/wp-json\/wp\/v2\/product_cat?post=70861"},{"taxonomy":"product_tag","embeddable":true,"href":"https:\/\/www.alfaforni.com\/fr\/wp-json\/wp\/v2\/product_tag?post=70861"}],"curies":[{"name":"wp","href":"https:\/\/api.w.org\/{rel}","templated":true}]}}