{"id":70908,"date":"2025-12-12T14:53:46","date_gmt":"2025-12-12T13:53:46","guid":{"rendered":"https:\/\/www.alfaforni.com\/?post_type=product&#038;p=70908"},"modified":"2025-12-12T14:53:47","modified_gmt":"2025-12-12T13:53:47","slug":"le-tisonnier","status":"publish","type":"product","link":"https:\/\/www.alfaforni.com\/fr\/produit\/le-tisonnier\/","title":{"rendered":"Le tisonnier"},"content":{"rendered":"<p><div class=\"fusion-fullwidth fullwidth-box fusion-builder-row-1 fusion-flex-container has-pattern-background has-mask-background nonhundred-percent-fullwidth non-hundred-percent-height-scrolling\" style=\"--awb-border-radius-top-left:0px;--awb-border-radius-top-right:0px;--awb-border-radius-bottom-right:0px;--awb-border-radius-bottom-left:0px;--awb-padding-bottom-medium:0px;--awb-padding-top-small:40px;--awb-padding-bottom-small:20px;--awb-margin-top:100px;--awb-margin-bottom:50px;--awb-flex-wrap:wrap;\" ><div class=\"fusion-builder-row fusion-row fusion-flex-align-items-flex-start fusion-flex-content-wrap\" style=\"max-width:1248px;margin-left: calc(-4% \/ 2 );margin-right: calc(-4% \/ 2 );\"><div class=\"fusion-layout-column fusion_builder_column fusion-builder-column-0 fusion_builder_column_1_2 1_2 fusion-flex-column\" style=\"--awb-bg-size:cover;--awb-width-large:50%;--awb-margin-top-large:0px;--awb-spacing-right-large:3.84%;--awb-margin-bottom-large:20px;--awb-spacing-left-large:3.84%;--awb-width-medium:50%;--awb-order-medium:0;--awb-spacing-right-medium:3.84%;--awb-spacing-left-medium:3.84%;--awb-width-small:100%;--awb-order-small:0;--awb-spacing-right-small:1.92%;--awb-spacing-left-small:1.92%;\"><div class=\"fusion-column-wrapper fusion-column-has-shadow fusion-flex-justify-content-flex-start fusion-content-layout-column\"><div class=\"fusion-text fusion-text-1\"><h2 style=\"text-align: left;\">Contr\u00f4lez le feu en toute simplicit\u00e9<\/h2>\n<h3 style=\"text-align: left;\"><span style=\"font-weight: 400;\">Avec un four \u00e0 bois, la gestion du feu est essentielle.<\/span><\/h3>\n<p data-start=\"1613\" data-end=\"1813\">Le tisonnier Alfa permet de repositionner la braise, d\u2019approcher ou d\u2019\u00e9loigner le bois et de contr\u00f4ler l\u2019intensit\u00e9 de la flamme \u00e0 tout moment.<\/p>\n<p data-start=\"1815\" data-end=\"1912\">Sa <strong>t\u00eate fa\u00e7onn\u00e9e en acier est con\u00e7ue pour offrir pr\u00e9cision et s\u00e9curit\u00e9<\/strong>, m\u00eame \u00e0 haute temp\u00e9rature.<\/p>\n<\/div><div class=\"fusion-image-element fusion-no-medium-visibility fusion-no-large-visibility\" style=\"--awb-caption-title-font-family:var(--h2_typography-font-family);--awb-caption-title-font-weight:var(--h2_typography-font-weight);--awb-caption-title-font-style:var(--h2_typography-font-style);--awb-caption-title-size:var(--h2_typography-font-size);--awb-caption-title-transform:var(--h2_typography-text-transform);--awb-caption-title-line-height:var(--h2_typography-line-height);--awb-caption-title-letter-spacing:var(--h2_typography-letter-spacing);\"><span class=\" fusion-imageframe imageframe-none imageframe-1 hover-type-none\"><img decoding=\"async\" width=\"1200\" height=\"1200\" alt=\"MEDIUM\"  src=\"https:\/\/www.alfaforni.com\/wp-content\/uploads\/2025\/10\/palino-pizza-alfa-forni-05.jpg\" class=\"img-responsive wp-image-69818\" srcset=\"https:\/\/www.alfaforni.com\/wp-content\/uploads\/2025\/10\/palino-pizza-alfa-forni-05-400x400.jpg 400w, https:\/\/www.alfaforni.com\/wp-content\/uploads\/2025\/10\/palino-pizza-alfa-forni-05-600x600.jpg 600w, https:\/\/www.alfaforni.com\/wp-content\/uploads\/2025\/10\/palino-pizza-alfa-forni-05-800x800.jpg 800w, https:\/\/www.alfaforni.com\/wp-content\/uploads\/2025\/10\/palino-pizza-alfa-forni-05.jpg 1200w\" sizes=\"(max-width: 640px) 100vw, 600px\" \/><\/span><\/div><div class=\"fusion-text fusion-text-2\"><h3 style=\"text-align: left;\"><span style=\"font-weight: 400;\">Construit pour durer, simple \u00e0 utiliser<\/span><\/h3>\n<p style=\"text-align: left;\">Le manche coulissant avec <strong>poign\u00e9e antid\u00e9rapante en duroplast<\/strong> garantit une prise en main stable et confortable.<br data-start=\"2076\" data-end=\"2079\" \/>La <strong>longueur<\/strong> du tisonnier offre l\u2019\u00e9quilibre id\u00e9al entre s\u00e9curit\u00e9 et praticit\u00e9, ce qui le rend adapt\u00e9 \u00e0 tous les fours \u00e0 bois Alfa.<\/p>\n<\/div><\/div><\/div><div class=\"fusion-layout-column fusion_builder_column fusion-builder-column-1 fusion_builder_column_1_2 1_2 fusion-flex-column\" style=\"--awb-bg-size:cover;--awb-width-large:50%;--awb-margin-top-large:0px;--awb-spacing-right-large:3.84%;--awb-margin-bottom-large:20px;--awb-spacing-left-large:3.84%;--awb-width-medium:50%;--awb-order-medium:0;--awb-spacing-right-medium:3.84%;--awb-spacing-left-medium:3.84%;--awb-width-small:100%;--awb-order-small:0;--awb-spacing-right-small:1.92%;--awb-spacing-left-small:1.92%;\"><div class=\"fusion-column-wrapper fusion-column-has-shadow fusion-flex-justify-content-flex-start fusion-content-layout-column\"><div class=\"fusion-image-element fusion-no-small-visibility\" style=\"--awb-caption-title-font-family:var(--h2_typography-font-family);--awb-caption-title-font-weight:var(--h2_typography-font-weight);--awb-caption-title-font-style:var(--h2_typography-font-style);--awb-caption-title-size:var(--h2_typography-font-size);--awb-caption-title-transform:var(--h2_typography-text-transform);--awb-caption-title-line-height:var(--h2_typography-line-height);--awb-caption-title-letter-spacing:var(--h2_typography-letter-spacing);\"><span class=\" fusion-imageframe imageframe-none imageframe-2 hover-type-none\"><img decoding=\"async\" width=\"1200\" height=\"1200\" alt=\"MEDIUM\"  src=\"https:\/\/www.alfaforni.com\/wp-content\/uploads\/2025\/10\/palino-pizza-alfa-forni-05.jpg\" class=\"img-responsive wp-image-69818\" srcset=\"https:\/\/www.alfaforni.com\/wp-content\/uploads\/2025\/10\/palino-pizza-alfa-forni-05-400x400.jpg 400w, https:\/\/www.alfaforni.com\/wp-content\/uploads\/2025\/10\/palino-pizza-alfa-forni-05-600x600.jpg 600w, https:\/\/www.alfaforni.com\/wp-content\/uploads\/2025\/10\/palino-pizza-alfa-forni-05-800x800.jpg 800w, https:\/\/www.alfaforni.com\/wp-content\/uploads\/2025\/10\/palino-pizza-alfa-forni-05.jpg 1200w\" sizes=\"(max-width: 640px) 100vw, 600px\" \/><\/span><\/div><\/div><\/div><\/div><\/div><div class=\"fusion-fullwidth fullwidth-box fusion-builder-row-2 fusion-flex-container has-pattern-background has-mask-background nonhundred-percent-fullwidth non-hundred-percent-height-scrolling\" style=\"--awb-border-radius-top-left:0px;--awb-border-radius-top-right:0px;--awb-border-radius-bottom-right:0px;--awb-border-radius-bottom-left:0px;--awb-padding-bottom-medium:0px;--awb-padding-top-small:40px;--awb-padding-bottom-small:20px;--awb-margin-bottom:50px;--awb-flex-wrap:nowrap;\" ><div class=\"fusion-builder-row fusion-row fusion-flex-align-items-flex-start fusion-flex-content-wrap\" style=\"max-width:1248px;margin-left: calc(-4% \/ 2 );margin-right: calc(-4% \/ 2 );\"><div class=\"fusion-layout-column fusion_builder_column fusion-builder-column-2 fusion_builder_column_1_1 1_1 fusion-flex-column\" style=\"--awb-bg-size:cover;--awb-width-large:100%;--awb-margin-top-large:0px;--awb-spacing-right-large:1.92%;--awb-margin-bottom-large:20px;--awb-spacing-left-large:1.92%;--awb-width-medium:100%;--awb-order-medium:0;--awb-spacing-right-medium:1.92%;--awb-spacing-left-medium:1.92%;--awb-width-small:100%;--awb-order-small:0;--awb-spacing-right-small:1.92%;--awb-spacing-left-small:1.92%;\"><div class=\"fusion-column-wrapper fusion-column-has-shadow fusion-flex-justify-content-flex-start fusion-content-layout-column\"><div class=\"fusion-text fusion-text-3\"><h3 style=\"text-align: center;\"><span style=\"font-weight: 400;\">Les pelles Alfa sont disponibles \u00e0 l\u2019unit\u00e9 ou en <a href=\"\/fr\/produit\/sets-de-pelles-a-pizza-alfa\/\">Set<\/a>.<\/span><\/h3>\n<p style=\"text-align: center;\">Le <strong data-start=\"2372\" data-end=\"2389\">Set de pelles<\/strong> (Medium, Large ou Extra Large selon la taille) convient aussi bien aux fours les plus compacts qu\u2019aux plus grands et inclut une pelle \u00e0 pizza, un palino et une brosse.<\/p>\n<\/div><\/div><\/div><\/div><\/div><div class=\"fusion-fullwidth fullwidth-box fusion-builder-row-3 fusion-flex-container has-pattern-background has-mask-background nonhundred-percent-fullwidth non-hundred-percent-height-scrolling\" style=\"--awb-border-radius-top-left:0px;--awb-border-radius-top-right:0px;--awb-border-radius-bottom-right:0px;--awb-border-radius-bottom-left:0px;--awb-padding-top:120px;--awb-padding-bottom:120px;--awb-padding-top-medium:40px;--awb-padding-bottom-medium:40px;--awb-background-color:var(--awb-color2);--awb-flex-wrap:wrap;\" ><div class=\"fusion-builder-row fusion-row fusion-flex-align-items-flex-start fusion-flex-content-wrap\" style=\"max-width:1248px;margin-left: calc(-4% \/ 2 );margin-right: calc(-4% \/ 2 );\"><div class=\"fusion-layout-column fusion_builder_column fusion-builder-column-3 fusion_builder_column_1_2 1_2 fusion-flex-column\" style=\"--awb-bg-size:cover;--awb-width-large:50%;--awb-margin-top-large:0px;--awb-spacing-right-large:3.84%;--awb-margin-bottom-large:20px;--awb-spacing-left-large:3.84%;--awb-width-medium:50%;--awb-order-medium:0;--awb-spacing-right-medium:3.84%;--awb-spacing-left-medium:3.84%;--awb-width-small:100%;--awb-order-small:0;--awb-spacing-right-small:1.92%;--awb-spacing-left-small:1.92%;\"><div class=\"fusion-column-wrapper fusion-column-has-shadow fusion-flex-justify-content-flex-start fusion-content-layout-column\"><div class=\"fusion-image-element fusion-no-medium-visibility fusion-no-large-visibility\" style=\"--awb-margin-bottom:30px;--awb-caption-title-font-family:var(--h2_typography-font-family);--awb-caption-title-font-weight:var(--h2_typography-font-weight);--awb-caption-title-font-style:var(--h2_typography-font-style);--awb-caption-title-size:var(--h2_typography-font-size);--awb-caption-title-transform:var(--h2_typography-text-transform);--awb-caption-title-line-height:var(--h2_typography-line-height);--awb-caption-title-letter-spacing:var(--h2_typography-letter-spacing);\"><span class=\" fusion-imageframe imageframe-none imageframe-3 hover-type-none\"><img decoding=\"async\" width=\"1200\" height=\"750\"  src=\"https:\/\/www.alfaforni.com\/wp-content\/uploads\/2021\/06\/connector-pizza-peel-set.jpg\" class=\"img-responsive wp-image-24500\" srcset=\"https:\/\/www.alfaforni.com\/wp-content\/uploads\/2021\/06\/connector-pizza-peel-set-600x375.jpg 600w, https:\/\/www.alfaforni.com\/wp-content\/uploads\/2021\/06\/connector-pizza-peel-set.jpg 1200w\" sizes=\"(max-width: 640px) 100vw, 1200px\" alt=\"\"><\/span><\/div><div class=\"fusion-text fusion-text-4 fusion-text-no-margin\" style=\"--awb-text-color:var(--awb-color7);--awb-margin-bottom:20px;\"><h2><span style=\"color: #ffffff;\">Manche modulaire pour un confort maximal<\/span><\/h2>\n<\/div><div class=\"fusion-text fusion-text-5 fusion-text-no-margin\" style=\"--awb-text-color:var(--awb-color7);--awb-margin-bottom:20px;\"><h3><span style=\"font-weight: 400; color: #ffffff;\">Le tisonnier Alfa est \u00e9quip\u00e9 d\u2019un manche coulissant ergonomique et d\u2019une rallonge de 25 cm, pour une longueur totale d\u2019environ 120 cm.<\/span><\/h3>\n<\/div><div class=\"fusion-text fusion-text-6\" style=\"--awb-text-color:var(--awb-color7);\"><p data-start=\"2263\" data-end=\"2475\">Le duroplast offre une prise s\u00fbre et agr\u00e9able, m\u00eame avec des gants de four.<\/p>\n<p data-start=\"2477\" data-end=\"2658\">Cette configuration assure un \u00e9quilibre optimal entre <strong>maniabilit\u00e9 et protection contre la chaleur<\/strong>, rendant le tisonnier adapt\u00e9 \u00e0 tous les fours Alfa, quelle que soit leur dimension.<\/p>\n<\/div><\/div><\/div><div class=\"fusion-layout-column fusion_builder_column fusion-builder-column-4 fusion_builder_column_1_2 1_2 fusion-flex-column\" style=\"--awb-bg-size:cover;--awb-width-large:50%;--awb-margin-top-large:0px;--awb-spacing-right-large:3.84%;--awb-margin-bottom-large:20px;--awb-spacing-left-large:3.84%;--awb-width-medium:50%;--awb-order-medium:0;--awb-spacing-right-medium:3.84%;--awb-spacing-left-medium:3.84%;--awb-width-small:100%;--awb-order-small:0;--awb-spacing-right-small:1.92%;--awb-spacing-left-small:1.92%;\"><div class=\"fusion-column-wrapper fusion-column-has-shadow fusion-flex-justify-content-flex-start fusion-content-layout-column\"><div class=\"fusion-image-element \" style=\"--awb-margin-top:15px;--awb-margin-bottom:50px;--awb-caption-title-font-family:var(--h2_typography-font-family);--awb-caption-title-font-weight:var(--h2_typography-font-weight);--awb-caption-title-font-style:var(--h2_typography-font-style);--awb-caption-title-size:var(--h2_typography-font-size);--awb-caption-title-transform:var(--h2_typography-text-transform);--awb-caption-title-line-height:var(--h2_typography-line-height);--awb-caption-title-letter-spacing:var(--h2_typography-letter-spacing);\"><span class=\" fusion-imageframe imageframe-none imageframe-4 hover-type-none\"><a href=\"https:\/\/www.alfaforni.com\/wp-content\/uploads\/2025\/10\/pale-estendibili-di-Alfa-Forni.jpg\" class=\"fusion-lightbox\" data-rel=\"iLightbox[f9f95af3456f561bb5a]\" data-title=\"pale-estendibili-di-Alfa-Forni\" ><img decoding=\"async\" width=\"1200\" height=\"388\" src=\"https:\/\/www.alfaforni.com\/wp-content\/uploads\/2025\/10\/pale-estendibili-di-Alfa-Forni.jpg\" class=\"img-responsive wp-image-69698\" srcset=\"https:\/\/www.alfaforni.com\/wp-content\/uploads\/2025\/10\/pale-estendibili-di-Alfa-Forni-400x129.jpg 400w, https:\/\/www.alfaforni.com\/wp-content\/uploads\/2025\/10\/pale-estendibili-di-Alfa-Forni-600x194.jpg 600w, https:\/\/www.alfaforni.com\/wp-content\/uploads\/2025\/10\/pale-estendibili-di-Alfa-Forni-800x259.jpg 800w, https:\/\/www.alfaforni.com\/wp-content\/uploads\/2025\/10\/pale-estendibili-di-Alfa-Forni.jpg 1200w\" sizes=\"(max-width: 640px) 100vw, 600px\" alt=\"\" ><\/a><\/span><\/div><div class=\"fusion-image-element fusion-no-small-visibility\" style=\"--awb-caption-title-font-family:var(--h2_typography-font-family);--awb-caption-title-font-weight:var(--h2_typography-font-weight);--awb-caption-title-font-style:var(--h2_typography-font-style);--awb-caption-title-size:var(--h2_typography-font-size);--awb-caption-title-transform:var(--h2_typography-text-transform);--awb-caption-title-line-height:var(--h2_typography-line-height);--awb-caption-title-letter-spacing:var(--h2_typography-letter-spacing);\"><span class=\" fusion-imageframe imageframe-none imageframe-5 hover-type-none\"><img decoding=\"async\" width=\"1200\" height=\"750\"  src=\"https:\/\/www.alfaforni.com\/wp-content\/uploads\/2021\/06\/connector-pizza-peel-set.jpg\" class=\"img-responsive wp-image-24500\" srcset=\"https:\/\/www.alfaforni.com\/wp-content\/uploads\/2021\/06\/connector-pizza-peel-set-600x375.jpg 600w, https:\/\/www.alfaforni.com\/wp-content\/uploads\/2021\/06\/connector-pizza-peel-set.jpg 1200w\" sizes=\"(max-width: 640px) 100vw, 1200px\" alt=\"\"><\/span><\/div><\/div><\/div><\/div><\/div><div class=\"fusion-fullwidth fullwidth-box fusion-builder-row-4 fusion-flex-container has-pattern-background has-mask-background nonhundred-percent-fullwidth non-hundred-percent-height-scrolling\" style=\"--awb-border-radius-top-left:0px;--awb-border-radius-top-right:0px;--awb-border-radius-bottom-right:0px;--awb-border-radius-bottom-left:0px;--awb-padding-top:120px;--awb-padding-bottom:120px;--awb-padding-top-medium:40px;--awb-padding-bottom-medium:40px;--awb-background-color:#f5f5f5;--awb-flex-wrap:wrap;\" ><div class=\"fusion-builder-row fusion-row fusion-flex-align-items-flex-start fusion-flex-content-wrap\" style=\"max-width:1248px;margin-left: calc(-4% \/ 2 );margin-right: calc(-4% \/ 2 );\"><div class=\"fusion-layout-column fusion_builder_column fusion-builder-column-5 fusion_builder_column_1_2 1_2 fusion-flex-column\" style=\"--awb-bg-size:cover;--awb-width-large:50%;--awb-margin-top-large:0px;--awb-spacing-right-large:3.84%;--awb-margin-bottom-large:20px;--awb-spacing-left-large:3.84%;--awb-width-medium:50%;--awb-order-medium:0;--awb-spacing-right-medium:3.84%;--awb-spacing-left-medium:3.84%;--awb-width-small:100%;--awb-order-small:0;--awb-spacing-right-small:1.92%;--awb-spacing-left-small:1.92%;\"><div class=\"fusion-column-wrapper fusion-column-has-shadow fusion-flex-justify-content-flex-start fusion-content-layout-column\"><div class=\"fusion-text fusion-text-7 fusion-text-no-margin\" style=\"--awb-text-color:var(--awb-color7);--awb-margin-bottom:20px;\"><h2>Besoin d\u2019autres pelles ou accessoires ?<\/h2>\n<\/div><div class=\"fusion-image-element fusion-no-medium-visibility fusion-no-large-visibility\" style=\"--awb-caption-title-font-family:var(--h2_typography-font-family);--awb-caption-title-font-weight:var(--h2_typography-font-weight);--awb-caption-title-font-style:var(--h2_typography-font-style);--awb-caption-title-size:var(--h2_typography-font-size);--awb-caption-title-transform:var(--h2_typography-text-transform);--awb-caption-title-line-height:var(--h2_typography-line-height);--awb-caption-title-letter-spacing:var(--h2_typography-letter-spacing);\"><span class=\" fusion-imageframe imageframe-none imageframe-6 hover-type-none\"><img decoding=\"async\" width=\"1200\" height=\"1200\"  src=\"https:\/\/www.alfaforni.com\/wp-content\/uploads\/2025\/10\/Pizza-peel-set-alfa-forni.jpg\" class=\"img-responsive wp-image-69782\" srcset=\"https:\/\/www.alfaforni.com\/wp-content\/uploads\/2025\/10\/Pizza-peel-set-alfa-forni-400x400.jpg 400w, https:\/\/www.alfaforni.com\/wp-content\/uploads\/2025\/10\/Pizza-peel-set-alfa-forni-600x600.jpg 600w, https:\/\/www.alfaforni.com\/wp-content\/uploads\/2025\/10\/Pizza-peel-set-alfa-forni-800x800.jpg 800w, https:\/\/www.alfaforni.com\/wp-content\/uploads\/2025\/10\/Pizza-peel-set-alfa-forni.jpg 1200w\" sizes=\"(max-width: 640px) 100vw, 600px\" alt=\"\"><\/span><\/div><div class=\"fusion-text fusion-text-8 fusion-text-no-margin\" style=\"--awb-text-color:var(--awb-color7);--awb-margin-bottom:20px;\"><h3>La pelle \u00e0 pizza en acier Alfa fait partie de notre <a href=\"\/fr\/produit\/sets-de-pelles-a-pizza-alfa\/\"><strong data-start=\"3797\" data-end=\"3814\">Set de pelles<\/strong><\/a>, qui comprend \u00e9galement un palino, un muovibraci et une brosse pour four \u00e0 bois.<\/h3>\n<\/div><div class=\"fusion-text fusion-text-9\" style=\"--awb-text-color:#000000;\"><p data-start=\"3745\" data-end=\"4052\"><strong>Ce Set est lui m\u00eame inclus dans le <a href=\"\/fr\/produit\/pizzaiolo-master-kit\/\">Kit Pizzaiolo Alfa<\/a>, une s\u00e9lection soign\u00e9e de nos meilleurs accessoires pour profiter pleinement de votre four Alfa.<\/strong><\/p>\n<p data-start=\"4054\" data-end=\"4159\">Pr\u00e9parez vos pizzas comme un vrai pizzaiolo gr\u00e2ce \u00e0 la pelle \u00e0 pizza Alfa et aux autres accessoires Alfa.<\/p>\n<\/div><\/div><\/div><div class=\"fusion-layout-column fusion_builder_column fusion-builder-column-6 fusion_builder_column_1_2 1_2 fusion-flex-column\" style=\"--awb-bg-size:cover;--awb-width-large:50%;--awb-margin-top-large:0px;--awb-spacing-right-large:3.84%;--awb-margin-bottom-large:20px;--awb-spacing-left-large:3.84%;--awb-width-medium:50%;--awb-order-medium:0;--awb-spacing-right-medium:3.84%;--awb-spacing-left-medium:3.84%;--awb-width-small:100%;--awb-order-small:0;--awb-spacing-right-small:1.92%;--awb-spacing-left-small:1.92%;\"><div class=\"fusion-column-wrapper fusion-column-has-shadow fusion-flex-justify-content-flex-start fusion-content-layout-column\"><div class=\"fusion-image-element fusion-no-small-visibility\" style=\"--awb-caption-title-font-family:var(--h2_typography-font-family);--awb-caption-title-font-weight:var(--h2_typography-font-weight);--awb-caption-title-font-style:var(--h2_typography-font-style);--awb-caption-title-size:var(--h2_typography-font-size);--awb-caption-title-transform:var(--h2_typography-text-transform);--awb-caption-title-line-height:var(--h2_typography-line-height);--awb-caption-title-letter-spacing:var(--h2_typography-letter-spacing);\"><span class=\" fusion-imageframe imageframe-none imageframe-7 hover-type-none\"><img decoding=\"async\" width=\"1200\" height=\"1200\"  src=\"https:\/\/www.alfaforni.com\/wp-content\/uploads\/2025\/10\/Pizza-peel-set-alfa-forni.jpg\" class=\"img-responsive wp-image-69782\" srcset=\"https:\/\/www.alfaforni.com\/wp-content\/uploads\/2025\/10\/Pizza-peel-set-alfa-forni-400x400.jpg 400w, https:\/\/www.alfaforni.com\/wp-content\/uploads\/2025\/10\/Pizza-peel-set-alfa-forni-600x600.jpg 600w, https:\/\/www.alfaforni.com\/wp-content\/uploads\/2025\/10\/Pizza-peel-set-alfa-forni-800x800.jpg 800w, https:\/\/www.alfaforni.com\/wp-content\/uploads\/2025\/10\/Pizza-peel-set-alfa-forni.jpg 1200w\" sizes=\"(max-width: 640px) 100vw, 600px\" alt=\"\"><\/span><\/div><\/div><\/div><\/div><\/div><\/p>\n","protected":false},"excerpt":{"rendered":"<h2>Le tisonnier<\/h2>\n<h3><span style=\"font-weight: 400;\">Le tisonnier Alfa est l\u2019outil indispensable pour g\u00e9rer facilement les braises \u00e0 l\u2019int\u00e9rieur d\u2019un four \u00e0 bois.<\/span><\/h3>\n<p data-start=\"497\" data-end=\"738\">Il est con\u00e7u pour offrir un contr\u00f4le maximal de la flamme et de la braise, garantissant s\u00e9curit\u00e9 et pr\u00e9cision pendant la cuisson.<br \/>\nSa t\u00eate en acier l\u00e9g\u00e8rement courb\u00e9e permet de d\u00e9placer le bois ou de r\u00e9partir uniform\u00e9ment les braises sur la sole du four, de mani\u00e8re simple et s\u00e9curis\u00e9e.<\/p>\n<p data-start=\"897\" data-end=\"1049\">Robuste et fiable, c\u2019est un outil essentiel pour optimiser la temp\u00e9rature du four et cr\u00e9er les conditions id\u00e9ales pour une cuisson parfaite de la pizza.<\/p>\n<p>Caract\u00e9ristiques principales :<\/p>\n<ul class=\"dark_text\">\n<li>Enti\u00e8rement r\u00e9alis\u00e9 en acier<\/li>\n<li>T\u00eate fa\u00e7onn\u00e9e pour d\u00e9placer braises et bois avec pr\u00e9cision<\/li>\n<li>Manche coulissant en duroplast<\/li>\n<li>Poign\u00e9e confortable et antid\u00e9rapante<\/li>\n<li>R\u00e9sistant \u00e0 la chaleur<\/li>\n<li><strong>Compatible avec <a href=\"https:\/\/www.alfaforni.com\/fr\/fours-a-pizza-bois-gaz\/\">tous les fours domestiques Alfa<\/a>.<\/strong><\/li>\n<\/ul>\n<p>&nbsp;<\/p>\n[fusion_tabs parent_dynamic_content=\"\" design=\"clean\" layout=\"horizontal\" justified=\"yes\" alignment=\"start\" sticky_tabs=\"no\" icon_size=\"\" hide_on_mobile=\"small-visibility,medium-visibility,large-visibility\" margin_medium=\"\" margin_small=\"\" title_tag=\"div\" title_padding_medium=\"\" title_padding_small=\"\" content_padding_medium=\"\" content_padding_small=\"\" title_active_text_color=\"\" title_text_color=\"#000000\" icon_active_color=\"\" icon_color=\"#000000\" fusion_font_variant_title_font=\"600\" fusion_font_family_title_font=\"Open Sans\" title_font_size=\"16px\" inactivecolor=\"#ffffff\" bordercolor=\"var(--awb-color1)\" icon=\"fa-angle-down fas\"][fusion_tab title=\"Contenu de l\u2019emballage\"]<\/p>\n<ul>\n<li>1 t\u00eate de tisonnier<\/li>\n<li>1 poign\u00e9e antid\u00e9rapante avec manche coulissant en duroplast<\/li>\n<li>1 rallonge en aluminium anodis\u00e9 de 25 cm<\/li>\n<\/ul>\n<p>[\/fusion_tab][fusion_tab title=\"Dimensions de l\u2019emballage\"]<\/p>\n<ul>\n<li>60 x 12 x 4 cm<\/li>\n<\/ul>\n<p>[\/fusion_tab][\/fusion_tabs]\n","protected":false},"featured_media":25481,"template":"","meta":{"_acf_changed":false},"product_brand":[],"product_cat":[184,344],"product_tag":[],"class_list":{"0":"post-70908","1":"product","2":"type-product","3":"status-publish","4":"has-post-thumbnail","6":"product_cat-accessoires-pour-fours-a-bois","7":"product_cat-accessoires-domestiques","9":"first","10":"instock","11":"shipping-taxable","12":"product-type-simple"},"acf":[],"_links":{"self":[{"href":"https:\/\/www.alfaforni.com\/fr\/wp-json\/wp\/v2\/product\/70908","targetHints":{"allow":["GET"]}}],"collection":[{"href":"https:\/\/www.alfaforni.com\/fr\/wp-json\/wp\/v2\/product"}],"about":[{"href":"https:\/\/www.alfaforni.com\/fr\/wp-json\/wp\/v2\/types\/product"}],"wp:featuredmedia":[{"embeddable":true,"href":"https:\/\/www.alfaforni.com\/fr\/wp-json\/wp\/v2\/media\/25481"}],"wp:attachment":[{"href":"https:\/\/www.alfaforni.com\/fr\/wp-json\/wp\/v2\/media?parent=70908"}],"wp:term":[{"taxonomy":"product_brand","embeddable":true,"href":"https:\/\/www.alfaforni.com\/fr\/wp-json\/wp\/v2\/product_brand?post=70908"},{"taxonomy":"product_cat","embeddable":true,"href":"https:\/\/www.alfaforni.com\/fr\/wp-json\/wp\/v2\/product_cat?post=70908"},{"taxonomy":"product_tag","embeddable":true,"href":"https:\/\/www.alfaforni.com\/fr\/wp-json\/wp\/v2\/product_tag?post=70908"}],"curies":[{"name":"wp","href":"https:\/\/api.w.org\/{rel}","templated":true}]}}