{"id":69844,"date":"2025-10-23T16:11:38","date_gmt":"2025-10-23T14:11:38","guid":{"rendered":"https:\/\/www.alfaforni.com\/?post_type=product&#038;p=69844"},"modified":"2025-12-03T14:34:02","modified_gmt":"2025-12-03T13:34:02","slug":"muovibraci-alfa","status":"publish","type":"product","link":"https:\/\/www.alfaforni.com\/it\/prodotto\/muovibraci-alfa\/","title":{"rendered":"Muovibraci"},"content":{"rendered":"<p><div class=\"fusion-fullwidth fullwidth-box fusion-builder-row-1 fusion-flex-container has-pattern-background has-mask-background nonhundred-percent-fullwidth non-hundred-percent-height-scrolling\" style=\"--awb-border-radius-top-left:0px;--awb-border-radius-top-right:0px;--awb-border-radius-bottom-right:0px;--awb-border-radius-bottom-left:0px;--awb-padding-bottom-medium:0px;--awb-padding-top-small:40px;--awb-padding-bottom-small:20px;--awb-margin-top:100px;--awb-margin-bottom:50px;--awb-flex-wrap:wrap;\" ><div class=\"fusion-builder-row fusion-row fusion-flex-align-items-flex-start fusion-flex-content-wrap\" style=\"max-width:1248px;margin-left: calc(-4% \/ 2 );margin-right: calc(-4% \/ 2 );\"><div class=\"fusion-layout-column fusion_builder_column fusion-builder-column-0 fusion_builder_column_1_2 1_2 fusion-flex-column\" style=\"--awb-bg-size:cover;--awb-width-large:50%;--awb-margin-top-large:0px;--awb-spacing-right-large:3.84%;--awb-margin-bottom-large:20px;--awb-spacing-left-large:3.84%;--awb-width-medium:50%;--awb-order-medium:0;--awb-spacing-right-medium:3.84%;--awb-spacing-left-medium:3.84%;--awb-width-small:100%;--awb-order-small:0;--awb-spacing-right-small:1.92%;--awb-spacing-left-small:1.92%;\"><div class=\"fusion-column-wrapper fusion-column-has-shadow fusion-flex-justify-content-flex-start fusion-content-layout-column\"><div class=\"fusion-text fusion-text-1\"><h2 style=\"text-align: left;\">Gestisci il fuoco con facilit\u00e0<\/h2>\n<h3 style=\"text-align: left;\"><span style=\"font-weight: 400;\">Quando si cucina con un forno a legna, il controllo del fuoco \u00e8 fondamentale. <\/span><\/h3>\n<p style=\"text-align: left;\"><span style=\"font-weight: 400;\">Il muovibraci Alfa ti permette di regolare la posizione della brace, di avvicinare o allontanare la legna e di tenere sempre sotto controllo l\u2019intensit\u00e0 della fiamma.<\/span><\/p>\n<p style=\"text-align: left;\"><span style=\"font-weight: 400;\">La sua <\/span><b>testa sagomata in acciaio<\/b><span style=\"font-weight: 400;\"> \u00e8 pensata per permetterti di lavorare con precisione e sicurezza anche ad alta temperatura.<\/span><\/p>\n<\/div><div class=\"fusion-image-element fusion-no-medium-visibility fusion-no-large-visibility\" style=\"--awb-caption-title-font-family:var(--h2_typography-font-family);--awb-caption-title-font-weight:var(--h2_typography-font-weight);--awb-caption-title-font-style:var(--h2_typography-font-style);--awb-caption-title-size:var(--h2_typography-font-size);--awb-caption-title-transform:var(--h2_typography-text-transform);--awb-caption-title-line-height:var(--h2_typography-line-height);--awb-caption-title-letter-spacing:var(--h2_typography-letter-spacing);\"><span class=\" fusion-imageframe imageframe-none imageframe-1 hover-type-none\"><img decoding=\"async\" width=\"1200\" height=\"1200\" alt=\"MEDIUM\"  src=\"https:\/\/www.alfaforni.com\/wp-content\/uploads\/2025\/10\/palino-pizza-alfa-forni-05.jpg\" class=\"img-responsive wp-image-69815\" srcset=\"https:\/\/www.alfaforni.com\/wp-content\/uploads\/2025\/10\/palino-pizza-alfa-forni-05-400x400.jpg 400w, https:\/\/www.alfaforni.com\/wp-content\/uploads\/2025\/10\/palino-pizza-alfa-forni-05-600x600.jpg 600w, https:\/\/www.alfaforni.com\/wp-content\/uploads\/2025\/10\/palino-pizza-alfa-forni-05-800x800.jpg 800w, https:\/\/www.alfaforni.com\/wp-content\/uploads\/2025\/10\/palino-pizza-alfa-forni-05.jpg 1200w\" sizes=\"(max-width: 640px) 100vw, 600px\" \/><\/span><\/div><div class=\"fusion-text fusion-text-2\"><h3 style=\"text-align: left;\"><span style=\"font-weight: 400;\">Costruito per durare, facile da usare <\/span><\/h3>\n<p style=\"text-align: left;\"><span style=\"font-weight: 400;\">Il manico scorrevole con impugnatura in <\/span><b>duroplast antiscivolo<\/b><span style=\"font-weight: 400;\"> garantisce una presa comoda e stabile durante l\u2019utilizzo.<\/span><span style=\"font-weight: 400;\"><br \/>\n<\/span><span style=\"font-weight: 400;\">La <\/span><b>lunghezza <\/b><span style=\"font-weight: 400;\">del muovibraci offre un equilibrio perfetto tra praticit\u00e0 e sicurezza, rendendolo ideale per qualsiasi forno a legna Alfa.<\/span><\/p>\n<\/div><\/div><\/div><div class=\"fusion-layout-column fusion_builder_column fusion-builder-column-1 fusion_builder_column_1_2 1_2 fusion-flex-column\" style=\"--awb-bg-size:cover;--awb-width-large:50%;--awb-margin-top-large:0px;--awb-spacing-right-large:3.84%;--awb-margin-bottom-large:20px;--awb-spacing-left-large:3.84%;--awb-width-medium:50%;--awb-order-medium:0;--awb-spacing-right-medium:3.84%;--awb-spacing-left-medium:3.84%;--awb-width-small:100%;--awb-order-small:0;--awb-spacing-right-small:1.92%;--awb-spacing-left-small:1.92%;\"><div class=\"fusion-column-wrapper fusion-column-has-shadow fusion-flex-justify-content-flex-start fusion-content-layout-column\"><div class=\"fusion-image-element fusion-no-small-visibility\" style=\"--awb-caption-title-font-family:var(--h2_typography-font-family);--awb-caption-title-font-weight:var(--h2_typography-font-weight);--awb-caption-title-font-style:var(--h2_typography-font-style);--awb-caption-title-size:var(--h2_typography-font-size);--awb-caption-title-transform:var(--h2_typography-text-transform);--awb-caption-title-line-height:var(--h2_typography-line-height);--awb-caption-title-letter-spacing:var(--h2_typography-letter-spacing);\"><span class=\" fusion-imageframe imageframe-none imageframe-2 hover-type-none\"><img decoding=\"async\" width=\"1200\" height=\"1200\" alt=\"MEDIUM\"  src=\"https:\/\/www.alfaforni.com\/wp-content\/uploads\/2025\/10\/palino-pizza-alfa-forni-05.jpg\" class=\"img-responsive wp-image-69815\" srcset=\"https:\/\/www.alfaforni.com\/wp-content\/uploads\/2025\/10\/palino-pizza-alfa-forni-05-400x400.jpg 400w, https:\/\/www.alfaforni.com\/wp-content\/uploads\/2025\/10\/palino-pizza-alfa-forni-05-600x600.jpg 600w, https:\/\/www.alfaforni.com\/wp-content\/uploads\/2025\/10\/palino-pizza-alfa-forni-05-800x800.jpg 800w, https:\/\/www.alfaforni.com\/wp-content\/uploads\/2025\/10\/palino-pizza-alfa-forni-05.jpg 1200w\" sizes=\"(max-width: 640px) 100vw, 600px\" \/><\/span><\/div><\/div><\/div><\/div><\/div><div class=\"fusion-fullwidth fullwidth-box fusion-builder-row-2 fusion-flex-container has-pattern-background has-mask-background nonhundred-percent-fullwidth non-hundred-percent-height-scrolling\" style=\"--awb-border-radius-top-left:0px;--awb-border-radius-top-right:0px;--awb-border-radius-bottom-right:0px;--awb-border-radius-bottom-left:0px;--awb-padding-bottom-medium:0px;--awb-padding-top-small:40px;--awb-padding-bottom-small:20px;--awb-margin-bottom:50px;--awb-flex-wrap:nowrap;\" ><div class=\"fusion-builder-row fusion-row fusion-flex-align-items-flex-start fusion-flex-content-wrap\" style=\"max-width:1248px;margin-left: calc(-4% \/ 2 );margin-right: calc(-4% \/ 2 );\"><div class=\"fusion-layout-column fusion_builder_column fusion-builder-column-2 fusion_builder_column_1_1 1_1 fusion-flex-column\" style=\"--awb-bg-size:cover;--awb-width-large:100%;--awb-margin-top-large:0px;--awb-spacing-right-large:1.92%;--awb-margin-bottom-large:20px;--awb-spacing-left-large:1.92%;--awb-width-medium:100%;--awb-order-medium:0;--awb-spacing-right-medium:1.92%;--awb-spacing-left-medium:1.92%;--awb-width-small:100%;--awb-order-small:0;--awb-spacing-right-small:1.92%;--awb-spacing-left-small:1.92%;\"><div class=\"fusion-column-wrapper fusion-column-has-shadow fusion-flex-justify-content-flex-start fusion-content-layout-column\"><div class=\"fusion-text fusion-text-3\"><h3 style=\"text-align: center;\"><span style=\"font-weight: 400;\">Le pale ALFA sono disponibili singolarmente oppure <a href=\"https:\/\/www.alfaforni.com\/it\/prodotto\/set-pale\/\"><b>acquistabili in Set<\/b><\/a>.<\/span><\/h3>\n<p style=\"text-align: center;\"><span style=\"font-weight: 400;\">Il Set Pale (disponibile in versione Medium, Large o Extra Large, a seconda della grandezza della pala) \u00e8 adatto dai forni pi\u00f9 compatti della gamma ai pi\u00f9 grandi e include una <\/span><b>Pala per Pizza<\/b><span style=\"font-weight: 400;\">, un <\/span><b>Palino<\/b><span style=\"font-weight: 400;\"> e una <\/span><b>Spazzola<\/b><span style=\"font-weight: 400;\">.<\/span><\/p>\n<\/div><\/div><\/div><\/div><\/div><div class=\"fusion-fullwidth fullwidth-box fusion-builder-row-3 fusion-flex-container has-pattern-background has-mask-background nonhundred-percent-fullwidth non-hundred-percent-height-scrolling\" style=\"--awb-border-radius-top-left:0px;--awb-border-radius-top-right:0px;--awb-border-radius-bottom-right:0px;--awb-border-radius-bottom-left:0px;--awb-padding-top:120px;--awb-padding-bottom:120px;--awb-padding-top-medium:40px;--awb-padding-bottom-medium:40px;--awb-background-color:var(--awb-color2);--awb-flex-wrap:wrap;\" ><div class=\"fusion-builder-row fusion-row fusion-flex-align-items-flex-start fusion-flex-content-wrap\" style=\"max-width:1248px;margin-left: calc(-4% \/ 2 );margin-right: calc(-4% \/ 2 );\"><div class=\"fusion-layout-column fusion_builder_column fusion-builder-column-3 fusion_builder_column_1_2 1_2 fusion-flex-column\" style=\"--awb-bg-size:cover;--awb-width-large:50%;--awb-margin-top-large:0px;--awb-spacing-right-large:3.84%;--awb-margin-bottom-large:20px;--awb-spacing-left-large:3.84%;--awb-width-medium:50%;--awb-order-medium:0;--awb-spacing-right-medium:3.84%;--awb-spacing-left-medium:3.84%;--awb-width-small:100%;--awb-order-small:0;--awb-spacing-right-small:1.92%;--awb-spacing-left-small:1.92%;\"><div class=\"fusion-column-wrapper fusion-column-has-shadow fusion-flex-justify-content-flex-start fusion-content-layout-column\"><div class=\"fusion-image-element fusion-no-medium-visibility fusion-no-large-visibility\" style=\"--awb-margin-bottom:30px;--awb-caption-title-font-family:var(--h2_typography-font-family);--awb-caption-title-font-weight:var(--h2_typography-font-weight);--awb-caption-title-font-style:var(--h2_typography-font-style);--awb-caption-title-size:var(--h2_typography-font-size);--awb-caption-title-transform:var(--h2_typography-text-transform);--awb-caption-title-line-height:var(--h2_typography-line-height);--awb-caption-title-letter-spacing:var(--h2_typography-letter-spacing);\"><span class=\" fusion-imageframe imageframe-none imageframe-3 hover-type-none\"><img decoding=\"async\" width=\"1200\" height=\"750\"  src=\"https:\/\/www.alfaforni.com\/wp-content\/uploads\/2021\/06\/connector-pizza-peel-set.jpg\" class=\"img-responsive wp-image-24502\" srcset=\"https:\/\/www.alfaforni.com\/wp-content\/uploads\/2021\/06\/connector-pizza-peel-set-400x250.jpg 400w, https:\/\/www.alfaforni.com\/wp-content\/uploads\/2021\/06\/connector-pizza-peel-set-600x375.jpg 600w, https:\/\/www.alfaforni.com\/wp-content\/uploads\/2021\/06\/connector-pizza-peel-set-800x500.jpg 800w, https:\/\/www.alfaforni.com\/wp-content\/uploads\/2021\/06\/connector-pizza-peel-set.jpg 1200w\" sizes=\"(max-width: 640px) 100vw, 600px\" alt=\"\"><\/span><\/div><div class=\"fusion-text fusion-text-4 fusion-text-no-margin\" style=\"--awb-text-color:var(--awb-color7);--awb-margin-bottom:20px;\"><h2><span style=\"color: #ffffff;\">Manico modulare per la massima comodit\u00e0<\/span><\/h2>\n<\/div><div class=\"fusion-text fusion-text-5 fusion-text-no-margin\" style=\"--awb-text-color:var(--awb-color7);--awb-margin-bottom:20px;\"><h3><span style=\"font-weight: 400; color: #ffffff;\">Il Muovibraci Alfa \u00e8 dotata di un manico scorrevole con impugnatura ergonomica e una prolunga da 25 cm, per una lunghezza totale di circa 120 cm.<\/span><\/h3>\n<\/div><div class=\"fusion-text fusion-text-6\" style=\"--awb-text-color:var(--awb-color7);\"><p><span style=\"font-weight: 400;\">Il manico \u00e8 realizzato in duroplast antiscivolo, per una presa sicura e confortevole anche con guanti da forno.<\/span><\/p>\n<p><span style=\"font-weight: 400;\">Questa configurazione \u00e8 pensata per offrire il giusto equilibrio tra <\/span><b>maneggevolezza e distanza dal calore<\/b><span style=\"font-weight: 400;\">, rendendo il muovibraci adatta a tutti i forni domestici Alfa, indipendentemente dalle dimensioni.<\/span><\/p>\n<\/div><\/div><\/div><div class=\"fusion-layout-column fusion_builder_column fusion-builder-column-4 fusion_builder_column_1_2 1_2 fusion-flex-column\" style=\"--awb-bg-size:cover;--awb-width-large:50%;--awb-margin-top-large:0px;--awb-spacing-right-large:3.84%;--awb-margin-bottom-large:20px;--awb-spacing-left-large:3.84%;--awb-width-medium:50%;--awb-order-medium:0;--awb-spacing-right-medium:3.84%;--awb-spacing-left-medium:3.84%;--awb-width-small:100%;--awb-order-small:0;--awb-spacing-right-small:1.92%;--awb-spacing-left-small:1.92%;\"><div class=\"fusion-column-wrapper fusion-column-has-shadow fusion-flex-justify-content-flex-start fusion-content-layout-column\"><div class=\"fusion-image-element \" style=\"--awb-margin-top:15px;--awb-margin-bottom:50px;--awb-caption-title-font-family:var(--h2_typography-font-family);--awb-caption-title-font-weight:var(--h2_typography-font-weight);--awb-caption-title-font-style:var(--h2_typography-font-style);--awb-caption-title-size:var(--h2_typography-font-size);--awb-caption-title-transform:var(--h2_typography-text-transform);--awb-caption-title-line-height:var(--h2_typography-line-height);--awb-caption-title-letter-spacing:var(--h2_typography-letter-spacing);\"><span class=\" fusion-imageframe imageframe-none imageframe-4 hover-type-none\"><a href=\"https:\/\/www.alfaforni.com\/wp-content\/uploads\/2025\/10\/pale-estendibili-di-Alfa-Forni.jpg\" class=\"fusion-lightbox\" data-rel=\"iLightbox[f9f95af3456f561bb5a]\" data-title=\"pale-estendibili-di-Alfa-Forni\" ><img decoding=\"async\" width=\"1200\" height=\"388\" src=\"https:\/\/www.alfaforni.com\/wp-content\/uploads\/2025\/10\/pale-estendibili-di-Alfa-Forni.jpg\" class=\"img-responsive wp-image-69695\" srcset=\"https:\/\/www.alfaforni.com\/wp-content\/uploads\/2025\/10\/pale-estendibili-di-Alfa-Forni-400x129.jpg 400w, https:\/\/www.alfaforni.com\/wp-content\/uploads\/2025\/10\/pale-estendibili-di-Alfa-Forni-600x194.jpg 600w, https:\/\/www.alfaforni.com\/wp-content\/uploads\/2025\/10\/pale-estendibili-di-Alfa-Forni-800x259.jpg 800w, https:\/\/www.alfaforni.com\/wp-content\/uploads\/2025\/10\/pale-estendibili-di-Alfa-Forni.jpg 1200w\" sizes=\"(max-width: 640px) 100vw, 600px\" alt=\"\" ><\/a><\/span><\/div><div class=\"fusion-image-element fusion-no-small-visibility\" style=\"--awb-caption-title-font-family:var(--h2_typography-font-family);--awb-caption-title-font-weight:var(--h2_typography-font-weight);--awb-caption-title-font-style:var(--h2_typography-font-style);--awb-caption-title-size:var(--h2_typography-font-size);--awb-caption-title-transform:var(--h2_typography-text-transform);--awb-caption-title-line-height:var(--h2_typography-line-height);--awb-caption-title-letter-spacing:var(--h2_typography-letter-spacing);\"><span class=\" fusion-imageframe imageframe-none imageframe-5 hover-type-none\"><img decoding=\"async\" width=\"1200\" height=\"750\"  src=\"https:\/\/www.alfaforni.com\/wp-content\/uploads\/2021\/06\/connector-pizza-peel-set.jpg\" class=\"img-responsive wp-image-24502\" srcset=\"https:\/\/www.alfaforni.com\/wp-content\/uploads\/2021\/06\/connector-pizza-peel-set-400x250.jpg 400w, https:\/\/www.alfaforni.com\/wp-content\/uploads\/2021\/06\/connector-pizza-peel-set-600x375.jpg 600w, https:\/\/www.alfaforni.com\/wp-content\/uploads\/2021\/06\/connector-pizza-peel-set-800x500.jpg 800w, https:\/\/www.alfaforni.com\/wp-content\/uploads\/2021\/06\/connector-pizza-peel-set.jpg 1200w\" sizes=\"(max-width: 640px) 100vw, 600px\" alt=\"\"><\/span><\/div><\/div><\/div><\/div><\/div><div class=\"fusion-fullwidth fullwidth-box fusion-builder-row-4 fusion-flex-container has-pattern-background has-mask-background nonhundred-percent-fullwidth non-hundred-percent-height-scrolling\" style=\"--awb-border-radius-top-left:0px;--awb-border-radius-top-right:0px;--awb-border-radius-bottom-right:0px;--awb-border-radius-bottom-left:0px;--awb-padding-top:120px;--awb-padding-bottom:120px;--awb-padding-top-medium:40px;--awb-padding-bottom-medium:40px;--awb-background-color:#f5f5f5;--awb-flex-wrap:wrap;\" ><div class=\"fusion-builder-row fusion-row fusion-flex-align-items-flex-start fusion-flex-content-wrap\" style=\"max-width:1248px;margin-left: calc(-4% \/ 2 );margin-right: calc(-4% \/ 2 );\"><div class=\"fusion-layout-column fusion_builder_column fusion-builder-column-5 fusion_builder_column_1_2 1_2 fusion-flex-column\" style=\"--awb-bg-size:cover;--awb-width-large:50%;--awb-margin-top-large:0px;--awb-spacing-right-large:3.84%;--awb-margin-bottom-large:20px;--awb-spacing-left-large:3.84%;--awb-width-medium:50%;--awb-order-medium:0;--awb-spacing-right-medium:3.84%;--awb-spacing-left-medium:3.84%;--awb-width-small:100%;--awb-order-small:0;--awb-spacing-right-small:1.92%;--awb-spacing-left-small:1.92%;\"><div class=\"fusion-column-wrapper fusion-column-has-shadow fusion-flex-justify-content-flex-start fusion-content-layout-column\"><div class=\"fusion-text fusion-text-7 fusion-text-no-margin\" style=\"--awb-text-color:var(--awb-color7);--awb-margin-bottom:20px;\"><h2>Ti servono altre Pale e Accessori?<\/h2>\n<\/div><div class=\"fusion-image-element fusion-no-medium-visibility fusion-no-large-visibility\" style=\"--awb-caption-title-font-family:var(--h2_typography-font-family);--awb-caption-title-font-weight:var(--h2_typography-font-weight);--awb-caption-title-font-style:var(--h2_typography-font-style);--awb-caption-title-size:var(--h2_typography-font-size);--awb-caption-title-transform:var(--h2_typography-text-transform);--awb-caption-title-line-height:var(--h2_typography-line-height);--awb-caption-title-letter-spacing:var(--h2_typography-letter-spacing);\"><span class=\" fusion-imageframe imageframe-none imageframe-6 hover-type-none\"><img decoding=\"async\" width=\"1200\" height=\"1200\"  src=\"https:\/\/www.alfaforni.com\/wp-content\/uploads\/2025\/10\/Pizza-peel-set-alfa-forni.jpg\" class=\"img-responsive wp-image-69779\" srcset=\"https:\/\/www.alfaforni.com\/wp-content\/uploads\/2025\/10\/Pizza-peel-set-alfa-forni-400x400.jpg 400w, https:\/\/www.alfaforni.com\/wp-content\/uploads\/2025\/10\/Pizza-peel-set-alfa-forni-600x600.jpg 600w, https:\/\/www.alfaforni.com\/wp-content\/uploads\/2025\/10\/Pizza-peel-set-alfa-forni-800x800.jpg 800w, https:\/\/www.alfaforni.com\/wp-content\/uploads\/2025\/10\/Pizza-peel-set-alfa-forni.jpg 1200w\" sizes=\"(max-width: 640px) 100vw, 600px\" alt=\"\"><\/span><\/div><div class=\"fusion-text fusion-text-8 fusion-text-no-margin\" style=\"--awb-text-color:var(--awb-color7);--awb-margin-bottom:20px;\"><h3>La pala per pizza in acciaio Alfa \u00e8 una delle componenti del nostro <a href=\"https:\/\/www.alfaforni.com\/it\/prodotto\/set-pale\/\"><b>set pale<\/b><\/a>, che include anche il palino e la spazzola per il forno.<\/h3>\n<\/div><div class=\"fusion-text fusion-text-9\" style=\"--awb-text-color:#000000;\"><p><strong>Il set pale \u00e8 a sua volta una componente del<\/strong><strong>\u00a0<\/strong><a href=\"https:\/\/www.alfaforni.com\/it\/prodotto\/kit-pizzaiolo\/\"><strong>Kit Pizzaiolo<\/strong><\/a><strong>\u00a0Alfa, un\u2019accurata selezione dei nostri migliori accessori per sfruttare al massimo il tuo forno domestico Alfa<\/strong>.<\/p>\n<p>Preparati ad infornare le pizze come un pizzaiolo professionista, grazie alla pala per pizza in acciaio inox e agli altri accessori per forno Alfa.<\/p>\n<\/div><\/div><\/div><div class=\"fusion-layout-column fusion_builder_column fusion-builder-column-6 fusion_builder_column_1_2 1_2 fusion-flex-column\" style=\"--awb-bg-size:cover;--awb-width-large:50%;--awb-margin-top-large:0px;--awb-spacing-right-large:3.84%;--awb-margin-bottom-large:20px;--awb-spacing-left-large:3.84%;--awb-width-medium:50%;--awb-order-medium:0;--awb-spacing-right-medium:3.84%;--awb-spacing-left-medium:3.84%;--awb-width-small:100%;--awb-order-small:0;--awb-spacing-right-small:1.92%;--awb-spacing-left-small:1.92%;\"><div class=\"fusion-column-wrapper fusion-column-has-shadow fusion-flex-justify-content-flex-start fusion-content-layout-column\"><div class=\"fusion-image-element fusion-no-small-visibility\" style=\"--awb-caption-title-font-family:var(--h2_typography-font-family);--awb-caption-title-font-weight:var(--h2_typography-font-weight);--awb-caption-title-font-style:var(--h2_typography-font-style);--awb-caption-title-size:var(--h2_typography-font-size);--awb-caption-title-transform:var(--h2_typography-text-transform);--awb-caption-title-line-height:var(--h2_typography-line-height);--awb-caption-title-letter-spacing:var(--h2_typography-letter-spacing);\"><span class=\" fusion-imageframe imageframe-none imageframe-7 hover-type-none\"><img decoding=\"async\" width=\"1200\" height=\"1200\"  src=\"https:\/\/www.alfaforni.com\/wp-content\/uploads\/2025\/10\/Pizza-peel-set-alfa-forni.jpg\" class=\"img-responsive wp-image-69779\" srcset=\"https:\/\/www.alfaforni.com\/wp-content\/uploads\/2025\/10\/Pizza-peel-set-alfa-forni-400x400.jpg 400w, https:\/\/www.alfaforni.com\/wp-content\/uploads\/2025\/10\/Pizza-peel-set-alfa-forni-600x600.jpg 600w, https:\/\/www.alfaforni.com\/wp-content\/uploads\/2025\/10\/Pizza-peel-set-alfa-forni-800x800.jpg 800w, https:\/\/www.alfaforni.com\/wp-content\/uploads\/2025\/10\/Pizza-peel-set-alfa-forni.jpg 1200w\" sizes=\"(max-width: 640px) 100vw, 600px\" alt=\"\"><\/span><\/div><\/div><\/div><\/div><\/div><\/p>\n","protected":false},"excerpt":{"rendered":"<h2>Muovibraci<\/h2>\n<h3><span style=\"font-weight: 400;\">Il muovibraci Alfa \u00e8 lo strumento indispensabile per gestire con facilit\u00e0 la brace all\u2019interno del forno a legna.<\/span><\/h3>\n<p><span style=\"font-weight: 400;\">Il muovibraci Alfa \u00e8 progettato per offrire il massimo controllo nella gestione della fiamma e della brace all\u2019interno del forno a legna.<\/span><span style=\"font-weight: 400;\"><br \/>\n<\/span><span style=\"font-weight: 400;\">La sua testa in acciaio, leggermente ricurva, consente di spostare la legna o distribuire uniformemente le braci sul piano cottura, in modo pratico e sicuro.<\/span><\/p>\n<p><span style=\"font-weight: 400;\">Robusto e affidabile, \u00e8 uno strumento essenziale per ottimizzare la temperatura del forno e creare le condizioni ideali per una cottura perfetta della pizza.<\/span><\/p>\n<p><span style=\"font-weight: 400;\">Le sue principali caratteristiche sono:<\/span><\/p>\n<ul class=\"dark_text\">\n<li>Realizzato interamente in acciaio<\/li>\n<li>Testa sagomata per spostare braci e legna con precisione<\/li>\n<li>Manico scorrevole in duroplast<\/li>\n<li>Impugnatura comoda e antiscivolo<\/li>\n<li>Resistente al calore<\/li>\n<li><strong>Compatibile con\u00a0<a href=\"\/it\/categoria-prodotto\/forni-a-legna-da-esterno-per-la-casa\/\">tutti i forni domestici Alfa<\/a>.<\/strong><\/li>\n<\/ul>\n<p>&nbsp;<\/p>\n[fusion_tabs parent_dynamic_content=\"\" design=\"clean\" layout=\"horizontal\" justified=\"yes\" alignment=\"start\" sticky_tabs=\"no\" icon_size=\"\" hide_on_mobile=\"small-visibility,medium-visibility,large-visibility\" margin_medium=\"\" margin_small=\"\" title_tag=\"div\" title_padding_medium=\"\" title_padding_small=\"\" content_padding_medium=\"\" content_padding_small=\"\" title_active_text_color=\"\" title_text_color=\"#000000\" icon_active_color=\"\" icon_color=\"#000000\" fusion_font_variant_title_font=\"600\" fusion_font_family_title_font=\"Open Sans\" title_font_size=\"16px\" inactivecolor=\"#ffffff\" bordercolor=\"var(--awb-color1)\" icon=\"fa-angle-down fas\"][fusion_tab title=\"Contenuto della confezione\"]<\/p>\n<ul>\n<li>1 testa muovibraci<\/li>\n<li>1 impugnatura antiscivolo con manico scorrevole in duroplast<\/li>\n<li>1 prolunga in alluminio anodizzato da 25 cm<\/li>\n<\/ul>\n<p>[\/fusion_tab][fusion_tab title=\"Dimensioni imballo\"]<\/p>\n<ul>\n<li>Dimensione imballo Muovibraci: 60 x 12 x 4 cm<\/li>\n<\/ul>\n<p>[\/fusion_tab][\/fusion_tabs]\n","protected":false},"featured_media":25483,"template":"","meta":{"_acf_changed":false},"product_brand":[],"product_cat":[185,332],"product_tag":[],"class_list":{"0":"post-69844","1":"product","2":"type-product","3":"status-publish","4":"has-post-thumbnail","6":"product_cat-accessori-per-usare-il-tuo-forno-a-legna-al-meglio","7":"product_cat-accessori-domestici","9":"first","10":"instock","11":"shipping-taxable","12":"product-type-simple"},"acf":[],"_links":{"self":[{"href":"https:\/\/www.alfaforni.com\/it\/wp-json\/wp\/v2\/product\/69844","targetHints":{"allow":["GET"]}}],"collection":[{"href":"https:\/\/www.alfaforni.com\/it\/wp-json\/wp\/v2\/product"}],"about":[{"href":"https:\/\/www.alfaforni.com\/it\/wp-json\/wp\/v2\/types\/product"}],"wp:featuredmedia":[{"embeddable":true,"href":"https:\/\/www.alfaforni.com\/it\/wp-json\/wp\/v2\/media\/25483"}],"wp:attachment":[{"href":"https:\/\/www.alfaforni.com\/it\/wp-json\/wp\/v2\/media?parent=69844"}],"wp:term":[{"taxonomy":"product_brand","embeddable":true,"href":"https:\/\/www.alfaforni.com\/it\/wp-json\/wp\/v2\/product_brand?post=69844"},{"taxonomy":"product_cat","embeddable":true,"href":"https:\/\/www.alfaforni.com\/it\/wp-json\/wp\/v2\/product_cat?post=69844"},{"taxonomy":"product_tag","embeddable":true,"href":"https:\/\/www.alfaforni.com\/it\/wp-json\/wp\/v2\/product_tag?post=69844"}],"curies":[{"name":"wp","href":"https:\/\/api.w.org\/{rel}","templated":true}]}}